{"id":1262,"date":"2023-06-29T10:37:38","date_gmt":"2023-06-29T03:37:38","guid":{"rendered":"https:\/\/theme-mew-yummy.azwebsite.vn\/?page_id=1262"},"modified":"2025-07-08T08:47:52","modified_gmt":"2025-07-08T08:47:52","slug":"gioi-thieu","status":"publish","type":"page","link":"https:\/\/thanglongbeauty.vn\/?page_id=1262","title":{"rendered":"GI\u1edaI THI\u1ec6U"},"content":{"rendered":"\n<p><strong>C\u00f4ng TY TNHH D\u1ecaCH V\u1ee4 PH\u00c2N PH\u1ed0I TH\u0102NG LONG l\u00e0 m\u1ed9t c\u00f4ng ty chuy\u00ean cung c\u1ea5p c\u00e1c s\u1ea3n ph\u1ea9m \u0111\u1ed3 cho m\u1eb9 v\u00e0 b\u00e9, nh\u1eefng s\u1ea3n ph\u1ea9m ch\u0103m s\u00f3c s\u1ee9c kh\u1ecfe \u2013 l\u00e0m \u0111\u1eb9p\u00a0 v\u00e0 kh\u1ea9u trang y t\u1ebf.<\/strong><\/p>\n\n<p>Trong t\u00ecnh h\u00ecnh b\u1ed1i c\u1ea3nh ph\u1ee9c t\u1ea1p c\u1ee7a x\u00e3 h\u1ed9i hi\u1ec7n nay th\u00ec c\u00e1c m\u1eb7t h\u00e0ng v\u1ec1 ch\u0103m s\u00f3c s\u1ee9c kh\u1ecfe, kh\u1ea9u trang l\u00e0 r\u1ea5t c\u1ea7n thi\u1ebft v\u00e0 hi\u1ec7n nay tr\u00ean th\u1ecb tr\u01b0\u1eddng c\u0169ng r\u1ea5t \u0111a d\u1ea1ng. Ch\u00fang t\u00f4i lu\u00f4n n\u1ed7 n\u1ef1c c\u1ed1 g\u1eafng \u0111\u1ec3 cung c\u1ea5p cho ng\u01b0\u1eddi dung nh\u1eefng m\u1eb7t h\u00e0ng t\u1ed1t nh\u1ea5t, \u0111\u1ea3m b\u1ea3o uy t\u00edn ch\u1ea5t l\u01b0\u1ee3ng t\u1eebng chi ti\u1ebft c\u1ee7a s\u1ea3n ph\u1ea9m.<\/p>\n\n<p>\u0110\u1ebfn v\u1edbi c\u00f4ng ty ch\u00fang t\u00f4i, kh\u00e1ch h\u00e0ng s\u1ebd \u0111\u01b0\u1ee3c tr\u1ea3i nhi\u1ec7m nh\u1eefng s\u1ea3n ph\u1ea9m t\u1ed1t nh\u1ea5t, lu\u00f4n \u0111\u1ea1t ti\u00eau chu\u1ea9n do s\u1ea3n ph\u1ea9m \u0111\u01b0\u1ee3c cung c\u1ea5p b\u1edfi ngu\u1ed3n g\u1ed1c r\u00f5 r\u00e0ng, c\u00f3 \u0111\u1ea9y \u0111\u1ee7 ch\u1ee9ng ch\u1ec9 y t\u1ebf, s\u1ea3n ph\u1ea9m \u0111\u01b0\u1ee3c nh\u1eadn tr\u1ef1c ti\u1ebfp t\u1eeb c\u00f4ng ty l\u1edbn.<\/p>\n\n<p>Trong 5 n\u0103m t\u1edbi, Th\u0103ng Long s\u1ebd tr\u1edf th\u00e0nh th\u01b0\u01a1ng hi\u1ec7u l\u1edbn \u0111\u01b0\u1ee3c nhi\u1ec1u kh\u00e1ch h\u00e0ng bi\u1ebft t\u1edbi trong vi\u1ec7c cung c\u1ea5p c\u00e1c s\u1ea3n ph\u1ea9m cho m\u1eb9 v\u00e0 b\u00e9, ch\u0103m s\u00f3c s\u1ee9c kh\u1ecfe\u2026<\/p>\n\n<p><strong>T\u1ea7m nh\u00ecn &amp; s\u1ee9 m\u1ec7nh<\/strong><\/p>\n\n<p>Trong b\u1ed1i c\u1ea3nh ph\u1ee9c t\u1ea1p c\u1ee7a x\u00e3 h\u1ed9i hi\u1ec7n \u0111\u1ea1i, y\u1ebfu t\u1ed1 an to\u00e0n cho s\u1ee9c kh\u1ecfe v\u00e0 ti\u1ec7n l\u1ee3i \u0111\u01b0\u1ee3c \u0111\u1eb7t l\u00ean h\u00e0ng \u0111\u1ea7u. Th\u1ecb tr\u01b0\u1eddng c\u00e0ng \u0111a d\u1ea1ng c\u00e0ng khi\u1ebfn vi\u1ec7c ch\u1ecdn l\u1ef1a \u0111\u00fang s\u1ea3n ph\u1ea9m ch\u00ednh h\u00e3ng v\u1edbi gi\u00e1 th\u00e0nh h\u1ee3p l\u00fd tr\u1edf n\u00ean kh\u00f3 kh\u0103n h\u01a1n. Th\u1ea5u hi\u1ec3u nh\u1eefng b\u0103n kho\u0103n \u0111\u00f3, C\u00d4NG TY TNHH D\u1ecaCH V\u1ee4 PH\u00c2N PH\u1ed0I TH\u0102NG LONG ch\u1ecdn cho m\u00ecnh s\u1ee9 m\u1ec7nh \u0111\u1ed3ng h\u00e0nh v\u1edbi ng\u01b0\u1eddi ph\u1ee5 n\u1eef trong vi\u1ec7c b\u1ea3o v\u1ec7 v\u00e0 ch\u0103m s\u00f3c s\u1ee9c kh\u1ecfe cho c\u1ea3 gia \u0111\u00ecnh.<\/p>\n\n<p>V\u1edbi \u0111\u1ecbnh h\u01b0\u1edbng ph\u00e1t tri\u1ec3n kinh doanh b\u1eb1ng uy t\u00edn, \u0111\u1eb7t kh\u00e1ch h\u00e0ng l\u00e0 trung t\u00e2m, ch\u00fang t\u00f4i lu\u00f4n ch\u1ecdn l\u1ecdc nh\u1eefng s\u1ea3n ph\u1ea9m c\u00f3 ngu\u1ed3n g\u1ed1c r\u00f5 r\u00e0ng, \u0111\u1ea7y \u0111\u1ee7 ch\u1ee9ng t\u1eeb y t\u1ebf, nh\u1eadp kh\u1ea9u tr\u1ef1c ti\u1ebfp t\u1eeb c\u00e1c c\u00f4ng ty l\u1edbn \u0111\u1ec3 \u0111\u01b0a \u0111\u1ebfn tay ng\u01b0\u1eddi ti\u00eau d\u00f9ng. Ch\u00fang t\u00f4i tin t\u01b0\u1edfng r\u1eb1ng v\u1edbi nguy\u00ean t\u1eafc t\u1eadn t\u00e2m \u2013 uy t\u00edn \u2013 ch\u1ea5t l\u01b0\u1ee3ng, trong v\u00f2ng 5 n\u0103m t\u1edbi, Th\u0103ng Long s\u1ebd tr\u1edf th\u00e0nh th\u01b0\u01a1ng hi\u1ec7u l\u1edbn \u0111\u01b0\u1ee3c kh\u00e1ch h\u00e0ng l\u1ef1a ch\u1ecdn khi ngh\u0129 \u0111\u1ebfn c\u00e1c s\u1ea3n ph\u1ea9m an to\u00e0n cho m\u1eb9 v\u00e0 b\u00e9.<\/p>\n","protected":false},"excerpt":{"rendered":"<p>C\u00f4ng TY TNHH D\u1ecaCH V\u1ee4 PH\u00c2N PH\u1ed0I TH\u0102NG LONG l\u00e0 m\u1ed9t c\u00f4ng ty chuy\u00ean cung c\u1ea5p c\u00e1c s\u1ea3n ph\u1ea9m \u0111\u1ed3 cho m\u1eb9 v\u00e0 b\u00e9, nh\u1eefng s\u1ea3n ph\u1ea9m ch\u0103m s\u00f3c s\u1ee9c kh\u1ecfe \u2013 l\u00e0m \u0111\u1eb9p\u00a0 v\u00e0 kh\u1ea9u trang y t\u1ebf. Trong t\u00ecnh h\u00ecnh b\u1ed1i c\u1ea3nh ph\u1ee9c t\u1ea1p c\u1ee7a x\u00e3 h\u1ed9i hi\u1ec7n nay th\u00ec c\u00e1c m\u1eb7t h\u00e0ng&#8230;<\/p>\n","protected":false},"author":1,"featured_media":0,"parent":0,"menu_order":0,"comment_status":"closed","ping_status":"closed","template":"","meta":{"footnotes":""},"class_list":["post-1262","page","type-page","status-publish","hentry"],"acf":[],"_links":{"self":[{"href":"https:\/\/thanglongbeauty.vn\/index.php?rest_route=\/wp\/v2\/pages\/1262","targetHints":{"allow":["GET"]}}],"collection":[{"href":"https:\/\/thanglongbeauty.vn\/index.php?rest_route=\/wp\/v2\/pages"}],"about":[{"href":"https:\/\/thanglongbeauty.vn\/index.php?rest_route=\/wp\/v2\/types\/page"}],"author":[{"embeddable":true,"href":"https:\/\/thanglongbeauty.vn\/index.php?rest_route=\/wp\/v2\/users\/1"}],"replies":[{"embeddable":true,"href":"https:\/\/thanglongbeauty.vn\/index.php?rest_route=%2Fwp%2Fv2%2Fcomments&post=1262"}],"version-history":[{"count":3,"href":"https:\/\/thanglongbeauty.vn\/index.php?rest_route=\/wp\/v2\/pages\/1262\/revisions"}],"predecessor-version":[{"id":6238,"href":"https:\/\/thanglongbeauty.vn\/index.php?rest_route=\/wp\/v2\/pages\/1262\/revisions\/6238"}],"wp:attachment":[{"href":"https:\/\/thanglongbeauty.vn\/index.php?rest_route=%2Fwp%2Fv2%2Fmedia&parent=1262"}],"curies":[{"name":"wp","href":"https:\/\/api.w.org\/{rel}","templated":true}]}}