{"id":2696,"date":"2023-11-03T10:01:06","date_gmt":"2023-11-03T03:01:06","guid":{"rendered":"https:\/\/thanglongbeauty.vn\/?page_id=2696"},"modified":"2023-11-03T10:01:06","modified_gmt":"2023-11-03T03:01:06","slug":"chinh-sach-ctv-si","status":"publish","type":"page","link":"https:\/\/thanglongbeauty.vn\/?page_id=2696","title":{"rendered":"CH\u00cdNH S\u00c1CH CTV S\u1ec8"},"content":{"rendered":"<h1><b>CH\u00cdNH S\u00c1CH CTV S\u1ec8<\/b><\/h1>\n<p>&nbsp;<\/p>\n<h2><span style=\"font-weight: 400;\">I. QUY \u0110\u1ecaNH<\/span><\/h2>\n<ul>\n<li style=\"font-weight: 400;\" aria-level=\"1\"><span style=\"font-weight: 400;\">Th\u00e0nh vi\u00ean tham gia b\u00e1n h\u00e0ng c\u00f3 tu\u1ed5i t\u1eeb 20 tr\u1edf l\u00ean mang Qu\u1ed1c t\u1ecbch Vi\u1ec7t Nam, \u0111\u1ee7 n\u0103ng l\u1ef1c h\u00e0nh vi d\u00e2n s\u1ef1.<\/span><\/li>\n<li style=\"font-weight: 400;\" aria-level=\"1\"><span style=\"font-weight: 400;\">S\u1eed d\u1ee5ng h\u00ecnh \u1ea3nh, n\u1ed9i dung Th\u0103ng Long cung c\u1ea5p \u0111\u00fang m\u1ee5c \u0111\u00edch kinh doanh.<\/span><\/li>\n<li style=\"font-weight: 400;\" aria-level=\"1\"><span style=\"font-weight: 400;\">CTV ch\u1ec9 \u0111\u01b0\u1ee3c b\u00e1n c\u00e1c s\u1ea3n ph\u1ea9m thu\u1ed9c \u0111\u01b0\u1ee3c th\u0103ng long \u0111\u0103ng b\u00e1n<\/span><\/li>\n<li style=\"font-weight: 400;\" aria-level=\"1\"><span style=\"font-weight: 400;\">Kh\u00f4ng c\u00f3 th\u00e1i \u0111\u1ed9 khi\u1ebfm nh\u00e3 v\u1edbi kh\u00e1ch h\u00e0ng g\u00e2y \u1ea3nh h\u01b0\u1edfng t\u1edbi h\u00ecnh \u1ea3nh, th\u01b0\u01a1ng hi\u1ec7u c\u1ee7a Th\u0103ng Long Beauty<\/span><\/li>\n<li style=\"font-weight: 400;\" aria-level=\"1\"><span style=\"font-weight: 400;\">CTV ph\u1ea3i \u0111\u01b0a to\u00e0n b\u1ed9 th\u00f4ng tin kh\u00e1ch h\u00e0ng cho t\u1ed5ng C\u00f4ng ty qu\u1ea3n l\u00fd.<\/span><\/li>\n<li style=\"font-weight: 400;\" aria-level=\"1\"><span style=\"font-weight: 400;\">CTV b\u1eaft bu\u1ed9c ph\u1ea3i b\u00e1n h\u00e0ng theo gi\u00e1 m\u00e0 c\u00f4ng ty \u0111\u01b0a ra<\/span><\/li>\n<\/ul>\n<h2><span style=\"font-weight: 400;\">II. C\u00c1CH TH\u1ee8C T\u00cdNH HOA H\u1ed2NG TR\u00caN DOANH THU B\u00c1N H\u00c0NG<\/span><\/h2>\n<h3><span style=\"font-weight: 400;\">\u00a0\u00a0A. C\u00e1ch t\u00ednh hoa h\u1ed3ng<\/span><\/h3>\n<ul>\n<li style=\"font-weight: 400;\" aria-level=\"1\"><span style=\"font-weight: 400;\">Hoa h\u1ed3ng b\u00e1n h\u00e0ng (theo % quy \u0111\u1ecbnh) = T\u1ed5ng gi\u00e1 tr\u1ecb \u0111\u01a1n h\u00e0ng \u2013 Kho\u1ea3n gi\u1ea3m gi\u00e1 khuy\u1ebfn m\u00e3i \u2013 Chi\u1ebft kh\u1ea5u th\u01b0\u01a1ng m\u1ea1i (Gi\u00e1 tr\u1ecb \u0111\u01a1n h\u00e0ng th\u1ef1c t\u1ebf m\u00e0 kh\u00e1ch h\u00e0ng ph\u1ea3i thanh to\u00e1n cho \u0111\u01a1n h\u00e0ng) \u2013 Chi ph\u00ed v\u1eadn chuy\u1ec3n (n\u1ebfu c\u00f3) v\u00e0 kh\u00f4ng bao g\u1ed3m chi ph\u00ed thu\u1ebf Gi\u00e1 tr\u1ecb gia t\u0103ng VAT v\u00e0 c\u00e1c kho\u1ea3n ph\u00ed kh\u00e1c m\u00e0 kh\u00e1ch h\u00e0ng ph\u1ea3i thanh to\u00e1n<\/span><\/li>\n<\/ul>\n<p><i><span style=\"font-weight: 400;\">L\u01b0u \u00fd:<\/span><\/i><i><span style=\"font-weight: 400;\"> Gi\u00e1 b\u00e1n s\u1ea3n ph\u1ea9m l\u00e0 gi\u00e1 ch\u01b0a bao g\u1ed3m ph\u00ed v\u1eadn chuy\u1ec3n; v\u00e0 Ph\u00ed v\u1eadn chuy\u1ec3n ho\u1eb7c c\u00e1c ph\u00ed kh\u00e1c kh\u00f4ng \u0111\u01b0\u1ee3c c\u1ed9ng g\u1ed9p v\u00e0o \u0111\u1ec3 t\u00ednh hoa h\u1ed3ng cho CTV b\u00e1n h\u00e0ng<\/span><\/i><\/p>\n<h3><span style=\"font-weight: 400;\">\u00a0B. T\u1ef7 l\u1ec7 chi\u1ebft kh\u1ea5u<\/span><\/h3>\n<h4><b>CTV\u00a0 B\u00e1n S\u1ec9<\/b><\/h4>\n<ul>\n<li style=\"font-weight: 400;\" aria-level=\"1\"><span style=\"font-weight: 400;\">T\u1ef7 l\u1ec7 hoa h\u1ed3ng l\u00e0 3% khi: CTV gi\u1edbi thi\u1ec7u kh\u00e1ch mua h\u00e0ng c\u1ee7a C\u00f4ng ty v\u00e0 c\u1ea7n NV kinh doanh h\u1ed7 tr\u1ee3 t\u01b0 v\u1ea5n, k\u00fd k\u1ebft h\u1ee3p \u0111\u1ed3ng (CTV ch\u1ec9 c\u1ea7n g\u1eedi s\u1ed1 \u0111i\u1ec7n tho\u1ea1i kh\u00e1ch quan t\u00e2m, NV kinh doanh s\u1ebd li\u00ean h\u1ec7 t\u01b0 v\u1ea5n ch\u1ed1t).<\/span><\/li>\n<li style=\"font-weight: 400;\" aria-level=\"1\"><span style=\"font-weight: 400;\">T\u1ef7 l\u1ec7 hoa h\u1ed3ng l\u00e0 5% khi: CTV gi\u1edbi thi\u1ec7u kh\u00e1ch mua h\u00e0ng c\u1ee7a C\u00f4ng ty v\u00e0 tr\u1ef1c ti\u1ebfp t\u01b0 v\u1ea5n, ch\u1ed1t \u0111\u01a1n h\u00e0ng. Kh\u00e1ch mua h\u00e0ng \u0111\u01b0\u1ee3c \u00e1p d\u1ee5ng ch\u00ednh s\u00e1ch mua theo s\u1ed1 l\u01b0\u1ee3ng.<\/span><\/li>\n<li style=\"font-weight: 400;\" aria-level=\"1\"><span style=\"font-weight: 400;\">T\u1ef7 l\u1ec7 hoa h\u1ed3ng l\u00e0 10% khi: CTV gi\u1edbi thi\u1ec7u kh\u00e1ch mua h\u00e0ng c\u1ee7a C\u00f4ng ty v\u00e0 k\u00fd H\u1ee3p \u0111\u1ed3ng tr\u1edf th\u00e0nh \u0110\u1ea1i l\u00fd hay Nh\u00e0 ph\u00e2n ph\u1ed1i s\u1ea3n ph\u1ea9m c\u1ee7a C\u00f4ng ty. Chi\u1ebft kh\u1ea5u hoa h\u1ed3ng m\u1ed9t l\u1ea7n l\u00e0 10% c\u1ee7a \u0111\u01a1n h\u00e0ng \u0111\u1ea7u ti\u00ean c\u1ee7a \u0110\u1ea1i l\u00fd. V\u00e0 3% cho \u0111\u01a1n h\u00e0ng ti\u1ebfp theo<\/span><\/li>\n<\/ul>\n<h4><b>CTV B\u00e1n l\u1ebb<\/b><\/h4>\n<ul>\n<li style=\"font-weight: 400;\" aria-level=\"1\"><span style=\"font-weight: 400;\">T\u1ef7 l\u1ec7 hoa h\u1ed3ng l\u00e0 10% khi: CTV gi\u1edbi thi\u1ec7u kh\u00e1ch mua h\u00e0ng t\u1ea1i website: Thanglongbeauy.<\/span><\/li>\n<\/ul>\n<p><span style=\"font-weight: 400;\">T\u1ec9 l\u1ec7 hoa h\u1ed3ng l\u00e0 10% tr\u00ean t\u1ed5ng gi\u00e1 tr\u1ecb \u0111\u01a1n h\u00e0ng kh\u00f4ng bao g\u1ed3m ph\u00ed v\u1eadn chuy\u1ec3n<\/span><\/p>\n<p><i><span style=\"font-weight: 400;\">Ghi ch\u00fa:<\/span><\/i> <i><span style=\"font-weight: 400;\">Kh\u00e1ch h\u00e0ng do CTV gi\u1edbi thi\u1ec7u s\u1ebd \u0111\u01b0\u1ee3c theo d\u00f5i trong su\u1ed1t qu\u00e1 tr\u00ecnh h\u1ee3p t\u00e1c, n\u1ebfu kh\u00e1ch h\u00e0ng c\u00f3 ph\u00e1t sinh \u0111\u01a1n h\u00e0ng ti\u1ebfp theo (li\u00ean h\u1ec7 qua CTV ho\u1eb7c tr\u1ef1c ti\u1ebfp c\u00f4ng ty) th\u00ec t\u1ef7 l\u1ec7 chi\u1ebft kh\u1ea5u hoa h\u1ed3ng t\u01b0\u01a1ng \u1ee9ng v\u1eabn \u0111\u01b0\u1ee3c thanh to\u00e1n cho CTV.<\/span><\/i><\/p>\n<h2><span style=\"font-weight: 400;\">III. QUY\u1ec0N L\u1ee2I C\u1ee6A C\u1ed8NG T\u00c1C VI\u00caN<\/span><\/h2>\n<ul>\n<li style=\"font-weight: 400;\" aria-level=\"1\"><span style=\"font-weight: 400;\">CTV kh\u00f4ng m\u1ea5t ti\u1ec1n \u0111\u1ea7u t\u01b0 ban \u0111\u1ea7u, s\u1ea3n ph\u1ea9m s\u1ebd \u0111\u01b0\u1ee3c g\u1eedi t\u1eeb t\u1ed5ng c\u00f4ng ty sau khi CTV or kh\u00e1ch \u0111\u1eb7t h\u00e0ng tr\u1ef1c ti\u1ebfp t\u1eeb ph\u00ed c\u00f4ng ty;<\/span><\/li>\n<li style=\"font-weight: 400;\" aria-level=\"1\"><span style=\"font-weight: 400;\">\u0110\u01b0\u1ee3c s\u1eed d\u1ee5ng h\u1ed3 s\u01a1 c\u00f4ng ty c\u00f9ng c\u00e1c gi\u1ea5y t\u1edd li\u00ean quan \u0111\u1ec3 th\u1ef1c hi\u1ec7n vi\u1ec7c qu\u1ea3ng b\u00e1, ti\u1ebfp th\u1ecb t\u1edbi th\u1ecb tr\u01b0\u1eddng v\u00e0 kh\u00e1ch h\u00e0ng ti\u1ec1m n\u0103ng;<\/span><\/li>\n<li style=\"font-weight: 400;\" aria-level=\"1\"><span style=\"font-weight: 400;\">\u0110\u01b0\u1ee3c h\u1ed7 tr\u1ee3 ki\u1ebfn th\u1ee9c b\u00e1n h\u00e0ng, ki\u1ebfn th\u1ee9c v\u1ec1 s\u1ea3n ph\u1ea9m. \u0110\u01b0\u1ee3c cung c\u1ea5p t\u00e0i li\u1ec7u, Catalog s\u1ea3n ph\u1ea9m, k\u0129 thu\u1eadt, gi\u1ea3i ph\u00e1p,\u2026.\u0111\u1ec3 ph\u1ee5c v\u1ee5 cho c\u00f4ng t\u00e1c b\u00e1n h\u00e0ng;<\/span><\/li>\n<li style=\"font-weight: 400;\" aria-level=\"1\"><span style=\"font-weight: 400;\">\u0110\u01b0\u1ee3c th\u00f4ng tin v\u1ec1 gi\u00e1 c\u1ea3, th\u00f4ng tin v\u1ec1 s\u1ea3n ph\u1ea9m, ch\u00ednh s\u00e1ch, c\u00e1c ch\u01b0\u01a1ng tr\u00ecnh khuy\u1ebfn m\u00e3i c\u00f3 li\u00ean quan;<\/span><\/li>\n<li style=\"font-weight: 400;\" aria-level=\"1\"><span style=\"font-weight: 400;\">\u0110\u01b0\u1ee3c h\u1ed7 tr\u1ee3 t\u01b0 v\u1ea5n, \u0111\u00e0m ph\u00e1n khi c\u00f3 nhu c\u1ea7u. \u0110\u1ed1i v\u1edbi c\u00e1c y\u00eau c\u1ea7u t\u1eeb ph\u00eda kh\u00e1ch h\u00e0ng v\u01b0\u1ee3t t\u1ea7m x\u1eed l\u00fd c\u1ee7a CTV. CTI s\u1ebd h\u1ed7 tr\u1ee3 \u0111\u1ea3m nh\u1eadn v\u00e0 x\u1eed l\u00fd;<\/span><\/li>\n<li style=\"font-weight: 400;\" aria-level=\"1\"><span style=\"font-weight: 400;\">Nh\u1eadn hoa h\u1ed3ng\u00a0 d\u00f9 ch\u1ec9 1 \u0111\u01a1n h\u00e0ng;<\/span><\/li>\n<\/ul>\n<h2><span style=\"font-weight: 400;\">IV. NGH\u0128A V\u1ee4 C\u1ee6A C\u1ed8NG T\u00c1C VI\u00caN<\/span><\/h2>\n<ul>\n<li style=\"font-weight: 400;\" aria-level=\"1\"><span style=\"font-weight: 400;\">Ch\u1ee7 \u0111\u1ed9ng qu\u1ea3ng b\u00e1 th\u01b0\u01a1ng hi\u1ec7u, ti\u1ebfp th\u1ecb s\u1ea3n ph\u1ea9m, t\u00ecm ki\u1ebfm v\u00e0 khai th\u00e1c ngu\u1ed3n kh\u00e1ch h\u00e0ng ti\u1ec1m n\u0103ng;<\/span><\/li>\n<li style=\"font-weight: 400;\" aria-level=\"1\"><span style=\"font-weight: 400;\">S\u1eed d\u1ee5ng \u0111\u00fang nh\u1eefng th\u00f4ng tin m\u00e0 c\u00f4ng ty \u0111\u00e3 cung c\u1ea5p \u0111\u1ec3 t\u01b0 v\u1ea5n cho kh\u00e1ch h\u00e0ng. Kh\u00f4ng \u0111\u01b0\u1ee3c t\u01b0 v\u1ea5n sai v\u1edbi ch\u1ee7 tr\u01b0\u01a1ng c\u00f4ng ty \u0111\u00e3 ban h\u00e0nh, hay h\u1ee9a h\u1eb9n b\u1ea5t k\u00ec \u0111i\u1ec1u g\u00ec n\u1eb1m ngo\u00e0i kh\u1ea3 n\u0103ng ho\u1eb7c kh\u00f4ng c\u00f3 th\u1ef1c li\u00ean quan \u0111\u1ebfn s\u1ea3n ph\u1ea9m v\u00e0 d\u1ecbch v\u1ee5 do c\u00f4ng ty cung\u00a0 c\u1ea5p;<\/span><\/li>\n<li style=\"font-weight: 400;\" aria-level=\"1\"><span style=\"font-weight: 400;\">Nghi\u00eam c\u1ea5m c\u1ed9ng t\u00e1c vi\u00ean l\u1ee3i d\u1ee5ng danh ngh\u0129a c\u1ee7a C\u00f4ng ty \u0111\u1ec3 th\u1ef1c hi\u1ec7n nh\u1eefng h\u00e0nh vi vi ph\u1ea1m ph\u00e1p lu\u1eadt ho\u1eb7c nh\u1eefng h\u00e0nh vi c\u00f3 th\u1ec3 l\u00e0m \u1ea3nh h\u01b0\u1edfng x\u1ea5u \u0111\u1ebfn uy t\u00edn v\u00e0 th\u01b0\u01a1ng hi\u1ec7u c\u1ee7a C\u00f4ng ty.<\/span><\/li>\n<li style=\"font-weight: 400;\" aria-level=\"1\"><span style=\"font-weight: 400;\">Kh\u00f4ng \u0111\u01b0\u1ee3c nh\u1eadn b\u1ea5t k\u1ef3 kho\u1ea3n ti\u1ec1n n\u00e0o c\u1ee7a Kh\u00e1ch h\u00e0ng trong qu\u00e1 tr\u00ecnh l\u00e0m CTV k\u1ec3 c\u1ea3 c\u00e1c kho\u1ea3n ti\u1ec1n \u0111\u1eb7t c\u1ecdc, c\u00e1c kho\u1ea3n ph\u00ed (n\u1ebfu c\u00f3)\u2026.<\/span><\/li>\n<li style=\"font-weight: 400;\" aria-level=\"1\"><span style=\"font-weight: 400;\">Trong th\u1eddi gian l\u00e0m CTV, CTV kh\u00f4ng \u0111\u01b0\u1ee3c gi\u1edbi thi\u1ec7u kh\u00e1ch h\u00e0ng m\u1edbi ho\u1eb7c l\u00f4i k\u00e9o kh\u00e1ch h\u00e0ng hi\u1ec7n h\u1eefu c\u1ee7a c\u00f4ng ty cho m\u1ed9t c\u00f4ng ty c\u00f9ng ng\u00e0nh kh\u00e1c<\/span><\/li>\n<\/ul>\n<h2><span style=\"font-weight: 400;\">V. QUY \u0110\u1ecaNH D\u1eeaNG H\u1ee2P T\u00c1C<\/span><\/h2>\n<ul>\n<li style=\"font-weight: 400;\" aria-level=\"1\"><span style=\"font-weight: 400;\">Khi CTV vi ph\u1ea1m c\u00e1c \u0111i\u1ec1u kho\u1ea3n c\u1ee7a ch\u00ednh s\u00e1ch n\u00e0y g\u00e2y \u1ea3nh h\u01b0\u1edfng t\u1edbi quy\u1ec1n l\u1ee3i c\u1ee7a kh\u00e1ch h\u00e0ng, quy\u1ec1n l\u1ee3i v\u00e0 h\u00ecnh \u1ea3nh c\u1ee7a C\u00f4ng ty ho\u1eb7c c\u1ed1 t\u00ecnh vi ph\u1ea1m nhi\u1ec1u l\u1ea7n, kh\u00f4ng h\u1ee3p t\u00e1c v\u1edbi C\u00f4ng ty m\u1eb7c d\u00f9 C\u00f4ng ty \u0111\u00e3 nh\u1eafc nh\u1edf nh\u01b0ng kh\u00f4ng r\u00fat kinh nghi\u1ec7m v\u00e0 kh\u1eafc ph\u1ee5c, s\u1eeda sai.<\/span><\/li>\n<li style=\"font-weight: 400;\" aria-level=\"1\"><span style=\"font-weight: 400;\">Khi CTV kh\u00f4ng c\u00f3 doanh thu trong 06 th\u00e1ng li\u00ean ti\u1ebfp.<\/span><\/li>\n<li style=\"font-weight: 400;\" aria-level=\"1\"><span style=\"font-weight: 400;\">Khi CTV ch\u1ee7 \u0111\u1ed9ng \u0111\u1ec1 ngh\u1ecb ng\u1eebng tham gia ch\u01b0\u01a1ng tr\u00ecnh CTV\u00a0<\/span><\/li>\n<li style=\"font-weight: 400;\" aria-level=\"1\"><span style=\"font-weight: 400;\">Khi Th\u0103ng Long quy\u1ebft \u0111\u1ecbnh ng\u1eebng to\u00e0n b\u1ed9 ch\u01b0\u01a1ng tr\u00ecnh CTV.<\/span><\/li>\n<\/ul>\n<p><span style=\"font-weight: 400;\">Khi ch\u1ea5m d\u1ee9t quy\u1ec1n CTV, Th\u0103ng Long c\u00f3 tr\u00e1ch nhi\u1ec7m thanh to\u00e1n to\u00e0n b\u1ed9 d\u01b0 n\u1ee3 c\u00f2n l\u1ea1i ch\u01b0a \u0111\u01b0\u1ee3c thanh to\u00e1n cho CTV. M\u1ecdi quy\u1ec1n l\u1ee3i kh\u00e1c c\u1ee7a CTV s\u1ebd \u0111\u01b0\u1ee3c thu h\u1ed3i.<\/span><\/p>\n<p><i><span style=\"font-weight: 400;\">* C\u00e1c ch\u00ednh s\u00e1ch li\u00ean quan t\u1edbi vi\u1ec7c kinh doanh s\u1ea3n ph\u1ea9m v\u00e0 d\u1ecbch v\u1ee5, bao g\u1ed3m:<\/span><\/i><\/p>\n<ul>\n<li style=\"font-weight: 400;\" aria-level=\"1\"><i><span style=\"font-weight: 400;\">Ch\u00ednh s\u00e1ch b\u1ea3o m\u1eadt th\u00f4ng tin<\/span><\/i><\/li>\n<li style=\"font-weight: 400;\" aria-level=\"1\"><i><span style=\"font-weight: 400;\">Ch\u00ednh s\u00e1ch b\u1ea3o h\u00e0nh, giao h\u00e0ng, \u0111\u1ed5i tr\u1ea3 s\u1ea3n ph\u1ea9m v\u00e0 ho\u00e0n ti\u1ec1n<\/span><\/i><\/li>\n<\/ul>\n<p><span style=\"font-weight: 400;\">GI\u00c1M \u0110\u1ed0C<\/span><\/p>\n<p><i><span style=\"font-weight: 400;\">(k\u00fd t\u00ean v\u00e0 \u0111\u00f3ng d\u1ea5u)<\/span><\/i><\/p>\n<p>&nbsp;<\/p>\n","protected":false},"excerpt":{"rendered":"<p>CH\u00cdNH S\u00c1CH CTV S\u1ec8 &nbsp; I. QUY \u0110\u1ecaNH Th\u00e0nh vi\u00ean tham gia b\u00e1n h\u00e0ng c\u00f3 tu\u1ed5i t\u1eeb 20 tr\u1edf l\u00ean mang Qu\u1ed1c t\u1ecbch Vi\u1ec7t Nam, \u0111\u1ee7 n\u0103ng l\u1ef1c h\u00e0nh vi d\u00e2n s\u1ef1. S\u1eed d\u1ee5ng h\u00ecnh \u1ea3nh, n\u1ed9i dung Th\u0103ng Long cung c\u1ea5p \u0111\u00fang m\u1ee5c \u0111\u00edch kinh doanh. CTV ch\u1ec9 \u0111\u01b0\u1ee3c b\u00e1n c\u00e1c s\u1ea3n ph\u1ea9m thu\u1ed9c&#8230;<\/p>\n","protected":false},"author":1,"featured_media":0,"parent":0,"menu_order":0,"comment_status":"closed","ping_status":"closed","template":"page-blank-title-center.php","meta":{"footnotes":""},"class_list":["post-2696","page","type-page","status-publish","hentry"],"acf":[],"_links":{"self":[{"href":"https:\/\/thanglongbeauty.vn\/index.php?rest_route=\/wp\/v2\/pages\/2696","targetHints":{"allow":["GET"]}}],"collection":[{"href":"https:\/\/thanglongbeauty.vn\/index.php?rest_route=\/wp\/v2\/pages"}],"about":[{"href":"https:\/\/thanglongbeauty.vn\/index.php?rest_route=\/wp\/v2\/types\/page"}],"author":[{"embeddable":true,"href":"https:\/\/thanglongbeauty.vn\/index.php?rest_route=\/wp\/v2\/users\/1"}],"replies":[{"embeddable":true,"href":"https:\/\/thanglongbeauty.vn\/index.php?rest_route=%2Fwp%2Fv2%2Fcomments&post=2696"}],"version-history":[{"count":0,"href":"https:\/\/thanglongbeauty.vn\/index.php?rest_route=\/wp\/v2\/pages\/2696\/revisions"}],"wp:attachment":[{"href":"https:\/\/thanglongbeauty.vn\/index.php?rest_route=%2Fwp%2Fv2%2Fmedia&parent=2696"}],"curies":[{"name":"wp","href":"https:\/\/api.w.org\/{rel}","templated":true}]}}