{"id":575,"date":"2022-04-21T14:43:54","date_gmt":"2022-04-21T07:43:54","guid":{"rendered":"https:\/\/thanglongbeauty.vn\/?page_id=575"},"modified":"2026-01-24T03:53:22","modified_gmt":"2026-01-24T03:53:22","slug":"chinh-sach-van-chuyen","status":"publish","type":"page","link":"https:\/\/thanglongbeauty.vn\/?page_id=575","title":{"rendered":"CH\u00cdNH S\u00c1CH V\u1eacN CHUY\u1ec2N"},"content":{"rendered":"\n<h2 class=\"wp-block-heading\">Ch\u00ednh s\u00e1ch giao nh\u1eadn<\/h2>\n\n\n\n<p>Thanglongbeauty.vn \u0111ang \u00e1p d\u1ee5ng c\u00e1c h\u00ecnh th\u1ee9c giao nh\u1eadn sau \u0111\u00e2y:<\/p>\n\n\n\n<h4 class=\"wp-block-heading\"><strong>1. GIAO NH\u1eacN T\u1ea0I <\/strong>C\u00d4NG TY<\/h4>\n\n\n\n<p>\u2013&nbsp; &nbsp;Qu\u00fd kh\u00e1ch h\u00e0ng nh\u1eadn h\u00e0ng tr\u1ef1c ti\u1ebfp t\u1ea1i b\u1ed9 ph\u1eadn giao nh\u1eadn h\u00e0ng t\u1ea1i C\u00f4ng ty<\/p>\n\n\n\n<p>\u2013&nbsp; Qu\u00fd kh\u00e1ch ki\u1ec3m tra k\u1ef9 s\u1ea3n ph\u1ea9m, \u0111\u1ed1i chi\u1ebfu s\u1ea3n ph\u1ea9m v\u1edbi phi\u1ebfu xu\u1ea5t, phi\u1ebfu b\u1ea3o h\u00e0nh (n\u1ebfu c\u00f3) tr\u01b0\u1edbc khi k\u00fd nh\u1eadn<\/p>\n\n\n\n<h4 class=\"wp-block-heading\"><strong>2. GIAO NH\u1eacN T\u1eacN N\u01a0I<\/strong><\/h4>\n\n\n\n<p>\u2013 B\u1ed9 ph\u1eadn giao nh\u1eadn s\u1ebd li\u00ean l\u1ea1c v\u1edbi Qu\u00fd kh\u00e1ch h\u00e0ng \u0111\u1ec3 s\u1eafp x\u1ebfp th\u1eddi gian, \u0111\u1ecba \u0111i\u1ec3m c\u1ee5 th\u1ec3 \u0111\u1ec3 giao h\u00e0ng cho Qu\u00fd kh\u00e1ch.<\/p>\n\n\n\n<p>\u2013 Qu\u00fd kh\u00e1ch vui l\u00f2ng tr\u1ef1c ti\u1ebfp ki\u1ec3m tra k\u1ef9 h\u00e0ng h\u00f3a ngay khi nh\u1eadn h\u00e0ng t\u1eeb ng\u01b0\u1eddi chuy\u1ec3n ph\u00e1t h\u00e0ng h\u00f3a. N\u1ebfu c\u00f3 v\u1ea5n \u0111\u1ec1 li\u00ean quan t\u1edbi v\u1ea5n \u0111\u1ec1 ch\u1ee7ng lo\u1ea1i, ch\u1ea5t l\u01b0\u1ee3ng, s\u1ed1 l\u01b0\u1ee3ng h\u00e0ng h\u00f3a kh\u00f4ng \u0111\u00fang nh\u01b0 trong \u0111\u01a1n \u0111\u1eb7t h\u00e0ng, ni\u00eam phong \u0111\u00e3 b\u1ecb thay \u0111\u1ed5i. Qu\u00fd kh\u00e1ch c\u1ea7n l\u1eadp bi\u00ean b\u1ea3n ngay v\u1edbi khi nh\u1eadn h\u00e0ng v\u1edbi nh\u00e2n vi\u00ean giao nh\u1eadn v\u00e0 th\u00f4ng b\u00e1o ngay cho Cty Th\u0103ng Long \u0111\u1ec3 c\u00f9ng ph\u1ed1i h\u1ee3p x\u1eed l\u00fd. N\u1ebfu kh\u00f4ng c\u00f3 b\u1ea5t c\u1ee9 v\u1ea5n \u0111\u1ec1 g\u00ec, Qu\u00fd kh\u00e1ch vui l\u00f2ng k\u00fd nh\u1eadn v\u00e0o bi\u00ean b\u1ea3n giao h\u00e0ng.<\/p>\n\n\n\n<p>\u2013 Qu\u00fd kh\u00e1ch thanh to\u00e1n cho nh\u00e2n vi\u00ean giao nh\u1eadn to\u00e0n b\u1ed9 ho\u1eb7c m\u1ed9t ph\u1ea7n (n\u1ebfu \u0111\u00e3 \u0111\u1eb7t c\u1ecdc) gi\u00e1 tr\u1ecb h\u00e0ng h\u00f3a \u0111\u00e3 mua.<\/p>\n\n\n\n<h4 class=\"wp-block-heading\"><strong>3. GIAO NH\u1eacN B\u1eb0NG CHUY\u1ec2N PH\u00c1T<\/strong><\/h4>\n\n\n\n<p>\u2013 \u0110\u1ed1i v\u1edbi c\u00e1c Qu\u00fd kh\u00e1ch h\u00e0ng \u1edf ngo\u1ea1i th\u00e0nh th\u00e0nh ph\u1ed1 H\u1ed3 Ch\u00ed Minh ho\u1eb7c \u1edf t\u1ec9nh xa, Th\u0103ng Long Beauty s\u1ebd \u1ee7y quy\u1ec1n d\u1ecbch v\u1ee5 v\u1eadn chuy\u1ec3n cho c\u00e1c \u0111\u01a1n v\u1ecb uy t\u00edn nh\u01b0 DHL, UPS, EMS, B\u01b0u \u0111i\u1ec7n, Viettel, T\u00edn Th\u00e0nh, giao h\u00e0ng ti\u1ebft ki\u1ec7m\u2026<\/p>\n\n\n\n<p>\u2013 Khi giao h\u00e0ng, ch\u00fang t\u00f4i c\u0169ng fax\/email l\u1ea1i bi\u00ean b\u1ea3n giao h\u00e0ng ghi r\u00f5 h\u00e0ng h\u00f3a, s\u1ed1 l\u01b0\u1ee3ng, qui c\u00e1ch ch\u1ee7ng lo\u1ea1i, \u0111\u1ed3ng th\u1eddi x\u00e1c nh\u1eadn v\u1edbi ng\u01b0\u1eddi mua v\u1ec1 th\u00f4ng tin giao h\u00e0ng nh\u1eb1m tr\u00e1nh nh\u1eefng sai s\u00f3t g\u00e2y \u1ea3nh h\u01b0\u1edfng \u0111\u1ebfn vi\u1ec7c giao nh\u1eadn h\u00e0ng.<\/p>\n\n\n\n<p>\u2013 Khi \u0111\u1eb7t h\u00e0ng, Qu\u00fd kh\u00e1ch vui l\u00f2ng \u0111i\u1ec1n \u0111\u1ea7y \u0111\u1ee7, ch\u00ednh x\u00e1c c\u00e1c th\u00f4ng tin c\u1ea7n thi\u1ebft theo y\u00eau c\u1ea7u nh\u1eb1m t\u1ea1o \u0111i\u1ec1u ki\u1ec7n thu\u1eadn l\u1ee3i cho ch\u00fang t\u00f4i trong vi\u1ec7c cung c\u1ea5p h\u00e0ng h\u00f3a v\u00e0 nh\u1eadn thanh to\u00e1n nhanh ch\u00f3ng. Cty Th\u0103ng Long c\u00f3 quy\u1ec1n ki\u1ec3m tra c\u00e1c th\u00f4ng tin v\u00e0 c\u00f3 quy\u1ec1n t\u1eeb ch\u1ed1i \u0111\u0103ng k\u00fd t\u00e0i kho\u1ea3n kh\u00f4ng x\u00e1c \u0111\u1ecbnh r\u00f5 danh t\u00ednh, c\u0169ng nh\u01b0 h\u1ee7y b\u1ecf c\u00e1c \u0111\u01a1n \u0111\u1eb7t h\u00e0ng kh\u00f4ng r\u00f5 r\u00e0ng. Ngo\u00e0i ra, ch\u00fang t\u00f4i kh\u00f4ng ch\u1ecbu tr\u00e1ch nhi\u1ec7m \u0111\u1ed1i v\u1edbi nh\u1eefng tr\u01b0\u1eddng h\u1ee3p giao h\u00e0ng ch\u1eadm tr\u1ec5 hay th\u1ea5t l\u1ea1c v\u00ec c\u00e1c th\u00f4ng tin do Qu\u00fd kh\u00e1ch cung c\u1ea5p kh\u00f4ng ch\u00ednh x\u00e1c.<\/p>\n\n\n\n<h2 class=\"wp-block-heading\"><strong>Ph\u00ed v\u1eadn chuy\u1ec3n khi \u0111\u1eb7t h\u00e0ng t\u1ea1i Th\u0103ng Long Beauty<\/strong>:<\/h2>\n\n\n\n<p>KHU V\u1ef0C N\u1ed8I TH\u00c0NH H\u1ed2 CH\u00cd MINH:<\/p>\n\n\n\n<p>\u0110\u1ed1i v\u1edbi h\u00e0ng T\u1ea3 b\u1ec9m<\/p>\n\n\n\n<p>+ \u0110\u01a1n h\u00e0ng \u2265 900.000vn\u0111 => Mi\u1ec5n Ph\u00ed (\u0111\u1ed1i v\u1edbi T\u00e3 B\u1ec9m)<\/p>\n\n\n\n<p>+ \u0110\u01a1n h\u00e0ng d\u01b0\u1edbi 900.000\u0111 => Ph\u00ed ship 30K<\/p>\n\n\n\n<p>\u0110\u1ed1i v\u1edbi h\u00e0ng kh\u00e1c: <\/p>\n\n\n\n<p>+ \u0110\u01a1n h\u00e0ng \u2265 199.000\u0111 => Mi\u1ec5n Ph\u00ed <\/p>\n\n\n\n<p>+ \u0110\u01a1n h\u00e0ng d\u01b0\u1edbi 199.000\u0111 => Ph\u00ed ship 19K<\/p>\n\n\n\n<p>KHU V\u1ef0C KH\u00c1C: <\/p>\n\n\n\n<p>+ \u0110\u01a1n h\u00e0ng \u2265 199.000\u0111 v\u00e0 Tr\u1ecdng l\u01b0\u1ee3ng &lt; 1KG => Mi\u1ec5n ph\u00ed ship ( kh\u00f4ng \u00e1p d\u1ee5ng cho m\u1eb7t h\u00e0ng t\u1ea3 b\u1ec9m)<\/p>\n\n\n\n<p>+ \u0110\u01a1n h\u00e0ng nh\u1ecf h\u01a1n 500.000 => ph\u00ed ship 35K  ( kh\u00f4ng \u00e1p d\u1ee5ng cho m\u1eb7t h\u00e0ng t\u1ea3 b\u1ec9m)<\/p>\n\n\n\n<p><\/p>\n","protected":false},"excerpt":{"rendered":"<p>Ch\u00ednh s\u00e1ch giao nh\u1eadn Thanglongbeauty.vn \u0111ang \u00e1p d\u1ee5ng c\u00e1c h\u00ecnh th\u1ee9c giao nh\u1eadn sau \u0111\u00e2y: 1. GIAO NH\u1eacN T\u1ea0I C\u00d4NG TY \u2013&nbsp; &nbsp;Qu\u00fd kh\u00e1ch h\u00e0ng nh\u1eadn h\u00e0ng tr\u1ef1c ti\u1ebfp t\u1ea1i b\u1ed9 ph\u1eadn giao nh\u1eadn h\u00e0ng t\u1ea1i C\u00f4ng ty \u2013&nbsp; Qu\u00fd kh\u00e1ch ki\u1ec3m tra k\u1ef9 s\u1ea3n ph\u1ea9m, \u0111\u1ed1i chi\u1ebfu s\u1ea3n ph\u1ea9m v\u1edbi phi\u1ebfu xu\u1ea5t, phi\u1ebfu b\u1ea3o&#8230;<\/p>\n","protected":false},"author":1,"featured_media":0,"parent":0,"menu_order":0,"comment_status":"closed","ping_status":"closed","template":"page-blank-title-center.php","meta":{"footnotes":""},"class_list":["post-575","page","type-page","status-publish","hentry"],"acf":[],"_links":{"self":[{"href":"https:\/\/thanglongbeauty.vn\/index.php?rest_route=\/wp\/v2\/pages\/575","targetHints":{"allow":["GET"]}}],"collection":[{"href":"https:\/\/thanglongbeauty.vn\/index.php?rest_route=\/wp\/v2\/pages"}],"about":[{"href":"https:\/\/thanglongbeauty.vn\/index.php?rest_route=\/wp\/v2\/types\/page"}],"author":[{"embeddable":true,"href":"https:\/\/thanglongbeauty.vn\/index.php?rest_route=\/wp\/v2\/users\/1"}],"replies":[{"embeddable":true,"href":"https:\/\/thanglongbeauty.vn\/index.php?rest_route=%2Fwp%2Fv2%2Fcomments&post=575"}],"version-history":[{"count":2,"href":"https:\/\/thanglongbeauty.vn\/index.php?rest_route=\/wp\/v2\/pages\/575\/revisions"}],"predecessor-version":[{"id":10069,"href":"https:\/\/thanglongbeauty.vn\/index.php?rest_route=\/wp\/v2\/pages\/575\/revisions\/10069"}],"wp:attachment":[{"href":"https:\/\/thanglongbeauty.vn\/index.php?rest_route=%2Fwp%2Fv2%2Fmedia&parent=575"}],"curies":[{"name":"wp","href":"https:\/\/api.w.org\/{rel}","templated":true}]}}