{"id":578,"date":"2022-04-21T15:11:16","date_gmt":"2022-04-21T08:11:16","guid":{"rendered":"https:\/\/thanglongbeauty.vn\/?page_id=578"},"modified":"2022-04-21T15:11:16","modified_gmt":"2022-04-21T08:11:16","slug":"chinh-sanh-doi-tra","status":"publish","type":"page","link":"https:\/\/thanglongbeauty.vn\/?page_id=578","title":{"rendered":"CH\u00cdNH S\u00c1CH \u0110\u1ed4I TR\u1ea2 KH\u00c1CH L\u1eba"},"content":{"rendered":"\n<figure class=\"wp-block-table\">\n<h2><strong>CH\u00cdNH S\u00c1CH \u0110\u1ed4I TR\u1ea2 \u0110\u1ed0I V\u1edaI KH\u00c1CH L\u1eba<\/strong><\/h2>\n<table>\n<tbody>\n<tr>\n<td>\u00a0<\/td>\n<td>S\u1ea3n Ph\u1ea9m L\u1ed7i\u00a0(T\u1eeb ph\u00eda nh\u00e0 cung c\u1ea5p)<\/td>\n<td>S\u1ea3n Ph\u1ea9m L\u1ed7i\u00a0(T\u1eeb ph\u00eda ng\u01b0\u1eddi s\u1eed d\u1ee5ng)<\/td>\n<td>S\u1ea3n Ph\u1ea9m Kh\u00f4ng L\u1ed7i<\/td>\n<\/tr>\n<tr>\n<td>1 \u2013 7 ng\u00e0y<\/td>\n<td>\u0110\u1ed5i m\u1edbi Tr\u1ea3 kh\u00f4ng thu ph\u00ed<\/td>\n<td>Kh\u00f4ng h\u1ed7 tr\u1ee3 \u0111\u1ed5i tr\u1ea3<\/td>\n<td>\u0110\u1ed5i m\u1edbi<\/td>\n<\/tr>\n<tr>\n<td>7 ng\u00e0y tr\u1edf \u0111i<\/td>\n<td>Kh\u00f4ng h\u1ed7 tr\u1ee3 \u0111\u1ed5i tr\u1ea3<\/td>\n<\/tr>\n<\/tbody>\n<\/table>\n<\/figure>\n\n\n\n<h2><strong>C\u00e1c tr\u01b0\u1eddng h\u1ee3p nh\u1eadn \u0111\u1ed5i tr\u1ea3<\/strong><\/h2>\n\n\n\n<p>&#8211; S\u1ea3n ph\u1ea9m m\u1eafc l\u1ed7i t\u1eeb ph\u00eda nh\u00e0 s\u1ea3n xu\u1ea5t (h\u1ecfng h\u00f3c, \u0111\u1ed5 v\u1ee1 s\u1ea3n ph\u1ea9m, b\u1ecb l\u1ed7i k\u1ef9 thu\u1eadt\u2026).<\/p>\n\n\n\n<p>&#8211; S\u1ea3n ph\u1ea9m b\u1ecb h\u01b0 h\u1ecfng, tr\u1ea7y x\u01b0\u1edbc do qu\u00e1 tr\u00ecnh v\u1eadn chuy\u1ec3n c\u1ee7a nh\u00e2n vi\u00ean giao h\u00e0ng.<\/p>\n\n\n\n<p>&#8211; S\u1ea3n ph\u1ea9m \u0111\u00e3 h\u1ebft ho\u1eb7c g\u1ea7n h\u1ebft th\u1eddi h\u1ea1n s\u1eed d\u1ee5ng.<\/p>\n\n\n\n<p>&#8211; S\u1ea3n ph\u1ea9m kh\u00f4ng \u0111\u00fang nh\u01b0 y\u00eau c\u1ea7u c\u1ee7a kh\u00e1ch h\u00e0ng do Th\u0103ng Long so\u1ea1n sai s\u1ea3n ph\u1ea9m ho\u1eb7c l\u1ea5y nh\u1ea7m t\u00f4ng m\u00e0u, lo\u1ea1i s\u1ea3n ph\u1ea9m.<\/p>\n\n\n\n<p>&#8211; S\u1ea3n ph\u1ea9m c\u00f2n nguy\u00ean v\u1ecf h\u1ed9p, tem nh\u00e3n v\u00e0 ch\u01b0a qua s\u1eed d\u1ee5ng.<\/p>\n<h2><strong>Tr\u01b0\u1eddng h\u1ee3p kh\u00f4ng nh\u1eadn \u0111\u1ed5i tr\u1ea3<\/strong><\/h2>\n\n\n\n<p>&#8211; S\u1ea3n ph\u1ea9m qu\u00e0 t\u1eb7ng, c\u00e1c s\u1ea3n ph\u1ea9m trong ch\u01b0\u01a1ng tr\u00ecnh gi\u1ea3m gi\u00e1 \u0111\u1eb7c bi\u1ec7t.<\/p>\n\n\n\n<p>&#8211; S\u1ea3n ph\u1ea9m \u0111\u00e3 qu\u00e1 h\u1ea1n \u0111\u1ed5i tr\u1ea3 (14 ng\u00e0y).<\/p>\n\n\n\n<p>&#8211; S\u1ea3n ph\u1ea9m \u0111\u00e3 b\u1ecb b\u00f3c tem nh\u00e3n, seal n\u1ebfu c\u00f3.<\/p>\n\n\n\n<p>&#8211; S\u1ea3n ph\u1ea9m kh\u00e1ch \u0111\u00e3 th\u1eed ho\u1eb7c qua s\u1eed d\u1ee5ng t\u1eeb 1 l\u1ea7n tr\u1edf l\u00ean.<\/p>\n\n\n\n<p>&#8211; Bao b\u00ec, v\u1ecf h\u1ed9p s\u1ea3n ph\u1ea9m b\u1ecb h\u01b0 h\u1ecfng, tr\u1ea7y x\u01b0\u1edbc do l\u1ed7i t\u1eeb ph\u00eda kh\u00e1ch h\u00e0ng.<\/p>\n\n\n\n<p>&#8211; S\u1ea3n ph\u1ea9m kh\u00f4ng ph\u1ea3i mua t\u1eeb b\u00ean <strong>Th\u0103ng Long Beauty<\/strong>.<\/p>\n<h2><strong>Quy tr\u00ecnh \u0111\u1ed5i tr\u1ea3<\/strong><\/h2>\n\n\n\n<p>&#8211; thanglongbeauty.vn nh\u1eadn \u0111\u1ed5i tr\u1ea3 s\u1ea3n ph\u1ea9m cho kh\u00e1ch h\u00e0ng trong v\u00f2ng 14 ng\u00e0y, t\u00ednh k\u1ec3 t\u1eeb ng\u00e0y kh\u00e1ch h\u00e0ng mua ho\u1eb7c nh\u1eadn \u0111\u01b0\u1ee3c s\u1ea3n ph\u1ea9m t\u1eeb b\u00ean giao h\u00e0ng.<\/p>\n\n\n\n<p>&#8211; Kh\u00e1ch h\u00e0ng c\u1ea7n ph\u1ea3i th\u00f4ng b\u00e1o cho nh\u00e2n vi\u00ean <strong>Th\u0103ng Long Beauty<\/strong> l\u00fd do \u0111\u1ed5i tr\u1ea3 v\u00e0 \u0111\u1ecba ch\u1ec9, s\u1ed1 \u0111i\u1ec7n tho\u1ea1i li\u00ean l\u1ea1c ch\u00ednh x\u00e1c \u0111\u1ec3 <strong>Th\u0103ng Long Beauty<\/strong> c\u00f3 th\u1ec3 th\u1ef1c hi\u1ec7n quy tr\u00ecnh \u0111\u1ed5i tr\u1ea3 s\u1ea3n ph\u1ea9m m\u1ed9t c\u00e1ch nhanh ch\u00f3ng nh\u1ea5t theo y\u00eau c\u1ea7u c\u1ee7a qu\u00fd kh\u00e1ch.<\/p>\n\n\n\n<p>&#8211; <strong>Th\u0103ng Long Beauty<\/strong> quan t\u00e2m \u0111\u1ebfn s\u1ef1 h\u00e0i l\u00f2ng c\u1ee7a kh\u00e1ch h\u00e0ng v\u00e0 mong mu\u1ed1n n\u00e2ng cao ch\u1ea5t l\u01b0\u1ee3ng d\u1ecbch v\u1ee5, <strong>Th\u0103ng Long Beauty<\/strong> nh\u1eadn \u0111\u1ed5i tr\u1ea3 s\u1ea3n ph\u1ea9m mi\u1ec5n ph\u00ed cho kh\u00e1ch h\u00e0ng theo \u0111\u00fang quy \u0111\u1ecbnh n\u00eau tr\u00ean.<\/p>\n","protected":false},"excerpt":{"rendered":"<p>CH\u00cdNH S\u00c1CH \u0110\u1ed4I TR\u1ea2 \u0110\u1ed0I V\u1edaI KH\u00c1CH L\u1eba \u00a0 S\u1ea3n Ph\u1ea9m L\u1ed7i\u00a0(T\u1eeb ph\u00eda nh\u00e0 cung c\u1ea5p) S\u1ea3n Ph\u1ea9m L\u1ed7i\u00a0(T\u1eeb ph\u00eda ng\u01b0\u1eddi s\u1eed d\u1ee5ng) S\u1ea3n Ph\u1ea9m Kh\u00f4ng L\u1ed7i 1 \u2013 7 ng\u00e0y \u0110\u1ed5i m\u1edbi Tr\u1ea3 kh\u00f4ng thu ph\u00ed Kh\u00f4ng h\u1ed7 tr\u1ee3 \u0111\u1ed5i tr\u1ea3 \u0110\u1ed5i m\u1edbi 7 ng\u00e0y tr\u1edf \u0111i Kh\u00f4ng h\u1ed7 tr\u1ee3 \u0111\u1ed5i tr\u1ea3 C\u00e1c tr\u01b0\u1eddng&#8230;<\/p>\n","protected":false},"author":1,"featured_media":0,"parent":0,"menu_order":0,"comment_status":"closed","ping_status":"closed","template":"page-blank-title-center.php","meta":{"footnotes":""},"class_list":["post-578","page","type-page","status-publish","hentry"],"acf":[],"_links":{"self":[{"href":"https:\/\/thanglongbeauty.vn\/index.php?rest_route=\/wp\/v2\/pages\/578","targetHints":{"allow":["GET"]}}],"collection":[{"href":"https:\/\/thanglongbeauty.vn\/index.php?rest_route=\/wp\/v2\/pages"}],"about":[{"href":"https:\/\/thanglongbeauty.vn\/index.php?rest_route=\/wp\/v2\/types\/page"}],"author":[{"embeddable":true,"href":"https:\/\/thanglongbeauty.vn\/index.php?rest_route=\/wp\/v2\/users\/1"}],"replies":[{"embeddable":true,"href":"https:\/\/thanglongbeauty.vn\/index.php?rest_route=%2Fwp%2Fv2%2Fcomments&post=578"}],"version-history":[{"count":0,"href":"https:\/\/thanglongbeauty.vn\/index.php?rest_route=\/wp\/v2\/pages\/578\/revisions"}],"wp:attachment":[{"href":"https:\/\/thanglongbeauty.vn\/index.php?rest_route=%2Fwp%2Fv2%2Fmedia&parent=578"}],"curies":[{"name":"wp","href":"https:\/\/api.w.org\/{rel}","templated":true}]}}