{"id":10072,"date":"2026-03-23T09:50:14","date_gmt":"2026-03-23T09:50:14","guid":{"rendered":"https:\/\/thanglongbeauty.vn\/?post_type=product&#038;p=10072"},"modified":"2026-03-23T10:10:48","modified_gmt":"2026-03-23T10:10:48","slug":"sua-tam-phap-sexy-skin-550ml","status":"publish","type":"product","link":"https:\/\/thanglongbeauty.vn\/?product=sua-tam-phap-sexy-skin-550ml","title":{"rendered":"S\u1eefa t\u1eafm Ph\u00e1p Sexy Skin 550ml H\u01b0\u01a1ng N\u01b0\u1edbc Hoa Ph\u00e1p"},"content":{"rendered":"<p class=\"QN2lPu\">S\u1eeeA T\u1eaeM N\u01af\u1edaC HOA SEXY SKIN 500ML C\u1ee6A PH\u00c1P<\/p>\n<hr \/>\n<p><a href=\"https:\/\/thanglongbeauty.vn\/wp-content\/uploads\/2026\/03\/3.png\"><img loading=\"lazy\" decoding=\"async\" class=\"alignnone size-medium wp-image-10081\" src=\"https:\/\/thanglongbeauty.vn\/wp-content\/uploads\/2026\/03\/3-300x300.png\" alt=\"\" width=\"300\" height=\"300\" srcset=\"https:\/\/thanglongbeauty.vn\/wp-content\/uploads\/2026\/03\/3-300x300.png 300w, https:\/\/thanglongbeauty.vn\/wp-content\/uploads\/2026\/03\/3-150x150.png 150w, https:\/\/thanglongbeauty.vn\/wp-content\/uploads\/2026\/03\/3-768x768.png 768w, https:\/\/thanglongbeauty.vn\/wp-content\/uploads\/2026\/03\/3-600x600.png 600w, https:\/\/thanglongbeauty.vn\/wp-content\/uploads\/2026\/03\/3-100x100.png 100w, https:\/\/thanglongbeauty.vn\/wp-content\/uploads\/2026\/03\/3-64x64.png 64w, https:\/\/thanglongbeauty.vn\/wp-content\/uploads\/2026\/03\/3.png 1000w\" sizes=\"auto, (max-width: 300px) 100vw, 300px\" \/><\/a><a href=\"https:\/\/thanglongbeauty.vn\/wp-content\/uploads\/2026\/03\/sua-tam-nuoc-hoa-toan-than-sexy-skin-parfum-body-wash-600ml-2.png\"><img loading=\"lazy\" decoding=\"async\" class=\"alignnone size-medium wp-image-10088\" src=\"https:\/\/thanglongbeauty.vn\/wp-content\/uploads\/2026\/03\/sua-tam-nuoc-hoa-toan-than-sexy-skin-parfum-body-wash-600ml-2-300x300.png\" alt=\"\" width=\"300\" height=\"300\" srcset=\"https:\/\/thanglongbeauty.vn\/wp-content\/uploads\/2026\/03\/sua-tam-nuoc-hoa-toan-than-sexy-skin-parfum-body-wash-600ml-2-300x300.png 300w, https:\/\/thanglongbeauty.vn\/wp-content\/uploads\/2026\/03\/sua-tam-nuoc-hoa-toan-than-sexy-skin-parfum-body-wash-600ml-2-150x150.png 150w, https:\/\/thanglongbeauty.vn\/wp-content\/uploads\/2026\/03\/sua-tam-nuoc-hoa-toan-than-sexy-skin-parfum-body-wash-600ml-2-768x768.png 768w, https:\/\/thanglongbeauty.vn\/wp-content\/uploads\/2026\/03\/sua-tam-nuoc-hoa-toan-than-sexy-skin-parfum-body-wash-600ml-2-600x600.png 600w, https:\/\/thanglongbeauty.vn\/wp-content\/uploads\/2026\/03\/sua-tam-nuoc-hoa-toan-than-sexy-skin-parfum-body-wash-600ml-2-100x100.png 100w, https:\/\/thanglongbeauty.vn\/wp-content\/uploads\/2026\/03\/sua-tam-nuoc-hoa-toan-than-sexy-skin-parfum-body-wash-600ml-2-64x64.png 64w, https:\/\/thanglongbeauty.vn\/wp-content\/uploads\/2026\/03\/sua-tam-nuoc-hoa-toan-than-sexy-skin-parfum-body-wash-600ml-2.png 1000w\" sizes=\"auto, (max-width: 300px) 100vw, 300px\" \/><\/a><\/p>\n<p class=\"QN2lPu\">M\u00d9I H\u01af\u01a0NG :<\/p>\n<p class=\"QN2lPu\">1 &#8211; PERT &#8211; NG\u1eccC TRAI<\/p>\n<p class=\"QN2lPu\">2 &#8211; HONEY &#8211; M\u1eacT \u00d4NG<\/p>\n<p class=\"QN2lPu\">3 &#8211; VITAMIN E &#8211; NG\u1eccT D\u1ecaU NH\u1eb8<\/p>\n<p class=\"QN2lPu\">4 &#8211; ROSE &#8211; HOA H\u1ed2NG<\/p>\n<p class=\"QN2lPu\">5 &#8211; PURPLE &#8211; HOA DI\u00caN V\u0128<\/p>\n<p class=\"QN2lPu\">6 &#8211; UNI WHITE &#8211; H\u01af\u01a0NG N\u01af\u1edaC HOA CK ONE<\/p>\n<p class=\"QN2lPu\">7 &#8211; UNI BLUE &#8211; H\u01af\u01a0NG N\u01af\u1edaC HOA SANDAL WOOD 33<\/p>\n<p class=\"QN2lPu\">S\u1eefa t\u1eafm Sexy Skin \u01b0\u1edbp h\u01b0\u01a1ng n\u01b0\u1edbc hoa \u0111\u1ebfn t\u1eeb Ph\u00e1p s\u1edf h\u1eefu th\u00e0nh ph\u1ea7n si\u00eau x\u1ecbn v\u1edbi 100% tinh ch\u1ea5t d\u01b0\u1ee1ng da, kh\u00f4ng ch\u1ec9 gi\u00fap l\u00e0m s\u1ea1ch nh\u1eb9 nh\u00e0ng m\u00e0 c\u00f2n gi\u1eef \u1ea9m v\u00e0 nu\u00f4i d\u01b0\u1ee1ng l\u00e0n da m\u1ecbn m\u00e0ng, ng\u1ecdt ng\u00e0o t\u01b0\u01a1i m\u1edbi v\u1edbi thi\u1ebft k\u1ebf s\u00e0nh \u0111i\u1ec7u, sang tr\u1ecdng.<\/p>\n<p class=\"QN2lPu\"><a href=\"https:\/\/thanglongbeauty.vn\/wp-content\/uploads\/2026\/03\/si-sua-tam-nuoc-hoa-toan-than-sexy-skin-parfum-body-wash-600ml-540-parfum-cream-douche.png\"><img loading=\"lazy\" decoding=\"async\" class=\"alignnone size-medium wp-image-10082\" src=\"https:\/\/thanglongbeauty.vn\/wp-content\/uploads\/2026\/03\/si-sua-tam-nuoc-hoa-toan-than-sexy-skin-parfum-body-wash-600ml-540-parfum-cream-douche-300x300.png\" alt=\"\" width=\"300\" height=\"300\" srcset=\"https:\/\/thanglongbeauty.vn\/wp-content\/uploads\/2026\/03\/si-sua-tam-nuoc-hoa-toan-than-sexy-skin-parfum-body-wash-600ml-540-parfum-cream-douche-300x300.png 300w, https:\/\/thanglongbeauty.vn\/wp-content\/uploads\/2026\/03\/si-sua-tam-nuoc-hoa-toan-than-sexy-skin-parfum-body-wash-600ml-540-parfum-cream-douche-150x150.png 150w, https:\/\/thanglongbeauty.vn\/wp-content\/uploads\/2026\/03\/si-sua-tam-nuoc-hoa-toan-than-sexy-skin-parfum-body-wash-600ml-540-parfum-cream-douche-768x768.png 768w, https:\/\/thanglongbeauty.vn\/wp-content\/uploads\/2026\/03\/si-sua-tam-nuoc-hoa-toan-than-sexy-skin-parfum-body-wash-600ml-540-parfum-cream-douche-600x600.png 600w, https:\/\/thanglongbeauty.vn\/wp-content\/uploads\/2026\/03\/si-sua-tam-nuoc-hoa-toan-than-sexy-skin-parfum-body-wash-600ml-540-parfum-cream-douche-100x100.png 100w, https:\/\/thanglongbeauty.vn\/wp-content\/uploads\/2026\/03\/si-sua-tam-nuoc-hoa-toan-than-sexy-skin-parfum-body-wash-600ml-540-parfum-cream-douche-64x64.png 64w, https:\/\/thanglongbeauty.vn\/wp-content\/uploads\/2026\/03\/si-sua-tam-nuoc-hoa-toan-than-sexy-skin-parfum-body-wash-600ml-540-parfum-cream-douche.png 1000w\" sizes=\"auto, (max-width: 300px) 100vw, 300px\" \/><\/a> <a href=\"https:\/\/thanglongbeauty.vn\/wp-content\/uploads\/2026\/03\/si-sua-tam-nuoc-hoa-toan-than-sexy-skin-parfum-body-wash-600ml-vitamin-e.png\"><img loading=\"lazy\" decoding=\"async\" class=\"alignnone size-medium wp-image-10087\" src=\"https:\/\/thanglongbeauty.vn\/wp-content\/uploads\/2026\/03\/si-sua-tam-nuoc-hoa-toan-than-sexy-skin-parfum-body-wash-600ml-vitamin-e-300x300.png\" alt=\"\" width=\"300\" height=\"300\" srcset=\"https:\/\/thanglongbeauty.vn\/wp-content\/uploads\/2026\/03\/si-sua-tam-nuoc-hoa-toan-than-sexy-skin-parfum-body-wash-600ml-vitamin-e-300x300.png 300w, https:\/\/thanglongbeauty.vn\/wp-content\/uploads\/2026\/03\/si-sua-tam-nuoc-hoa-toan-than-sexy-skin-parfum-body-wash-600ml-vitamin-e-150x150.png 150w, https:\/\/thanglongbeauty.vn\/wp-content\/uploads\/2026\/03\/si-sua-tam-nuoc-hoa-toan-than-sexy-skin-parfum-body-wash-600ml-vitamin-e-768x768.png 768w, https:\/\/thanglongbeauty.vn\/wp-content\/uploads\/2026\/03\/si-sua-tam-nuoc-hoa-toan-than-sexy-skin-parfum-body-wash-600ml-vitamin-e-600x600.png 600w, https:\/\/thanglongbeauty.vn\/wp-content\/uploads\/2026\/03\/si-sua-tam-nuoc-hoa-toan-than-sexy-skin-parfum-body-wash-600ml-vitamin-e-100x100.png 100w, https:\/\/thanglongbeauty.vn\/wp-content\/uploads\/2026\/03\/si-sua-tam-nuoc-hoa-toan-than-sexy-skin-parfum-body-wash-600ml-vitamin-e-64x64.png 64w, https:\/\/thanglongbeauty.vn\/wp-content\/uploads\/2026\/03\/si-sua-tam-nuoc-hoa-toan-than-sexy-skin-parfum-body-wash-600ml-vitamin-e.png 1000w\" sizes=\"auto, (max-width: 300px) 100vw, 300px\" \/><\/a> <a href=\"https:\/\/thanglongbeauty.vn\/wp-content\/uploads\/2026\/03\/si-sua-tam-nuoc-hoa-toan-than-sexy-skin-parfum-body-wash-600ml-rose.png\"><img loading=\"lazy\" decoding=\"async\" class=\"alignnone size-medium wp-image-10086\" src=\"https:\/\/thanglongbeauty.vn\/wp-content\/uploads\/2026\/03\/si-sua-tam-nuoc-hoa-toan-than-sexy-skin-parfum-body-wash-600ml-rose-300x300.png\" alt=\"\" width=\"300\" height=\"300\" srcset=\"https:\/\/thanglongbeauty.vn\/wp-content\/uploads\/2026\/03\/si-sua-tam-nuoc-hoa-toan-than-sexy-skin-parfum-body-wash-600ml-rose-300x300.png 300w, https:\/\/thanglongbeauty.vn\/wp-content\/uploads\/2026\/03\/si-sua-tam-nuoc-hoa-toan-than-sexy-skin-parfum-body-wash-600ml-rose-150x150.png 150w, https:\/\/thanglongbeauty.vn\/wp-content\/uploads\/2026\/03\/si-sua-tam-nuoc-hoa-toan-than-sexy-skin-parfum-body-wash-600ml-rose-768x768.png 768w, https:\/\/thanglongbeauty.vn\/wp-content\/uploads\/2026\/03\/si-sua-tam-nuoc-hoa-toan-than-sexy-skin-parfum-body-wash-600ml-rose-600x600.png 600w, https:\/\/thanglongbeauty.vn\/wp-content\/uploads\/2026\/03\/si-sua-tam-nuoc-hoa-toan-than-sexy-skin-parfum-body-wash-600ml-rose-100x100.png 100w, https:\/\/thanglongbeauty.vn\/wp-content\/uploads\/2026\/03\/si-sua-tam-nuoc-hoa-toan-than-sexy-skin-parfum-body-wash-600ml-rose-64x64.png 64w, https:\/\/thanglongbeauty.vn\/wp-content\/uploads\/2026\/03\/si-sua-tam-nuoc-hoa-toan-than-sexy-skin-parfum-body-wash-600ml-rose.png 1000w\" sizes=\"auto, (max-width: 300px) 100vw, 300px\" \/><\/a> <a href=\"https:\/\/thanglongbeauty.vn\/wp-content\/uploads\/2026\/03\/si-sua-tam-nuoc-hoa-toan-than-sexy-skin-parfum-body-wash-600ml-puriple-iris.png\"><img loading=\"lazy\" decoding=\"async\" class=\"alignnone size-medium wp-image-10085\" src=\"https:\/\/thanglongbeauty.vn\/wp-content\/uploads\/2026\/03\/si-sua-tam-nuoc-hoa-toan-than-sexy-skin-parfum-body-wash-600ml-puriple-iris-300x300.png\" alt=\"\" width=\"300\" height=\"300\" srcset=\"https:\/\/thanglongbeauty.vn\/wp-content\/uploads\/2026\/03\/si-sua-tam-nuoc-hoa-toan-than-sexy-skin-parfum-body-wash-600ml-puriple-iris-300x300.png 300w, https:\/\/thanglongbeauty.vn\/wp-content\/uploads\/2026\/03\/si-sua-tam-nuoc-hoa-toan-than-sexy-skin-parfum-body-wash-600ml-puriple-iris-150x150.png 150w, https:\/\/thanglongbeauty.vn\/wp-content\/uploads\/2026\/03\/si-sua-tam-nuoc-hoa-toan-than-sexy-skin-parfum-body-wash-600ml-puriple-iris-768x768.png 768w, https:\/\/thanglongbeauty.vn\/wp-content\/uploads\/2026\/03\/si-sua-tam-nuoc-hoa-toan-than-sexy-skin-parfum-body-wash-600ml-puriple-iris-600x600.png 600w, https:\/\/thanglongbeauty.vn\/wp-content\/uploads\/2026\/03\/si-sua-tam-nuoc-hoa-toan-than-sexy-skin-parfum-body-wash-600ml-puriple-iris-100x100.png 100w, https:\/\/thanglongbeauty.vn\/wp-content\/uploads\/2026\/03\/si-sua-tam-nuoc-hoa-toan-than-sexy-skin-parfum-body-wash-600ml-puriple-iris-64x64.png 64w, https:\/\/thanglongbeauty.vn\/wp-content\/uploads\/2026\/03\/si-sua-tam-nuoc-hoa-toan-than-sexy-skin-parfum-body-wash-600ml-puriple-iris.png 1000w\" sizes=\"auto, (max-width: 300px) 100vw, 300px\" \/><\/a> <a href=\"https:\/\/thanglongbeauty.vn\/wp-content\/uploads\/2026\/03\/si-sua-tam-nuoc-hoa-toan-than-sexy-skin-parfum-body-wash-600ml-limited-edition.png\"><img loading=\"lazy\" decoding=\"async\" class=\"alignnone size-medium wp-image-10084\" src=\"https:\/\/thanglongbeauty.vn\/wp-content\/uploads\/2026\/03\/si-sua-tam-nuoc-hoa-toan-than-sexy-skin-parfum-body-wash-600ml-limited-edition-300x300.png\" alt=\"\" width=\"300\" height=\"300\" srcset=\"https:\/\/thanglongbeauty.vn\/wp-content\/uploads\/2026\/03\/si-sua-tam-nuoc-hoa-toan-than-sexy-skin-parfum-body-wash-600ml-limited-edition-300x300.png 300w, https:\/\/thanglongbeauty.vn\/wp-content\/uploads\/2026\/03\/si-sua-tam-nuoc-hoa-toan-than-sexy-skin-parfum-body-wash-600ml-limited-edition-150x150.png 150w, https:\/\/thanglongbeauty.vn\/wp-content\/uploads\/2026\/03\/si-sua-tam-nuoc-hoa-toan-than-sexy-skin-parfum-body-wash-600ml-limited-edition-768x768.png 768w, https:\/\/thanglongbeauty.vn\/wp-content\/uploads\/2026\/03\/si-sua-tam-nuoc-hoa-toan-than-sexy-skin-parfum-body-wash-600ml-limited-edition-600x600.png 600w, https:\/\/thanglongbeauty.vn\/wp-content\/uploads\/2026\/03\/si-sua-tam-nuoc-hoa-toan-than-sexy-skin-parfum-body-wash-600ml-limited-edition-100x100.png 100w, https:\/\/thanglongbeauty.vn\/wp-content\/uploads\/2026\/03\/si-sua-tam-nuoc-hoa-toan-than-sexy-skin-parfum-body-wash-600ml-limited-edition-64x64.png 64w, https:\/\/thanglongbeauty.vn\/wp-content\/uploads\/2026\/03\/si-sua-tam-nuoc-hoa-toan-than-sexy-skin-parfum-body-wash-600ml-limited-edition.png 1000w\" sizes=\"auto, (max-width: 300px) 100vw, 300px\" \/><\/a> <a href=\"https:\/\/thanglongbeauty.vn\/wp-content\/uploads\/2026\/03\/si-sua-tam-nuoc-hoa-toan-than-sexy-skin-parfum-body-wash-600ml-540-parfum-cream-douche-xanh-dam-unisex.png\"><img loading=\"lazy\" decoding=\"async\" class=\"alignnone size-medium wp-image-10083\" src=\"https:\/\/thanglongbeauty.vn\/wp-content\/uploads\/2026\/03\/si-sua-tam-nuoc-hoa-toan-than-sexy-skin-parfum-body-wash-600ml-540-parfum-cream-douche-xanh-dam-unisex-300x300.png\" alt=\"\" width=\"300\" height=\"300\" srcset=\"https:\/\/thanglongbeauty.vn\/wp-content\/uploads\/2026\/03\/si-sua-tam-nuoc-hoa-toan-than-sexy-skin-parfum-body-wash-600ml-540-parfum-cream-douche-xanh-dam-unisex-300x300.png 300w, https:\/\/thanglongbeauty.vn\/wp-content\/uploads\/2026\/03\/si-sua-tam-nuoc-hoa-toan-than-sexy-skin-parfum-body-wash-600ml-540-parfum-cream-douche-xanh-dam-unisex-150x150.png 150w, https:\/\/thanglongbeauty.vn\/wp-content\/uploads\/2026\/03\/si-sua-tam-nuoc-hoa-toan-than-sexy-skin-parfum-body-wash-600ml-540-parfum-cream-douche-xanh-dam-unisex-768x768.png 768w, https:\/\/thanglongbeauty.vn\/wp-content\/uploads\/2026\/03\/si-sua-tam-nuoc-hoa-toan-than-sexy-skin-parfum-body-wash-600ml-540-parfum-cream-douche-xanh-dam-unisex-600x600.png 600w, https:\/\/thanglongbeauty.vn\/wp-content\/uploads\/2026\/03\/si-sua-tam-nuoc-hoa-toan-than-sexy-skin-parfum-body-wash-600ml-540-parfum-cream-douche-xanh-dam-unisex-100x100.png 100w, https:\/\/thanglongbeauty.vn\/wp-content\/uploads\/2026\/03\/si-sua-tam-nuoc-hoa-toan-than-sexy-skin-parfum-body-wash-600ml-540-parfum-cream-douche-xanh-dam-unisex-64x64.png 64w, https:\/\/thanglongbeauty.vn\/wp-content\/uploads\/2026\/03\/si-sua-tam-nuoc-hoa-toan-than-sexy-skin-parfum-body-wash-600ml-540-parfum-cream-douche-xanh-dam-unisex.png 1000w\" sizes=\"auto, (max-width: 300px) 100vw, 300px\" \/><\/a><\/p>\n<p class=\"QN2lPu\">\u2705 \u01afU \u0110I\u1ec2M S\u1eeeA T\u1eaeM N\u01af\u1edaC HOA SEXY SKIN 550ML C\u1ee6A PH\u00c1P:<\/p>\n<p class=\"QN2lPu\">\u2022 Tinh ch\u1ea5t s\u1eefa d\u00ea trong Skin gi\u00e0u Vitamin A, B, \u0111\u1ea1m, mu\u1ed1i kho\u00e1ng v\u00e0 acid b\u00e9o c\u1ea7n thi\u1ebft.<\/p>\n<p class=\"QN2lPu\">\u2022 Nu\u00f4i d\u01b0\u1ee1ng v\u00e0 gi\u1eef \u1ea9m cho l\u00e0n da.<\/p>\n<p class=\"QN2lPu\">\u2022 Protein trong s\u1eefa d\u00ea g\u1ed3m natri caseinnate v\u00e0 acid lactic t\u0103ng hi\u1ec7u qu\u1ea3 gi\u1eef \u1ea9m l\u00ean g\u1ea5p \u0111\u00f4i, l\u00e0m cho l\u00e0n da tr\u1eafng s\u00e1ng \u0111\u1ebfn b\u1ea5t ng\u1edd.<\/p>\n<p class=\"QN2lPu\">\u2022 Tinh ch\u1ea5t s\u1eefa d\u00ea t\u01b0\u01a1i gi\u00e0u Vitamin E gi\u00fap gi\u1eef \u1ea9m v\u00e0 l\u00e0m m\u1ec1m da.<\/p>\n<p class=\"QN2lPu\">\u2022 S\u1eefa t\u1eafm gi\u00e0u chi\u1ebft xu\u1ea5t th\u00e0nh ph\u1ea7n t\u01b0 nhi\u00ean v\u00e0 c\u00e1c vitamin c\u00f3 t\u00e1c d\u1ee5ng nu\u00f4i d\u01b0\u1ee1ng, d\u01b0\u1ee1ng \u1ea9m v\u00e0 l\u00e0m tr\u1eafng da c\u1ee7a b\u1ea1n.<\/p>\n<p class=\"QN2lPu\">\u2022 H\u01b0\u01a1ng th\u01a1m th\u1eadt quy\u1ebfn r\u0169 n\u1ed3ng n\u00e0n, l\u01b0u h\u01b0\u01a1ng l\u00e2u.<\/p>\n<p class=\"QN2lPu\">\u2022 S\u1eed d\u1ee5ng th\u01b0\u1eddng xuy\u00ean b\u1ea1n ho\u00e0n to\u00e0n c\u1ea3m nh\u1eadn \u0111c s\u1ef1 thay \u0111\u1ed5i, l\u00e0n da tr\u1edf n\u00ean tr\u1eafng h\u01a1n, s\u00e1ng h\u01a1n v\u00e0 m\u1ecbn h\u01a1n.<\/p>\n<p class=\"QN2lPu\">\u2705 C\u00d4NG D\u1ee4NG S\u1eeeA T\u1eaeM N\u01af\u1edaC HOA SEXY SKIN 550ML C\u1ee6A PH\u00c1P:<\/p>\n<p class=\"QN2lPu\">\u2022 S\u1eefa t\u1eafm Sexy Skin ch\u1ee9a 100% n\u01b0\u1edbc hoa si\u00eau th\u01a1m dai gi\u1eef cho h\u01b0\u01a1ng l\u00e2u su\u1ed1t nhi\u1ec1u gi\u1edd, m\u1ec1m m\u1ea1i v\u00e0 kh\u00f4ng kh\u00f4 da.<\/p>\n<p class=\"QN2lPu\">\u2022 Ch\u1ee9a tinh d\u1ea7u d\u01b0\u1ee1ng da v\u00e0 m\u1eadt ong tinh khi\u1ebft gi\u00fap nu\u00f4i d\u01b0\u1ee1ng da tr\u1edf n\u00ean l\u00e1ng m\u1ecbn sau khi t\u1eafm.<\/p>\n<p class=\"QN2lPu\">\u2022 T\u00e1c d\u1ee5ng nu\u00f4i d\u01b0\u1ee1ng, d\u01b0\u1ee1ng \u1ea9m v\u00e0 l\u00e0m m\u1ec1m m\u1ecbn da.<\/p>\n<p class=\"QN2lPu\">\u2022 T\u0103ng hi\u1ec7u qu\u1ea3 gi\u1eef \u1ea9m l\u00ean g\u1ea5p \u0111\u00f4i, l\u00e0m cho l\u00e0n da tr\u1eafng s\u00e1ng \u0111\u1ebfn b\u1ea5t ng\u1edd.<\/p>\n<p class=\"QN2lPu\">\u2705 H\u01af\u1edaNG D\u1eaaN S\u1eec D\u1ee4NG S\u1eeeA T\u1eaeM N\u01af\u1edaC HOA SEXY SKIN 550MLC\u1ee6A PH\u00c1P:<\/p>\n<p class=\"QN2lPu\">\u2022 L\u00e0m \u01b0\u1edbt c\u01a1 th\u1ec3, cho l\u01b0\u1ee3ng s\u1eefa t\u1eafm ra b\u00f4ng t\u1eafm r\u1ed3i t\u1ea1o b\u1ecdt v\u1edbi n\u01b0\u1edbc, thoa \u0111\u1ec1u kh\u1eafp to\u00e0n th\u00e2n v\u00e0 massage nh\u1eb9 nh\u00e0ng, th\u01b0 gi\u00e3n.<\/p>\n<p class=\"QN2lPu\">\u2022 Sau \u0111\u00f3 t\u1eafm th\u1eadt s\u1ea1ch b\u1eb1ng n\u01b0\u1edbc.<\/p>\n<p class=\"QN2lPu\">\u2022 N\u00ean s\u1eed d\u1ee5ng h\u00e0ng ng\u00e0y \u0111\u1ec3 hi\u1ec7u qu\u1ea3 t\u1ed1t nh\u1ea5t.<\/p>\n<p class=\"QN2lPu\">\u2022 B\u1ea3o qu\u1ea3n n\u01a1i kh\u00f4 r\u00e1o, tho\u00e1ng m\u00e1t, tr\u00e1nh \u00e1nh n\u1eafng.<\/p>\n<p class=\"QN2lPu\">&#8212;&#8212;&#8212;&#8212;&#8212;&#8212;&#8212;&#8212;&#8212;&#8212;&#8212;&#8212;&#8212;&#8212;&#8212;&#8211;<\/p>\n<p class=\"QN2lPu\">* L\u01afU \u00dd:<\/p>\n<p class=\"QN2lPu\">&#8211; Qu\u00fd kh\u00e1ch nh\u1eadn \u0111\u01b0\u1ee3c h\u00e0ng n\u1ebfu c\u00f3 th\u1eafc m\u1eafc\u00a0 c\u1ea7n gi\u1ea3i \u0111\u00e1p th\u00ec inbox tr\u1ef1c ti\u1ebfp b\u00ean shop x\u1eed l\u00fd<\/p>\n<p class=\"QN2lPu\">#suatam#nuochoa#sexyskin#luuhuong#duongam#suatamphap#thenno#<\/p>\n","protected":false},"excerpt":{"rendered":"<p>S\u1eeeA T\u1eaeM N\u01af\u1edaC HOA SEXY SKIN 500ML C\u1ee6A PH\u00c1P M\u00d9I H\u01af\u01a0NG : 1 &#8211; PERT &#8211; NG\u1eccC TRAI 2 &#8211; HONEY &#8211; M\u1eacT \u00d4NG 3 &#8211; VITAMIN E &#8211; NG\u1eccT D\u1ecaU NH\u1eb8 4 &#8211; ROSE &#8211; HOA H\u1ed2NG 5 &#8211; PURPLE &#8211; HOA DI\u00caN V\u0128 6 &#8211; UNI WHITE &#8211; H\u01af\u01a0NG N\u01af\u1edaC HOA CK ONE&#8230;<\/p>\n","protected":false},"featured_media":9762,"comment_status":"open","ping_status":"closed","template":"","meta":[],"product_brand":[1550],"product_cat":[15,1415,1482],"product_tag":[1682,1683,1681,353],"class_list":{"0":"post-10072","1":"product","2":"type-product","3":"status-publish","4":"has-post-thumbnail","6":"product_brand-sexy-skin","7":"product_cat-chua-phan-loai","8":"product_cat-cham-soc-co-the","9":"product_cat-sua-tam","10":"product_tag-sua-tam","11":"product_tag-sua-tam-huong-nuoc-hoa","12":"product_tag-sua-tam-nguoi-lon","13":"product_tag-tam-trang","15":"first","16":"onbackorder","17":"sale","18":"shipping-taxable","19":"purchasable","20":"product-type-variable"},"acf":[],"_links":{"self":[{"href":"https:\/\/thanglongbeauty.vn\/index.php?rest_route=\/wp\/v2\/product\/10072","targetHints":{"allow":["GET"]}}],"collection":[{"href":"https:\/\/thanglongbeauty.vn\/index.php?rest_route=\/wp\/v2\/product"}],"about":[{"href":"https:\/\/thanglongbeauty.vn\/index.php?rest_route=\/wp\/v2\/types\/product"}],"replies":[{"embeddable":true,"href":"https:\/\/thanglongbeauty.vn\/index.php?rest_route=%2Fwp%2Fv2%2Fcomments&post=10072"}],"wp:featuredmedia":[{"embeddable":true,"href":"https:\/\/thanglongbeauty.vn\/index.php?rest_route=\/wp\/v2\/media\/9762"}],"wp:attachment":[{"href":"https:\/\/thanglongbeauty.vn\/index.php?rest_route=%2Fwp%2Fv2%2Fmedia&parent=10072"}],"wp:term":[{"taxonomy":"product_brand","embeddable":true,"href":"https:\/\/thanglongbeauty.vn\/index.php?rest_route=%2Fwp%2Fv2%2Fproduct_brand&post=10072"},{"taxonomy":"product_cat","embeddable":true,"href":"https:\/\/thanglongbeauty.vn\/index.php?rest_route=%2Fwp%2Fv2%2Fproduct_cat&post=10072"},{"taxonomy":"product_tag","embeddable":true,"href":"https:\/\/thanglongbeauty.vn\/index.php?rest_route=%2Fwp%2Fv2%2Fproduct_tag&post=10072"}],"curies":[{"name":"wp","href":"https:\/\/api.w.org\/{rel}","templated":true}]}}