{"id":5753,"date":"2020-10-02T03:16:00","date_gmt":"2020-10-02T03:16:00","guid":{"rendered":"https:\/\/thanglongbeauty.vn\/?post_type=product&#038;p=5753"},"modified":"2025-10-25T08:04:56","modified_gmt":"2025-10-25T08:04:56","slug":"phan-thom-diu-nhe-pureen","status":"publish","type":"product","link":"https:\/\/thanglongbeauty.vn\/?product=phan-thom-diu-nhe-pureen","title":{"rendered":"Ph\u1ea5n th\u01a1m d\u1ecbu nh\u1eb9 Pureen 50g"},"content":{"rendered":"<p>C\u00f4ng th\u1ee9c ch\u1ee9a c\u00e1c th\u00e0nh ph\u1ea7n t\u1eeb thi\u00ean nhi\u00ean \u0111\u1ec3 b\u1ea3o v\u1ec7 da b\u00e9 KH\u00d4NG KH\u00d4 R\u00c1P\/ng\u1ee9a &#038; KH\u00d3 CH\u1ecaU cho l\u00e0n da nh\u1ea1y c\u1ea3m c\u1ee7a b\u00e9. Gi\u00fap cho da b\u00e9 lu\u00f4n m\u1ec1m m\u1ecbn, kh\u00f4 tho\u00e1ng v\u00e0 tho\u1ea3i m\u00e1i.<br \/>\nV\u1edbi m\u00f9i h\u01b0\u01a1ng \u0111\u1ed9c \u0111\u00e1o &#038; d\u1ec5 ch\u1ecbu t\u1ea1o c\u1ea3m gi\u00e1c th\u1eadt t\u01b0\u01a1i m\u00e1t &#038; kh\u1ecfe kho\u1eafn cho b\u00e9.<\/p>\n<p><strong>Ti\u00eau chu\u1ea9n v\u00e0 Ch\u1ec9 ti\u00eau ch\u1ea5t l\u01b0\u1ee3ng<\/strong><\/p>\n<p>S\u1ea3n ph\u1ea9m \u0111\u01b0\u1ee3c ch\u1ee9ng nh\u1eadn l\u00e2m s\u00e0ng v\u1ec1 m\u1eb7t nh\u1eb9 d\u1ecbu theo ti\u00eau chu\u1ea9n v\u00e0 ch\u1ec9 ti\u00eau ch\u1ea5t l\u01b0\u1ee3ng c\u1ee7a M\u1ef9, h\u1ea7u nh\u01b0 kh\u00f4ng g\u00e2y k\u00edch \u1ee9ng v\u00e0 d\u1ecb \u1ee9ng da.<\/p>\n","protected":false},"excerpt":{"rendered":"<p>C\u00f4ng th\u1ee9c ch\u1ee9a c\u00e1c th\u00e0nh ph\u1ea7n t\u1eeb thi\u00ean nhi\u00ean \u0111\u1ec3 b\u1ea3o v\u1ec7 da b\u00e9 KH\u00d4NG KH\u00d4 R\u00c1P\/ng\u1ee9a &#038; KH\u00d3 CH\u1ecaU cho l\u00e0n da nh\u1ea1y c\u1ea3m c\u1ee7a b\u00e9. Gi\u00fap cho da b\u00e9 lu\u00f4n m\u1ec1m m\u1ecbn, kh\u00f4 tho\u00e1ng v\u00e0 tho\u1ea3i m\u00e1i. V\u1edbi m\u00f9i h\u01b0\u01a1ng \u0111\u1ed9c \u0111\u00e1o &#038; d\u1ec5 ch\u1ecbu t\u1ea1o c\u1ea3m gi\u00e1c th\u1eadt t\u01b0\u01a1i m\u00e1t &#038; kh\u1ecfe&#8230;<\/p>\n","protected":false},"featured_media":4031,"comment_status":"open","ping_status":"closed","template":"","meta":[],"product_brand":[],"product_cat":[1392],"product_tag":[],"class_list":{"0":"post-5753","1":"product","2":"type-product","3":"status-publish","4":"has-post-thumbnail","6":"product_cat-me-va-be","8":"first","9":"instock","10":"shipping-taxable","11":"purchasable","12":"product-type-simple"},"acf":[],"_links":{"self":[{"href":"https:\/\/thanglongbeauty.vn\/index.php?rest_route=\/wp\/v2\/product\/5753","targetHints":{"allow":["GET"]}}],"collection":[{"href":"https:\/\/thanglongbeauty.vn\/index.php?rest_route=\/wp\/v2\/product"}],"about":[{"href":"https:\/\/thanglongbeauty.vn\/index.php?rest_route=\/wp\/v2\/types\/product"}],"replies":[{"embeddable":true,"href":"https:\/\/thanglongbeauty.vn\/index.php?rest_route=%2Fwp%2Fv2%2Fcomments&post=5753"}],"wp:featuredmedia":[{"embeddable":true,"href":"https:\/\/thanglongbeauty.vn\/index.php?rest_route=\/wp\/v2\/media\/4031"}],"wp:attachment":[{"href":"https:\/\/thanglongbeauty.vn\/index.php?rest_route=%2Fwp%2Fv2%2Fmedia&parent=5753"}],"wp:term":[{"taxonomy":"product_brand","embeddable":true,"href":"https:\/\/thanglongbeauty.vn\/index.php?rest_route=%2Fwp%2Fv2%2Fproduct_brand&post=5753"},{"taxonomy":"product_cat","embeddable":true,"href":"https:\/\/thanglongbeauty.vn\/index.php?rest_route=%2Fwp%2Fv2%2Fproduct_cat&post=5753"},{"taxonomy":"product_tag","embeddable":true,"href":"https:\/\/thanglongbeauty.vn\/index.php?rest_route=%2Fwp%2Fv2%2Fproduct_tag&post=5753"}],"curies":[{"name":"wp","href":"https:\/\/api.w.org\/{rel}","templated":true}]}}