{"id":8151,"date":"2026-05-14T09:33:36","date_gmt":"2026-05-14T09:33:36","guid":{"rendered":"https:\/\/thanglongbeauty.vn\/san-pham\/sua-rua-mat-hanayuki-cleanser\/"},"modified":"2026-05-14T09:33:36","modified_gmt":"2026-05-14T09:33:36","slug":"sua-rua-mat-hanayuki-cleanser-2","status":"publish","type":"product","link":"https:\/\/thanglongbeauty.vn\/?product=sua-rua-mat-hanayuki-cleanser-2","title":{"rendered":"S\u1eefa R\u1eeda M\u1eb7t Hanayuki Cleanser"},"content":{"rendered":"<p>Th\u00e0nh ph\u1ea7n ch\u00ednh c\u1ee7a s\u1eefa r\u1eeda m\u1eb7t kh\u00f4ng b\u1ecdt Hana CLeanser MiniPanthenol (Vitamin B5): gi\u00fap d\u01b0\u1ee1ng \u1ea9m l\u00e0m d\u1ecbu v\u00e0 t\u00e1i t\u1ea1o da, c\u1ea3i thi\u1ec7n s\u1ef1 m\u1ec1m m\u1ea1i v\u00e0 \u0111\u00e0n h\u1ed3i c\u1ee7a da.Niacinamide (Vitamin B3): c\u00f3 t\u00e1c d\u1ee5ng d\u01b0\u1ee1ng da, n\u00f3 g\u00f3p ph\u1ea7n c\u1ea5u th\u00e0nh ch\u1ee9c n\u0103ng v\u00e0 c\u1ea5u tr\u00fac c\u1ee7a c\u00e1c h\u00e0ng r\u00e0o b\u1ea3o v\u1ec7 da. V\u00e0 ch\u00ednh hi\u1ec7u qu\u1ea3 n\u00e0y, Niacinamide gi\u00fap da b\u1ea3o v\u1ec7 nh\u1eefng t\u00e1c \u0111\u1ed9ng c\u00f3 h\u1ea1i c\u1ee7a m\u00f4i tr\u01b0\u1eddng b\u00ean ngo\u00e0i.Aloe Barbadensis Leaf Juice (Chi\u1ebft xu\u1ea5t l\u00f4 h\u1ed9i): c\u00f3 t\u00e1c d\u1ee5ng d\u01b0\u1ee1ng \u1ea9m, gi\u00fap da m\u1ec1m m\u1ecbn.Alpha Arbutin (Chi\u1ebft xu\u1ea5t t\u1eeb c\u00e2y Bearberry): ho\u1ea1t ch\u1ea5t l\u00e0m tr\u1eafng c\u00f3 t\u00e1c d\u1ee5ng l\u00e0m \u0111\u1ec1u m\u00e0u da, l\u00e0m m\u1edd v\u1ebft n\u00e1m da v\u00e0 l\u00e0m tr\u1eafng da.TH\u00c0NH PH\u1ea6N:<br \/>\nAQUA \u2022 LAURYL GLUCOSIDE \u2022 COCAMIDOPROPYL BETAINE \u2022 SODIUM LAURYL SULFATE \u2022 ALOE BARBADENSIS LEAF JUICE \u2022 NIACINAMIDE, CUCUMIS SATIVUS FRUIT EXTRACT, MORUS ALBA ROOT EXTRACT \u2022 PANTHENOL \u2022 PEG-40 HYDROGENATED CASTOR OIL \u2022 PHENOXYETHANOL \u2022 CELLULOSE, ALPHA-ARBUTIN \u2022 CARBOMER \u2022 ALLANTOIN \u2022 FRAGRANCE.<br \/>\nH\u01b0\u1edbng d\u1eabn s\u1eed d\u1ee5ng s\u1eefa r\u1eeda m\u1eb7t kh\u00f4ng b\u1ecdt Hana CLeanser MiniL\u00e0m \u01b0\u1edbt da m\u1eb7t, l\u1ea5y m\u1ed9t l\u01b0\u1ee3ng s\u1eefa r\u1eeda m\u1eb7t v\u1eeba \u0111\u1ee7 cho v\u00e0o l\u00f2ng b\u00e0n tay, th\u00eam v\u00e0i gi\u1ecdt n\u01b0\u1edbc v\u00e0 \u0111\u00e1nh tan \u0111\u1ec1u. Thoa l\u00ean v\u00f9ng da m\u1eb7t, d\u00f9ng tay m\u00e1t-xa nh\u1eb9 nh\u00e0ng theo chi\u1ec1u xo\u1eafn \u1ed1c t\u1eeb trong ra ngo\u00e0i kho\u1ea3ng 20 \u2013 30 gi\u00e2y v\u00e0 th\u01b0 gi\u00e3n. R\u1eeda m\u1eb7t th\u1eadt s\u1ea1ch l\u1ea1i b\u1eb1ng n\u01b0\u1edbc.S\u1eed d\u1ee5ng 2 -3 l\u1ea7n\/ng\u00e0y.S\u1eed d\u1ee5ng tr\u1ecdn b\u1ed9 s\u1ea3n ph\u1ea9m s\u1ebd mang l\u1ea1i hi\u1ec7u qu\u1ea3 cao nh\u1ea5t cho ng\u01b0\u1eddi d\u00f9ng. T\u1ea1i c\u00f9ng th\u1eddi \u0111i\u1ec3m, kh\u00f4ng n\u00ean s\u1eed d\u1ee5ng s\u1ea3n ph\u1ea9m c\u1ee7a nhi\u1ec1u nh\u00e0 s\u1ea3n xu\u1ea5t, do kh\u1ea3 n\u0103ng \u0111\u1ed1i kh\u00e1ng gi\u1eefa c\u00e1c th\u00e0nh ph\u1ea7n trong s\u1ea3n ph\u1ea9m s\u1ebd d\u1ec5 d\u1eabn \u0111\u1ebfn d\u1ecb \u1ee9ng.Cam k\u1ebft ch\u1ea5t l\u01b0\u1ee3ng s\u1eefa r\u1eeda m\u1eb7t kh\u00f4ng b\u1ecdt Hana Cleanser MiniS\u1ea3n ph\u1ea9m \u0111\u01b0\u1ee3c s\u1ea3n xu\u1ea5t t\u1ea1i nh\u00e0 m\u00e1y \u0111\u1ea1t ch\u1ee9ng nh\u1eadn: \u201cTh\u1ef1c h\u00e0nh t\u1ed1t s\u1ea3n xu\u1ea5t m\u1ef9 ph\u1ea9m CGMP-Asean\u201d do B\u1ed9 Y t\u1ebf ch\u1ee9ng nh\u1eadn. V\u00e0 \u0111\u1ea1t ch\u1ee9ng nh\u1eadn: H\u1ec7 th\u1ed1ng qu\u1ea3n l\u00fd ch\u1ea5t l\u01b0\u1ee3ng ISO 9001, H\u1ec7 th\u1ed1ng qu\u1ea3n l\u00fd m\u00f4i tr\u01b0\u1eddng ISO 14001 do t\u1ed5 ch\u1ee9c qu\u1ed1c t\u1ebf ch\u1ee9ng nh\u1eadn.<br \/>\nH\u01b0\u1edbng d\u1eabn check m\u00e3 icheckB\u01b0\u1edbc\u00a01:\u00a0\u0110\u1ea7u\u00a0ti\u00ean,\u00a0b\u1ea1n\u00a0t\u1ea3i\u00a0\u1ee9ng\u00a0d\u1ee5ng\u00a0iCheck\u00a0b\u1eb1ng\u00a0n\u00fat\u00a0t\u1ea3i\u00a0b\u00ean\u00a0tr\u00ean\u00a0v\u1ec1\u00a0thi\u1ebft\u00a0b\u1ecb\u00a0ph\u00f9\u00a0h\u1ee3p\u00a0v\u1edbi\u00a0h\u1ec7\u00a0\u0111i\u1ec1u\u00a0h\u00e0nh\u00a0c\u1ee7a\u00a0thi\u1ebft\u00a0b\u1ecb.\u00a0Sau\u00a0\u0111\u00f3\u00a0\u0111\u0103ng\u00a0nh\u1eadp\u00a0n\u1ebfu\u00a0b\u1ea1n\u00a0\u0111\u00e3c\u00f3\u00a0t\u00e0i\u00a0kho\u1ea3n\u00a0ho\u1eb7c\u00a0\u0111\u0103ng\u00a0nh\u1eadp\u00a0b\u1eb1ng\u00a0t\u00e0i\u00a0kho\u1ea3n\u00a0Facebook\u00a0c\u1ee7a\u00a0b\u1ea1n.\u00a0\u0110\u1ec3\u00a0t\u1ea1o\u00a0<\/p>\n","protected":false},"excerpt":{"rendered":"<p>Th\u00e0nh ph\u1ea7n ch\u00ednh c\u1ee7a s\u1eefa r\u1eeda m\u1eb7t kh\u00f4ng b\u1ecdt Hana CLeanser MiniPanthenol (Vitamin B5): gi\u00fap d\u01b0\u1ee1ng \u1ea9m l\u00e0m d\u1ecbu v\u00e0 t\u00e1i t\u1ea1o da, c\u1ea3i thi\u1ec7n s\u1ef1 m\u1ec1m m\u1ea1i v\u00e0 \u0111\u00e0n h\u1ed3i c\u1ee7a da.Niacinamide (Vitamin B3): c\u00f3 t\u00e1c d\u1ee5ng d\u01b0\u1ee1ng da, n\u00f3 g\u00f3p ph\u1ea7n c\u1ea5u th\u00e0nh ch\u1ee9c n\u0103ng v\u00e0 c\u1ea5u tr\u00fac c\u1ee7a c\u00e1c h\u00e0ng r\u00e0o b\u1ea3o&#8230;<\/p>\n","protected":false},"featured_media":8150,"comment_status":"open","ping_status":"closed","template":"","meta":[],"product_brand":[1556],"product_cat":[15],"product_tag":[],"class_list":{"0":"post-8151","1":"product","2":"type-product","3":"status-publish","4":"has-post-thumbnail","6":"product_brand-hanayuki","7":"product_cat-chua-phan-loai","9":"first","10":"outofstock","11":"shipping-taxable","12":"purchasable","13":"product-type-simple"},"acf":[],"_links":{"self":[{"href":"https:\/\/thanglongbeauty.vn\/index.php?rest_route=\/wp\/v2\/product\/8151","targetHints":{"allow":["GET"]}}],"collection":[{"href":"https:\/\/thanglongbeauty.vn\/index.php?rest_route=\/wp\/v2\/product"}],"about":[{"href":"https:\/\/thanglongbeauty.vn\/index.php?rest_route=\/wp\/v2\/types\/product"}],"replies":[{"embeddable":true,"href":"https:\/\/thanglongbeauty.vn\/index.php?rest_route=%2Fwp%2Fv2%2Fcomments&post=8151"}],"wp:featuredmedia":[{"embeddable":true,"href":"https:\/\/thanglongbeauty.vn\/index.php?rest_route=\/wp\/v2\/media\/8150"}],"wp:attachment":[{"href":"https:\/\/thanglongbeauty.vn\/index.php?rest_route=%2Fwp%2Fv2%2Fmedia&parent=8151"}],"wp:term":[{"taxonomy":"product_brand","embeddable":true,"href":"https:\/\/thanglongbeauty.vn\/index.php?rest_route=%2Fwp%2Fv2%2Fproduct_brand&post=8151"},{"taxonomy":"product_cat","embeddable":true,"href":"https:\/\/thanglongbeauty.vn\/index.php?rest_route=%2Fwp%2Fv2%2Fproduct_cat&post=8151"},{"taxonomy":"product_tag","embeddable":true,"href":"https:\/\/thanglongbeauty.vn\/index.php?rest_route=%2Fwp%2Fv2%2Fproduct_tag&post=8151"}],"curies":[{"name":"wp","href":"https:\/\/api.w.org\/{rel}","templated":true}]}}