{"id":8856,"date":"2025-10-20T04:10:09","date_gmt":"2025-10-20T04:10:09","guid":{"rendered":"https:\/\/thanglongbeauty.vn\/san-pham\/ta-quan-caryn-mong-nhe-l5\/"},"modified":"2025-10-21T08:03:19","modified_gmt":"2025-10-21T08:03:19","slug":"ta-quan-caryn-mong-nhe-l5","status":"publish","type":"product","link":"https:\/\/thanglongbeauty.vn\/?product=ta-quan-caryn-mong-nhe-l5","title":{"rendered":"T\u00e3 Qu\u1ea7n Caryn m\u1ecfng nh\u1eb9 g\u00f3i nh\u1ecf size L 5 mi\u1ebfng"},"content":{"rendered":"<p class=\"QN2lPu\">T\u00e3 B\u1ec9m Qu\u1ea7n Ng\u01b0\u1eddi L\u1edbn Caryn M\u1ecfng Nh\u1eb9 Ch\u1ed1ng Tr\u00e0n Size L5 Mi\u1ebfng D\u00e0nh Cho Ng\u01b0\u1eddi Gi\u00e0\/ ng\u01b0\u1eddi l\u1edbn\/ m\u1eb9 b\u1ea7u C\u00f3 Th\u1ec3 T\u1ef1 \u0110i L\u1ea1i<\/p>\n<p class=\"QN2lPu\"><a href=\"https:\/\/thanglongbeauty.vn\/wp-content\/uploads\/2025\/10\/ta-quan-nguoi-gia-caryn.png\"><img loading=\"lazy\" decoding=\"async\" class=\"size-medium wp-image-9539 aligncenter\" src=\"https:\/\/thanglongbeauty.vn\/wp-content\/uploads\/2025\/10\/ta-quan-nguoi-gia-caryn-300x225.png\" alt=\"\" width=\"300\" height=\"225\" srcset=\"https:\/\/thanglongbeauty.vn\/wp-content\/uploads\/2025\/10\/ta-quan-nguoi-gia-caryn-300x225.png 300w, https:\/\/thanglongbeauty.vn\/wp-content\/uploads\/2025\/10\/ta-quan-nguoi-gia-caryn-768x576.png 768w, https:\/\/thanglongbeauty.vn\/wp-content\/uploads\/2025\/10\/ta-quan-nguoi-gia-caryn-600x450.png 600w, https:\/\/thanglongbeauty.vn\/wp-content\/uploads\/2025\/10\/ta-quan-nguoi-gia-caryn-64x48.png 64w, https:\/\/thanglongbeauty.vn\/wp-content\/uploads\/2025\/10\/ta-quan-nguoi-gia-caryn.png 800w\" sizes=\"auto, (max-width: 300px) 100vw, 300px\" \/><\/a><\/p>\n<p class=\"QN2lPu\">T\u00e3 qu\u1ea7n m\u1ecfng nh\u1eb9 Caryn v\u1edbi thi\u1ebft k\u1ebf nh\u01b0 qu\u1ea7n l\u00f3t, gi\u00fap ng\u01b0\u1eddi d\u00f9ng d\u1ec5 d\u00e0ng t\u1ef1 m\u1eb7c\/thay t\u00e3 v\u00e0 cho c\u1ea3m gi\u00e1c tho\u1ea3i m\u00e1i khi v\u1eadn \u0111\u1ed9ng. S\u1ea3n ph\u1ea9m ph\u00f9 h\u1ee3p v\u1edbi nh\u1eefng ng\u01b0\u1eddi g\u1eb7p v\u1ea5n \u0111\u1ec1 v\u1ec1 b\u00e0i ti\u1ebft nh\u01b0ng v\u1eabn c\u00f3 th\u1ec3 t\u1ef1 \u0111i l\u1ea1i, gi\u00fap ng\u01b0\u1eddi d\u00f9ng t\u1ef1 tin h\u01a1n tham gia c\u00e1c ho\u1ea1t \u0111\u1ed9ng th\u01b0\u1eddng ng\u00e0y.<\/p>\n<p class=\"QN2lPu\">S\u1ea3n ph\u1ea9m \u0111\u01b0\u1ee3c s\u1ea3n xu\u1ea5t v\u1edbi c\u00f4ng ngh\u1ec7 ti\u00ean ti\u1ebfn t\u1eeb nh\u00e3n hi\u1ec7u t\u00e3 gi\u1ea5y ng\u01b0\u1eddi l\u1edbn s\u1ed1 1 Nh\u1eadt B\u1ea3n \u2013 Lifree.<\/p>\n<p class=\"QN2lPu\">\n<p class=\"QN2lPu\">S\u1ed0 \u0110O:<\/p>\n<p class=\"QN2lPu\">+ V\u00f2ng b\u1ee5ng 75 &#8211; 100 cm: Size L.<\/p>\n<p class=\"QN2lPu\">LO\u1ea0I G\u00d3I:<\/p>\n<p class=\"QN2lPu\">+ 5 mi\u1ebfng<\/p>\n<p class=\"QN2lPu\">\n<p class=\"QN2lPu\">C\u00d4NG D\u1ee4NG:<\/p>\n<p class=\"QN2lPu\">+ Thun h\u1ed3ng si\u00eau m\u1ec1m: Gi\u00fap d\u1ec5 d\u00e0ng m\u1eb7c v\u00e0 k\u00e9o l\u00ean\/ xu\u1ed1ng, \u0111\u1ed3ng th\u1eddi gi\u1eef mi\u1ebfng t\u00e3 qu\u1ea7n kh\u00f4ng b\u1ecb tr\u01b0\u1ee3t xu\u1ed1ng khi v\u1eadn \u0111\u1ed9ng. Ch\u1ea5t li\u1ec7u m\u1ec1m m\u1ea1i cho c\u1ea3m gi\u00e1c tho\u1ea3i m\u00e1i v\u00e0 kh\u00f4ng \u0111\u1ec3 l\u1ea1i v\u1ebft h\u1eb1n.<\/p>\n<p class=\"QN2lPu\">+ L\u00f5i b\u00f4ng si\u00eau th\u1ea5m: Th\u1ea5m h\u00fat c\u1ef1c nhanh v\u00e0 hi\u1ec7u qu\u1ea3, gi\u1eef b\u1ec1 m\u1eb7t lu\u00f4n kh\u00f4 tho\u00e1ng.<\/p>\n<p class=\"QN2lPu\">+ V\u00e1ch ch\u1ed1ng tr\u00e0o k\u00e9p si\u00eau m\u1ec1m: V\u00e1ch ch\u1ed1ng tr\u00e0o k\u00e9p si\u00eau m\u1ec1m tuy\u1ec7t \u0111\u1ed1i kh\u00f4ng g\u00e2y kh\u00f3 ch\u1ecbu hay \u0111\u1ec3 l\u1ea1i v\u1ebft h\u1eb1n tr\u00ean da. \u0110\u1ed3ng th\u1eddi, kh\u00f3a d\u00ednh \u0111\u00f4i \u0111\u1ea3m b\u1ea3o t\u00e3 lu\u00f4n ch\u1eafc ch\u1eafn ngay c\u1ea3 khi xoay tr\u1edf, v\u1eadn \u0111\u1ed9ng, h\u1ea1n ch\u1ebft t\u1ed1i \u0111a t\u00ecnh tr\u1ea1ng ch\u1ea5t l\u1ecfng tr\u00e0o ra ngo\u00e0i.<\/p>\n<p class=\"QN2lPu\">+ M\u00e0ng \u0111\u00e1y tho\u00e1ng kh\u00ed d\u1ea1ng v\u1ea3i 100% Air-Active: V\u1edbi 100% di\u1ec7n t\u00edch bi\u1ebft th\u1edf cho ph\u00e9p h\u01a1i \u1ea9m tho\u00e1t qua, gi\u00fap da h\u00f4 h\u1ea5p v\u1edbi kh\u00f4ng kh\u00ed t\u1ef1 nhi\u00ean v\u00e0 tr\u00e1nh h\u1ea7m b\u00ed.<\/p>\n<p class=\"QN2lPu\">+ Hi\u1ec3n th\u1ecb \u0111\u1ed9 \u1ea9m \u01b0\u1edbt: Khi t\u00e3 th\u1ea5m h\u00fat nhi\u1ec1u, l\u1edbp m\u1ef1c in b\u00ean tr\u00ean s\u1ebd m\u1edd d\u1ea7n b\u00e1o hi\u1ec7u \u0111\u00e3 \u0111\u1ebfn l\u00fac ph\u1ea3i thay t\u00e3.<\/p>\n<p class=\"QN2lPu\"><a href=\"https:\/\/thanglongbeauty.vn\/wp-content\/uploads\/2025\/10\/ta-quan-nguoi-lon-caryn.png\"><img loading=\"lazy\" decoding=\"async\" class=\"size-medium wp-image-9540 aligncenter\" src=\"https:\/\/thanglongbeauty.vn\/wp-content\/uploads\/2025\/10\/ta-quan-nguoi-lon-caryn-300x225.png\" alt=\"\" width=\"300\" height=\"225\" srcset=\"https:\/\/thanglongbeauty.vn\/wp-content\/uploads\/2025\/10\/ta-quan-nguoi-lon-caryn-300x225.png 300w, https:\/\/thanglongbeauty.vn\/wp-content\/uploads\/2025\/10\/ta-quan-nguoi-lon-caryn-768x576.png 768w, https:\/\/thanglongbeauty.vn\/wp-content\/uploads\/2025\/10\/ta-quan-nguoi-lon-caryn-600x450.png 600w, https:\/\/thanglongbeauty.vn\/wp-content\/uploads\/2025\/10\/ta-quan-nguoi-lon-caryn-64x48.png 64w, https:\/\/thanglongbeauty.vn\/wp-content\/uploads\/2025\/10\/ta-quan-nguoi-lon-caryn.png 800w\" sizes=\"auto, (max-width: 300px) 100vw, 300px\" \/><\/a><\/p>\n<p class=\"QN2lPu\">H\u01af\u1edaNG D\u1eaaN S\u1eec D\u1ee4NG:<\/p>\n<p class=\"QN2lPu\">+ B\u1eaft \u0111\u1ea7u \u1edf t\u01b0 th\u1ebf ng\u1ed3i, \u0111\u1eb7t t\u1eebng ch\u00e2n ng\u01b0\u1eddi d\u00f9ng v\u00e0o t\u00e3 qu\u1ea7n.<\/p>\n<p class=\"QN2lPu\">+ Nh\u1eb9 nh\u00e0ng k\u00e9o mi\u1ebfng t\u00e3 qua \u0111\u1ea7u g\u1ed1i l\u00ean \u0111\u00f9i.<\/p>\n<p class=\"QN2lPu\">+ \u0110\u1eb7t tay ng\u01b0\u1eddi d\u00f9ng v\u00f2ng l\u00ean vai \u0111\u1ec3 t\u1ea1o \u0111i\u1ec3m t\u1ef1a.<\/p>\n<p class=\"QN2lPu\">+ H\u1ed7 tr\u1ee3 ng\u01b0\u1eddi d\u00f9ng \u0111\u1ee9ng l\u00ean.<\/p>\n<p class=\"QN2lPu\">+ Ti\u1ebfp t\u1ee5c k\u00e9o mi\u1ebfng t\u00e3 l\u00ean ngang h\u00f4ng.<\/p>\n<p class=\"QN2lPu\">+ Khi mi\u1ebfng t\u00e3 b\u1ecb ti\u00eau b\u1ea9n, x\u00e9 d\u1ecdc \u0111\u01b0\u1eddng n\u1ed1i hai b\u00ean h\u00f4ng r\u1ed3i th\u00e1o mi\u1ebfng t\u00e3 ra.<\/p>\n<p class=\"QN2lPu\">\n<p class=\"QN2lPu\">S\u1ea2N XU\u1ea4T: Nh\u1eadt B\u1ea3n<\/p>\n<p class=\"QN2lPu\">H\u1ea0N S\u1eec D\u1ee4NG: 4 n\u0103m k\u1ec3 t\u1eeb ng\u00e0y s\u1ea3n xu\u1ea5t<\/p>\n<p><a href=\"https:\/\/thanglongbeauty.vn\/wp-content\/uploads\/2025\/10\/si-ta-caryn.png\"><img loading=\"lazy\" decoding=\"async\" class=\"size-medium wp-image-9528 aligncenter\" src=\"https:\/\/thanglongbeauty.vn\/wp-content\/uploads\/2025\/10\/si-ta-caryn-300x225.png\" alt=\"\" width=\"300\" height=\"225\" srcset=\"https:\/\/thanglongbeauty.vn\/wp-content\/uploads\/2025\/10\/si-ta-caryn-300x225.png 300w, https:\/\/thanglongbeauty.vn\/wp-content\/uploads\/2025\/10\/si-ta-caryn-768x576.png 768w, https:\/\/thanglongbeauty.vn\/wp-content\/uploads\/2025\/10\/si-ta-caryn-600x450.png 600w, https:\/\/thanglongbeauty.vn\/wp-content\/uploads\/2025\/10\/si-ta-caryn-64x48.png 64w, https:\/\/thanglongbeauty.vn\/wp-content\/uploads\/2025\/10\/si-ta-caryn.png 800w\" sizes=\"auto, (max-width: 300px) 100vw, 300px\" \/><\/a><\/p>\n","protected":false},"excerpt":{"rendered":"<p>T\u00e3 B\u1ec9m Qu\u1ea7n Ng\u01b0\u1eddi L\u1edbn Caryn M\u1ecfng Nh\u1eb9 Ch\u1ed1ng Tr\u00e0n Size L5 Mi\u1ebfng D\u00e0nh Cho Ng\u01b0\u1eddi Gi\u00e0\/ ng\u01b0\u1eddi l\u1edbn\/ m\u1eb9 b\u1ea7u C\u00f3 Th\u1ec3 T\u1ef1 \u0110i L\u1ea1i T\u00e3 qu\u1ea7n m\u1ecfng nh\u1eb9 Caryn v\u1edbi thi\u1ebft k\u1ebf nh\u01b0 qu\u1ea7n l\u00f3t, gi\u00fap ng\u01b0\u1eddi d\u00f9ng d\u1ec5 d\u00e0ng t\u1ef1 m\u1eb7c\/thay t\u00e3 v\u00e0 cho c\u1ea3m gi\u00e1c tho\u1ea3i m\u00e1i khi v\u1eadn \u0111\u1ed9ng. S\u1ea3n&#8230;<\/p>\n","protected":false},"featured_media":9541,"comment_status":"open","ping_status":"closed","template":"","meta":[],"product_brand":[1539],"product_cat":[15,1451,1410,1534,1411],"product_tag":[1654,153,1653,157,511,1652,1655,505,1656,1657,1658,1661,1659,1660],"class_list":{"0":"post-8856","1":"product","2":"type-product","3":"status-publish","4":"has-post-thumbnail","6":"product_brand-caryn","7":"product_cat-chua-phan-loai","8":"product_cat-caryn","9":"product_cat-ta-nguoi-lon","10":"product_cat-ta-bim-nguoi-lon","11":"product_cat-ta-nguoi-lon-caryn","12":"product_tag-bim-nguoi-gia","13":"product_tag-caryn","14":"product_tag-ta-bim-nguoi-gia","15":"product_tag-ta-bim-nguoi-lon","16":"product_tag-ta-caryn","17":"product_tag-ta-dan-caryn","18":"product_tag-ta-dan-nguoi-gia","19":"product_tag-ta-dan-nguoi-lon","20":"product_tag-ta-quan-caryn","21":"product_tag-ta-quan-nguoi-lon","22":"product_tag-tam-lot","23":"product_tag-tam-lot-caryn","24":"product_tag-tam-lot-nguoi-gia","25":"product_tag-tam-lot-nguoi-lon","27":"first","28":"onbackorder","29":"sale","30":"shipping-taxable","31":"purchasable","32":"product-type-simple"},"acf":[],"_links":{"self":[{"href":"https:\/\/thanglongbeauty.vn\/index.php?rest_route=\/wp\/v2\/product\/8856","targetHints":{"allow":["GET"]}}],"collection":[{"href":"https:\/\/thanglongbeauty.vn\/index.php?rest_route=\/wp\/v2\/product"}],"about":[{"href":"https:\/\/thanglongbeauty.vn\/index.php?rest_route=\/wp\/v2\/types\/product"}],"replies":[{"embeddable":true,"href":"https:\/\/thanglongbeauty.vn\/index.php?rest_route=%2Fwp%2Fv2%2Fcomments&post=8856"}],"wp:featuredmedia":[{"embeddable":true,"href":"https:\/\/thanglongbeauty.vn\/index.php?rest_route=\/wp\/v2\/media\/9541"}],"wp:attachment":[{"href":"https:\/\/thanglongbeauty.vn\/index.php?rest_route=%2Fwp%2Fv2%2Fmedia&parent=8856"}],"wp:term":[{"taxonomy":"product_brand","embeddable":true,"href":"https:\/\/thanglongbeauty.vn\/index.php?rest_route=%2Fwp%2Fv2%2Fproduct_brand&post=8856"},{"taxonomy":"product_cat","embeddable":true,"href":"https:\/\/thanglongbeauty.vn\/index.php?rest_route=%2Fwp%2Fv2%2Fproduct_cat&post=8856"},{"taxonomy":"product_tag","embeddable":true,"href":"https:\/\/thanglongbeauty.vn\/index.php?rest_route=%2Fwp%2Fv2%2Fproduct_tag&post=8856"}],"curies":[{"name":"wp","href":"https:\/\/api.w.org\/{rel}","templated":true}]}}