{"id":8857,"date":"2025-10-20T04:10:09","date_gmt":"2025-10-20T04:10:09","guid":{"rendered":"https:\/\/thanglongbeauty.vn\/san-pham\/ta-dan-caryn-ngay-va-dem-ml10-mieng\/"},"modified":"2025-10-21T07:57:42","modified_gmt":"2025-10-21T07:57:42","slug":"ta-dan-caryn-ngay-va-dem-ml10-mieng","status":"publish","type":"product","link":"https:\/\/thanglongbeauty.vn\/?product=ta-dan-caryn-ngay-va-dem-ml10-mieng","title":{"rendered":"T\u00e3 d\u00e1n Caryn ng\u00e0y v\u00e0 \u0111\u00eam ML10 mi\u1ebfng"},"content":{"rendered":"<p>T\u00e3 d\u00e1n Caryn ng\u00e0y v\u00e0 \u0111\u00eam M\/L 10 v\u1edbi kh\u1ea3 n\u0103ng th\u1ea5m h\u00fat \u01b0u vi\u1ec7t l\u00ean \u0111\u1ebfn 8 gi\u1edd c\u00f9ng kh\u1ea3 n\u0103ng ch\u1ed1ng tr\u00e0n hi\u1ec7u qu\u1ea3, gi\u00fap cho ng\u01b0\u1eddi d\u00f9ng lu\u00f4n c\u1ea3m th\u1ea5y kh\u00f4 tho\u00e1ng v\u00e0 tho\u1ea3i m\u00e1i khi m\u1eb7c t\u00e3. V\u1edbi gi\u00e1 th\u00e0nh h\u1ee3p l\u00fd, t\u00e3 d\u00e1n Caryn Ng\u00e0y&#038;\u0110\u00eam l\u00e0 s\u1ea3n ph\u1ea9m ho\u00e0n h\u1ea3o cho ng\u01b0\u1eddi d\u00f9ng mong mu\u1ed1n t\u00ecm 1 s\u1ea3n ph\u1ea9m t\u00e3 d\u00e1n ch\u1ea5t l\u01b0\u1ee3ng m\u00e0 gi\u00e1 th\u00e0nh kinh t\u1ebf.<\/p>\n<p>* \u0110\u1eb7c \u0111i\u1ec3m n\u1ed5i b\u1eadt:<\/p>\n<p>&#8211; Si\u00eau th\u1ea5m h\u00fat l\u00ean \u0111\u1ebfn 8h: Kh\u1ea3 n\u0103ng si\u00eau th\u1ea5m h\u00fat si\u00eau vi\u1ec7t trong su\u1ed1t 8h, ch\u1ed1ng tr\u00e0n hi\u1ec7u qu\u1ea3 gi\u00fap cho ng\u01b0\u1eddi d\u00f9ng c\u00f3 c\u1ea3m gi\u00e1c kh\u00f4 tho\u00e1ng v\u00e0 tho\u1ea3i m\u00e1i khi m\u1eb7c t\u00e3.<\/p>\n<p>&#8211; H\u01b0\u01a1ng b\u1ea1c h\u00e0: Th\u01a1m m\u00e1t \u0111em l\u1ea1i c\u1ea3m gi\u00e1c tho\u00e1ng m\u00e1t, th\u01b0 th\u00e1i cho da.<\/p>\n<p>&#8211; M\u00e0ng v\u1ea3i si\u00eau m\u1ec1m: Ch\u1ea5t li\u1ec7u m\u1ec1m m\u1ea1i, \u00eam \u00e1i cho da.<\/p>\n<p>&#8211; R\u00e3nh th\u1ea5m si\u00eau t\u1ed1c: Nhanh ch\u00f3ng d\u1eabn ch\u1ea5t l\u1ecfng th\u1ea5m s\u00e2u, gi\u1eef b\u1ec1 m\u1eb7t t\u00e3 lu\u00f4n kh\u00f4 tho\u00e1ng.<\/p>\n<p>* K\u00edch c\u1ee1: M\/L (v\u00f2ng b\u1ee5ng: 65 &#8211; 110cm)<\/p>\n<p>* H\u01b0\u1edbng d\u1eabn s\u1eed d\u1ee5ng: <\/p>\n<p>&#8211; B\u01b0\u1edbc 1: Nghi\u00eang ng\u01b0\u1eddi d\u00f9ng sang b\u00ean, tr\u1ea3i d\u1ecdc mi\u1ebfng t\u00e3 theo c\u01a1 th\u1ec3 ng\u01b0\u1eddi d\u00f9ng.<\/p>\n<p>&#8211; B\u01b0\u1edbc 2: Xoay ng\u01b0\u1eddi d\u00f9ng v\u1ec1 t\u01b0 th\u1ebf n\u1eb1m, c\u0103n ch\u1ec9nh l\u1ea1i mi\u1ebfng t\u00e3 cho v\u1eeba v\u1eb7n<\/p>\n<p>&#8211; B\u01b0\u1edbc 3: K\u00e9o ph\u1ea7n tr\u01b0\u1edbc c\u1ee7a mi\u1ebfng t\u00e3 qua ch\u00e2n l\u00ean ngang b\u1ee5ng.<\/p>\n<p>&#8211; B\u01b0\u1edbc 4: M\u1edf ph\u1ea7n kh\u00f3a d\u00ednh, d\u00e1n ch\u00e9o v\u00e0o v\u00f9ng nilon c\u00f3 logo Caryn. L\u01b0u \u00fd, tay gi\u1eef v\u00e0o ph\u1ea7n m\u00e0u xanh \u0111\u1ec3 gi\u1eef \u0111\u1ed9 b\u00e1m d\u00ednh c\u1ee7a kh\u00f3a.<\/p>\n<p>&#8211; B\u01b0\u1edbc 5: D\u00e1n kh\u00f3a d\u00ednh 4 g\u00f3c sao cho mi\u1ebfng t\u00e3 \u00f4m s\u00e1t v\u00e0o c\u01a1 th\u1ec3 ng\u01b0\u1eddi d\u00f9ng. \u0110i\u1ec1u ch\u1ec9nh th\u00eam ph\u1ea7n m\u00e9p mi\u1ebfng t\u00e3 \u00f4m s\u00e1t \u0111\u00f9i.<\/p>\n<p>* L\u01b0u \u00fd:<\/p>\n<p>&#8211; Thay t\u00e3 sau kho\u1ea3ng th\u1eddi gian \u0111\u1ec1u \u0111\u1eb7n v\u00e0 ngay sau khi ng\u01b0\u1eddi d\u00f9ng ti\u00eau b\u1ea9n.<\/p>\n<p>&#8211; Ng\u1eebng s\u1eed d\u1ee5ng v\u00e0 h\u1ecfi \u00fd ki\u1ebfn b\u00e1c s\u0129 n\u1ebfu xu\u1ea5t hi\u1ec7n b\u1ea5t th\u01b0\u1eddng tr\u00ean da.<\/p>\n","protected":false},"excerpt":{"rendered":"<p>T\u00e3 d\u00e1n Caryn ng\u00e0y v\u00e0 \u0111\u00eam M\/L 10 v\u1edbi kh\u1ea3 n\u0103ng th\u1ea5m h\u00fat \u01b0u vi\u1ec7t l\u00ean \u0111\u1ebfn 8 gi\u1edd c\u00f9ng kh\u1ea3 n\u0103ng ch\u1ed1ng tr\u00e0n hi\u1ec7u qu\u1ea3, gi\u00fap cho ng\u01b0\u1eddi d\u00f9ng lu\u00f4n c\u1ea3m th\u1ea5y kh\u00f4 tho\u00e1ng v\u00e0 tho\u1ea3i m\u00e1i khi m\u1eb7c t\u00e3. V\u1edbi gi\u00e1 th\u00e0nh h\u1ee3p l\u00fd, t\u00e3 d\u00e1n Caryn Ng\u00e0y&#038;\u0110\u00eam l\u00e0 s\u1ea3n ph\u1ea9m ho\u00e0n h\u1ea3o&#8230;<\/p>\n","protected":false},"featured_media":6630,"comment_status":"open","ping_status":"closed","template":"","meta":[],"product_brand":[1539],"product_cat":[15,1451,1410,1534,1411],"product_tag":[1654,153,1653,157,511,1652,1655,505,1656,1657,1658,1661,1659,1660],"class_list":{"0":"post-8857","1":"product","2":"type-product","3":"status-publish","4":"has-post-thumbnail","6":"product_brand-caryn","7":"product_cat-chua-phan-loai","8":"product_cat-caryn","9":"product_cat-ta-nguoi-lon","10":"product_cat-ta-bim-nguoi-lon","11":"product_cat-ta-nguoi-lon-caryn","12":"product_tag-bim-nguoi-gia","13":"product_tag-caryn","14":"product_tag-ta-bim-nguoi-gia","15":"product_tag-ta-bim-nguoi-lon","16":"product_tag-ta-caryn","17":"product_tag-ta-dan-caryn","18":"product_tag-ta-dan-nguoi-gia","19":"product_tag-ta-dan-nguoi-lon","20":"product_tag-ta-quan-caryn","21":"product_tag-ta-quan-nguoi-lon","22":"product_tag-tam-lot","23":"product_tag-tam-lot-caryn","24":"product_tag-tam-lot-nguoi-gia","25":"product_tag-tam-lot-nguoi-lon","27":"first","28":"onbackorder","29":"sale","30":"shipping-taxable","31":"purchasable","32":"product-type-simple"},"acf":[],"_links":{"self":[{"href":"https:\/\/thanglongbeauty.vn\/index.php?rest_route=\/wp\/v2\/product\/8857","targetHints":{"allow":["GET"]}}],"collection":[{"href":"https:\/\/thanglongbeauty.vn\/index.php?rest_route=\/wp\/v2\/product"}],"about":[{"href":"https:\/\/thanglongbeauty.vn\/index.php?rest_route=\/wp\/v2\/types\/product"}],"replies":[{"embeddable":true,"href":"https:\/\/thanglongbeauty.vn\/index.php?rest_route=%2Fwp%2Fv2%2Fcomments&post=8857"}],"wp:featuredmedia":[{"embeddable":true,"href":"https:\/\/thanglongbeauty.vn\/index.php?rest_route=\/wp\/v2\/media\/6630"}],"wp:attachment":[{"href":"https:\/\/thanglongbeauty.vn\/index.php?rest_route=%2Fwp%2Fv2%2Fmedia&parent=8857"}],"wp:term":[{"taxonomy":"product_brand","embeddable":true,"href":"https:\/\/thanglongbeauty.vn\/index.php?rest_route=%2Fwp%2Fv2%2Fproduct_brand&post=8857"},{"taxonomy":"product_cat","embeddable":true,"href":"https:\/\/thanglongbeauty.vn\/index.php?rest_route=%2Fwp%2Fv2%2Fproduct_cat&post=8857"},{"taxonomy":"product_tag","embeddable":true,"href":"https:\/\/thanglongbeauty.vn\/index.php?rest_route=%2Fwp%2Fv2%2Fproduct_tag&post=8857"}],"curies":[{"name":"wp","href":"https:\/\/api.w.org\/{rel}","templated":true}]}}