{"id":8867,"date":"2025-10-20T04:10:14","date_gmt":"2025-10-20T04:10:14","guid":{"rendered":"https:\/\/thanglongbeauty.vn\/?post_type=product&#038;p=8867"},"modified":"2026-01-13T11:08:03","modified_gmt":"2026-01-13T11:08:03","slug":"ta-quan-huggies-xl60-mieng","status":"publish","type":"product","link":"https:\/\/thanglongbeauty.vn\/?product=ta-quan-huggies-xl60-mieng","title":{"rendered":"T\u00c3 QU\u1ea6N HUGGIES XL60 Mi\u1ebfng"},"content":{"rendered":"<p>&#8220;T\u00c3 QU\u1ea6N HUGGIES M74\/ M74\/L68\/XL62\/XXL56<br \/>\nTH\u00d4NG TIN S\u1ea2N PH\u1ea8M<br \/>\nSize: XXL<br \/>\n\u0110\u1ed9 tu\u1ed5i: D\u00e0nh cho b\u00e9 t\u1eeb 15-25kg<br \/>\nXu\u1ea5t x\u1ee9: Vi\u1ec7t Nam<br \/>\nTh\u01b0\u01a1ng hi\u1ec7u: Huggies<\/p>\n<p>\u01afU \u0110I\u1ec2M N\u1ed4I B\u1eacC &#8220;&#8221;T\u00c3 QU\u1ea6N HUGGIES M74\/ M74\/L68\/XL62\/XXL56<br \/>\n&#8211; T\u00e3 qu\u1ea7n Huggies XXL c\u00f3 m\u00e0n \u0111\u00e1y tho\u00e1t \u1ea9m ng\u0103n ng\u1eeba h\u0103m t\u00e3 hi\u1ec7u qu\u1ea3 v\u00e0 gi\u00fap m\u00f4ng b\u00e9 kh\u00f4 tho\u00e1ng.<br \/>\n&#8211; B\u1ec9m Huggies XXL c\u00f3 l\u00f5i si\u00eau th\u1ea5m gi\u00fap kh\u00f3a ch\u1eb7t c\u00e1c ch\u1ea5t l\u1ecfng b\u00ean trong t\u00e3, tr\u00e1nh n\u01b0\u1edbc tr\u00e0n ra ngo\u00e0i.<br \/>\n&#8211; B\u00ean trong c\u00f3 l\u1edbp l\u00f3t m\u00e0u xanh th\u1ea5m h\u00fat nhanh ch\u00f3ng m\u1ecdi ch\u1ea5t l\u1ecfng \u0111\u1ed3ng th\u1eddi ng\u0103n ho\u00e0n to\u00e0n vi\u1ec7c th\u1ea5m ng\u01b0\u1ee3c .<br \/>\n&#8211; Qu\u1ea7n c\u00f3 d\u00e2y thun co gi\u00e3n t\u1ed1t, m\u1ec1m m\u1ea1i, d\u1ec5 m\u1eb7c ngay c\u1ea3 \u0111\u1ed1i v\u1edbi tr\u1ebb hi\u1ebfu \u0111\u1ed9ng.<br \/>\n&#8211; B\u1ec9m Huggies d\u1ea1ng qu\u1ea7n XXL (tr\u00ean 15-25 kg) c\u00f3 h\u01b0\u01a1ng th\u01a1m d\u1ecbu nh\u1eb9, d\u1ec5 ch\u1ecbu v\u00e0 an to\u00e0n khi m\u1eb7c cho b\u00e9.<\/p>\n<p>H\u01af\u1edaNG D\u1eaaN M\u1eb6C T\u00c3 QU\u1ea6N HUGGIES M74\/ M74\/L68\/XL62\/XXL56<br \/>\nM\u1eb9 m\u1eb7c t\u00e3 qu\u1ea7n Huggies XXL cho b\u00e9 t\u01b0\u01a1ng t\u1ef1 nh\u01b0 m\u1eb7c qu\u1ea7n cho tr\u1ebb v\u1edbi d\u00f2ng ch\u1eef &#8220;&#8221; M\u1eb7t tr\u01b0\u1edbc &#8211; Front&#8221;&#8221; \u1edf ph\u00eda tr\u01b0\u1edbc. C\u00e1c m\u1eb9 n\u00ean l\u01b0u \u00fd kh\u00f4ng \u0111\u1ec3 b\u1ec9m \u00f4m s\u00e1t ch\u00e2n b\u00e9, kh\u00f4ng \u0111\u1ec3 b\u1ecb g\u1eadp \u0111\u1ec3 ch\u1ed1ng tr\u00e0n. Khi t\u00e3 b\u1ea9n th\u00ec m\u1eb9 ch\u1ec9 c\u1ea7n x\u00e9 \u0111\u01b0\u1eddng thun b\u00ean h\u00f4ng \u0111\u1ec3 c\u1edfi b\u1ecf m\u1ed9t c\u00e1ch d\u1ec5 d\u00e0ng.<\/p>\n<p>H\u01af\u1edaNG D\u1eaaN CH\u1eccN SIZE T\u1ea2 QU\u1ea6N HUGGIES CHO B\u00c9<br \/>\nH\u01b0\u1edbng d\u1eabn ch\u1ecdn size b\u1ec9m t\u00e3 qu\u1ea7n Huggies cho b\u00e9<br \/>\nT\u00e3 qu\u1ea7n size S: cho b\u00e9 t\u1eeb 4 &#8211; 8kg<br \/>\nT\u00e3 qu\u1ea7n size M: cho b\u00e9 t\u1eeb 6 &#8211; 11kg<br \/>\nT\u00e3 qu\u1ea7n size L: cho b\u00e9 t\u1eeb 9 &#8211; 14kg<br \/>\nT\u00e3 qu\u1ea7n size XL: cho b\u00e9 t\u1eeb 12 &#8211; 17kg<br \/>\nT\u00e3 qu\u1ea7n size XXL: cho b\u00e9 t\u1eeb 15 &#8211; 25kg<\/p>\n<p>#ta_bim_cho_be #ta_cho_tre #ta_quan_cho_be_tu_6_den_11_kg #ta_quan_cho_be_tu_9_den_14_kg #ta_quan_cho_be_tu_12_den_17_kg #ta_quan_cho_be-tu_15_den_25kg #ta_dan_cho_be_tu_6_den_11kg #bimtadanchobetu9den14kg #taquanchobetu12den17kg #taquanchobetu15den25kg #taquanhuggies, #tadanhuggie<br \/>\nTh\u0103ng Long_beauty &#8211; C\u00f4ng TY TNHH D\u1ecaCH V\u1ee4 PH\u00c2N PH\u1ed0I TH\u0102NG LONG l\u00e0 m\u1ed9t c\u00f4ng ty chuy\u00ean cung c\u1ea5p c\u00e1c s\u1ea3n ph\u1ea9m \u0111\u1ed3 cho m\u1eb9 v\u00e0 b\u00e9, nh\u1eefng s\u1ea3n ph\u1ea9m ch\u0103m s\u00f3c s\u1ee9c kh\u1ecfe \u2013 l\u00e0m \u0111\u1eb9p  v\u00e0 kh\u1ea9u trang y t\u1ebf.<br \/>\nLi\u00ean h\u1ec7 \u0111\u1ec3 \u0111\u01b0\u1ee3c mua gi\u00e1 s\u1ec9 c\u1ef1c \u01b0u \u0111\u00e3i&#8221;<\/p>\n","protected":false},"excerpt":{"rendered":"<p>&#8220;T\u00c3 QU\u1ea6N HUGGIES M74\/ M74\/L68\/XL62\/XXL56 TH\u00d4NG TIN S\u1ea2N PH\u1ea8M Size: XXL \u0110\u1ed9 tu\u1ed5i: D\u00e0nh cho b\u00e9 t\u1eeb 15-25kg Xu\u1ea5t x\u1ee9: Vi\u1ec7t Nam Th\u01b0\u01a1ng hi\u1ec7u: Huggies \u01afU \u0110I\u1ec2M N\u1ed4I B\u1eacC &#8220;&#8221;T\u00c3 QU\u1ea6N HUGGIES M74\/ M74\/L68\/XL62\/XXL56 &#8211; T\u00e3 qu\u1ea7n Huggies XXL c\u00f3 m\u00e0n \u0111\u00e1y tho\u00e1t \u1ea9m ng\u0103n ng\u1eeba h\u0103m t\u00e3 hi\u1ec7u qu\u1ea3 v\u00e0 gi\u00fap m\u00f4ng b\u00e9 kh\u00f4&#8230;<\/p>\n","protected":false},"featured_media":7285,"comment_status":"open","ping_status":"closed","template":"","meta":[],"product_brand":[1515],"product_cat":[15,1392,1403,1705],"product_tag":[1626,145,146,1630,1625,1629,1621],"class_list":{"0":"post-8867","1":"product","2":"type-product","3":"status-publish","4":"has-post-thumbnail","6":"product_brand-huggies","7":"product_cat-chua-phan-loai","8":"product_cat-me-va-be","9":"product_cat-ta-huggies","10":"product_cat-ta-quan-huggies","11":"product_tag-bim-le","12":"product_tag-huggies","13":"product_tag-ta-bim","14":"product_tag-ta-bim-huggies","15":"product_tag-ta-quan-em-be","16":"product_tag-ta-quan-huggies","17":"product_tag-ta-tre-em","19":"first","20":"instock","21":"shipping-taxable","22":"purchasable","23":"product-type-simple"},"acf":[],"_links":{"self":[{"href":"https:\/\/thanglongbeauty.vn\/index.php?rest_route=\/wp\/v2\/product\/8867","targetHints":{"allow":["GET"]}}],"collection":[{"href":"https:\/\/thanglongbeauty.vn\/index.php?rest_route=\/wp\/v2\/product"}],"about":[{"href":"https:\/\/thanglongbeauty.vn\/index.php?rest_route=\/wp\/v2\/types\/product"}],"replies":[{"embeddable":true,"href":"https:\/\/thanglongbeauty.vn\/index.php?rest_route=%2Fwp%2Fv2%2Fcomments&post=8867"}],"wp:featuredmedia":[{"embeddable":true,"href":"https:\/\/thanglongbeauty.vn\/index.php?rest_route=\/wp\/v2\/media\/7285"}],"wp:attachment":[{"href":"https:\/\/thanglongbeauty.vn\/index.php?rest_route=%2Fwp%2Fv2%2Fmedia&parent=8867"}],"wp:term":[{"taxonomy":"product_brand","embeddable":true,"href":"https:\/\/thanglongbeauty.vn\/index.php?rest_route=%2Fwp%2Fv2%2Fproduct_brand&post=8867"},{"taxonomy":"product_cat","embeddable":true,"href":"https:\/\/thanglongbeauty.vn\/index.php?rest_route=%2Fwp%2Fv2%2Fproduct_cat&post=8867"},{"taxonomy":"product_tag","embeddable":true,"href":"https:\/\/thanglongbeauty.vn\/index.php?rest_route=%2Fwp%2Fv2%2Fproduct_tag&post=8867"}],"curies":[{"name":"wp","href":"https:\/\/api.w.org\/{rel}","templated":true}]}}