{"id":8871,"date":"2025-10-20T04:10:14","date_gmt":"2025-10-20T04:10:14","guid":{"rendered":"https:\/\/thanglongbeauty.vn\/?post_type=product&#038;p=8871"},"modified":"2026-01-13T11:08:03","modified_gmt":"2026-01-13T11:08:03","slug":"ta-quan-hugguies-xl14-mieng","status":"publish","type":"product","link":"https:\/\/thanglongbeauty.vn\/?product=ta-quan-hugguies-xl14-mieng","title":{"rendered":"T\u00c3 QU\u1ea6N HUGGUIES XL14 Mi\u1ebfng"},"content":{"rendered":"<p>&#8220;T\u00c3 QU\u1ea6N HUIGGUES M42\/L38\/XL34\/XXL30<\/p>\n<p>TH\u00d4NG TIN S\u1ea2N PH\u1ea8M<br \/>\nTh\u01b0\u01a1ng hi\u1ec7u: HUGGIES<br \/>\nLo\u1ea1i t\u00e3: T\u00e3 qu\u1ea7n<br \/>\nSize t\u1ea3: L\u1edbn<br \/>\nT\u00c3 QU\u1ea6N HUGGIES M42<br \/>\nT\u00c3 QU\u1ea6N HUGGIES L38<br \/>\nT\u00c3 QU\u1ea6N HUGGIES XL34<br \/>\nT\u00c3 QU\u1ea6N HUGGIES XXL30<\/p>\n<p>\u01afU \u0110I\u1ec2M N\u1ed4I B\u1eacC T\u00c3 QU\u1ea6N HUIGGUES M42\/L38\/XL34\/XXL30<br \/>\n&#8211; T\u00e3 qu\u1ea7n Huggies \u0110\u1ec7m m\u00e2y 4 chi\u1ec1u m\u1edbi \u2013 v\u1edbi c\u1ea3i ti\u1ebfn l\u1edbp \u0111\u1ec7m si\u00eau \u00eam m\u1ec1m \u1edf 4 v\u1ecb tr\u00ed b\u1ee5ng, l\u01b0ng v\u00e0 2 b\u00ean \u0111\u00f9i, \u00eam m\u1ec1m nh\u01b0 m\u00e2y, gi\u00fap gi\u1ea3m \u00e1p l\u1ef1c thun l\u00ean da ch\u1ed1ng h\u1eb1n \u0111\u1ecf nh\u1eefng v\u1ecb tr\u00ed ti\u1ebfp x\u00fac.<br \/>\n&#8211; B\u1ec1 m\u1eb7t t\u00e3 kh\u00f4 tho\u00e1ng nh\u1edd c\u00f4ng ngh\u1ec7 1,000 ph\u1ec5u si\u00eau, th\u1ea5m h\u00fat \u0111\u1ebfn 7 ly ch\u1ea5t l\u1ecfng, gi\u00fap th\u1ea5m nhanh v\u00e0 d\u00e0n \u0111\u1ec1u ch\u1ea5t l\u1ecfng, gi\u1eef m\u00f4ng b\u00e9 kh\u00f4 tho\u00e1ng d\u00e0i l\u00e2u.<br \/>\n&#8211; Gi\u1eef da b\u00e9 lu\u00f4n kh\u00f4 tho\u00e1ng v\u00e0 ng\u0103n ng\u1eeba h\u0103m t\u00e3 hi\u1ec7u qu\u1ea3 nh\u1edd m\u00e0ng \u0111\u00e1y tho\u00e1t \u1ea9m 100%, gi\u00fap kh\u00f4ng kh\u00ed l\u01b0u th\u00f4ng d\u1ec5 d\u00e0ng.<br \/>\n&#8211; Ch\u1ed1ng tr\u00e0n v\u00e0 th\u1ea5m ng\u01b0\u1ee3c tr\u1edf l\u1ea1i tuy\u1ec7t \u0111\u1ed1i nh\u1edd h\u00e0ng ng\u00e0n h\u1ea1t Smart Lock ch\u1ee7 \u0111\u1ed9ng th\u1ea5m h\u00fat v\u00e0 kh\u00f3a ch\u1eb7t ch\u1ea5t l\u1ecfng s\u00e2u b\u00ean trong.<br \/>\n&#8211; B\u00e1c s\u0129 nhi khoa khuy\u00ean d\u00f9ng nhi\u1ec1u nh\u1ea5t cho tr\u1ebb s\u01a1 sinh v\u00e0 tr\u1ebb nh\u1ecf<\/p>\n<p>H\u01af\u1edaNG D\u1eaaN S\u1eec D\u1ee4NG T\u00c3 QU\u1ea6N HUIGGUES M42\/L38\/XL34\/XXL30<\/p>\n<p>1.Lu\u1ed3n t\u00e3 d\u01b0\u1edbi m\u00f4ng b\u00e9 v\u00e0 k\u00e9o th\u1eb3ng ngay ng\u1eafn<br \/>\n2.M\u1edf r\u1ed9ng 2 mi\u1ebfng d\u00e1n b\u00ean d\u01b0\u1edbi m\u00f4ng ra hai b\u00ean nh\u01b0 h\u00ecnh<br \/>\n3.L\u1ea7n l\u01b0\u1ee3t d\u00e1n mi\u1ebfng d\u00e1n v\u00e0o t\u1eebng b\u00ean t\u00e3<br \/>\n4.Lu\u1ed3n ng\u00f3n tay v\u00e0o ph\u1ea7n l\u01b0ng ki\u1ec3m tra \u0111\u1ed9 v\u1eeba v\u1eb7n \u0111\u1ec3 b\u00e9 lu\u00f4n tho\u1ea3i m\u00e1i<br \/>\n5.Lu\u1ed3n ng\u00f3n tay b\u00ean h\u00f4ng ki\u1ec3m tra t\u00e3 v\u1eeba v\u1eb7n v\u1edbi ng\u01b0\u1eddi b\u00e9, gi\u00fap tr\u00e1nh tr\u00e0n ra ngo\u00e0i<\/p>\n<p>L\u01afU \u00dd:<br \/>\n&#8211; Thay t\u00e3 cho b\u00e9 4 &#8211; 5 ti\u1ebfng\/ l\u1ea7n ho\u1eb7c ngay sau khi b\u00e9 ti\u00eau b\u1ea9n<br \/>\n&#8211; Kh\u00f4ng n\u00ean d\u00f9ng t\u00e3 24\/24 gi\u1edd<br \/>\n&#8211; Kh\u00f4ng b\u1ecf t\u00e3 v\u00e0o b\u1ed3n c\u1ea7u<\/p>\n<p>H\u01af\u1edaNG D\u1eaaN B\u1ea2O QU\u1ea2N D\u1ee4NG T\u00c3 QU\u1ea6N HUGGIES<br \/>\n B\u1ea3o qu\u1ea3n n\u01a1i kh\u00f4 r\u00e1o, tho\u00e1ng m\u00e1t, tr\u00e1nh ngu\u1ed3n nhi\u1ec7t<\/p>\n<p>H\u01af\u1edaNG D\u1eaaN CH\u1eccN SIZE T\u1ea2 QU\u1ea6N HUGGIES CHO B\u00c9<br \/>\nH\u01b0\u1edbng d\u1eabn ch\u1ecdn size b\u1ec9m t\u00e3 qu\u1ea7n Huggies cho b\u00e9<br \/>\nT\u00e3 qu\u1ea7n size S: cho b\u00e9 t\u1eeb 4 &#8211; 8kg<br \/>\nT\u00e3 qu\u1ea7n size M: cho b\u00e9 t\u1eeb 6 &#8211; 11kg<br \/>\nT\u00e3 qu\u1ea7n size L: cho b\u00e9 t\u1eeb 9 &#8211; 14kg<br \/>\nT\u00e3 qu\u1ea7n size XL: cho b\u00e9 t\u1eeb 12 &#8211; 17kg<br \/>\nT\u00e3 qu\u1ea7n size XXL: cho b\u00e9 t\u1eeb 15 &#8211; 25kg<\/p>\n<p>#ta_bim_cho_be #ta_cho_tre #ta_quan_cho_be_tu_6_den_11_kg #ta_quan_cho_be_tu_9_den<\/p>\n","protected":false},"excerpt":{"rendered":"<p>&#8220;T\u00c3 QU\u1ea6N HUIGGUES M42\/L38\/XL34\/XXL30 TH\u00d4NG TIN S\u1ea2N PH\u1ea8M Th\u01b0\u01a1ng hi\u1ec7u: HUGGIES Lo\u1ea1i t\u00e3: T\u00e3 qu\u1ea7n Size t\u1ea3: L\u1edbn T\u00c3 QU\u1ea6N HUGGIES M42 T\u00c3 QU\u1ea6N HUGGIES L38 T\u00c3 QU\u1ea6N HUGGIES XL34 T\u00c3 QU\u1ea6N HUGGIES XXL30 \u01afU \u0110I\u1ec2M N\u1ed4I B\u1eacC T\u00c3 QU\u1ea6N HUIGGUES M42\/L38\/XL34\/XXL30 &#8211; T\u00e3 qu\u1ea7n Huggies \u0110\u1ec7m m\u00e2y 4 chi\u1ec1u m\u1edbi \u2013 v\u1edbi c\u1ea3i ti\u1ebfn&#8230;<\/p>\n","protected":false},"featured_media":7334,"comment_status":"open","ping_status":"closed","template":"","meta":[],"product_brand":[1515],"product_cat":[15,1392,1403,1705],"product_tag":[1626,145,146,1630,1625,1629,1621],"class_list":{"0":"post-8871","1":"product","2":"type-product","3":"status-publish","4":"has-post-thumbnail","6":"product_brand-huggies","7":"product_cat-chua-phan-loai","8":"product_cat-me-va-be","9":"product_cat-ta-huggies","10":"product_cat-ta-quan-huggies","11":"product_tag-bim-le","12":"product_tag-huggies","13":"product_tag-ta-bim","14":"product_tag-ta-bim-huggies","15":"product_tag-ta-quan-em-be","16":"product_tag-ta-quan-huggies","17":"product_tag-ta-tre-em","19":"first","20":"onbackorder","21":"shipping-taxable","22":"purchasable","23":"product-type-simple"},"acf":[],"_links":{"self":[{"href":"https:\/\/thanglongbeauty.vn\/index.php?rest_route=\/wp\/v2\/product\/8871","targetHints":{"allow":["GET"]}}],"collection":[{"href":"https:\/\/thanglongbeauty.vn\/index.php?rest_route=\/wp\/v2\/product"}],"about":[{"href":"https:\/\/thanglongbeauty.vn\/index.php?rest_route=\/wp\/v2\/types\/product"}],"replies":[{"embeddable":true,"href":"https:\/\/thanglongbeauty.vn\/index.php?rest_route=%2Fwp%2Fv2%2Fcomments&post=8871"}],"wp:featuredmedia":[{"embeddable":true,"href":"https:\/\/thanglongbeauty.vn\/index.php?rest_route=\/wp\/v2\/media\/7334"}],"wp:attachment":[{"href":"https:\/\/thanglongbeauty.vn\/index.php?rest_route=%2Fwp%2Fv2%2Fmedia&parent=8871"}],"wp:term":[{"taxonomy":"product_brand","embeddable":true,"href":"https:\/\/thanglongbeauty.vn\/index.php?rest_route=%2Fwp%2Fv2%2Fproduct_brand&post=8871"},{"taxonomy":"product_cat","embeddable":true,"href":"https:\/\/thanglongbeauty.vn\/index.php?rest_route=%2Fwp%2Fv2%2Fproduct_cat&post=8871"},{"taxonomy":"product_tag","embeddable":true,"href":"https:\/\/thanglongbeauty.vn\/index.php?rest_route=%2Fwp%2Fv2%2Fproduct_tag&post=8871"}],"curies":[{"name":"wp","href":"https:\/\/api.w.org\/{rel}","templated":true}]}}