{"id":8874,"date":"2025-10-20T04:10:14","date_gmt":"2025-10-20T04:10:14","guid":{"rendered":"https:\/\/thanglongbeauty.vn\/?post_type=product&#038;p=8874"},"modified":"2026-01-13T11:08:41","modified_gmt":"2026-01-13T11:08:41","slug":"ta-bim-quan-bobby-st-xxxl22-mieng","status":"publish","type":"product","link":"https:\/\/thanglongbeauty.vn\/?product=ta-bim-quan-bobby-st-xxxl22-mieng","title":{"rendered":"T\u1ea3\/B\u1ec9m Qu\u1ea7n Bobby ST XXXL22 Mi\u1ebfng"},"content":{"rendered":"<p>T\u00e3 qu\u1ea7n bobby size XXXL 24 mi\u1ebfng t\u1eb7ng k\u00e8m 6 mi\u1ebfng,b\u0129m qu\u1ea7n bobby si\u00eau th\u1ea5m xxxl24 mi\u1ebfng cho b\u00e9 20-35kg m\u1eabu m\u1edbi<br \/>\nL\u01b0u \u00fd: kh\u00e1ch \u0111\u1eb7t gi\u00fap shop 1-2 b\u1ecbch th\u00f4i nh\u00e9, v\u00ec b\u0129m h\u00e0ng c\u1ed3ng k\u1ec1nh \u0111\u1eb7t nhi\u1ec1u nh\u00e0 v\u1eadn chuy\u1ec3n kh\u00f4ng nh\u1eadn h\u00e0ng.<br \/>\nT\u00e3 Qu\u1ea7n Bobby Size XXXL 24 mi\u1ebfng d\u00e0nh cho b\u00e9 20 \u0111\u1ebfn 35 kg, R\u00e3nh th\u1ea5m Kim C\u01b0\u01a1ng<\/p>\n<p>D\u00e0nh cho b\u00e9 t\u1eeb 20 \u0111\u1ebfn 35 kg<\/p>\n<p>Th\u01b0\u01a1ng hi\u1ec7u c\u1ee7a Nh\u1eadt B\u1ea3n<\/p>\n<p>S\u1ea3n xu\u1ea5t t\u1ea1i Vi\u1ec7t Nam<\/p>\n<p>T\u00e3 qu\u1ea7n Bobby v\u1eeba v\u1eb7n ng\u0103n tr\u00e0n nh\u1edd thi\u1ebft k\u1ebf thun ch\u00e2n cong \u00f4m tr\u1ecdn m\u00f4ng b\u00e9, gi\u00fap ch\u1ed1ng tr\u00e0n hi\u1ec7u qu\u1ea3. C\u1ea3i ti\u1ebfn h\u01b0\u01a1ng tr\u00e0 xanh, r\u00e3nh th\u1ea5m kim c\u01b0\u01a1ng m\u1edbi \u0111em l\u1ea1i cho b\u00e9 c\u1ea3m gi\u00e1c tho\u1ea3i m\u00e1i khi v\u1eadn \u0111\u1ed9ng.<\/p>\n<p>R\u00e3nh th\u1ea5m h\u00fat d\u1ea1ng s\u00f3ng si\u00eau nhanh.<\/p>\n<p>M\u1eb7t \u0111\u00e1y tho\u00e1t h\u01a1i \u1ea9m \u0111a chi\u1ec1u.<\/p>\n<p>3 v\u00f9ng chun \u00f4m s\u00e1t nh\u1eb9 nh\u00e0ng.<\/p>\n<p>Thi\u1ebft k\u1ebf d\u1ea3i b\u0103ng cu\u1ed1n t\u1ef1 d\u00ednh.<br \/>\nSHOP M\u1edaI V\u1ec0 LO\u1ea0I XXX24 MI\u1ebeNG T\u1eb6NG TH\u00caM 6 MI\u1ebeNG T\u1ea2 QU\u1ea6N, GI\u00c1 M\u1edaI BAO B\u00cc M\u1edaI NH\u00c9 KH\u00c1CH<br \/>\nS\u1ed1 l\u01b0\u1ee3ng h\u00e0ng t\u1eb7ng v\u1ec1 c\u00f3 h\u1ea1n n\u00ean kh\u00e1ch tranh th\u1ee7 \u0111\u1eb7t nh\u00e9<br \/>\n#t\u00e3qu\u1ea7nbobby #t\u00e3_qu\u1ea7n_bobby #taquanbobby #ta_quan_bobby #t\u00e3qu\u1ea7nbobbyxxxl #t\u00e3_qu\u1ea7n_bobby_xxxl #taquanbobbyxxxl #ta_quan_bobby_xxxl #t\u1ea3qu\u1ea7nbobby #t\u1ea3_qu\u1ea7n_bobby #bobbyxxxl #bobby_xxxl #bobbyxxxl #bobby_xxxl #bobby #bobby<\/p>\n","protected":false},"excerpt":{"rendered":"<p>T\u00e3 qu\u1ea7n bobby size XXXL 24 mi\u1ebfng t\u1eb7ng k\u00e8m 6 mi\u1ebfng,b\u0129m qu\u1ea7n bobby si\u00eau th\u1ea5m xxxl24 mi\u1ebfng cho b\u00e9 20-35kg m\u1eabu m\u1edbi L\u01b0u \u00fd: kh\u00e1ch \u0111\u1eb7t gi\u00fap shop 1-2 b\u1ecbch th\u00f4i nh\u00e9, v\u00ec b\u0129m h\u00e0ng c\u1ed3ng k\u1ec1nh \u0111\u1eb7t nhi\u1ec1u nh\u00e0 v\u1eadn chuy\u1ec3n kh\u00f4ng nh\u1eadn h\u00e0ng. T\u00e3 Qu\u1ea7n Bobby Size XXXL 24 mi\u1ebfng d\u00e0nh cho b\u00e9&#8230;<\/p>\n","protected":false},"featured_media":7359,"comment_status":"open","ping_status":"closed","template":"","meta":[],"product_brand":[1506],"product_cat":[15,1444,1392,1496,1402],"product_tag":[1626,1623,146,1624,1622,1625,1621],"class_list":{"0":"post-8874","1":"product","2":"type-product","3":"status-publish","4":"has-post-thumbnail","6":"product_brand-bobby","7":"product_cat-chua-phan-loai","8":"product_cat-bobby","9":"product_cat-me-va-be","10":"product_cat-ta-bim-tre-em","11":"product_cat-ta-bobby","12":"product_tag-bim-le","13":"product_tag-bobby","14":"product_tag-ta-bim","15":"product_tag-ta-bim-bobby","16":"product_tag-ta-quan-bobby","17":"product_tag-ta-quan-em-be","18":"product_tag-ta-tre-em","20":"first","21":"instock","22":"sale","23":"shipping-taxable","24":"purchasable","25":"product-type-simple"},"acf":[],"_links":{"self":[{"href":"https:\/\/thanglongbeauty.vn\/index.php?rest_route=\/wp\/v2\/product\/8874","targetHints":{"allow":["GET"]}}],"collection":[{"href":"https:\/\/thanglongbeauty.vn\/index.php?rest_route=\/wp\/v2\/product"}],"about":[{"href":"https:\/\/thanglongbeauty.vn\/index.php?rest_route=\/wp\/v2\/types\/product"}],"replies":[{"embeddable":true,"href":"https:\/\/thanglongbeauty.vn\/index.php?rest_route=%2Fwp%2Fv2%2Fcomments&post=8874"}],"wp:featuredmedia":[{"embeddable":true,"href":"https:\/\/thanglongbeauty.vn\/index.php?rest_route=\/wp\/v2\/media\/7359"}],"wp:attachment":[{"href":"https:\/\/thanglongbeauty.vn\/index.php?rest_route=%2Fwp%2Fv2%2Fmedia&parent=8874"}],"wp:term":[{"taxonomy":"product_brand","embeddable":true,"href":"https:\/\/thanglongbeauty.vn\/index.php?rest_route=%2Fwp%2Fv2%2Fproduct_brand&post=8874"},{"taxonomy":"product_cat","embeddable":true,"href":"https:\/\/thanglongbeauty.vn\/index.php?rest_route=%2Fwp%2Fv2%2Fproduct_cat&post=8874"},{"taxonomy":"product_tag","embeddable":true,"href":"https:\/\/thanglongbeauty.vn\/index.php?rest_route=%2Fwp%2Fv2%2Fproduct_tag&post=8874"}],"curies":[{"name":"wp","href":"https:\/\/api.w.org\/{rel}","templated":true}]}}