{"id":8875,"date":"2025-10-20T04:10:14","date_gmt":"2025-10-20T04:10:14","guid":{"rendered":"https:\/\/thanglongbeauty.vn\/?post_type=product&#038;p=8875"},"modified":"2026-01-13T11:08:02","modified_gmt":"2026-01-13T11:08:02","slug":"ta-bim-quan-bobby-sieu-tham-xxl606-mieng","status":"publish","type":"product","link":"https:\/\/thanglongbeauty.vn\/?product=ta-bim-quan-bobby-sieu-tham-xxl606-mieng","title":{"rendered":"T\u00e3\/B\u1ec9m Qu\u1ea7n Bobby Si\u00eau Th\u1ea5m XXL60(6) Mi\u1ebfng"},"content":{"rendered":"<p>T\u00e3 qu\u1ea7n Bobby si\u00eau th\u1ea5m t\u1eb7ng k\u00e8m 8 mi\u1ebfng \u0111\u1ee7 size M76 L68  XL62 XX56,b\u0129m qu\u1ea7n bobby m\u1eabu m\u1edbi m\u1eabu m\u1edbi l\u01b0ng thun th\u1ea5m m\u1ed3 h\u00f4i<br \/>\nL\u01afU \u00dd: CH\u1eccN MUA 1-2GOI TH\u00d4I NH\u00c9 C\u00c1C M\u1eb8 B\u0128M, CH\u1eccN NHI\u1ec0U PH\u00cdA NH\u00c0 V\u1eacN CHUY\u1ec2N KH\u00d4NG NH\u1eacN H\u00c0NG \u0110\u00c2U \u1ea0<br \/>\nH\u00c0NG T\u1eb6NG k\u00e8m 8 mi\u1ebfng<br \/>\nh\u00e0ng t\u1ea3 m\u1edbi, gi\u00e1 m\u1edbi bao b\u00ec m\u1edbi kh\u00e1ch nh\u00e9<br \/>\nshop \u0111\u1ee7 4 size, m\u1ed7i g\u00f3i  t\u1eb7ng th\u00eam 8 mi\u1ebfng t\u1ea3 qu\u1ea7n \u0111\u1ec7m thun x\u1ed1p \u00eam tr\u1ecb gi\u00e1 68,000<br \/>\nmua h\u00e0ng t\u1eb7ng si\u00eau ti\u1ebft ki\u1ec7m cho m\u1eb9 b\u1ec9m nh\u00e9<br \/>\ngi\u00e1 bao b\u00ec 410,000<br \/>\nsx 9\/2020<br \/>\nhsd\/ 2024<br \/>\n\u00e3nh th\u1ea5m kim c\u01b0\u01a1ng<br \/>\nL\u00f5i th\u1ea5m h\u00fat v\u1edbi r\u00e3nh kim c\u01b0\u01a1ng gi\u00fap th\u1ea5m nhanh, d\u00e0n \u0111\u1ec1u v\u00e0 kh\u00f3a ch\u1eb7t ch\u1ea5t l\u1ecfng b\u00ean trong cho b\u1ec1 m\u1eb7t t\u00e3 kh\u00f4 r\u00e1o.<\/p>\n<p>M\u1eb7t \u0111\u00e1y tho\u00e1t \u1ea9m \u0111a chi\u1ec1u<br \/>\nM\u1eb7t \u0111\u00e1y d\u1ea1ng v\u1ea3i gi\u00fap \u0111\u1ea9y h\u01a1i n\u00f3ng \u1ea9m ra ngo\u00e0i, cho t\u00e3 lu\u00f4n tho\u00e1ng kh\u00ed<\/p>\n<p>\u0110ai thun co gi\u00e3n Magic-Fit \u0111\u1ed9c \u0111\u00e1o<br \/>\nThun h\u00f4ng v\u1edbi ch\u1ea5t li\u1ec7u chun m\u1ec1m, co gi\u00e3n linh ho\u1ea1t n\u00ean v\u1eeba v\u1eb7n, gi\u00fap gi\u1ea3m h\u1eb1n tr\u00ean da<\/p>\n<p>Tinh ch\u1ea5t tr\u00e0 xanh Nh\u1eadt B\u1ea3n<br \/>\nT\u00ednh n\u0103ng di\u1ec7t khu\u1ea9n v\u00e0 kh\u1eed m\u00f9i nh\u1eb9 nh\u00e0ng mang \u0111\u1ebfn h\u01b0\u01a1ng th\u01a1m m\u00e1t, ng\u1eeba h\u0103m t\u00e3 hi\u1ec7u qu\u1ea3.<\/p>\n<p>H\u01af\u1edaNG D\u1eaaN M\u1eb8 CH\u1eccN SIZE CHO B\u00c9<br \/>\nSize M cho b\u00e9 6 \u2013 10 kg<br \/>\nSize L cho b\u00e9 9 \u2013 13 kg<br \/>\nSize XL cho b\u00e9 12 \u2013 17 kg<br \/>\nSize XXL cho b\u00e9 tr\u00ean 16 kg<br \/>\n#bobby #bobbyquan #bobbykhuyenmai #taquan #taquanbobby #taquanembe #taquancaocap #taquanbobbyl54 #bim #bimquanbobby #bimquan #bimquanchobe #BobbyM74 #bobbyl68 #bobbyxl62#t\u00e3qu\u1ea7nbobby #t\u00e3_qu\u1ea7n_bobby #taquanbobby #ta_quan_bobby #t\u00e3qu\u1ea7nbobbyxxxl #t\u00e3_qu\u1ea7n_bobby_xxxl #taquanbobbyxxxl #ta_quan_bobby_xxxl #t\u1ea3qu\u1ea7nbobby #t\u1ea3_qu\u1ea7n_bobby #bobbyxxxl #bobby_xxxl #bobbyxxxl #bobby_xxxl #bobby #bobby<\/p>\n","protected":false},"excerpt":{"rendered":"<p>T\u00e3 qu\u1ea7n Bobby si\u00eau th\u1ea5m t\u1eb7ng k\u00e8m 8 mi\u1ebfng \u0111\u1ee7 size M76 L68 XL62 XX56,b\u0129m qu\u1ea7n bobby m\u1eabu m\u1edbi m\u1eabu m\u1edbi l\u01b0ng thun th\u1ea5m m\u1ed3 h\u00f4i L\u01afU \u00dd: CH\u1eccN MUA 1-2GOI TH\u00d4I NH\u00c9 C\u00c1C M\u1eb8 B\u0128M, CH\u1eccN NHI\u1ec0U PH\u00cdA NH\u00c0 V\u1eacN CHUY\u1ec2N KH\u00d4NG NH\u1eacN H\u00c0NG \u0110\u00c2U \u1ea0 H\u00c0NG T\u1eb6NG k\u00e8m 8 mi\u1ebfng h\u00e0ng t\u1ea3 m\u1edbi,&#8230;<\/p>\n","protected":false},"featured_media":7364,"comment_status":"open","ping_status":"closed","template":"","meta":[],"product_brand":[1506],"product_cat":[15,1444,1392,1496,1402],"product_tag":[1626,1623,146,1624,1622,1625,1621],"class_list":{"0":"post-8875","1":"product","2":"type-product","3":"status-publish","4":"has-post-thumbnail","6":"product_brand-bobby","7":"product_cat-chua-phan-loai","8":"product_cat-bobby","9":"product_cat-me-va-be","10":"product_cat-ta-bim-tre-em","11":"product_cat-ta-bobby","12":"product_tag-bim-le","13":"product_tag-bobby","14":"product_tag-ta-bim","15":"product_tag-ta-bim-bobby","16":"product_tag-ta-quan-bobby","17":"product_tag-ta-quan-em-be","18":"product_tag-ta-tre-em","20":"first","21":"onbackorder","22":"sale","23":"shipping-taxable","24":"purchasable","25":"product-type-simple"},"acf":[],"_links":{"self":[{"href":"https:\/\/thanglongbeauty.vn\/index.php?rest_route=\/wp\/v2\/product\/8875","targetHints":{"allow":["GET"]}}],"collection":[{"href":"https:\/\/thanglongbeauty.vn\/index.php?rest_route=\/wp\/v2\/product"}],"about":[{"href":"https:\/\/thanglongbeauty.vn\/index.php?rest_route=\/wp\/v2\/types\/product"}],"replies":[{"embeddable":true,"href":"https:\/\/thanglongbeauty.vn\/index.php?rest_route=%2Fwp%2Fv2%2Fcomments&post=8875"}],"wp:featuredmedia":[{"embeddable":true,"href":"https:\/\/thanglongbeauty.vn\/index.php?rest_route=\/wp\/v2\/media\/7364"}],"wp:attachment":[{"href":"https:\/\/thanglongbeauty.vn\/index.php?rest_route=%2Fwp%2Fv2%2Fmedia&parent=8875"}],"wp:term":[{"taxonomy":"product_brand","embeddable":true,"href":"https:\/\/thanglongbeauty.vn\/index.php?rest_route=%2Fwp%2Fv2%2Fproduct_brand&post=8875"},{"taxonomy":"product_cat","embeddable":true,"href":"https:\/\/thanglongbeauty.vn\/index.php?rest_route=%2Fwp%2Fv2%2Fproduct_cat&post=8875"},{"taxonomy":"product_tag","embeddable":true,"href":"https:\/\/thanglongbeauty.vn\/index.php?rest_route=%2Fwp%2Fv2%2Fproduct_tag&post=8875"}],"curies":[{"name":"wp","href":"https:\/\/api.w.org\/{rel}","templated":true}]}}