{"id":8886,"date":"2025-10-20T04:10:15","date_gmt":"2025-10-20T04:10:15","guid":{"rendered":"https:\/\/thanglongbeauty.vn\/san-pham\/ta-dan-em-be-unidry-m42\/"},"modified":"2026-01-13T11:08:02","modified_gmt":"2026-01-13T11:08:02","slug":"ta-dan-em-be-unidry-m42","status":"publish","type":"product","link":"https:\/\/thanglongbeauty.vn\/?product=ta-dan-em-be-unidry-m42","title":{"rendered":"T\u00e3 D\u00e1n Em b\u00e9 Unidry M42"},"content":{"rendered":"<p>T\u00e3 Qu\u1ea7n Unidry Ultra Jumbo<br \/>\nSize\tM (7-12kg)<br \/>\nSize L (9-14kg)<br \/>\nSize XL (12-17kg)<br \/>\nSize XXL (15 &#8211; 25kg)<\/p>\n<p>T\u00e3 qu\u1ea7n UniDry v\u1edbi thi\u1ebft k\u1ebf ch\u1eef T, l\u01b0ng thun m\u1ec1m m\u1ea1i v\u00e0 \u0111ai h\u00f4ng co gi\u00e3n n\u0103ng \u0111\u1ed9ng gi\u00fap b\u00e9 lu\u00f4n tho\u1ea3i m\u00e1i v\u00e0 n\u0103ng \u0111\u1ed9ng.<br \/>\nL\u01b0ng thun co gi\u00e3n m\u1ec1m m\u1ea1i: t\u1ef1 \u0111i\u1ec1u ch\u1ec9nh \u00f4m v\u1eeba th\u00e2n b\u00e9, kh\u00f4ng \u0111\u1ec3 l\u1ea1i v\u1ebft h\u1eb1n tr\u00ean da.<br \/>\nM\u00e0ng v\u1ea3i tho\u00e1ng kh\u00ed: \u0111\u1ea9y h\u01a1i n\u00f3ng \u1ea9m ra ngo\u00e0i cho da b\u00e9 lu\u00f4n tho\u00e1ng m\u00e1t.<\/p>\n<p>Thi\u1ebft k\u1ebf d\u1ea1ng qu\u1ea7n ti\u1ec7n l\u1ee3i<br \/>\nSo v\u1edbi c\u00e1c lo\u1ea1i t\u00e3 d\u00e1n th\u00f4ng th\u01b0\u1eddng, T\u00e3 Qu\u1ea7n UniDry c\u00f3 \u01b0u \u0111i\u1ec3m l\u00e0 s\u1eed d\u1ee5ng \u0111\u01a1n gi\u1ea3n, nhanh ch\u00f3ng v\u00e0 ti\u1ec7n l\u1ee3i.<br \/>\nT\u00e3 \u0111\u01b0\u1ee3c thi\u1ebft k\u1ebf \u0111\u00e0n h\u1ed3i, co gi\u00e3n v\u1eeba kh\u00edt v\u1edbi b\u1eafp ch\u00e2n c\u1ee7a em b\u00e9, ch\u1ec9 c\u1ea7n m\u1eb7c v\u00e0o, vu\u1ed1t ph\u1eb3ng v\u00e0 \u0111i\u1ec1u ch\u1ec9nh v\u1eeba v\u1edbi m\u00f4ng b\u00e9.<br \/>\nM\u1eb7t ngo\u00e0i t\u00e3 c\u00f3 c\u00e1c h\u1ecda ti\u1ebft ng\u1ed9 ngh\u0129nh s\u1ebd khi\u1ebfn b\u00e9 th\u00edch th\u00fa h\u01a1n khi m\u1eb7c.<br \/>\nThi\u1ebft k\u1ebf \u0111\u01b0\u1eddng x\u00e9 2 b\u00ean h\u00f4ng qu\u1ea7n gi\u00fap vi\u1ec7c c\u1edfi b\u1ecf t\u00e3 \u0111\u01b0\u1ee3c d\u1ec5 d\u00e0ng v\u00e0 nhanh ch\u00f3ng h\u01a1n.<\/p>\n<p>\u0110ai h\u00f4ng co gi\u00e3n linh \u0111\u1ed9ng<br \/>\n\u0110ai h\u00f4ng c\u1ee7a t\u00e3 \u0111\u01b0\u1ee3c thi\u1ebft k\u1ebf co gi\u00e3n linh \u0111\u1ed9ng, cho b\u00e9 tho\u1ea3i m\u00e1i trong m\u1ecdi v\u1eadn \u0111\u1ed9ng, ch\u1ed1ng h\u1eb1n tr\u00ean da khi b\u00e9 m\u1eb7c.<\/p>\n<p>M\u00e0ng v\u1ea3i tho\u00e1ng kh\u00ed, ch\u1ed1ng h\u0103m hi\u1ec7u qu\u1ea3.<br \/>\nT\u00e3 Qu\u1ea7n UniDry s\u1eed d\u1ee5ng l\u1edbp m\u00e0ng v\u1ea3i tho\u00e1ng kh\u00ed th\u00f4ng minh, \u0111\u1ea9y h\u01a1i n\u00f3ng \u1ea9m ra ngo\u00e0i, gi\u00fap da b\u00e9 lu\u00f4n tho\u00e1ng m\u00e1t.<br \/>\nV\u1edbi thi\u1ebft k\u1ebf n\u00e0y, t\u00ecnh tr\u1ea1ng h\u0103m t\u00e3 s\u1ebd ho\u00e0n to\u00e0n \u0111\u01b0\u1ee3c lo\u1ea1i b\u1ecf khi s\u1eed d\u1ee5ng.<\/p>\n<p>L\u00f5i si\u00eau th\u1ea5m \u0111a n\u0103ng v\u1edbi l\u1edbp kh\u00f3a ch\u1ea5t l\u1ecfng ADL xanh<br \/>\nThi\u1ebft k\u1ebf l\u00f5i si\u00eau th\u1ea5m \u0111a n\u0103ng v\u1edbi l\u1edbp kh\u00f3a ch\u1ea5t l\u1ecfng ADL xanh, gi\u00fap th\u1ea5m h\u00fat si\u00eau t\u1ed1c, ph\u00e2n t\u00e1n \u0111\u1ec1u v\u00e0 t\u1ed1i \u0111a l\u01b0\u1ee3ng ch\u1ea5t l\u1ecfng.<br \/>\nL\u00f5i b\u00f4ng si\u00eau m\u1ecfng \u0111\u01b0\u1ee3c t\u0103ng c\u01b0\u1eddng h\u1ea1t si\u00eau th\u1ea5m, t\u0103ng kh\u1ea3 n\u0103ng th\u1ea5m h\u00fat l\u00ean 25%, mang l\u1ea1i s\u1ef1 kh\u00f4 tho\u00e1ng tuy\u1ec7t \u0111\u1ed1i cho b\u00e9.<br \/>\nThi\u1ebft k\u1ebf g\u1ea1c h\u00f4ng ch\u1ed1ng tr\u00e0n: ng\u0103n ch\u1ea5t l\u1ecfng r\u00f2 r\u1ec9 ra b\u00ean ngo\u00e0i.<br \/>\nChi\u1ebft xu\u1ea5t tr\u00e0 xanh d\u1ecbu m\u00e1t, nh\u1eb9 nh\u00e0ng ch\u0103m s\u00f3c da b\u00e9 m\u1ec1m m\u1ecbn v\u00e0 th\u01a1m m\u00e1t h\u01a1n.<br \/>\nCh\u00fang t\u00f4i \u0111\u1ea3m b\u1ea3o:<br \/>\n&#8211; S\u1ea3n ph\u1ea9m \u0111\u01b0\u1ee3c ki\u1ec3m tra k\u0129 c\u00e0ng, nghi\u00eam ng\u1eb7t tr\u01b0\u1edbc khi giao h\u00e0ng.<br \/>\n&#8211; S\u1ea3n ph\u1ea9m lu\u00f4n c\u00f3 s\u1eb5n trong kho h\u00e0ng.<br \/>\n&#8211; \u0110\u00f3ng g\u00f3i c\u1ea9n th\u1eadn ngay sau khi nh\u1eadn \u0111\u01b0\u1ee3c \u0111\u01a1n h\u00e0ng.<br \/>\n&#8211; Giao h\u00e0ng to\u00e0n qu\u1ed1c, nh\u1eadn h\u00e0ng thanh to\u00e1n.<br \/>\n&#8211; H\u1ed7 tr\u1ee3 \u0111\u1ed5i tr\u1ea3 theo qu<\/p>\n","protected":false},"excerpt":{"rendered":"<p>T\u00e3 Qu\u1ea7n Unidry Ultra Jumbo Size M (7-12kg) Size L (9-14kg) Size XL (12-17kg) Size XXL (15 &#8211; 25kg) T\u00e3 qu\u1ea7n UniDry v\u1edbi thi\u1ebft k\u1ebf ch\u1eef T, l\u01b0ng thun m\u1ec1m m\u1ea1i v\u00e0 \u0111ai h\u00f4ng co gi\u00e3n n\u0103ng \u0111\u1ed9ng gi\u00fap b\u00e9 lu\u00f4n tho\u1ea3i m\u00e1i v\u00e0 n\u0103ng \u0111\u1ed9ng. L\u01b0ng thun co gi\u00e3n m\u1ec1m m\u1ea1i: t\u1ef1 \u0111i\u1ec1u ch\u1ec9nh&#8230;<\/p>\n","protected":false},"featured_media":7254,"comment_status":"open","ping_status":"closed","template":"","meta":[],"product_brand":[1528],"product_cat":[15,1392,1412,1448],"product_tag":[1789,1791,1786,1794,1787,1788,1793,1790,1795,1621,1792,1700],"class_list":{"0":"post-8886","1":"product","2":"type-product","3":"status-publish","4":"has-post-thumbnail","6":"product_brand-unidry","7":"product_cat-chua-phan-loai","8":"product_cat-me-va-be","9":"product_cat-ta-em-be-unidry","10":"product_cat-unidry-thuong-hieu-ban-yeu-thich","11":"product_tag-bim-dan-tre-em-ta-quan-cho-be","12":"product_tag-bim-quan-tre-em","13":"product_tag-bim-tre-em","14":"product_tag-bim-unidry","15":"product_tag-ta-bim-tre-em","16":"product_tag-ta-dan-tre-em","17":"product_tag-ta-dan-unidry","18":"product_tag-ta-quan-tre-em","19":"product_tag-ta-quan-unidry","20":"product_tag-ta-tre-em","21":"product_tag-ta-unidry","22":"product_tag-unidry","24":"first","25":"onbackorder","26":"shipping-taxable","27":"purchasable","28":"product-type-simple"},"acf":[],"_links":{"self":[{"href":"https:\/\/thanglongbeauty.vn\/index.php?rest_route=\/wp\/v2\/product\/8886","targetHints":{"allow":["GET"]}}],"collection":[{"href":"https:\/\/thanglongbeauty.vn\/index.php?rest_route=\/wp\/v2\/product"}],"about":[{"href":"https:\/\/thanglongbeauty.vn\/index.php?rest_route=\/wp\/v2\/types\/product"}],"replies":[{"embeddable":true,"href":"https:\/\/thanglongbeauty.vn\/index.php?rest_route=%2Fwp%2Fv2%2Fcomments&post=8886"}],"wp:featuredmedia":[{"embeddable":true,"href":"https:\/\/thanglongbeauty.vn\/index.php?rest_route=\/wp\/v2\/media\/7254"}],"wp:attachment":[{"href":"https:\/\/thanglongbeauty.vn\/index.php?rest_route=%2Fwp%2Fv2%2Fmedia&parent=8886"}],"wp:term":[{"taxonomy":"product_brand","embeddable":true,"href":"https:\/\/thanglongbeauty.vn\/index.php?rest_route=%2Fwp%2Fv2%2Fproduct_brand&post=8886"},{"taxonomy":"product_cat","embeddable":true,"href":"https:\/\/thanglongbeauty.vn\/index.php?rest_route=%2Fwp%2Fv2%2Fproduct_cat&post=8886"},{"taxonomy":"product_tag","embeddable":true,"href":"https:\/\/thanglongbeauty.vn\/index.php?rest_route=%2Fwp%2Fv2%2Fproduct_tag&post=8886"}],"curies":[{"name":"wp","href":"https:\/\/api.w.org\/{rel}","templated":true}]}}