{"id":8905,"date":"2025-10-20T04:10:20","date_gmt":"2025-10-20T04:10:20","guid":{"rendered":"https:\/\/thanglongbeauty.vn\/?post_type=product&#038;p=8905"},"modified":"2025-10-31T02:43:55","modified_gmt":"2025-10-31T02:43:55","slug":"tam-lot-nl-sunmate-10m12","status":"publish","type":"product","link":"https:\/\/thanglongbeauty.vn\/?product=tam-lot-nl-sunmate-10m12","title":{"rendered":"T\u1ea5m l\u00f3t NL Sunmate 10M*12"},"content":{"rendered":"<p>Th\u0103ng Long_beauty &#8211; C\u00f4ng TY TNHH D\u1ecaCH V\u1ee4 PH\u00c2N PH\u1ed0I TH\u0102NG LONG chuy\u00ean cung c\u1ea5p t\u00e3 d\u00e1n, t\u1ea3 qu\u1ea7n SUNMATE, Unidry ch\u00ednh h\u00e3ng<\/p>\n<p>S\u1ea3n ph\u1ea9m t\u1ea5m l\u00f3t SunMate d\u00e0nh cho c\u1ea3 nam v\u00e0 n\u1eef, ph\u00f9 h\u1ee3p v\u1edbi ng\u01b0\u1eddi h\u1ea1n ch\u1ebf kh\u1ea3 n\u0103ng \u0111i l\u1ea1i. H\u1ea1t gel t\u00e1c \u0111\u1ed9ng k\u00e9p si\u00eau th\u1ea5m h\u00fat v\u00e0 kh\u00e1ng khu\u1ea9n hi\u1ec7u qu\u1ea3 c\u00f9ng l\u1edbp d\u1eabn th\u1ea5m th\u00f4ng minh th\u1ea5m h\u00fat nhanh, ng\u0103n th\u1ea5m ng\u01b0\u1ee3c hi\u1ec7u qu\u1ea3, gi\u00fap lu\u00f4n kh\u00f4 tho\u00e1ng, tho\u1ea3i m\u00e1i cho ng\u01b0\u1eddi s\u1eed d\u1ee5ng.<br \/>\nS\u1ea3n ph\u1ea9m an to\u00e0n, ch\u1ea5t l\u01b0\u1ee3ng cao, \u0111\u01b0\u1ee3c s\u1ea3n xu\u1ea5t \u0111\u1ea1t ti\u00eau chu\u1ea9n GMP v\u00e0 ch\u1ee9ng nh\u1eadn qu\u1ea3n l\u00fd ch\u1ea5t l\u01b0\u1ee3ng qu\u1ed1c t\u1ebf ISO 9001<\/p>\n<h2>\u0110\u1ed0I T\u01af\u1ee2NG S\u1eec D\u1ee4NG T\u1ea4M L\u00d3T SUNMATE:<\/h2>\n<p>T\u1ea5m l\u00f3t SunMate \u0111\u01b0\u1ee3c d\u00f9ng ch\u0103m s\u00f3c v\u1ec7 sinh cho b\u1ec7nh nh\u00e2n sau m\u1ed5, b\u1ec7nh nh\u00e2n n\u1eb1m l\u00e2u tr\u00ean g\u01b0\u1eddng b\u1ec7nh, ph\u1ee5 n\u1eefa sau sinh, ng\u01b0\u1eddi s\u1eed d\u1ee5ng t\u00e3 c\u1ea7n h\u1ed7 tr\u1ee3 th\u00eam, b\u1ea3o v\u1ec7 ch\u1ed1ng tr\u00e0n v\u00e0 gi\u1eef v\u1ec7 sinh gi\u01b0\u1eddng, gh\u1ebf, xe l\u0103n\u2026.<\/p>\n<p>K\u00cdCH C\u1ee0:<br \/>\nK\u00edch c\u1ee1 V\u00f2ng b\u1ee5ng S\u1ed1 mi\u1ebfng\/t\u00fai<br \/>\nM 45 cm x 70cm 10<\/p>\n<p><a href=\"https:\/\/thanglongbeauty.vn\/wp-content\/uploads\/2025\/10\/tam-lot-sunmate-2.png\"><img loading=\"lazy\" decoding=\"async\" class=\"alignnone size-medium wp-image-9931\" src=\"https:\/\/thanglongbeauty.vn\/wp-content\/uploads\/2025\/10\/tam-lot-sunmate-2-300x300.png\" alt=\"\" width=\"300\" height=\"300\" srcset=\"https:\/\/thanglongbeauty.vn\/wp-content\/uploads\/2025\/10\/tam-lot-sunmate-2-300x300.png 300w, https:\/\/thanglongbeauty.vn\/wp-content\/uploads\/2025\/10\/tam-lot-sunmate-2-150x150.png 150w, https:\/\/thanglongbeauty.vn\/wp-content\/uploads\/2025\/10\/tam-lot-sunmate-2-768x768.png 768w, https:\/\/thanglongbeauty.vn\/wp-content\/uploads\/2025\/10\/tam-lot-sunmate-2-600x600.png 600w, https:\/\/thanglongbeauty.vn\/wp-content\/uploads\/2025\/10\/tam-lot-sunmate-2-100x100.png 100w, https:\/\/thanglongbeauty.vn\/wp-content\/uploads\/2025\/10\/tam-lot-sunmate-2-64x64.png 64w, https:\/\/thanglongbeauty.vn\/wp-content\/uploads\/2025\/10\/tam-lot-sunmate-2.png 900w\" sizes=\"auto, (max-width: 300px) 100vw, 300px\" \/><\/a><\/p>\n<h2>\u0110\u1eb6C \u0110I\u1ec2M S\u1ea2N PH\u1ea8M T\u1ea4M L\u00d3T SUNMATE:<\/h2>\n<p>&#8211; L\u00f5i si\u00eau th\u1ea5m v\u1edbi h\u1ea1t si\u00eau th\u1ea5m \u2013 kh\u00e1ng khu\u1ea9n \u2013 kh\u1eed m\u00f9i: t\u0103ng kh\u1ea3 n\u0103ng th\u1ea5m h\u00fat v\u01b0\u1ee3t tr\u1ed9i, h\u1ea1n ch\u1ebf s\u1ef1 ph\u00e1t tri\u1ec3n c\u1ee7a vi khu\u1ea9n v\u00e0 gi\u1ea3m thi\u1ec3u m\u00f9i kh\u00f3 ch\u1ecbu.<br \/>\n&#8211; B\u1ec1 m\u1eb7t m\u1ec1m m\u1ea1i: th\u1ea5m h\u00fat ch\u1ea5t l\u1ecfng v\u00e0 h\u01a1i \u1ea9m hi\u1ec7u qu\u1ea3, cho b\u1ec1 m\u1eb7t nhanh kh\u00f4 tho\u00e1ng, gi\u00fap ch\u0103m s\u00f3c da t\u1ed1t nh\u1ea5t.<br \/>\n&#8211; M\u00e0ng \u0111\u00e1y PE ch\u1ed1ng tr\u00e0n: ng\u0103n tuy\u1ec7t \u0111\u1ed1i ch\u1ea5t l\u1ecfng r\u00f2 r\u1ec9 ra ngo\u00e0i, gi\u00fap gi\u1eef v\u1ec7 sinh ng\u01b0\u1eddi d\u00f9ng v\u00e0 g\u1eef s\u1ea1ch b\u1ec1 m\u1eb7t gi\u01b0\u1eddng, gh\u1ebf, xe l\u0103n\u2026..<br \/>\n&#8211; Thi\u1ebft k\u1ebf tr\u1ea3i r\u1ed9ng: t\u1ed1i \u0111a di\u1ec7n t\u00edch b\u1ec1 m\u1eb7t, gi\u00fap ng\u01b0\u1eddi d\u00f9ng tho\u1ea3i m\u00e1i trong m\u1ecdi c\u1eed \u0111\u1ed9ng<\/p>\n<p><a href=\"https:\/\/thanglongbeauty.vn\/wp-content\/uploads\/2025\/10\/tam-lot-sunmate.png\"><img loading=\"lazy\" decoding=\"async\" class=\"alignnone size-medium wp-image-9933\" src=\"https:\/\/thanglongbeauty.vn\/wp-content\/uploads\/2025\/10\/tam-lot-sunmate-300x300.png\" alt=\"\" width=\"300\" height=\"300\" srcset=\"https:\/\/thanglongbeauty.vn\/wp-content\/uploads\/2025\/10\/tam-lot-sunmate-300x300.png 300w, https:\/\/thanglongbeauty.vn\/wp-content\/uploads\/2025\/10\/tam-lot-sunmate-150x150.png 150w, https:\/\/thanglongbeauty.vn\/wp-content\/uploads\/2025\/10\/tam-lot-sunmate-768x768.png 768w, https:\/\/thanglongbeauty.vn\/wp-content\/uploads\/2025\/10\/tam-lot-sunmate-600x600.png 600w, https:\/\/thanglongbeauty.vn\/wp-content\/uploads\/2025\/10\/tam-lot-sunmate-100x100.png 100w, https:\/\/thanglongbeauty.vn\/wp-content\/uploads\/2025\/10\/tam-lot-sunmate-64x64.png 64w, https:\/\/thanglongbeauty.vn\/wp-content\/uploads\/2025\/10\/tam-lot-sunmate.png 900w\" sizes=\"auto, (max-width: 300px) 100vw, 300px\" \/><\/a> <a href=\"https:\/\/thanglongbeauty.vn\/wp-content\/uploads\/2025\/10\/tam-lot-sunmate-3.png\"><img loading=\"lazy\" decoding=\"async\" class=\"alignnone size-medium wp-image-9932\" src=\"https:\/\/thanglongbeauty.vn\/wp-content\/uploads\/2025\/10\/tam-lot-sunmate-3-300x300.png\" alt=\"\" width=\"300\" height=\"300\" srcset=\"https:\/\/thanglongbeauty.vn\/wp-content\/uploads\/2025\/10\/tam-lot-sunmate-3-300x300.png 300w, https:\/\/thanglongbeauty.vn\/wp-content\/uploads\/2025\/10\/tam-lot-sunmate-3-150x150.png 150w, https:\/\/thanglongbeauty.vn\/wp-content\/uploads\/2025\/10\/tam-lot-sunmate-3-768x768.png 768w, https:\/\/thanglongbeauty.vn\/wp-content\/uploads\/2025\/10\/tam-lot-sunmate-3-600x600.png 600w, https:\/\/thanglongbeauty.vn\/wp-content\/uploads\/2025\/10\/tam-lot-sunmate-3-100x100.png 100w, https:\/\/thanglongbeauty.vn\/wp-content\/uploads\/2025\/10\/tam-lot-sunmate-3-64x64.png 64w, https:\/\/thanglongbeauty.vn\/wp-content\/uploads\/2025\/10\/tam-lot-sunmate-3.png 900w\" sizes=\"auto, (max-width: 300px) 100vw, 300px\" \/><\/a><\/p>\n<h2>H\u01af\u1edaNG D\u1eaaN S\u1eec D\u1ee4NG T\u1ea4M L\u00d3T SUNMATE:<\/h2>\n<p>1.Tr\u1ea3i ph\u1eb3ng t\u1ea5m l\u00f3t l\u00ean b\u1ec1 m\u1eb7t gi\u01b0\u1eddng, gh\u1ebf, \u2026<br \/>\n2. Gi\u00fap ng\u01b0\u1eddi s\u1eed d\u1ee5ng ng\u1ed3i\/n\u1eb1m l\u00ean t\u1ea5m l\u00f3t, \u0111i\u1ec1u h\u00ecnh t\u1ea5m l\u00f3t cho ph\u00f9 h\u1ee3p<\/p>\n<p><a href=\"https:\/\/thanglongbeauty.vn\/wp-content\/uploads\/2025\/10\/tam-lot-sunmate-huong-dan-su-dung.png\"><img loading=\"lazy\" decoding=\"async\" class=\"alignnone size-medium wp-image-9934\" src=\"https:\/\/thanglongbeauty.vn\/wp-content\/uploads\/2025\/10\/tam-lot-sunmate-huong-dan-su-dung-300x300.png\" alt=\"\" width=\"300\" height=\"300\" srcset=\"https:\/\/thanglongbeauty.vn\/wp-content\/uploads\/2025\/10\/tam-lot-sunmate-huong-dan-su-dung-300x300.png 300w, https:\/\/thanglongbeauty.vn\/wp-content\/uploads\/2025\/10\/tam-lot-sunmate-huong-dan-su-dung-150x150.png 150w, https:\/\/thanglongbeauty.vn\/wp-content\/uploads\/2025\/10\/tam-lot-sunmate-huong-dan-su-dung-768x768.png 768w, https:\/\/thanglongbeauty.vn\/wp-content\/uploads\/2025\/10\/tam-lot-sunmate-huong-dan-su-dung-600x600.png 600w, https:\/\/thanglongbeauty.vn\/wp-content\/uploads\/2025\/10\/tam-lot-sunmate-huong-dan-su-dung-100x100.png 100w, https:\/\/thanglongbeauty.vn\/wp-content\/uploads\/2025\/10\/tam-lot-sunmate-huong-dan-su-dung-64x64.png 64w, https:\/\/thanglongbeauty.vn\/wp-content\/uploads\/2025\/10\/tam-lot-sunmate-huong-dan-su-dung.png 900w\" sizes=\"auto, (max-width: 300px) 100vw, 300px\" \/><\/a><\/p>\n<p>L\u01afU \u00dd KHI S\u1eec D\u1ee4NG:<br \/>\n&#8211; Thay t\u00e3 sau kho\u1ea3ng 3h -4h v\u00e0 ngay sau khi ng\u01b0\u1eddi d\u00f9ng ti\u00eau b\u1ea9n, \u0111\u1ec3 gi\u1eef cho ng\u01b0\u1eddi d\u00f9ng lu\u00f4n s\u1ea1ch s\u1ebd<br \/>\n&#8211; Cu\u1ed9n l\u1ea1i v\u00e0 b\u1ecf v\u00e0o th\u00f9ng r\u00e1c sau khi s\u1eed d\u1ee5ng, kh\u00f4ng ti\u00eau h\u1ee7y v\u00e0o b\u1ed3n c\u1ea7u<br \/>\n&#8211; B\u1ea3o qu\u1ea3n n\u01a1i kh\u00f4 r\u00e1o, s\u1ea1ch s\u1ebd.<\/p>\n<p>Xu\u1ea5t x\u1ee9: Vi\u1ec7t Nam<br \/>\nH\u1ea1n s\u1eed d\u1ee5ng: 3 n\u0103m k\u1ec3 t\u1eeb ng\u00e0y s\u1ea3n xu\u1ea5t<\/p>\n<p>TH\u00d4NG TIN TH\u01af\u01a0NG HI\u1ec6U:<br \/>\nSunMate l\u00e0 m\u1ed9t th\u01b0\u01a1ng hi\u1ec7u thu\u1ed9c s\u1edf h\u1eefu c\u1ee7a c\u00f4ng ty Taisun Vi\u1ec7t Nam l\u00e0 C\u00f4ng ty v\u1edbi h\u01a1n 20 n\u0103m chuy\u00ean s\u1ea3n xu<\/p>\n","protected":false},"excerpt":{"rendered":"<p>Th\u0103ng Long_beauty &#8211; C\u00f4ng TY TNHH D\u1ecaCH V\u1ee4 PH\u00c2N PH\u1ed0I TH\u0102NG LONG chuy\u00ean cung c\u1ea5p t\u00e3 d\u00e1n, t\u1ea3 qu\u1ea7n SUNMATE, Unidry ch\u00ednh h\u00e3ng S\u1ea3n ph\u1ea9m t\u1ea5m l\u00f3t SunMate d\u00e0nh cho c\u1ea3 nam v\u00e0 n\u1eef, ph\u00f9 h\u1ee3p v\u1edbi ng\u01b0\u1eddi h\u1ea1n ch\u1ebf kh\u1ea3 n\u0103ng \u0111i l\u1ea1i. H\u1ea1t gel t\u00e1c \u0111\u1ed9ng k\u00e9p si\u00eau th\u1ea5m h\u00fat v\u00e0 kh\u00e1ng khu\u1ea9n&#8230;<\/p>\n","protected":false},"featured_media":7489,"comment_status":"open","ping_status":"closed","template":"","meta":[],"product_brand":[1541],"product_cat":[15,1446,1410,1413],"product_tag":[1654,504,1653,157,1655,505,1662,1657,1663,1658,1661,1659,1660],"class_list":{"0":"post-8905","1":"product","2":"type-product","3":"status-publish","4":"has-post-thumbnail","6":"product_brand-sunmate","7":"product_cat-chua-phan-loai","8":"product_cat-sunmate","9":"product_cat-ta-nguoi-lon","10":"product_cat-ta-nguoi-lon-sunmate","11":"product_tag-bim-nguoi-gia","12":"product_tag-sunmate","13":"product_tag-ta-bim-nguoi-gia","14":"product_tag-ta-bim-nguoi-lon","15":"product_tag-ta-dan-nguoi-gia","16":"product_tag-ta-dan-nguoi-lon","17":"product_tag-ta-dan-sunmate","18":"product_tag-ta-quan-nguoi-lon","19":"product_tag-ta-quan-sunmate","20":"product_tag-tam-lot","21":"product_tag-tam-lot-caryn","22":"product_tag-tam-lot-nguoi-gia","23":"product_tag-tam-lot-nguoi-lon","25":"first","26":"instock","27":"shipping-taxable","28":"purchasable","29":"product-type-simple"},"acf":[],"_links":{"self":[{"href":"https:\/\/thanglongbeauty.vn\/index.php?rest_route=\/wp\/v2\/product\/8905","targetHints":{"allow":["GET"]}}],"collection":[{"href":"https:\/\/thanglongbeauty.vn\/index.php?rest_route=\/wp\/v2\/product"}],"about":[{"href":"https:\/\/thanglongbeauty.vn\/index.php?rest_route=\/wp\/v2\/types\/product"}],"replies":[{"embeddable":true,"href":"https:\/\/thanglongbeauty.vn\/index.php?rest_route=%2Fwp%2Fv2%2Fcomments&post=8905"}],"wp:featuredmedia":[{"embeddable":true,"href":"https:\/\/thanglongbeauty.vn\/index.php?rest_route=\/wp\/v2\/media\/7489"}],"wp:attachment":[{"href":"https:\/\/thanglongbeauty.vn\/index.php?rest_route=%2Fwp%2Fv2%2Fmedia&parent=8905"}],"wp:term":[{"taxonomy":"product_brand","embeddable":true,"href":"https:\/\/thanglongbeauty.vn\/index.php?rest_route=%2Fwp%2Fv2%2Fproduct_brand&post=8905"},{"taxonomy":"product_cat","embeddable":true,"href":"https:\/\/thanglongbeauty.vn\/index.php?rest_route=%2Fwp%2Fv2%2Fproduct_cat&post=8905"},{"taxonomy":"product_tag","embeddable":true,"href":"https:\/\/thanglongbeauty.vn\/index.php?rest_route=%2Fwp%2Fv2%2Fproduct_tag&post=8905"}],"curies":[{"name":"wp","href":"https:\/\/api.w.org\/{rel}","templated":true}]}}