{"id":8911,"date":"2025-10-20T04:10:21","date_gmt":"2025-10-20T04:10:21","guid":{"rendered":"https:\/\/thanglongbeauty.vn\/?post_type=product&#038;p=8911"},"modified":"2025-10-21T07:57:42","modified_gmt":"2025-10-21T07:57:42","slug":"ta-bim-quan-caryn-mong-nhe-l28-mieng","status":"publish","type":"product","link":"https:\/\/thanglongbeauty.vn\/?product=ta-bim-quan-caryn-mong-nhe-l28-mieng","title":{"rendered":"T\u00e3\/B\u1ec9m Qu\u1ea7n Caryn M\u1ecfng nh\u1eb9 L28 Mi\u1ebfng"},"content":{"rendered":"<p>B\u1ec9m ng\u01b0\u1eddi l\u1edbn CARYN si\u00eau m\u1ecfng nh\u1eb9 d\u1ea1ng qu\u1ea7n, t\u00e3 ng\u01b0\u1eddi gi\u00e0 ch\u1ed1ng tr\u00e0n m\u1ec1m m\u1ea1i di chuy\u1ec3n ti\u1ec7n l\u1ee3i size M32\/L28<\/p>\n<p>V\u1edbi thi\u1ebft k\u1ebf d\u1ea1ng qu\u1ea7n l\u00f3t si\u00eau m\u1ecfng nh\u1eb9, t\u00e3 ng\u01b0\u1eddi l\u1edbn Caryn gi\u00fap ng\u01b0\u1eddi d\u00f9ng d\u1ec5 d\u00e0ng t\u1ef1 m\u1eb7c ho\u1eb7c thay t\u00e3 \u0111em l\u1ea1i c\u1ea3m gi\u00e1c tho\u1ea3i m\u00e1i v\u00f4 c\u00f9ng khi v\u1eadn \u0111\u1ed9ng. \u0110\u00e2y l\u00e0 s\u1ea3n ph\u1ea9m b\u00ecm r\u1ea5t ph\u00f9 h\u1ee3p v\u1edbi nh\u1eefng ng\u01b0\u1eddi c\u00f3 v\u1ea5n \u0111\u1ec1 v\u1ec1 b\u00e0i ti\u1ebft nh\u1eefng c\u00f3 th\u1ec3 t\u1ef1 di chuy\u1ec3n, b\u1ec9m qu\u1ea7n ng\u01b0\u1eddi l\u1edbn Caryn s\u1ebd gi\u00fap h\u1ecd t\u1ef1 tin tham gia c\u00e1c ho\u1ea1t \u0111\u1ed9ng th\u01b0\u1eddng ng\u00e0y.<\/p>\n<p>Th\u00f4ng tin s\u1ea3n ph\u1ea9m b\u1ec9m ng\u01b0\u1eddi gi\u00e0 CARYN d\u1ea1ng qu\u1ea7n si\u00eau m\u1ecfng nh\u1eb9 ch\u1ed1ng tr\u00e0n<br \/>\n&#8211; S\u1ea3n ph\u1ea9m 100% l\u00e0 h\u00e0ng thi\u1ebft k\u1ebf ch\u00ednh h\u00e3ng<br \/>\n&#8211; Size: M32-L28<br \/>\n&#8211; Th\u01b0\u01a1ng hi\u1ec7u: Caryn<br \/>\n&#8211; Xu\u1ea5t x\u1ee9: Vi\u1ec7t Nam. S\u1ea3n xu\u1ea5t theo d\u00e2y chuy\u1ec1n c\u00f4ng ngh\u1ec7 Nh\u1eadt B\u1ea3n<br \/>\n&#8211; H\u1ea1n s\u1eed d\u1ee5ng: 4 n\u0103m k\u1ec3 t\u1eeb ng\u00e0y s\u1ea3n xu\u1ea5t<br \/>\nS\u1ed1 l\u01b0\u1ee3ng trong m\u1ed9t g\u00f3i \u0111a d\u1ea1ng c\u00e1c b\u1ea1n l\u01b0u \u00fd ch\u1ecdn \u0111\u00fang ph\u00e2n lo\u1ea1i c\u1ea7n nh\u00e9<\/p>\n<p>C\u00f4ng d\u1ee5ng t\u00e3 ng\u01b0\u1eddi l\u1edbn Caryn d\u1ea1ng qu\u1ea7n m\u1ecfng nh\u1eb9 ch\u1ed1ng tr\u00e0n<br \/>\n&#8211; Thi\u1ebft k\u1ebf si\u00eau m\u1ec1m c\u1ee7a thun h\u00f4ng gi\u00fap d\u1ec5 d\u00e0ng khi m\u1eb7c v\u00e0 k\u00e9o l\u00ean\/ xu\u1ed1ng. \u0110\u1ed3ng th\u1eddi gi\u1eef cho mi\u1ebfng t\u00e3 qu\u1ea7n kh\u00f4ng b\u1ecb tr\u01b0\u1ee3t l\u00ean xu\u1ed1ng khi v\u1eadn \u0111\u1ed9ng. T\u00e3 qu\u1ea7n Caryn t\u1ea1o c\u1ea3m gi\u00e1c c\u1ef1c k\u1ef3 tho\u1ea3i m\u00e1i v\u00e0 kh\u00f4ng \u0111\u1ec3 l\u1ea1i v\u1ebft h\u1eb1n do s\u1eed d\u1ee5ng ch\u1ea5t li\u1ec7u m\u1ec1m m\u1ea1i<br \/>\n&#8211;  V\u1edbi ch\u1ea5t li\u1ec7u l\u00f5i b\u00f4ng si\u00eau th\u1ea5m th\u00ec b\u1ec9m qu\u1ea7n ng\u01b0\u1eddi l\u1edbn Caryn th\u1ea5m h\u00fat si\u00eau nhanh v\u00e0 c\u1ef1c k\u1ef3 hi\u1ec7u qu\u1ea3, gi\u1eef b\u1ec1 m\u1eb7t lu\u00f4n kh\u00f4 tho\u00e1ng.<br \/>\n&#8211; V\u00e1ch ch\u1ed1ng tr\u00e0o k\u00e9p \u0111\u01b0\u1ee3c thi\u1ebft k\u1ebf si\u00eau m\u1ec1m tuy\u1ec7t \u0111\u1ed1i kh\u00f4ng g\u00e2y kh\u00f3 ch\u1ecbu hay \u0111\u1ec3 l\u1ea1i v\u1ebft h\u1eb1n tr\u00ean da. \u0110\u1ed3ng th\u1eddi, kh\u00f3a d\u00ednh \u0111\u00f4i \u0111\u1ea3m b\u1ea3o t\u00e3 lu\u00f4n ch\u1eafc ch\u1eafn ngay c\u1ea3 khi xoay tr\u1edf, v\u1eadn \u0111\u1ed9ng, h\u1ea1n ch\u1ebft t\u1ed1i \u0111a t\u00ecnh tr\u1ea1ng ch\u1ea5t l\u1ecfng tr\u00e0o ra ngo\u00e0i.<br \/>\n&#8211; M\u00e0ng \u0111\u00e1y tho\u00e1ng kh\u00ed d\u1ea1ng v\u1ea3i 100% Air-Active  cho ph\u00e9p h\u01a1i \u1ea9m tho\u00e1t qua, gi\u00fap da h\u00f4 h\u1ea5p v\u1edbi kh\u00f4ng kh\u00ed t\u1ef1 nhi\u00ean v\u00e0 tr\u00e1nh h\u0103m b\u00ed.<br \/>\n&#8211; Hi\u1ec3n th\u1ecb \u0111\u1ed9 \u1ea9m \u01b0\u1edbt: Khi t\u00e3 th\u1ea5m h\u00fat nhi\u1ec1u, l\u1edbp m\u1ef1c in b\u00ean tr\u00ean s\u1ebd m\u1edd d\u1ea7n b\u00e1o hi\u1ec7u \u0111\u00e3 \u0111\u1ebfn l\u00fac ph\u1ea3i thay t\u00e3.<\/p>\n<p>H\u01b0\u1edbng d\u1eabn s\u1eed d\u1ee5ng b\u1ec9m qu\u1ea7n Caryn size M32\/L28<br \/>\n&#8211; B\u1eaft \u0111\u1ea7u \u1edf t\u01b0 th\u1ebf ng\u1ed3i, \u0111\u1eb7t t\u1eebng ch\u00e2n ng\u01b0\u1eddi d\u00f9ng v\u00e0o t\u00e3 qu\u1ea7n.<br \/>\n&#8211; Nh\u1eb9 nh\u00e0ng k\u00e9o mi\u1ebfng t\u00e3 qua \u0111\u1ea7u g\u1ed1i l\u00ean \u0111\u00f9i.<br \/>\n&#8211; \u0110\u1eb7t tay ng\u01b0\u1eddi d\u00f9ng v\u00f2ng l\u00ean vai \u0111\u1ec3 t\u1ea1o \u0111i\u1ec3m t\u1ef1a.<br \/>\n&#8211; H\u1ed7 tr\u1ee3 ng\u01b0\u1eddi d\u00f9ng \u0111\u1ee9ng<\/p>\n","protected":false},"excerpt":{"rendered":"<p>B\u1ec9m ng\u01b0\u1eddi l\u1edbn CARYN si\u00eau m\u1ecfng nh\u1eb9 d\u1ea1ng qu\u1ea7n, t\u00e3 ng\u01b0\u1eddi gi\u00e0 ch\u1ed1ng tr\u00e0n m\u1ec1m m\u1ea1i di chuy\u1ec3n ti\u1ec7n l\u1ee3i size M32\/L28 V\u1edbi thi\u1ebft k\u1ebf d\u1ea1ng qu\u1ea7n l\u00f3t si\u00eau m\u1ecfng nh\u1eb9, t\u00e3 ng\u01b0\u1eddi l\u1edbn Caryn gi\u00fap ng\u01b0\u1eddi d\u00f9ng d\u1ec5 d\u00e0ng t\u1ef1 m\u1eb7c ho\u1eb7c thay t\u00e3 \u0111em l\u1ea1i c\u1ea3m gi\u00e1c tho\u1ea3i m\u00e1i v\u00f4 c\u00f9ng khi v\u1eadn&#8230;<\/p>\n","protected":false},"featured_media":7519,"comment_status":"open","ping_status":"closed","template":"","meta":[],"product_brand":[1539],"product_cat":[15,1410,1411],"product_tag":[1654,153,1653,157,511,1652,1655,505,1656,1657,1658,1661,1659,1660],"class_list":{"0":"post-8911","1":"product","2":"type-product","3":"status-publish","4":"has-post-thumbnail","6":"product_brand-caryn","7":"product_cat-chua-phan-loai","8":"product_cat-ta-nguoi-lon","9":"product_cat-ta-nguoi-lon-caryn","10":"product_tag-bim-nguoi-gia","11":"product_tag-caryn","12":"product_tag-ta-bim-nguoi-gia","13":"product_tag-ta-bim-nguoi-lon","14":"product_tag-ta-caryn","15":"product_tag-ta-dan-caryn","16":"product_tag-ta-dan-nguoi-gia","17":"product_tag-ta-dan-nguoi-lon","18":"product_tag-ta-quan-caryn","19":"product_tag-ta-quan-nguoi-lon","20":"product_tag-tam-lot","21":"product_tag-tam-lot-caryn","22":"product_tag-tam-lot-nguoi-gia","23":"product_tag-tam-lot-nguoi-lon","25":"first","26":"instock","27":"sale","28":"shipping-taxable","29":"purchasable","30":"product-type-simple"},"acf":[],"_links":{"self":[{"href":"https:\/\/thanglongbeauty.vn\/index.php?rest_route=\/wp\/v2\/product\/8911","targetHints":{"allow":["GET"]}}],"collection":[{"href":"https:\/\/thanglongbeauty.vn\/index.php?rest_route=\/wp\/v2\/product"}],"about":[{"href":"https:\/\/thanglongbeauty.vn\/index.php?rest_route=\/wp\/v2\/types\/product"}],"replies":[{"embeddable":true,"href":"https:\/\/thanglongbeauty.vn\/index.php?rest_route=%2Fwp%2Fv2%2Fcomments&post=8911"}],"wp:featuredmedia":[{"embeddable":true,"href":"https:\/\/thanglongbeauty.vn\/index.php?rest_route=\/wp\/v2\/media\/7519"}],"wp:attachment":[{"href":"https:\/\/thanglongbeauty.vn\/index.php?rest_route=%2Fwp%2Fv2%2Fmedia&parent=8911"}],"wp:term":[{"taxonomy":"product_brand","embeddable":true,"href":"https:\/\/thanglongbeauty.vn\/index.php?rest_route=%2Fwp%2Fv2%2Fproduct_brand&post=8911"},{"taxonomy":"product_cat","embeddable":true,"href":"https:\/\/thanglongbeauty.vn\/index.php?rest_route=%2Fwp%2Fv2%2Fproduct_cat&post=8911"},{"taxonomy":"product_tag","embeddable":true,"href":"https:\/\/thanglongbeauty.vn\/index.php?rest_route=%2Fwp%2Fv2%2Fproduct_tag&post=8911"}],"curies":[{"name":"wp","href":"https:\/\/api.w.org\/{rel}","templated":true}]}}