{"id":8917,"date":"2025-10-20T04:10:22","date_gmt":"2025-10-20T04:10:22","guid":{"rendered":"https:\/\/thanglongbeauty.vn\/san-pham\/ta-bim-quan-bobby-st-m42-mieng\/"},"modified":"2026-01-13T11:07:26","modified_gmt":"2026-01-13T11:07:26","slug":"ta-bim-quan-bobby-st-m42-mieng","status":"publish","type":"product","link":"https:\/\/thanglongbeauty.vn\/?product=ta-bim-quan-bobby-st-m42-mieng","title":{"rendered":"T\u00e3\/B\u1ec9m Qu\u1ea7n Bobby ST M42 Mi\u1ebfng"},"content":{"rendered":"<p>B\u1ec1 m\u1eb7t 3D kh\u00f4 tho\u00e1ng<\/p>\n<p>T\u00e3 qu\u1ea7n Bobby size L c\u00f3 b\u1ec1 m\u1eb7t c\u1ea5u t\u1ea1o d\u1ea1ng s\u00f3ng v\u1edbi v\u00f4 s\u1ed1 r\u00e3nh th\u1ea5m h\u00fat si\u00eau nhanh, \u0111\u1ea9y h\u01a1i n\u00f3ng \u1ea9m ra ngo\u00e0i cho b\u1ec1 m\u1eb7t t\u00e3 kh\u00f4 tho\u00e1ng.<\/p>\n<p>L\u1edbp th\u1ea5m nhanh si\u00eau t\u1ed1c<\/p>\n<p>Nhanh ch\u00f3ng d\u00e0n \u0111\u1ec1u v\u00e0 gi\u1eef s\u00e2u ch\u1ea5t l\u1ecfng, th\u1ea5m h\u00fat th\u1eadt nhi\u1ec1u m\u00e0 kh\u00f4ng lo d\u00e0y b\u00ed, b\u00e9 lu\u00f4n kh\u00f4 tho\u00e1ng.<\/p>\n<p>3 v\u00f9ng chun h\u00f4ng linh ho\u1ea1t<\/p>\n<p>Co gi\u00e3n linh ho\u1ea1t \u0111a chi\u1ec1u theo t\u1eebng c\u1eed \u0111\u1ed9ng n\u00ean lu\u00f4n \u00f4m v\u1eeba v\u1eb7n, tho\u1ea3i m\u00e1i.<\/p>\n<p>M\u00e0ng \u0111\u00e1y tho\u00e1t \u1ea9m \u0111a chi\u1ec1u<\/p>\n<p>\u0110\u1ea9y h\u01a1i n\u00f3ng \u1ea9m ra ngo\u00e0i, gi\u00fap da h\u00f4 h\u1ea5p t\u1ef1 nhi\u00ean, ng\u0103n ng\u1eeba h\u0103m t\u00e3.<\/p>\n<p>D\u1ea3i b\u0103ng d\u00ednh cu\u1ed1n mi\u1ebfng t\u00e3 sau s\u1eed d\u1ee5ng<\/p>\n<p>Gi\u00fap cu\u1ed1n mi\u1ebfng t\u00e3 l\u1ea1i g\u1ecdn g\u00e0ng sau s\u1eed d\u1ee5ng, gi\u1eef v\u1ec7 sinh v\u00e0 ti\u1ec7n l\u1ee3i.<\/p>\n<p>Tinh ch\u1ea5t tr\u00e0 xanh<\/p>\n<p>C\u00f4ng d\u1ee5ng kh\u00e1ng khu\u1ea9n v\u00e0 kh\u1eed m\u00f9i nh\u1eb9 nh\u00e0ng mang l\u1ea1i h\u01b0\u01a1ng th\u01a1m m\u00e1t gi\u00fap ng\u0103n ng\u1eeba h\u0103m t\u00e3 hi\u1ec7u qu\u1ea3.<\/p>\n","protected":false},"excerpt":{"rendered":"<p>B\u1ec1 m\u1eb7t 3D kh\u00f4 tho\u00e1ng T\u00e3 qu\u1ea7n Bobby size L c\u00f3 b\u1ec1 m\u1eb7t c\u1ea5u t\u1ea1o d\u1ea1ng s\u00f3ng v\u1edbi v\u00f4 s\u1ed1 r\u00e3nh th\u1ea5m h\u00fat si\u00eau nhanh, \u0111\u1ea9y h\u01a1i n\u00f3ng \u1ea9m ra ngo\u00e0i cho b\u1ec1 m\u1eb7t t\u00e3 kh\u00f4 tho\u00e1ng. L\u1edbp th\u1ea5m nhanh si\u00eau t\u1ed1c Nhanh ch\u00f3ng d\u00e0n \u0111\u1ec1u v\u00e0 gi\u1eef s\u00e2u ch\u1ea5t l\u1ecfng, th\u1ea5m h\u00fat th\u1eadt nhi\u1ec1u&#8230;<\/p>\n","protected":false},"featured_media":7419,"comment_status":"open","ping_status":"closed","template":"","meta":[],"product_brand":[1506],"product_cat":[15,1444,1392,1402],"product_tag":[1626,1623,146,1624,1622,1625,1621],"class_list":{"0":"post-8917","1":"product","2":"type-product","3":"status-publish","4":"has-post-thumbnail","6":"product_brand-bobby","7":"product_cat-chua-phan-loai","8":"product_cat-bobby","9":"product_cat-me-va-be","10":"product_cat-ta-bobby","11":"product_tag-bim-le","12":"product_tag-bobby","13":"product_tag-ta-bim","14":"product_tag-ta-bim-bobby","15":"product_tag-ta-quan-bobby","16":"product_tag-ta-quan-em-be","17":"product_tag-ta-tre-em","19":"first","20":"instock","21":"sale","22":"shipping-taxable","23":"purchasable","24":"product-type-simple"},"acf":[],"_links":{"self":[{"href":"https:\/\/thanglongbeauty.vn\/index.php?rest_route=\/wp\/v2\/product\/8917","targetHints":{"allow":["GET"]}}],"collection":[{"href":"https:\/\/thanglongbeauty.vn\/index.php?rest_route=\/wp\/v2\/product"}],"about":[{"href":"https:\/\/thanglongbeauty.vn\/index.php?rest_route=\/wp\/v2\/types\/product"}],"replies":[{"embeddable":true,"href":"https:\/\/thanglongbeauty.vn\/index.php?rest_route=%2Fwp%2Fv2%2Fcomments&post=8917"}],"wp:featuredmedia":[{"embeddable":true,"href":"https:\/\/thanglongbeauty.vn\/index.php?rest_route=\/wp\/v2\/media\/7419"}],"wp:attachment":[{"href":"https:\/\/thanglongbeauty.vn\/index.php?rest_route=%2Fwp%2Fv2%2Fmedia&parent=8917"}],"wp:term":[{"taxonomy":"product_brand","embeddable":true,"href":"https:\/\/thanglongbeauty.vn\/index.php?rest_route=%2Fwp%2Fv2%2Fproduct_brand&post=8917"},{"taxonomy":"product_cat","embeddable":true,"href":"https:\/\/thanglongbeauty.vn\/index.php?rest_route=%2Fwp%2Fv2%2Fproduct_cat&post=8917"},{"taxonomy":"product_tag","embeddable":true,"href":"https:\/\/thanglongbeauty.vn\/index.php?rest_route=%2Fwp%2Fv2%2Fproduct_tag&post=8917"}],"curies":[{"name":"wp","href":"https:\/\/api.w.org\/{rel}","templated":true}]}}