{"id":8921,"date":"2025-10-20T04:10:23","date_gmt":"2025-10-20T04:10:23","guid":{"rendered":"https:\/\/thanglongbeauty.vn\/san-pham\/ta-dan-nguoi-lon-sunmate-m18-2-mieng\/"},"modified":"2025-10-31T02:38:15","modified_gmt":"2025-10-31T02:38:15","slug":"ta-dan-nguoi-lon-sunmate-m18-2-mieng","status":"publish","type":"product","link":"https:\/\/thanglongbeauty.vn\/?product=ta-dan-nguoi-lon-sunmate-m18-2-mieng","title":{"rendered":"T\u00e3 d\u00e1n ng\u01b0\u1eddi l\u1edbn Sunmate M18 +2 mi\u1ebfng"},"content":{"rendered":"<p>Th\u0103ng long mang l\u1ea1i cho b\u1ea1n nh\u1eefng s\u1ea3n ph\u1ea9m ch\u00ednh h\u00e3ng v\u1edbi ch\u1ea5t l\u01b0\u1ee3ng t\u1ed1t nh\u1ea5t, gi\u00e1 th\u00e0nh ph\u00f9 h\u1ee3p.<\/p>\n<p>T\u00e3 ng\u01b0\u1eddi l\u1edbn SunMate k\u1ebft n\u1ed1i t\u00ecnh y\u00eau th\u01b0\u01a1ng c\u1ee7a con ch\u00e1u d\u00e0nh cho b\u1ed1 m\u1eb9, \u00f4ng b\u00e0. S\u1ea3n ph\u1ea9m t\u00e3 d\u00e1n d\u00e0nh cho c\u1ea3 nam v\u00e0 n\u1eef, ph\u00f9 h\u1ee3p v\u1edbi ng\u01b0\u1eddi h\u1ea1n ch\u1ebf kh\u1ea3 n\u0103ng \u0111i l\u1ea1i. H\u1ea1t gel t\u00e1c \u0111\u1ed9ng k\u00e9p si\u00eau th\u1ea5m h\u00fat v\u00e0 kh\u00e1ng khu\u1ea9n hi\u1ec7u qu\u1ea3 c\u00f9ng l\u1edbp d\u1eabn th\u1ea5m th\u00f4ng minh th\u1ea5m h\u00fat nhanh, ng\u0103n th\u1ea5m ng\u01b0\u1ee3c hi\u1ec7u qu\u1ea3, gi\u00fap lu\u00f4n kh\u00f4 tho\u00e1ng, tho\u1ea3i m\u00e1i cho ng\u01b0\u1eddi s\u1eed d\u1ee5ng. \u0110\u1eb7c bi\u1ec7t, t\u00e3 d\u00e1n ng\u01b0\u1eddi l\u1edbn SunMate c\u00f3 v\u1ea1ch b\u00e1o t\u00e3 \u0111\u1ea7y, gi\u00fap ng\u01b0\u1eddi ch\u0103m s\u00f3c thu\u1eadn ti\u1ec7n h\u01a1n v\u00e0 ng\u01b0\u1eddi d\u00f9ng lu\u00f4n tho\u1ea3i m\u00e1i.<br \/>\nS\u1ea3n ph\u1ea9m an to\u00e0n, ch\u1ea5t l\u01b0\u1ee3ng cao, \u0111\u01b0\u1ee3c s\u1ea3n xu\u1ea5t \u0111\u1ea1t ti\u00eau chu\u1ea9n GMP v\u00e0 ch\u1ee9ng nh\u1eadn qu\u1ea3n l\u00fd ch\u1ea5t l\u01b0\u1ee3ng qu\u1ed1c t\u1ebf ISO 9001<\/p>\n<h2>\u0110\u1ed0I T\u01af\u1ee2NG S\u1eec D\u1ee4NG T\u00e3 ng\u01b0\u1eddi l\u1edbn Sunmate:<\/h2>\n<p>Ng\u01b0\u1eddi h\u1ea1n ch\u1ebf kh\u1ea3 n\u0103ng \u0111i l\u1ea1i, ng\u01b0\u1eddi m\u1ea5t ki\u1ec3m so\u00e1t v\u1ec1 b\u00e0i ti\u1ebft, b\u1ec7nh nh\u00e2n sau m\u1ed5, ph\u1ee5 n\u1eef sau sinh.<\/p>\n<p>K\u00cdCH C\u1ee0:<br \/>\nK\u00edch c\u1ee1 V\u00f2ng b\u1ee5ng S\u1ed1 mi\u1ebfng\/t\u00fai<br \/>\nM 62cm \u2013 107cm 10<br \/>\nM\/L 75cm \u2013 110cm 10 \u2013 18<br \/>\nXL 100cm x 140 cm 10<\/p>\n<p><a href=\"https:\/\/thanglongbeauty.vn\/wp-content\/uploads\/2025\/10\/tam-lot-sunmate-2.png\"><img loading=\"lazy\" decoding=\"async\" class=\"alignnone size-medium wp-image-9931 lazy-load-active\" src=\"https:\/\/thanglongbeauty.vn\/wp-content\/uploads\/2025\/10\/tam-lot-sunmate-2-300x300.png\" sizes=\"auto, (max-width: 300px) 100vw, 300px\" srcset=\"https:\/\/thanglongbeauty.vn\/wp-content\/uploads\/2025\/10\/tam-lot-sunmate-2-300x300.png 300w, https:\/\/thanglongbeauty.vn\/wp-content\/uploads\/2025\/10\/tam-lot-sunmate-2-150x150.png 150w, https:\/\/thanglongbeauty.vn\/wp-content\/uploads\/2025\/10\/tam-lot-sunmate-2-768x768.png 768w, https:\/\/thanglongbeauty.vn\/wp-content\/uploads\/2025\/10\/tam-lot-sunmate-2-600x600.png 600w, https:\/\/thanglongbeauty.vn\/wp-content\/uploads\/2025\/10\/tam-lot-sunmate-2-100x100.png 100w, https:\/\/thanglongbeauty.vn\/wp-content\/uploads\/2025\/10\/tam-lot-sunmate-2-64x64.png 64w, https:\/\/thanglongbeauty.vn\/wp-content\/uploads\/2025\/10\/tam-lot-sunmate-2.png 900w\" alt=\"\" width=\"300\" height=\"300\" data-src=\"https:\/\/thanglongbeauty.vn\/wp-content\/uploads\/2025\/10\/tam-lot-sunmate-2-300x300.png\" data-srcset=\"https:\/\/thanglongbeauty.vn\/wp-content\/uploads\/2025\/10\/tam-lot-sunmate-2-300x300.png 300w, https:\/\/thanglongbeauty.vn\/wp-content\/uploads\/2025\/10\/tam-lot-sunmate-2-150x150.png 150w, https:\/\/thanglongbeauty.vn\/wp-content\/uploads\/2025\/10\/tam-lot-sunmate-2-768x768.png 768w, https:\/\/thanglongbeauty.vn\/wp-content\/uploads\/2025\/10\/tam-lot-sunmate-2-600x600.png 600w, https:\/\/thanglongbeauty.vn\/wp-content\/uploads\/2025\/10\/tam-lot-sunmate-2-100x100.png 100w, https:\/\/thanglongbeauty.vn\/wp-content\/uploads\/2025\/10\/tam-lot-sunmate-2-64x64.png 64w, https:\/\/thanglongbeauty.vn\/wp-content\/uploads\/2025\/10\/tam-lot-sunmate-2.png 900w\" \/><\/a><\/p>\n<h3>\u0110\u1eb6C \u0110I\u1ec2M S\u1ea2N PH\u1ea8M T\u00e3 ng\u01b0\u1eddi l\u1edbn Sunmate:<\/h3>\n<p>\u2013 H\u1ea1t si\u00eau th\u1ea5m v\u00e0 kh\u00e1ng khu\u1ea9n: ng\u0103n ng\u1eeba t\u00ecnh tr\u1ea1ng h\u0103m t\u00e3 v\u00e0 k\u00edch \u1ee9ng da, gi\u00fap kh\u00e1ng khu\u1ea9n, kh\u1eed m\u00f9i.<br \/>\n\u2013 R\u00e3nh d\u1eabn th\u1ea5m: t\u0103ng t\u1ed1c \u0111\u1ed9 th\u1ea5m h\u00fat, gi\u00fap ch\u1ea5t l\u1ecfng ph\u00e2n t\u00e1n v\u00e0 th\u1ea5m \u0111\u1ec1u hai b\u00ean nhanh ch\u00f3ng, gi\u00fap ch\u1ed1ng tr\u00e0n hi\u1ec7u qu\u1ea3.<br \/>\n\u2013 L\u1edbp th\u1ea5m h\u00fat th\u00f4ng minh 3 chi\u1ec1u (ADL): gi\u00fap da lu\u00f4n kh\u00f4 tho\u00e1ng, ng\u0103n th\u1ea5m ng\u01b0\u1ee3c t\u1ed1i \u01b0u.<br \/>\n\u2013 V\u00e1ch ch\u1ed1ng tr\u00e0o k\u00e9p: s\u1ea1ch s\u1ebd v\u01b0\u1ee3t tr\u1ed9i nh\u1edd kh\u1ea3 n\u0103ng kh\u00f3a ch\u1ea5t l\u1ecfng b\u00ean trong v\u1edbi 2 v\u00e1ch ch\u1ed1ng tr\u00e0o k\u00e9p \u00f4m s\u00e1t c\u01a1 th\u1ec3<br \/>\n\u2013 M\u00e0ng \u0111\u00e1y d\u1ea1ng v\u1ea3i tho\u00e1ng kh\u00ed: gi\u00fap tr\u00e1nh h\u1ea7m b\u00ed, gi\u1eef da lu\u00f4n kh\u00f4 tho\u00e1ng v\u00e0 v\u1ec7 sinh<\/p>\n<p><a href=\"https:\/\/thanglongbeauty.vn\/wp-content\/uploads\/2025\/10\/ta-dan-sunmate-size-l10-3.png\"><img loading=\"lazy\" decoding=\"async\" class=\"alignnone size-medium wp-image-9921 lazy-load-active\" src=\"https:\/\/thanglongbeauty.vn\/wp-content\/uploads\/2025\/10\/ta-dan-sunmate-size-l10-3-300x300.png\" sizes=\"auto, (max-width: 300px) 100vw, 300px\" srcset=\"https:\/\/thanglongbeauty.vn\/wp-content\/uploads\/2025\/10\/ta-dan-sunmate-size-l10-3-300x300.png 300w, https:\/\/thanglongbeauty.vn\/wp-content\/uploads\/2025\/10\/ta-dan-sunmate-size-l10-3-150x150.png 150w, https:\/\/thanglongbeauty.vn\/wp-content\/uploads\/2025\/10\/ta-dan-sunmate-size-l10-3-768x768.png 768w, https:\/\/thanglongbeauty.vn\/wp-content\/uploads\/2025\/10\/ta-dan-sunmate-size-l10-3-600x600.png 600w, https:\/\/thanglongbeauty.vn\/wp-content\/uploads\/2025\/10\/ta-dan-sunmate-size-l10-3-100x100.png 100w, https:\/\/thanglongbeauty.vn\/wp-content\/uploads\/2025\/10\/ta-dan-sunmate-size-l10-3-64x64.png 64w, https:\/\/thanglongbeauty.vn\/wp-content\/uploads\/2025\/10\/ta-dan-sunmate-size-l10-3.png 900w\" alt=\"\" width=\"300\" height=\"300\" data-src=\"https:\/\/thanglongbeauty.vn\/wp-content\/uploads\/2025\/10\/ta-dan-sunmate-size-l10-3-300x300.png\" data-srcset=\"https:\/\/thanglongbeauty.vn\/wp-content\/uploads\/2025\/10\/ta-dan-sunmate-size-l10-3-300x300.png 300w, https:\/\/thanglongbeauty.vn\/wp-content\/uploads\/2025\/10\/ta-dan-sunmate-size-l10-3-150x150.png 150w, https:\/\/thanglongbeauty.vn\/wp-content\/uploads\/2025\/10\/ta-dan-sunmate-size-l10-3-768x768.png 768w, https:\/\/thanglongbeauty.vn\/wp-content\/uploads\/2025\/10\/ta-dan-sunmate-size-l10-3-600x600.png 600w, https:\/\/thanglongbeauty.vn\/wp-content\/uploads\/2025\/10\/ta-dan-sunmate-size-l10-3-100x100.png 100w, https:\/\/thanglongbeauty.vn\/wp-content\/uploads\/2025\/10\/ta-dan-sunmate-size-l10-3-64x64.png 64w, https:\/\/thanglongbeauty.vn\/wp-content\/uploads\/2025\/10\/ta-dan-sunmate-size-l10-3.png 900w\" \/><\/a>\u00a0<a href=\"https:\/\/thanglongbeauty.vn\/wp-content\/uploads\/2025\/10\/ta-dan-sunmate-size-l10-2.png\"><img loading=\"lazy\" decoding=\"async\" class=\"alignnone size-medium wp-image-9920 lazy-load-active\" src=\"https:\/\/thanglongbeauty.vn\/wp-content\/uploads\/2025\/10\/ta-dan-sunmate-size-l10-2-300x300.png\" sizes=\"auto, (max-width: 300px) 100vw, 300px\" srcset=\"https:\/\/thanglongbeauty.vn\/wp-content\/uploads\/2025\/10\/ta-dan-sunmate-size-l10-2-300x300.png 300w, https:\/\/thanglongbeauty.vn\/wp-content\/uploads\/2025\/10\/ta-dan-sunmate-size-l10-2-150x150.png 150w, https:\/\/thanglongbeauty.vn\/wp-content\/uploads\/2025\/10\/ta-dan-sunmate-size-l10-2-768x768.png 768w, https:\/\/thanglongbeauty.vn\/wp-content\/uploads\/2025\/10\/ta-dan-sunmate-size-l10-2-600x600.png 600w, https:\/\/thanglongbeauty.vn\/wp-content\/uploads\/2025\/10\/ta-dan-sunmate-size-l10-2-100x100.png 100w, https:\/\/thanglongbeauty.vn\/wp-content\/uploads\/2025\/10\/ta-dan-sunmate-size-l10-2-64x64.png 64w, https:\/\/thanglongbeauty.vn\/wp-content\/uploads\/2025\/10\/ta-dan-sunmate-size-l10-2.png 900w\" alt=\"\" width=\"300\" height=\"300\" data-src=\"https:\/\/thanglongbeauty.vn\/wp-content\/uploads\/2025\/10\/ta-dan-sunmate-size-l10-2-300x300.png\" data-srcset=\"https:\/\/thanglongbeauty.vn\/wp-content\/uploads\/2025\/10\/ta-dan-sunmate-size-l10-2-300x300.png 300w, https:\/\/thanglongbeauty.vn\/wp-content\/uploads\/2025\/10\/ta-dan-sunmate-size-l10-2-150x150.png 150w, https:\/\/thanglongbeauty.vn\/wp-content\/uploads\/2025\/10\/ta-dan-sunmate-size-l10-2-768x768.png 768w, https:\/\/thanglongbeauty.vn\/wp-content\/uploads\/2025\/10\/ta-dan-sunmate-size-l10-2-600x600.png 600w, https:\/\/thanglongbeauty.vn\/wp-content\/uploads\/2025\/10\/ta-dan-sunmate-size-l10-2-100x100.png 100w, https:\/\/thanglongbeauty.vn\/wp-content\/uploads\/2025\/10\/ta-dan-sunmate-size-l10-2-64x64.png 64w, https:\/\/thanglongbeauty.vn\/wp-content\/uploads\/2025\/10\/ta-dan-sunmate-size-l10-2.png 900w\" \/><\/a><\/p>\n<h3>H\u01af\u1edaNG D\u1eaaN S\u1eec D\u1ee4NG T\u00e3 ng\u01b0\u1eddi l\u1edbn Sunmate:<\/h3>\n<p>1.Tr\u1ea3i th\u1eb3ng mi\u1ebfng t\u00e3, \u0111\u1ec3 ph\u1ea7n kh\u00f3a d\u00e1n k\u00e9p \u1edf ph\u00eda tr\u00ean, n\u00e2ng 2 v\u00e1ch ch\u1ed1ng tr\u00e0n b\u00ean trong l\u00ean.<br \/>\n2. Cho ng\u01b0\u1eddi d\u00f9ng n\u1eb1m l\u00ean gi\u1eefa mi\u1ebfng t\u00e3, k\u00e9o ph\u1ea7n tr\u01b0\u1edbc mi\u1ebfng t\u00e3 qua ch\u00e2n ng\u01b0\u1eddi d\u00f9ng l\u00ean ngang b\u1ee5ng.<br \/>\n3. \u0110i\u1ec1u ch\u1ec9nh mi\u1ebfng t\u00e3 cho v\u1eeba v\u1eb7n, \u00f4m s\u00e1t ph\u1ea7n h\u00f4ng ng\u01b0\u1eddi d\u00f9ng.<br \/>\n4. D\u00e1n kh\u00f3a d\u00e1n k\u00e9p cho v\u1eeba v\u1eb7n, \u0111i\u1ec1u ch\u1ec9nh v\u00e1ch thun hai b\u00ean \u0111\u00f9i h\u01b0\u1edbng ra ngo\u00e0i \u0111\u1ec3 ng\u0103n tr\u00e0n.<\/p>\n<p><a href=\"https:\/\/thanglongbeauty.vn\/wp-content\/uploads\/2025\/10\/ta-dan-sunmate-huong-dan-du-dung.png\"><img loading=\"lazy\" decoding=\"async\" class=\"alignnone size-medium wp-image-9919 lazy-load-active\" src=\"https:\/\/thanglongbeauty.vn\/wp-content\/uploads\/2025\/10\/ta-dan-sunmate-huong-dan-du-dung-300x300.png\" sizes=\"auto, (max-width: 300px) 100vw, 300px\" srcset=\"https:\/\/thanglongbeauty.vn\/wp-content\/uploads\/2025\/10\/ta-dan-sunmate-huong-dan-du-dung-300x300.png 300w, https:\/\/thanglongbeauty.vn\/wp-content\/uploads\/2025\/10\/ta-dan-sunmate-huong-dan-du-dung-150x150.png 150w, https:\/\/thanglongbeauty.vn\/wp-content\/uploads\/2025\/10\/ta-dan-sunmate-huong-dan-du-dung-768x768.png 768w, https:\/\/thanglongbeauty.vn\/wp-content\/uploads\/2025\/10\/ta-dan-sunmate-huong-dan-du-dung-600x600.png 600w, https:\/\/thanglongbeauty.vn\/wp-content\/uploads\/2025\/10\/ta-dan-sunmate-huong-dan-du-dung-100x100.png 100w, https:\/\/thanglongbeauty.vn\/wp-content\/uploads\/2025\/10\/ta-dan-sunmate-huong-dan-du-dung-64x64.png 64w, https:\/\/thanglongbeauty.vn\/wp-content\/uploads\/2025\/10\/ta-dan-sunmate-huong-dan-du-dung.png 900w\" alt=\"\" width=\"300\" height=\"300\" data-src=\"https:\/\/thanglongbeauty.vn\/wp-content\/uploads\/2025\/10\/ta-dan-sunmate-huong-dan-du-dung-300x300.png\" data-srcset=\"https:\/\/thanglongbeauty.vn\/wp-content\/uploads\/2025\/10\/ta-dan-sunmate-huong-dan-du-dung-300x300.png 300w, https:\/\/thanglongbeauty.vn\/wp-content\/uploads\/2025\/10\/ta-dan-sunmate-huong-dan-du-dung-150x150.png 150w, https:\/\/thanglongbeauty.vn\/wp-content\/uploads\/2025\/10\/ta-dan-sunmate-huong-dan-du-dung-768x768.png 768w, https:\/\/thanglongbeauty.vn\/wp-content\/uploads\/2025\/10\/ta-dan-sunmate-huong-dan-du-dung-600x600.png 600w, https:\/\/thanglongbeauty.vn\/wp-content\/uploads\/2025\/10\/ta-dan-sunmate-huong-dan-du-dung-100x100.png 100w, https:\/\/thanglongbeauty.vn\/wp-content\/uploads\/2025\/10\/ta-dan-sunmate-huong-dan-du-dung-64x64.png 64w, https:\/\/thanglongbeauty.vn\/wp-content\/uploads\/2025\/10\/ta-dan-sunmate-huong-dan-du-dung.png 900w\" \/><\/a><\/p>\n<p>L\u01afU \u00dd KHI S\u1eec D\u1ee4NG:<br \/>\n\u2013 Thay t\u00e3 sau kho\u1ea3ng 3h -4h v\u00e0 ngay sau khi ng\u01b0\u1eddi d\u00f9ng<\/p>\n","protected":false},"excerpt":{"rendered":"<p>Th\u0103ng long mang l\u1ea1i cho b\u1ea1n nh\u1eefng s\u1ea3n ph\u1ea9m ch\u00ednh h\u00e3ng v\u1edbi ch\u1ea5t l\u01b0\u1ee3ng t\u1ed1t nh\u1ea5t, gi\u00e1 th\u00e0nh ph\u00f9 h\u1ee3p. T\u00e3 ng\u01b0\u1eddi l\u1edbn SunMate k\u1ebft n\u1ed1i t\u00ecnh y\u00eau th\u01b0\u01a1ng c\u1ee7a con ch\u00e1u d\u00e0nh cho b\u1ed1 m\u1eb9, \u00f4ng b\u00e0. S\u1ea3n ph\u1ea9m t\u00e3 d\u00e1n d\u00e0nh cho c\u1ea3 nam v\u00e0 n\u1eef, ph\u00f9 h\u1ee3p v\u1edbi ng\u01b0\u1eddi h\u1ea1n ch\u1ebf kh\u1ea3&#8230;<\/p>\n","protected":false},"featured_media":9926,"comment_status":"open","ping_status":"closed","template":"","meta":[],"product_brand":[1541],"product_cat":[15,1446,1410,1413],"product_tag":[1654,504,1653,157,1655,505,1662,1657,1663,1658,1661,1659,1660],"class_list":{"0":"post-8921","1":"product","2":"type-product","3":"status-publish","4":"has-post-thumbnail","6":"product_brand-sunmate","7":"product_cat-chua-phan-loai","8":"product_cat-sunmate","9":"product_cat-ta-nguoi-lon","10":"product_cat-ta-nguoi-lon-sunmate","11":"product_tag-bim-nguoi-gia","12":"product_tag-sunmate","13":"product_tag-ta-bim-nguoi-gia","14":"product_tag-ta-bim-nguoi-lon","15":"product_tag-ta-dan-nguoi-gia","16":"product_tag-ta-dan-nguoi-lon","17":"product_tag-ta-dan-sunmate","18":"product_tag-ta-quan-nguoi-lon","19":"product_tag-ta-quan-sunmate","20":"product_tag-tam-lot","21":"product_tag-tam-lot-caryn","22":"product_tag-tam-lot-nguoi-gia","23":"product_tag-tam-lot-nguoi-lon","25":"first","26":"onbackorder","27":"shipping-taxable","28":"purchasable","29":"product-type-simple"},"acf":[],"_links":{"self":[{"href":"https:\/\/thanglongbeauty.vn\/index.php?rest_route=\/wp\/v2\/product\/8921","targetHints":{"allow":["GET"]}}],"collection":[{"href":"https:\/\/thanglongbeauty.vn\/index.php?rest_route=\/wp\/v2\/product"}],"about":[{"href":"https:\/\/thanglongbeauty.vn\/index.php?rest_route=\/wp\/v2\/types\/product"}],"replies":[{"embeddable":true,"href":"https:\/\/thanglongbeauty.vn\/index.php?rest_route=%2Fwp%2Fv2%2Fcomments&post=8921"}],"wp:featuredmedia":[{"embeddable":true,"href":"https:\/\/thanglongbeauty.vn\/index.php?rest_route=\/wp\/v2\/media\/9926"}],"wp:attachment":[{"href":"https:\/\/thanglongbeauty.vn\/index.php?rest_route=%2Fwp%2Fv2%2Fmedia&parent=8921"}],"wp:term":[{"taxonomy":"product_brand","embeddable":true,"href":"https:\/\/thanglongbeauty.vn\/index.php?rest_route=%2Fwp%2Fv2%2Fproduct_brand&post=8921"},{"taxonomy":"product_cat","embeddable":true,"href":"https:\/\/thanglongbeauty.vn\/index.php?rest_route=%2Fwp%2Fv2%2Fproduct_cat&post=8921"},{"taxonomy":"product_tag","embeddable":true,"href":"https:\/\/thanglongbeauty.vn\/index.php?rest_route=%2Fwp%2Fv2%2Fproduct_tag&post=8921"}],"curies":[{"name":"wp","href":"https:\/\/api.w.org\/{rel}","templated":true}]}}