{"id":8942,"date":"2025-10-20T04:10:29","date_gmt":"2025-10-20T04:10:29","guid":{"rendered":"https:\/\/thanglongbeauty.vn\/san-pham\/ta-bim-dan-bobby-st-xxl56-mieng\/"},"modified":"2026-01-13T11:06:50","modified_gmt":"2026-01-13T11:06:50","slug":"ta-bim-dan-bobby-st-xxl56-mieng","status":"publish","type":"product","link":"https:\/\/thanglongbeauty.vn\/?product=ta-bim-dan-bobby-st-xxl56-mieng","title":{"rendered":"T\u00e3\/B\u1ec9m D\u00e1n Bobby ST XXL56 Mi\u1ebfng"},"content":{"rendered":"<p>\u2705 \u0110\u1ed1i t\u00e1c ph\u00e2n ph\u1ed1i h\u00e0ng \u0111\u1ed9c quy\u1ec1n v\u00e0 ch\u00ednh h\u00e3ng c\u00e1c d\u00f2ng b\u1ec9m, s\u1eefa, s\u1ea3n ph\u1ea9m ch\u0103m s\u00f3c m\u1eb9 v\u00e0 b\u00e9 c\u1ee7a nhi\u1ec1u th\u01b0\u01a1ng hi\u1ec7u qu\u1ed1c t\u1ebf.<br \/>\n\u2705 Cam k\u1ebft h\u00e0ng ch\u00ednh h\u00e3ng 100%<br \/>\n\u2705 Ch\u00ednh s\u00e1ch: Ho\u00e0n ti\u1ec1n 111% n\u1ebfu ph\u00e1t hi\u1ec7n h\u00e0ng gi\u1ea3<\/p>\n<p>Chi ti\u1ebft s\u1ea3n ph\u1ea9m<br \/>\nNhu c\u1ea7u s\u1eed d\u1ee5ng t\u00e3 gi\u1ea5y c\u1ee7a b\u00e9 kh\u00e1c nhau theo t\u1eebng th\u1eddi \u0111i\u1ec3m trong ng\u00e0y. N\u1ebfu nh\u01b0 ban \u0111\u00eam, b\u00e9 c\u1ea7n 1 lo\u1ea1i t\u00e3 gi\u1ea5y c\u00f3 kh\u1ea3 n\u0103ng th\u1ea5m h\u00fat t\u1ed1i \u0111a ngay c\u1ea3 khi b\u00e9 t\u00e8 th\u1eadt nhi\u1ec1u th\u00ec ban ng\u00e0y b\u00e9 c\u1ea7n lo\u1ea1i t\u00e3 gi\u1ea5y m\u1ecfng, nh\u1eb9 \u0111\u1ec3 tho\u1ea3i m\u00e1i v\u1eadn \u0111\u1ed9ng. T\u00e3 Bobby si\u00eau m\u1ecfng lo\u1ea1i Jumbo s\u1ebd cho b\u00e9 c\u1ea3m gi\u00e1c tho\u1ea3i m\u00e1i v\u00e0 d\u1ec5 ch\u1ecbu ngay c\u1ea3 khi v\u1eadn \u0111\u1ed9ng nhi\u1ec1u. \u0110\u01b0\u1ee3c l\u00e0m ho\u00e0n to\u00e0n b\u1eb1ng ch\u1ea5t li\u1ec7u cao c\u1ea5p v\u00e0 thi\u1ebft k\u1ebf si\u00eau m\u1ecfng, t\u00e3 gi\u1ea5y si\u00eau m\u1ecfng Bobby Fresh s\u1ebd ph\u00f9 h\u1ee3p cho con b\u1ea1n s\u1eed d\u1ee5ng v\u00e0o ban ng\u00e0y hay nh\u1eefng khi th\u1eddi ti\u1ebft n\u00f3ng \u1ea9m.<\/p>\n<p>C\u00c1CH D\u00d9NG<br \/>\nThoa kem ch\u1ed1ng h\u0103m tr\u01b0\u1edbc khi s\u1eed d\u1ee5ng t\u00e3 l\u00f3t cho b\u00e9. Kh\u00f4ng n\u00ean m\u1eb7c t\u00e3 cho b\u00e9 qu\u00e1 6 ti\u1ebfng \u0111\u1ed3ng h\u1ed3 li\u00ean ti\u1ebfp.<\/p>\n<p>\u0110\u1eb6C \u0110I\u1ec2M N\u1ed4I B\u1eacT<br \/>\nM\u1eb7t \u0111\u00e1y d\u1ea1ng v\u1ea3i<br \/>\nS\u1ea3n ph\u1ea9m c\u00f3 m\u1eb7t \u0111\u00e1y \u0111\u01b0\u1ee3c thi\u1ebft k\u1ebf d\u1ea1ng v\u1ea3i tho\u00e1t h\u01a1i \u1ea9m, gi\u00fap \u0111\u1ea9y h\u01a1i n\u00f3ng ra ngo\u00e0i, gi\u1ea3m nhi\u1ec7t \u0111\u1ed9 trong l\u00f2ng t\u00e3 v\u00e0 cho da b\u00e9 h\u00f4 h\u1ea5p v\u1edbi kh\u00f4ng kh\u00ed t\u1ef1 nhi\u00ean.<\/p>\n<p>L\u00f5i b\u00f4ng m\u1ec1m m\u1ea1i<br \/>\nL\u00f5i b\u00f4ng m\u1ec1m m\u1ea1i v\u1edbi l\u1edbp si\u00eau d\u1eabn th\u1ea5m nhanh ch\u00f3ng th\u1ea5m h\u00fat to\u00e0n b\u1ed9 ch\u1ea5t l\u1ecfng, cho da b\u00e9 lu\u00f4n kh\u00f4 tho\u00e1ng.<\/p>\n<p>Tinh ch\u1ea5t tr\u00e0 xanh<br \/>\nS\u1ea3n ph\u1ea9m \u0111\u01b0\u1ee3c t\u0103ng c\u01b0\u1eddng tinh ch\u1ea5t tr\u00e0 xanh th\u01a1m m\u00e1t c\u00f3 t\u00e1c d\u1ee5ng kh\u00e1ng khu\u1ea9n v\u00e0 ch\u1ed1ng h\u0103m cho b\u00e9.<\/p>\n<p>Kh\u00f3a d\u00ednh nhi\u1ec1u l\u1ea7n<br \/>\nThi\u1ebft k\u1ebf kh\u00f3a d\u00ednh nhi\u1ec1u l\u1ea7n \u201cMagic tape\u201d c\u00f3 th\u1ec3 b\u00f3c ra d\u00e1n l\u1ea1i t\u1edbi 100 l\u1ea7n v\u1eabn ch\u1eafc d\u00f9 tay b\u1ea1n c\u00f3 \u01b0\u1edbt, d\u00ednh kem hay b\u1ed9t ph\u1ea5n.<br \/>\n#bimbobby#tadan#mienglotsosinh#bimbobby#tadan#mienglotsosinh#<\/p>\n","protected":false},"excerpt":{"rendered":"<p>\u2705 \u0110\u1ed1i t\u00e1c ph\u00e2n ph\u1ed1i h\u00e0ng \u0111\u1ed9c quy\u1ec1n v\u00e0 ch\u00ednh h\u00e3ng c\u00e1c d\u00f2ng b\u1ec9m, s\u1eefa, s\u1ea3n ph\u1ea9m ch\u0103m s\u00f3c m\u1eb9 v\u00e0 b\u00e9 c\u1ee7a nhi\u1ec1u th\u01b0\u01a1ng hi\u1ec7u qu\u1ed1c t\u1ebf. \u2705 Cam k\u1ebft h\u00e0ng ch\u00ednh h\u00e3ng 100% \u2705 Ch\u00ednh s\u00e1ch: Ho\u00e0n ti\u1ec1n 111% n\u1ebfu ph\u00e1t hi\u1ec7n h\u00e0ng gi\u1ea3 Chi ti\u1ebft s\u1ea3n ph\u1ea9m Nhu c\u1ea7u s\u1eed d\u1ee5ng t\u00e3&#8230;<\/p>\n","protected":false},"featured_media":7592,"comment_status":"open","ping_status":"closed","template":"","meta":[],"product_brand":[1506],"product_cat":[15,1444,1392,1402],"product_tag":[1628,1626,1623,146,1624,1627,1622,1621],"class_list":{"0":"post-8942","1":"product","2":"type-product","3":"status-publish","4":"has-post-thumbnail","6":"product_brand-bobby","7":"product_cat-chua-phan-loai","8":"product_cat-bobby","9":"product_cat-me-va-be","10":"product_cat-ta-bobby","11":"product_tag-bim-dan-tre-em","12":"product_tag-bim-le","13":"product_tag-bobby","14":"product_tag-ta-bim","15":"product_tag-ta-bim-bobby","16":"product_tag-ta-dan-em-be","17":"product_tag-ta-quan-bobby","18":"product_tag-ta-tre-em","20":"first","21":"instock","22":"sale","23":"shipping-taxable","24":"purchasable","25":"product-type-simple"},"acf":[],"_links":{"self":[{"href":"https:\/\/thanglongbeauty.vn\/index.php?rest_route=\/wp\/v2\/product\/8942","targetHints":{"allow":["GET"]}}],"collection":[{"href":"https:\/\/thanglongbeauty.vn\/index.php?rest_route=\/wp\/v2\/product"}],"about":[{"href":"https:\/\/thanglongbeauty.vn\/index.php?rest_route=\/wp\/v2\/types\/product"}],"replies":[{"embeddable":true,"href":"https:\/\/thanglongbeauty.vn\/index.php?rest_route=%2Fwp%2Fv2%2Fcomments&post=8942"}],"wp:featuredmedia":[{"embeddable":true,"href":"https:\/\/thanglongbeauty.vn\/index.php?rest_route=\/wp\/v2\/media\/7592"}],"wp:attachment":[{"href":"https:\/\/thanglongbeauty.vn\/index.php?rest_route=%2Fwp%2Fv2%2Fmedia&parent=8942"}],"wp:term":[{"taxonomy":"product_brand","embeddable":true,"href":"https:\/\/thanglongbeauty.vn\/index.php?rest_route=%2Fwp%2Fv2%2Fproduct_brand&post=8942"},{"taxonomy":"product_cat","embeddable":true,"href":"https:\/\/thanglongbeauty.vn\/index.php?rest_route=%2Fwp%2Fv2%2Fproduct_cat&post=8942"},{"taxonomy":"product_tag","embeddable":true,"href":"https:\/\/thanglongbeauty.vn\/index.php?rest_route=%2Fwp%2Fv2%2Fproduct_tag&post=8942"}],"curies":[{"name":"wp","href":"https:\/\/api.w.org\/{rel}","templated":true}]}}