{"id":8947,"date":"2025-10-20T04:10:30","date_gmt":"2025-10-20T04:10:30","guid":{"rendered":"https:\/\/thanglongbeauty.vn\/san-pham\/ta-dan-huggies-so-sinh-xs743-201-7\/"},"modified":"2026-01-13T11:06:50","modified_gmt":"2026-01-13T11:06:50","slug":"ta-dan-huggies-so-sinh-xs743-201-7","status":"publish","type":"product","link":"https:\/\/thanglongbeauty.vn\/?product=ta-dan-huggies-so-sinh-xs743-201-7","title":{"rendered":"T\u1ea2 D\u00c1N HUGGIES S\u01a0 SINH XS74*3 201.7"},"content":{"rendered":"<p>MI\u1ebeNG L\u00d3T S\u01a0 SINH HUGGIES NEWBON 1-100 MI\u1ebeNG \/ NB 2 &#8211; 60 MI\u1ebeNG\/ NB74<\/p>\n<p>TH\u00d4NG TIN S\u1ea2N PH\u1ea8M<br \/>\nSize: NB 1 V\u00c0 NB 2<br \/>\nLo\u1ea1i: MI\u1ebeNG L\u00d3T<br \/>\n\u0110\u1ed9 tu\u1ed5i: D\u00e0nh cho b\u00e9 t\u1eeb 9-14kg<br \/>\nXu\u1ea5t x\u1ee9: Vi\u1ec7t Nam<br \/>\nTh\u01b0\u01a1ng hi\u1ec7u: Huggies<\/p>\n<p>\u01afU \u0110I\u1ec2M N\u1ed4I B\u1eacC MI\u1ebeNG L\u00d3T S\u01a0 SINH HUGGIES NEWBON 1-100 MI\u1ebeNG \/ NB 2 &#8211; 60 MI\u1ebeNG\/ NB74<br \/>\n&#8211; B\u1ec1 m\u1eb7t 1000 ph\u1ec5u si\u00eau th\u1ea5m: Gi\u00fap th\u1ea5m h\u00fat nhanh th\u1ea7n t\u1ed1c, ngay c\u1ea3 ph\u00e2n l\u1ecfng, gi\u1eef m\u00f4ng b\u00e9 lu\u00f4n kh\u00f4 tho\u00e1ng<br \/>\n&#8211;  B\u1ec1 m\u1eb7t t\u00e3 Soft Touch \u00eam m\u1ec1m: Ch\u1ea5t li\u1ec7u si\u00eau m\u1ec1m m\u1ea1i t\u1eeb trong ra ngo\u00e0i gi\u00fap n\u00e2ng niu l\u00e0n da non n\u1edbt c\u1ee7a b\u00e9<br \/>\n&#8211; H\u00e0ng ng\u00e0n h\u1ea1t Smart Lock: Ch\u1ee7 \u0111\u1ed9ng th\u1ea5m h\u00fat v\u00e0 kh\u00f3a ch\u1eb7t ch\u1ea5t l\u1ecfng s\u00e2u b\u00ean trong gi\u00fap ch\u1ed1ng tr\u00e0n v\u00e0 th\u1ea5m ng\u01b0\u1ee3c tr\u1edf l\u1ea1i<br \/>\n&#8211; Chi\u1ebft xu\u1ea5t l\u00f4 h\u1ed9i v\u00e0 Vitamin E: Cho b\u1ec1 m\u1eb7t t\u00e3 lu\u00f4n m\u1ec1m m\u1ea1i, d\u1ecbu \u00eam v\u1edbi l\u00e0n da nh\u1ea1y c\u1ea3m c\u1ee7a b\u00e9<br \/>\n&#8211; H\u00e0ng ng\u00e0n h\u1ea1t Smart Lock: Cho ph\u00e9p kh\u00f4ng kh\u00ed l\u01b0u th\u00f4ng v\u00e0 tho\u00e1t kh\u1ecfi m\u00e0ng \u0111\u00e1y d\u1ec5 d\u00e0ng, gi\u00fap da b\u00e9 lu\u00f4n kh\u00f4 tho\u00e1ng v\u00e0 ng\u0103n ng\u1eeba h\u0103m t\u00e3 hi\u1ec7u q\u1ee7a<\/p>\n<p>H\u01af\u1edaNG D\u1eaaN S\u1eec D\u1ee4NG MI\u1ebeNG L\u00d3T S\u01a0 SINH HUGGIES NEWBON 1-100 MI\u1ebeNG \/ NB 2 &#8211; 60 MI\u1ebeNG\/ NB74<\/p>\n<p>1. D\u00e1n mi\u1ebfng l\u00f3t d\u1ecdc theo t\u00e3 v\u1ea3i ho\u1eb7c qu\u1ea7n t\u00e3<\/p>\n<p>2. Lu\u1ed3n t\u00e3 d\u01b0\u1edbi m\u00f4ng b\u00e9, k\u00e9o th\u1eb3ng ngay ng\u1eafn, d\u00e1n mi\u1ebfng d\u00e1n l\u1ea7n l\u01b0\u1ee3t t\u1eebng b\u00ean<\/p>\n<p>3. Ki\u1ec3m tra t\u00e3 v\u1eeba v\u1eb7n v\u1edbi ng\u01b0\u1eddi b\u00e9<\/p>\n<p>H\u01af\u1edaNG D\u1eaaN CH\u1eccN SIZE T\u1ea2 QU\u1ea6N HUGGIES CHO B\u00c9<\/p>\n<p>NB1: <5kg\n\nNB2: 4-7kg\n\nH\u01b0\u1edbng d\u1eabn b\u1ea3o qu\u1ea3n: B\u1ea3o qu\u1ea3n n\u01a1i kh\u00f4 r\u00e1o, tho\u00e1ng m\u00e1t, tr\u00e1nh \u00e1nh s\u00e1ng tr\u1ef1c ti\u1ebfp\n\nH\u1ea1n s\u1eed d\u1ee5ng: 3 n\u0103m k\u1ec3 t\u1eeb ng\u00e0y s\u1ea3n xu\u1ea5t (ng\u00e0y s\u1ea3n xu\u1ea5t: xem tr\u00ean bao b\u00ec)\n\n\n#ta_bim_cho_be #ta_cho_tre #ta_quan_cho_be_tu_6_den_11_kg #ta_quan_cho_be_tu_9_den_14_kg #ta_quan_cho_be_tu_12_den_17_kg #ta_quan_cho_be-tu_15_den_25kg #ta_dan_cho_be_tu_6_den_11kg #bimtadanchobetu9den14kg #taquanchobetu12den17kg #taquanchobetu15den25kg #taquanhuggies, #tadanhuggie\nTh\u0103ng Long_beauty - C\u00f4ng TY TNHH D\u1ecaCH V\u1ee4 PH\u00c2N PH\u1ed0I TH\u0102NG LONG l\u00e0 m\u1ed9t c\u00f4ng ty chuy\u00ean cung c\u1ea5p c\u00e1c s\u1ea3n ph\u1ea9m \u0111\u1ed3 cho m\u1eb9 v\u00e0 b\u00e9, nh\u1eefng s\u1ea3n ph\u1ea9m ch\u0103m s\u00f3c s\u1ee9c kh\u1ecfe \u2013 l\u00e0m \u0111\u1eb9p  v\u00e0 kh\u1ea9u trang y t\u1ebf. \nLi\u00ean h\u1ec7 \u0111\u1ec3 \u0111\u01b0\u1ee3c mua gi\u00e1 s\u1ec9 c\u1ef1c \u01b0u \u0111\u00e3i\"\"\"\n<\/p>\n","protected":false},"excerpt":{"rendered":"<p>MI\u1ebeNG L\u00d3T S\u01a0 SINH HUGGIES NEWBON 1-100 MI\u1ebeNG \/ NB 2 &#8211; 60 MI\u1ebeNG\/ NB74 TH\u00d4NG TIN S\u1ea2N PH\u1ea8M Size: NB 1 V\u00c0 NB 2 Lo\u1ea1i: MI\u1ebeNG L\u00d3T \u0110\u1ed9 tu\u1ed5i: D\u00e0nh cho b\u00e9 t\u1eeb 9-14kg Xu\u1ea5t x\u1ee9: Vi\u1ec7t Nam Th\u01b0\u01a1ng hi\u1ec7u: Huggies \u01afU \u0110I\u1ec2M N\u1ed4I B\u1eacC MI\u1ebeNG L\u00d3T S\u01a0 SINH HUGGIES NEWBON 1-100 MI\u1ebeNG \/&#8230;<\/p>\n","protected":false},"featured_media":7637,"comment_status":"open","ping_status":"closed","template":"","meta":[],"product_brand":[1515],"product_cat":[15,1392,1496,1704,1403],"product_tag":[1626,145,146,1630,1627,1631,1629,1621],"class_list":{"0":"post-8947","1":"product","2":"type-product","3":"status-publish","4":"has-post-thumbnail","6":"product_brand-huggies","7":"product_cat-chua-phan-loai","8":"product_cat-me-va-be","9":"product_cat-ta-bim-tre-em","10":"product_cat-ta-dan-huggies","11":"product_cat-ta-huggies","12":"product_tag-bim-le","13":"product_tag-huggies","14":"product_tag-ta-bim","15":"product_tag-ta-bim-huggies","16":"product_tag-ta-dan-em-be","17":"product_tag-ta-dan-huggies","18":"product_tag-ta-quan-huggies","19":"product_tag-ta-tre-em","21":"first","22":"instock","23":"shipping-taxable","24":"purchasable","25":"product-type-simple"},"acf":[],"_links":{"self":[{"href":"https:\/\/thanglongbeauty.vn\/index.php?rest_route=\/wp\/v2\/product\/8947","targetHints":{"allow":["GET"]}}],"collection":[{"href":"https:\/\/thanglongbeauty.vn\/index.php?rest_route=\/wp\/v2\/product"}],"about":[{"href":"https:\/\/thanglongbeauty.vn\/index.php?rest_route=\/wp\/v2\/types\/product"}],"replies":[{"embeddable":true,"href":"https:\/\/thanglongbeauty.vn\/index.php?rest_route=%2Fwp%2Fv2%2Fcomments&post=8947"}],"wp:featuredmedia":[{"embeddable":true,"href":"https:\/\/thanglongbeauty.vn\/index.php?rest_route=\/wp\/v2\/media\/7637"}],"wp:attachment":[{"href":"https:\/\/thanglongbeauty.vn\/index.php?rest_route=%2Fwp%2Fv2%2Fmedia&parent=8947"}],"wp:term":[{"taxonomy":"product_brand","embeddable":true,"href":"https:\/\/thanglongbeauty.vn\/index.php?rest_route=%2Fwp%2Fv2%2Fproduct_brand&post=8947"},{"taxonomy":"product_cat","embeddable":true,"href":"https:\/\/thanglongbeauty.vn\/index.php?rest_route=%2Fwp%2Fv2%2Fproduct_cat&post=8947"},{"taxonomy":"product_tag","embeddable":true,"href":"https:\/\/thanglongbeauty.vn\/index.php?rest_route=%2Fwp%2Fv2%2Fproduct_tag&post=8947"}],"curies":[{"name":"wp","href":"https:\/\/api.w.org\/{rel}","templated":true}]}}