{"id":8949,"date":"2025-10-20T04:10:30","date_gmt":"2025-10-20T04:10:30","guid":{"rendered":"https:\/\/thanglongbeauty.vn\/san-pham\/ta-dan-huggies-s543-201-7\/"},"modified":"2026-01-13T11:06:50","modified_gmt":"2026-01-13T11:06:50","slug":"ta-dan-huggies-s543-201-7","status":"publish","type":"product","link":"https:\/\/thanglongbeauty.vn\/?product=ta-dan-huggies-s543-201-7","title":{"rendered":"T\u1ea2 D\u00c1N HUGGIES S54*3 201.7"},"content":{"rendered":"<p>T\u00c3 D\u00c1N S\u01a0 SINH HUGGIES CHO TR\u1eba T\u1eea 4 \u0110\u1ebeN 7KG<\/p>\n<p>TH\u00d4NG TIN S\u1ea2N PH\u1ea8M<br \/>\nSize: S<br \/>\nLo\u1ea1i: t\u1ea3 d\u00e1n<br \/>\n\u0110\u1ed9 tu\u1ed5i: D\u00e0nh cho b\u00e9 t\u1eeb 6-11kg<br \/>\nXu\u1ea5t x\u1ee9: Vi\u1ec7t Nam<br \/>\nTh\u01b0\u01a1ng hi\u1ec7u: Huggies<\/p>\n<p>\u01afU \u0110I\u1ec2M N\u1ed4I B\u1eacC T\u00c3 D\u00c1N S\u01a0 SINH HUGGIES CHO TR\u1eba T\u1eea 4 \u0110\u1ebeN 7KG<br \/>\nL\u1edbp n\u1ec7m si\u00eau m\u1ec1m nh\u01b0 b\u1ecdc k\u00e9n n\u00e2ng niu l\u00e0n da non n\u1edbt c\u1ee7a b\u00e9.<br \/>\nKh\u00f4 tho\u00e1ng d\u00e0i l\u00e2u nh\u1edd c\u00f4ng ngh\u1ec7 1000 ph\u1ec5u si\u00eau th\u1ea5m.<br \/>\nH\u00e0ng ng\u00e0n h\u1ea1t Smart Lock th\u1ea5m h\u00fat v\u00e0 kh\u00f3a ch\u1eb7t ch\u1ea5t l\u1ecfng ch\u1ed1ng b\u1ecb tr\u00e0o ng\u01b0\u1ee3c l\u1ea1i.<br \/>\nCh\u1ea5t li\u1ec7u m\u1ec1m m\u1ea1i, n\u00e2ng niu l\u00e0n da nh\u1ea1y c\u1ea3m c\u1ee7a b\u00e9.<br \/>\nC\u00f4ng ngh\u1ec7 1000 ph\u1ec5u si\u00eau th\u1ea5m v\u00e0 c\u00e1c r\u00e3nh d\u1ecdc th\u1ea5m h\u00fat 7 ly ch\u1ea5t l\u1ecfng, gi\u1eef m\u00f4ng b\u00e9 kh\u00f4 tho\u00e1ng d\u00e0i l\u00e2u<br \/>\nT\u00e3 d\u00e1n Huggies Dry size M 76 mi\u1ebfng &#8211; C\u00f4ng ngh\u1ec7 1000 ph\u1ec5u si\u00eau th\u1ea5m<br \/>\nM\u00e0ng \u0111\u00e1y tho\u00e1t \u1ea9m 100% gi\u00fap da b\u00e9 lu\u00f4n kh\u00f4 tho\u00e1ng, ng\u0103n ng\u1eeba h\u0103m t\u00e3 hi\u1ec7u qu\u1ea3<br \/>\nT\u00e3 d\u00e1n Huggies Dry size M 76 mi\u1ebfng &#8211;  M\u00e0ng \u0111\u00e1y th\u1ea5m h\u00fat 100%<\/p>\n<p>H\u01af\u1edaNG D\u1eaaN S\u1eec D\u1ee4NG T\u00c3 D\u00c1N S\u01a0 SINH HUGGIES CHO TR\u1eba T\u1eea 4 \u0110\u1ebeN 7KG<br \/>\nLu\u1ed3n t\u00e3 d\u01b0\u1edbi m\u00f4ng b\u00e9 v\u00e0 k\u00e9o th\u1eb3ng ngay ng\u1eafn.<br \/>\nM\u1edf r\u1ed9ng hai mi\u1ebfng d\u00e1n b\u00ean d\u01b0\u1edbi m\u00f4ng ra hai b\u00ean.<br \/>\nL\u1ea7n l\u01b0\u1ee3t d\u00e1n mi\u1ebfng tai d\u00e1n v\u00e0o t\u1eebng b\u00ean t\u00e3.<br \/>\nLu\u1ed3n ng\u00f3n tay v\u00e0o ph\u1ea7n l\u01b0ng, ki\u1ec3m tra \u0111\u1ed9 v\u1eeba v\u1eb7n \u0111\u1ec3 b\u00e9 lu\u00f4n tho\u1ea3i m\u00e1i.<br \/>\nLu\u1ed3n ng\u00f3n tay b\u00ean h\u00f4ng ki\u1ec3m tra t\u00e3 v\u1eeba v\u1eb7n v\u1edbi b\u00e9, gi\u00fap tr\u00e1nh tr\u00e0n ra ngo\u00e0i.<\/p>\n<p>H\u01af\u1edaNG D\u1eaaN CH\u1eccN SIZE T\u1ea2 QU\u1ea6N HUGGIES CHO B\u00c9<br \/>\nH\u01b0\u1edbng d\u1eabn ch\u1ecdn size b\u1ec9m t\u00e3 qu\u1ea7n Huggies cho b\u00e9<br \/>\nT\u00e3 qu\u1ea7n size S: cho b\u00e9 t\u1eeb 4 &#8211; 8kg<br \/>\nT\u00e3 qu\u1ea7n size M: cho b\u00e9 t\u1eeb 6 &#8211; 11kg<br \/>\nT\u00e3 qu\u1ea7n size L: cho b\u00e9 t\u1eeb 9 &#8211; 14kg<br \/>\nT\u00e3 qu\u1ea7n size XL: cho b\u00e9 t\u1eeb 12 &#8211; 17kg<br \/>\nT\u00e3 qu\u1ea7n size XXL: cho b\u00e9 t\u1eeb 15 &#8211; 25kg<\/p>\n<p>#ta_bim_cho_be #ta_cho_tre #ta_quan_cho_be_tu_6_den_11_kg #ta_quan_cho_be_tu_9_den_14_kg #ta_quan_cho_be_tu_12_den_17_kg #ta_quan_cho_be-tu_15_den_25kg #ta_dan_cho_be_tu_6_den_11kg #bimtadanchobetu9den14kg #taquanchobetu12den17kg #taquanchobetu15den25kg #taquanhuggies, #tadanhuggie<br \/>\nTh\u0103ng Long_beauty &#8211; C\u00f4ng TY TNHH D\u1ecaCH V\u1ee4 PH\u00c2N PH\u1ed0I TH\u0102NG LONG l\u00e0 m\u1ed9t c\u00f4ng ty chuy\u00ean cung c\u1ea5p c\u00e1c s\u1ea3n ph\u1ea9m \u0111\u1ed3 cho m\u1eb9 v\u00e0 b\u00e9, nh\u1eefng s\u1ea3n ph\u1ea9m ch\u0103m s\u00f3c s\u1ee9c kh\u1ecfe \u2013 l\u00e0m \u0111\u1eb9p  v\u00e0 kh\u1ea9u trang y t\u1ebf.<br \/>\nLi\u00ea<\/p>\n","protected":false},"excerpt":{"rendered":"<p>T\u00c3 D\u00c1N S\u01a0 SINH HUGGIES CHO TR\u1eba T\u1eea 4 \u0110\u1ebeN 7KG TH\u00d4NG TIN S\u1ea2N PH\u1ea8M Size: S Lo\u1ea1i: t\u1ea3 d\u00e1n \u0110\u1ed9 tu\u1ed5i: D\u00e0nh cho b\u00e9 t\u1eeb 6-11kg Xu\u1ea5t x\u1ee9: Vi\u1ec7t Nam Th\u01b0\u01a1ng hi\u1ec7u: Huggies \u01afU \u0110I\u1ec2M N\u1ed4I B\u1eacC T\u00c3 D\u00c1N S\u01a0 SINH HUGGIES CHO TR\u1eba T\u1eea 4 \u0110\u1ebeN 7KG L\u1edbp n\u1ec7m si\u00eau m\u1ec1m nh\u01b0 b\u1ecdc&#8230;<\/p>\n","protected":false},"featured_media":7650,"comment_status":"open","ping_status":"closed","template":"","meta":[],"product_brand":[1515],"product_cat":[15,1392,1496,1704,1403],"product_tag":[1626,145,146,1630,1627,1631,1629,1621],"class_list":{"0":"post-8949","1":"product","2":"type-product","3":"status-publish","4":"has-post-thumbnail","6":"product_brand-huggies","7":"product_cat-chua-phan-loai","8":"product_cat-me-va-be","9":"product_cat-ta-bim-tre-em","10":"product_cat-ta-dan-huggies","11":"product_cat-ta-huggies","12":"product_tag-bim-le","13":"product_tag-huggies","14":"product_tag-ta-bim","15":"product_tag-ta-bim-huggies","16":"product_tag-ta-dan-em-be","17":"product_tag-ta-dan-huggies","18":"product_tag-ta-quan-huggies","19":"product_tag-ta-tre-em","21":"first","22":"instock","23":"shipping-taxable","24":"purchasable","25":"product-type-simple"},"acf":[],"_links":{"self":[{"href":"https:\/\/thanglongbeauty.vn\/index.php?rest_route=\/wp\/v2\/product\/8949","targetHints":{"allow":["GET"]}}],"collection":[{"href":"https:\/\/thanglongbeauty.vn\/index.php?rest_route=\/wp\/v2\/product"}],"about":[{"href":"https:\/\/thanglongbeauty.vn\/index.php?rest_route=\/wp\/v2\/types\/product"}],"replies":[{"embeddable":true,"href":"https:\/\/thanglongbeauty.vn\/index.php?rest_route=%2Fwp%2Fv2%2Fcomments&post=8949"}],"wp:featuredmedia":[{"embeddable":true,"href":"https:\/\/thanglongbeauty.vn\/index.php?rest_route=\/wp\/v2\/media\/7650"}],"wp:attachment":[{"href":"https:\/\/thanglongbeauty.vn\/index.php?rest_route=%2Fwp%2Fv2%2Fmedia&parent=8949"}],"wp:term":[{"taxonomy":"product_brand","embeddable":true,"href":"https:\/\/thanglongbeauty.vn\/index.php?rest_route=%2Fwp%2Fv2%2Fproduct_brand&post=8949"},{"taxonomy":"product_cat","embeddable":true,"href":"https:\/\/thanglongbeauty.vn\/index.php?rest_route=%2Fwp%2Fv2%2Fproduct_cat&post=8949"},{"taxonomy":"product_tag","embeddable":true,"href":"https:\/\/thanglongbeauty.vn\/index.php?rest_route=%2Fwp%2Fv2%2Fproduct_tag&post=8949"}],"curies":[{"name":"wp","href":"https:\/\/api.w.org\/{rel}","templated":true}]}}