{"id":8950,"date":"2025-10-20T04:10:31","date_gmt":"2025-10-20T04:10:31","guid":{"rendered":"https:\/\/thanglongbeauty.vn\/san-pham\/ta-dan-huigguies-l404\/"},"modified":"2026-01-13T11:06:49","modified_gmt":"2026-01-13T11:06:49","slug":"ta-dan-huigguies-l404","status":"publish","type":"product","link":"https:\/\/thanglongbeauty.vn\/?product=ta-dan-huigguies-l404","title":{"rendered":"T\u00c3 D\u00c1N HUIGGUIES L40*4"},"content":{"rendered":"<p>&#8220;T\u00c3 D\u00c1N DRY HUGGIES L68\/L42 CHO TR\u1eba T\u1eea 9 \u0110\u1ebeN 14KG<\/p>\n<p>TH\u00d4NG TIN S\u1ea2N PH\u1ea8M<br \/>\nSize: L<br \/>\nLo\u1ea1i: t\u1ea3 d\u00e1n<br \/>\n\u0110\u1ed9 tu\u1ed5i: D\u00e0nh cho b\u00e9 t\u1eeb 9-14kg<br \/>\nXu\u1ea5t x\u1ee9: Vi\u1ec7t Nam<br \/>\nTh\u01b0\u01a1ng hi\u1ec7u: Huggies<\/p>\n<p>\u01afU \u0110I\u1ec2M N\u1ed4I B\u1eacC T\u00c3 D\u00c1N DRY HUGGIES L68\/L42 CHO TR\u1eba T\u1eea 9 \u0110\u1ebeN 14KG<br \/>\n&#8211; T\u00e3 d\u00e1n Huggies Dry v\u1edbi l\u1edbp \u0111\u1ec7m si\u00eau m\u1ec1m nh\u01b0 b\u1ecdc k\u00e9n gi\u00fap ng\u0103n h\u1eb1n \u0111\u1ecf \u1edf m\u1ecdi v\u1ecb tr\u00ed ti\u1ebfp x\u00fac, n\u00e2ng niu l\u00e0n da b\u00e9 ngay c\u1ea3 khi b\u00e9 v\u1eadn \u0111\u1ed9ng. C\u00f9ng c\u00f4ng ngh\u1ec7 &#8211; 1000 ph\u1ec5u si\u00eau th\u1ea5m h\u00fat c\u00f9ng m\u00e0ng \u0111\u00e1y tho\u00e1t \u1ea9m 100% m\u1ec1m m\u1ea1i nh\u01b0 b\u00f4ng gi\u00fap da b\u00e9 kh\u00f4 tho\u00e1ng d\u00e0i l\u00e2u.<br \/>\n&#8211; C\u00f4ng ngh\u1ec7 1000 ph\u1ec5u si\u00eau th\u1ea5m: C\u00f4ng ngh\u1ec7 1000 ph\u1ec5u si\u00eau th\u1ea5m v\u00e0 c\u00e1c r\u00e3nh d\u1ecdc gi\u00fap th\u1ea5m nhanh v\u00e0 d\u00e0n \u0111\u1ec1u ch\u1ea5t l\u1ecfng, gi\u1eef m\u00f4ng b\u00e9 kh\u00f4 tho\u00e1ng d\u00e0i l\u00e2u<br \/>\nB\u1ecdc k\u00e9n con t\u1eb1m (d\u00e0nh cho size M, L, XL): L\u1edbp \u0111\u1ec7m si\u00eau m\u1ec1m nh\u01b0 b\u1ecdc k\u00e9n gi\u00fap ng\u0103n h\u1eb1n \u0111\u1ecf \u1edf m\u1ecdi v\u1ecb tr\u00ed ti\u1ebfp x\u00fac, n\u00e2ng niu l\u00e0n da b\u00e9 ngay c\u1ea3 khi b\u00e9 v\u1eadn \u0111\u1ed9ng<br \/>\n&#8211; L\u1edbp thun ch\u00e2n \u00eam m\u1ec1m nh\u01b0 m\u00e2y: L\u1edbp thun ch\u00e2n \u00eam m\u1ec1m nh\u01b0 m\u00e2y, c\u1eeba v\u1eb7n v\u1edbi b\u00e9, gi\u1ea3m \u00e1p l\u1ef1c thun l\u00ean da, ch\u1ed1ng tr\u00e0n v\u00e0 h\u1eb1n \u0111\u1ecf hi\u1ec7u qu\u1ea3<br \/>\n&#8211; M\u00e0ng \u0111\u00e1y tho\u00e1t \u1ea9m 100%: M\u00e0ng \u0111\u00e1y v\u1edbi c\u00f4ng ngh\u1ec7 tho\u00e1t \u1ea9m 100% cho ph\u00e9p kh\u00f4ng kh\u00ed l\u01b0u th\u00f4ng d\u1ec5 d\u00e0ng gi\u00fap da b\u00e9 lu\u00f4n kh\u00f4 tho\u00e1ng, ng\u0103n ng\u1eeba h\u0103m t\u00e3 hi\u1ec7u qu\u1ea3<br \/>\n&#8211; H\u00e0ng ng\u00e0n h\u1ea1t Smart Lock: H\u00e0ng ng\u00e0n h\u1ea1t Smart Lock ch\u1ee7 \u0111\u1ed9ng th\u1ea5m h\u00fat v\u00e0 kh\u00f3a ch\u1eb7t ch\u1ea5t l\u1ecfng s\u00e2u b\u00ean trong gi\u00fap ch\u1ed1ng tr\u00e0n v\u00e0 th\u1ea5m ng\u01b0\u1ee3c tr\u1edf l\u1ea1i<br \/>\n&#8211; Th\u1ebf h\u1ec7 t\u00e3 m\u1edbi c\u1ea3i ti\u1ebfn m\u1ecfng h\u01a1n th\u1ea5m h\u00fat 7 ly ch\u1ea5t l\u1ecfng: Th\u1ebf h\u1ec7 t\u00e3 m\u1edbi c\u1ea3i ti\u1ebfn m\u1ecfng h\u01a1n th\u1ea5m h\u00fat 7 ly ch\u1ea5t l\u1ecfng gi\u00fap da b\u00e9 kh\u00f4 tho\u00e1ng d\u00e0i l\u00e2u<\/p>\n<p>H\u01af\u1edaNG D\u1eaaN S\u1eec D\u1ee4NG T\u00c3 D\u00c1N DRY HUGGIES  L68\/L42 CHO TR\u1eba T\u1eea 9 \u0110\u1ebeN 14KG<br \/>\n1. Lu\u1ed3n t\u00e3 d\u01b0\u1edbi m\u00f4ng b\u00e9 v\u00e0 k\u00e9o th\u1eb3ng ngay ng\u1eafn<br \/>\n2. D\u00e1n mi\u1ebfng d\u00e1n l\u1ea7n l\u01b0\u1ee3t t\u1eebng b\u00ean kh\u00f4ng qu\u00e1 l\u1ecfng ho\u1eb7c qu\u00e1 ch\u1eb7t<br \/>\n3. Lu\u1ed3n ng\u00f3n tay b\u00ean h\u00f4ng ki\u1ec3m tra t\u00e3 v\u1eeba v\u1eb7n v\u1edbi b\u00e9, gi\u00fap tr\u00e1nh tr\u00e0n ra ngo\u00e0i<\/p>\n<p>L\u01afU \u00dd:<br \/>\n&#8211; Thay t\u00e3 cho b\u00e9 4 &#8211; 5 ti\u1ebfng\/ l\u1ea7n ho\u1eb7c ngay sau khi b\u00e9 ti\u00eau b\u1ea9n<br \/>\n&#8211; Kh\u00f4ng n\u00ean d\u00f9ng t\u00e3 24\/24 gi\u1edd<br \/>\n&#8211; Kh\u00f4ng b\u1ecf t\u00e3 v\u00e0o b\u1ed3n c\u1ea7u<\/p>\n<p>H\u01af\u1edaNG D\u1eaaN CH\u1eccN SIZE T\u1ea2 QU\u1ea6N HUGGIES CHO B\u00c9<br \/>\nH\u01b0\u1edbng d\u1eabn ch\u1ecdn size b\u1ec9m t\u00e3 qu\u1ea7n Huggies cho b\u00e9<br \/>\nT\u00e3 qu\u1ea7n size S: cho b\u00e9 t\u1eeb 4 &#8211; 8kg<br \/>\nT\u00e3 qu\u1ea7n siz<\/p>\n","protected":false},"excerpt":{"rendered":"<p>&#8220;T\u00c3 D\u00c1N DRY HUGGIES L68\/L42 CHO TR\u1eba T\u1eea 9 \u0110\u1ebeN 14KG TH\u00d4NG TIN S\u1ea2N PH\u1ea8M Size: L Lo\u1ea1i: t\u1ea3 d\u00e1n \u0110\u1ed9 tu\u1ed5i: D\u00e0nh cho b\u00e9 t\u1eeb 9-14kg Xu\u1ea5t x\u1ee9: Vi\u1ec7t Nam Th\u01b0\u01a1ng hi\u1ec7u: Huggies \u01afU \u0110I\u1ec2M N\u1ed4I B\u1eacC T\u00c3 D\u00c1N DRY HUGGIES L68\/L42 CHO TR\u1eba T\u1eea 9 \u0110\u1ebeN 14KG &#8211; T\u00e3 d\u00e1n Huggies Dry v\u1edbi&#8230;<\/p>\n","protected":false},"featured_media":7656,"comment_status":"open","ping_status":"closed","template":"","meta":[],"product_brand":[1515],"product_cat":[15,1392,1496,1704,1403],"product_tag":[1626,145,146,1630,1627,1631,1629,1621],"class_list":{"0":"post-8950","1":"product","2":"type-product","3":"status-publish","4":"has-post-thumbnail","6":"product_brand-huggies","7":"product_cat-chua-phan-loai","8":"product_cat-me-va-be","9":"product_cat-ta-bim-tre-em","10":"product_cat-ta-dan-huggies","11":"product_cat-ta-huggies","12":"product_tag-bim-le","13":"product_tag-huggies","14":"product_tag-ta-bim","15":"product_tag-ta-bim-huggies","16":"product_tag-ta-dan-em-be","17":"product_tag-ta-dan-huggies","18":"product_tag-ta-quan-huggies","19":"product_tag-ta-tre-em","21":"first","22":"onbackorder","23":"shipping-taxable","24":"purchasable","25":"product-type-simple"},"acf":[],"_links":{"self":[{"href":"https:\/\/thanglongbeauty.vn\/index.php?rest_route=\/wp\/v2\/product\/8950","targetHints":{"allow":["GET"]}}],"collection":[{"href":"https:\/\/thanglongbeauty.vn\/index.php?rest_route=\/wp\/v2\/product"}],"about":[{"href":"https:\/\/thanglongbeauty.vn\/index.php?rest_route=\/wp\/v2\/types\/product"}],"replies":[{"embeddable":true,"href":"https:\/\/thanglongbeauty.vn\/index.php?rest_route=%2Fwp%2Fv2%2Fcomments&post=8950"}],"wp:featuredmedia":[{"embeddable":true,"href":"https:\/\/thanglongbeauty.vn\/index.php?rest_route=\/wp\/v2\/media\/7656"}],"wp:attachment":[{"href":"https:\/\/thanglongbeauty.vn\/index.php?rest_route=%2Fwp%2Fv2%2Fmedia&parent=8950"}],"wp:term":[{"taxonomy":"product_brand","embeddable":true,"href":"https:\/\/thanglongbeauty.vn\/index.php?rest_route=%2Fwp%2Fv2%2Fproduct_brand&post=8950"},{"taxonomy":"product_cat","embeddable":true,"href":"https:\/\/thanglongbeauty.vn\/index.php?rest_route=%2Fwp%2Fv2%2Fproduct_cat&post=8950"},{"taxonomy":"product_tag","embeddable":true,"href":"https:\/\/thanglongbeauty.vn\/index.php?rest_route=%2Fwp%2Fv2%2Fproduct_tag&post=8950"}],"curies":[{"name":"wp","href":"https:\/\/api.w.org\/{rel}","templated":true}]}}