{"id":8953,"date":"2025-10-20T04:10:33","date_gmt":"2025-10-20T04:10:33","guid":{"rendered":"https:\/\/thanglongbeauty.vn\/?post_type=product&#038;p=8953"},"modified":"2026-01-13T11:06:49","modified_gmt":"2026-01-13T11:06:49","slug":"ta-dan-huggies-l683-303-6","status":"publish","type":"product","link":"https:\/\/thanglongbeauty.vn\/?product=ta-dan-huggies-l683-303-6","title":{"rendered":"T\u00c3 D\u00c1N HUGGIES L68*3 303.6"},"content":{"rendered":"<p>M\u00d4 T\u1ea2 S\u1ea2N PH\u1ea8M<\/p>\n<p>* Xu\u1ea5t s\u1ee9: Vi\u1ec7t Nam &#8211; S\u1ea3n ph\u1ea9m \u0111\u01b0\u1ee3c s\u1ea3n xu\u1ea5t t\u1ea1i Vi\u1ec7t Nam b\u1edfi C\u00f4ng ty TNHH Kimberly-Clark Vi\u1ec7t Nam.<br \/>\n* HSD: 3 n\u0103m t\u1eeb ng\u00e0y SX.<\/p>\n<p>* T\u00e3 d\u00e1n Huggies M\u1edaI \u2013 v\u1edbi b\u1ec1 m\u1eb7t \u0111\u01b0\u1ee3c b\u1ed5 sung tinh ch\u1ea5t TR\u00c0M TR\u00c0 T\u1ef0 NHI\u00caN, gi\u00fap mang \u0111\u1ebfn c\u1ea3m gi\u00e1c d\u1ecbu da. <\/p>\n<p>* Kh\u1ea3 n\u0103ng tho\u00e1ng kh\u00ed \u0111\u01b0\u1ee3c ch\u1ee9ng minh l\u00e2m s\u00e0ng gi\u00fap NG\u1eeaA H\u0102M T\u00c3, nh\u1edd c\u00f4ng ngh\u1ec7 M\u00e0ng \u0111\u00e1y tho\u00e1t \u1ea9m 100% gi\u00fap kh\u00f4ng kh\u00ed l\u01b0u th\u00f4ng d\u1ec5 d\u00e0ng, cho da b\u00e9 lu\u00f4n \u0111\u01b0\u1ee3c kh\u00f4 tho\u00e1ng d\u00e0i l\u00e2u.<\/p>\n<p>* NG\u0102N TH\u1ea4M NG\u01af\u1ee2C &#8211; C\u00f4ng ngh\u1ec7 kh\u00f3a \u1ea9m BONG B\u00d3NG 3D gi\u00fap th\u1ea5m h\u00fat t\u1ee9c th\u1eddi, kh\u00f3a ch\u1eb7t ch\u1ea5t l\u1ecfng s\u00e2u b\u00ean trong v\u00e0 ng\u0103n th\u1ea5m ng\u01b0\u1ee3c.<\/p>\n<p>* V\u1eeba v\u1eb7n v\u1edbi b\u00e9, gi\u1ea3m \u00e1p l\u1ef1c thun l\u00ean da, ch\u1ed1ng tr\u00e0n v\u00e0 h\u1eb1n \u0111\u1ecf hi\u1ec7u qu\u1ea3 nh\u1edd L\u1edaP THUN CH\u00c2N \u00caM M\u1ec0M NH\u01af M\u00c2Y<\/p>\n<p>(1) D\u1ef1a tr\u00ean k\u1ebft qu\u1ea3 nghi\u00ean c\u1ee9u v\u1ec1 kh\u1ea3 n\u0103ng th\u1ea5m h\u00fat t\u1eeb c\u00f4ng ty Kimberly-Clark.<\/p>\n<p>* H\u01b0\u1edbng d\u1eabn m\u1eb9 ch\u1ecdn size t\u00e3 cho b\u00e9:<br \/>\nSize M \u2013 cho b\u00e9 t\u1eeb 6 &#8211; 11 kg.<br \/>\nSize L \u2013 cho b\u00e9 t\u1eeb 9 &#8211; 14 kg.<br \/>\nSize XL \u2013 cho b\u00e9 t\u1eeb 12 &#8211; 17 kg.<br \/>\nSize XXL \u2013 cho b\u00e9 tr\u00ean 15 kg.<\/p>\n<p>* H\u01b0\u1edbng d\u1eabn m\u1eb9 s\u1eed d\u1ee5ng:<br \/>\nLu\u1ed3n t\u00e3 d\u01b0\u1edbi m\u00f4ng b\u00e9 v\u1edbi ch\u1eef \u201cSAU &#8211; BACK\u201d \u1edf m\u1eb7t sau v\u00e0 k\u00e9o th\u1eb3ng ngay ng\u1eafn.<br \/>\nD\u00e1n mi\u1ebfng d\u00e1n t\u1eebng b\u00ean kh\u00f4ng qu\u00e1 l\u1ecfng ho\u1eb7c qu\u00e1 ch\u1eb7t.<br \/>\nLu\u1ed3n ng\u00f3n tay b\u00ean h\u00f4ng ki\u1ec3m tra t\u00e3 v\u1eeba v\u1eb7n v\u1edbi ng\u01b0\u1eddi, gi\u00fap tr\u00e1nh tr\u00e0n ra ngo\u00e0i.<\/p>\n","protected":false},"excerpt":{"rendered":"<p>M\u00d4 T\u1ea2 S\u1ea2N PH\u1ea8M * Xu\u1ea5t s\u1ee9: Vi\u1ec7t Nam &#8211; S\u1ea3n ph\u1ea9m \u0111\u01b0\u1ee3c s\u1ea3n xu\u1ea5t t\u1ea1i Vi\u1ec7t Nam b\u1edfi C\u00f4ng ty TNHH Kimberly-Clark Vi\u1ec7t Nam. * HSD: 3 n\u0103m t\u1eeb ng\u00e0y SX. * T\u00e3 d\u00e1n Huggies M\u1edaI \u2013 v\u1edbi b\u1ec1 m\u1eb7t \u0111\u01b0\u1ee3c b\u1ed5 sung tinh ch\u1ea5t TR\u00c0M TR\u00c0 T\u1ef0 NHI\u00caN, gi\u00fap mang \u0111\u1ebfn c\u1ea3m gi\u00e1c&#8230;<\/p>\n","protected":false},"featured_media":7698,"comment_status":"open","ping_status":"closed","template":"","meta":[],"product_brand":[1515],"product_cat":[15,1392,1496,1403],"product_tag":[1626,145,146,1630,1627,1631,1629,1621],"class_list":{"0":"post-8953","1":"product","2":"type-product","3":"status-publish","4":"has-post-thumbnail","6":"product_brand-huggies","7":"product_cat-chua-phan-loai","8":"product_cat-me-va-be","9":"product_cat-ta-bim-tre-em","10":"product_cat-ta-huggies","11":"product_tag-bim-le","12":"product_tag-huggies","13":"product_tag-ta-bim","14":"product_tag-ta-bim-huggies","15":"product_tag-ta-dan-em-be","16":"product_tag-ta-dan-huggies","17":"product_tag-ta-quan-huggies","18":"product_tag-ta-tre-em","20":"first","21":"onbackorder","22":"shipping-taxable","23":"purchasable","24":"product-type-simple"},"acf":[],"_links":{"self":[{"href":"https:\/\/thanglongbeauty.vn\/index.php?rest_route=\/wp\/v2\/product\/8953","targetHints":{"allow":["GET"]}}],"collection":[{"href":"https:\/\/thanglongbeauty.vn\/index.php?rest_route=\/wp\/v2\/product"}],"about":[{"href":"https:\/\/thanglongbeauty.vn\/index.php?rest_route=\/wp\/v2\/types\/product"}],"replies":[{"embeddable":true,"href":"https:\/\/thanglongbeauty.vn\/index.php?rest_route=%2Fwp%2Fv2%2Fcomments&post=8953"}],"wp:featuredmedia":[{"embeddable":true,"href":"https:\/\/thanglongbeauty.vn\/index.php?rest_route=\/wp\/v2\/media\/7698"}],"wp:attachment":[{"href":"https:\/\/thanglongbeauty.vn\/index.php?rest_route=%2Fwp%2Fv2%2Fmedia&parent=8953"}],"wp:term":[{"taxonomy":"product_brand","embeddable":true,"href":"https:\/\/thanglongbeauty.vn\/index.php?rest_route=%2Fwp%2Fv2%2Fproduct_brand&post=8953"},{"taxonomy":"product_cat","embeddable":true,"href":"https:\/\/thanglongbeauty.vn\/index.php?rest_route=%2Fwp%2Fv2%2Fproduct_cat&post=8953"},{"taxonomy":"product_tag","embeddable":true,"href":"https:\/\/thanglongbeauty.vn\/index.php?rest_route=%2Fwp%2Fv2%2Fproduct_tag&post=8953"}],"curies":[{"name":"wp","href":"https:\/\/api.w.org\/{rel}","templated":true}]}}