{"id":8955,"date":"2025-10-20T04:10:33","date_gmt":"2025-10-20T04:10:33","guid":{"rendered":"https:\/\/thanglongbeauty.vn\/?post_type=product&#038;p=8955"},"modified":"2025-10-25T04:34:37","modified_gmt":"2025-10-25T04:34:37","slug":"bang-ve-sinh-kotex-gardenia-mong-canh-23cm-8-mieng","status":"publish","type":"product","link":"https:\/\/thanglongbeauty.vn\/?product=bang-ve-sinh-kotex-gardenia-mong-canh-23cm-8-mieng","title":{"rendered":"B\u0103ng V\u1ec7 Sinh KOTEX GARDENIA M\u1eceNG C\u00c1NH 23CM 8 MI\u1ebeNG"},"content":{"rendered":"<p>B\u0103ng V\u1ec7 Sinh KOTEX Gardenia Deo+ Si\u00eau M\u1ecfng C\u00e1nh 23CM 8 Mi\u1ebfng an to\u00e0n, ti\u1ec7n l\u1ee3i \u0111\u01b0\u1ee3c nhi\u1ec1u ch\u1ecb em l\u1ef1a ch\u1ecdn tin d\u00f9ng. B\u0103ng v\u1ec7 sinh KOTEX Gardenia si\u00eau m\u1ecfng c\u00f3 c\u00e1nh 8 mi\u1ebfng v\u1edbi l\u00f5i 3D si\u00eau th\u1ea5m h\u00fat ch\u1ed1ng tr\u00e0n hi\u1ec7u qu\u1ea3. B\u0103ng v\u1ec7 sinh mang m\u00f9i h\u01b0\u01a1ng anh \u0111\u00e0o \u0111\u00e1nh bay m\u00f9i m\u1ed7i l\u1ea7n s\u1eed d\u1ee5ng.<br \/>\n \u0110\u1eb7c \u0111i\u1ec3m n\u1ed5i b\u1eadt: Si\u00eau m\u1ecfng, si\u00eau th\u1ea5m h\u00fat v\u1edbi h\u01b0\u01a1ng hoa anh \u0111\u00e0o Nh\u1eadt B\u1ea3n th\u01a1m ng\u00e1t l\u00ean \u0111\u1ebfn 4h. B\u0103ng v\u1ec7 sinh kh\u00f4ng c\u00e1nh, g\u00f3i 8 mi\u1ebfng.<br \/>\n Nh\u00e0 s\u1ea3n xu\u1ea5tKOTEXSKU8935107202397Tr\u1ecdng l\u01b0\u1ee3ng (g)500.000000Chi\u1ec1u d\u00e0i (cm)9Chi\u1ec1u r\u1ed9ng (cm)4Chi\u1ec1u cao (cm)9.5Storage categoryNormal temperatureTh\u00f4ng tin t\u1eeb nh\u00e0 s\u1ea3n xu\u1ea5tKh\u00f4ng b\u1ecf b\u0103ng v\u00e0o b\u1ed3n v\u1ec7 sinh. Tr\u00e1nh xa t\u1ea7m tay tr\u1ebb em.H\u01b0\u1edbng d\u1eabn b\u1ea3o qu\u1ea3nB\u1ea3o qu\u1ea3n n\u01a1i kh\u00f4 r\u00e1o, tho\u00e1ng m\u00e1t. Tr\u00e1nh \u00e1nh n\u1eafng tr\u1ef1c ti\u1ebfp.H\u01b0\u1edbng d\u1eabn s\u1eed d\u1ee5ngB\u00f3c l\u1edbp gi\u1ea5y kh\u00f4ng d\u00ednh v\u00e0 d\u00e1n b\u0103ng v\u00e0o \u0111\u00e1y qu\u1ea7n l\u00f3t. Sau khi s\u1eed d\u1ee5ng xong, cu\u1ed9n b\u0103ng v\u00e0 b\u1ecf v\u00e0o s\u1ecdt r\u00e1c. Thay b\u0103ng 4 ti\u1ebfng 1 l\u1ea7n \u0111\u1ec3 \u0111\u1ea3m b\u1ea3o v\u1ec7 sinh v\u00e0 ng\u0103n ng\u1eeba vi khu\u1ea9n g\u00e2y h\u1ea1i cho v\u00f9ng k\u00edn.<\/p>\n","protected":false},"excerpt":{"rendered":"<p>B\u0103ng V\u1ec7 Sinh KOTEX Gardenia Deo+ Si\u00eau M\u1ecfng C\u00e1nh 23CM 8 Mi\u1ebfng an to\u00e0n, ti\u1ec7n l\u1ee3i \u0111\u01b0\u1ee3c nhi\u1ec1u ch\u1ecb em l\u1ef1a ch\u1ecdn tin d\u00f9ng. B\u0103ng v\u1ec7 sinh KOTEX Gardenia si\u00eau m\u1ecfng c\u00f3 c\u00e1nh 8 mi\u1ebfng v\u1edbi l\u00f5i 3D si\u00eau th\u1ea5m h\u00fat ch\u1ed1ng tr\u00e0n hi\u1ec7u qu\u1ea3. B\u0103ng v\u1ec7 sinh mang m\u00f9i h\u01b0\u01a1ng anh \u0111\u00e0o \u0111\u00e1nh bay&#8230;<\/p>\n","protected":false},"featured_media":8326,"comment_status":"open","ping_status":"closed","template":"","meta":[],"product_brand":[1604],"product_cat":[15,1487,1478,1414],"product_tag":[282,159,168,165,283,161,501,507,208],"class_list":{"0":"post-8955","1":"product","2":"type-product","3":"status-publish","4":"has-post-thumbnail","6":"product_brand-kotex","7":"product_cat-chua-phan-loai","8":"product_cat-bang-ve-sinh","9":"product_cat-bang-ve-sinh-kotex","10":"product_cat-suc-khoe-phu-khoa","11":"product_tag-bang-quan","12":"product_tag-bang-ve-sinh","13":"product_tag-bang-ve-sinh-ban-dem","14":"product_tag-bang-ve-sinh-ban-ngay","15":"product_tag-bang-ve-sinh-dang-quan","16":"product_tag-bang-ve-sinh-diana","17":"product_tag-bang-ve-sinh-hang-ngay","18":"product_tag-bang-ve-sinh-kotex","19":"product_tag-kotex","21":"first","22":"onbackorder","23":"sale","24":"shipping-taxable","25":"purchasable","26":"product-type-simple"},"acf":[],"_links":{"self":[{"href":"https:\/\/thanglongbeauty.vn\/index.php?rest_route=\/wp\/v2\/product\/8955","targetHints":{"allow":["GET"]}}],"collection":[{"href":"https:\/\/thanglongbeauty.vn\/index.php?rest_route=\/wp\/v2\/product"}],"about":[{"href":"https:\/\/thanglongbeauty.vn\/index.php?rest_route=\/wp\/v2\/types\/product"}],"replies":[{"embeddable":true,"href":"https:\/\/thanglongbeauty.vn\/index.php?rest_route=%2Fwp%2Fv2%2Fcomments&post=8955"}],"wp:featuredmedia":[{"embeddable":true,"href":"https:\/\/thanglongbeauty.vn\/index.php?rest_route=\/wp\/v2\/media\/8326"}],"wp:attachment":[{"href":"https:\/\/thanglongbeauty.vn\/index.php?rest_route=%2Fwp%2Fv2%2Fmedia&parent=8955"}],"wp:term":[{"taxonomy":"product_brand","embeddable":true,"href":"https:\/\/thanglongbeauty.vn\/index.php?rest_route=%2Fwp%2Fv2%2Fproduct_brand&post=8955"},{"taxonomy":"product_cat","embeddable":true,"href":"https:\/\/thanglongbeauty.vn\/index.php?rest_route=%2Fwp%2Fv2%2Fproduct_cat&post=8955"},{"taxonomy":"product_tag","embeddable":true,"href":"https:\/\/thanglongbeauty.vn\/index.php?rest_route=%2Fwp%2Fv2%2Fproduct_tag&post=8955"}],"curies":[{"name":"wp","href":"https:\/\/api.w.org\/{rel}","templated":true}]}}