{"id":8959,"date":"2025-10-20T04:10:34","date_gmt":"2025-10-20T04:10:34","guid":{"rendered":"https:\/\/thanglongbeauty.vn\/?post_type=product&#038;p=8959"},"modified":"2025-10-25T04:32:58","modified_gmt":"2025-10-25T04:32:58","slug":"bang-ve-sinh-kotex-sieu-mong-canh-23cm-8-mieng","status":"publish","type":"product","link":"https:\/\/thanglongbeauty.vn\/?product=bang-ve-sinh-kotex-sieu-mong-canh-23cm-8-mieng","title":{"rendered":"B\u0103ng V\u1ec7 Sinh KOTEX Si\u00eau M\u1ecfng C\u00e1nh 23cm 8 Mi\u1ebfng"},"content":{"rendered":"<p>B\u0103ng V\u1ec7 Sinh KOTEX Kh\u00f4 Tho\u00e1ng M\u1eb7t L\u01b0\u1edbi L\u1ee5a Ho\u00e1\u00a0l\u00e0 d\u00f2ng s\u1ea3n ph\u1ea9m\u00a0b\u0103ng v\u1ec7 sinh\u00a0c\u00f3 c\u00e1nh \u0111\u1ebfn t\u1eeb\u00a0th\u01b0\u01a1ng hi\u1ec7u KOTEX\u00a0uy t\u00edn\u00a0gi\u00fap ch\u0103m s\u00f3c v\u1ec7 sinh c\u00e1 nh\u00e2n cho ph\u00e1i \u0111\u1eb9p. Thi\u1ebft k\u1ebf m\u1eb7t l\u01b0\u1edbi l\u1ee5a h\u00f3a \u0111\u1ed9c \u0111\u00e1o c\u00f3 kh\u1ea3 n\u0103ng th\u1ea5m h\u00fat t\u1ed1t m\u00e0 v\u1eabn v\u00f4 c\u00f9ng \u00eam m\u1ec1m v\u00e0 tho\u1ea3i m\u00e1i khi s\u1eed d\u1ee5ng, kh\u00f4ng h\u1ec1 th\u00f4 r\u00e1p. B\u00ean c\u1ea1nh \u0111\u00f3, 3 k\u1ebft h\u1ee3p ch\u1ed1ng tr\u00e0n bao g\u1ed3m l\u00f5i 3D si\u00eau th\u1ea5m h\u00fat + h\u1ec7 r\u00e3nh Deep Lock + m\u00e0ng ng\u0103n \u1ea9m s\u1ebd gi\u00fap th\u1ea5m h\u00fat ch\u1ea5t d\u1ecbch t\u1ed1i \u01b0u nh\u1ea5t trong k\u1ef3 kinh nguy\u1ec7t, cho ph\u00e1i \u0111\u1eb9p c\u1ea3m gi\u00e1c ho\u00e0n to\u00e0n y\u00ean t\u00e2m, t\u1ef1 tin l\u00e0m m\u1ecdi \u0111i\u1ec1u m\u00ecnh mu\u1ed1n!<br \/>\n\u00a0<\/p>\n<p>\u00a0<br \/>\nHi\u1ec7n c\u00f3 2\u00a0d\u00f2ng\u00a0B\u0103ng V\u1ec7 Sinh KOTEX Kh\u00f4 Tho\u00e1ng M\u1eb7t L\u01b0\u1edbi L\u1ee5a Ho\u00e1\u00a0cho b\u1ea1n l\u1ef1a ch\u1ecdn:<br \/>\nB\u0103ng V\u1ec7 Sinh KOTEX Kh\u00f4 Tho\u00e1ng M\u1eb7t L\u01b0\u1edbi L\u1ee5a Ho\u00e1\u00a0\u2013 D\u00e0y C\u00e1nh (G\u00f3i 8 Mi\u1ebfng \/ G\u00f3i 16 Mi\u1ebfng \/ G\u00f3i 20 Mi\u1ebfng)<br \/>\nB\u0103ng V\u1ec7 Sinh KOTEX Kh\u00f4 Tho\u00e1ng M\u1eb7t L\u01b0\u1edbi L\u1ee5a Ho\u00e1\u00a0\u2013 Si\u00eau M\u1ecfng C\u00e1nh\u00a0(G\u00f3i 8 Mi\u1ebfng \/ G\u00f3i 16 Mi\u1ebfng \/ G\u00f3i 20 Mi\u1ebfng)<\/p>\n<p>\u00a0<br \/>\n\u01afu th\u1ebf n\u1ed5i b\u1eadt:B\u0103ng V\u1ec7 Sinh KOTEX Kh\u00f4 Tho\u00e1ng M\u1eb7t L\u01b0\u1edbi L\u1ee5a Ho\u00e1\u00a0M\u1edbi\u00a0v\u1edbi thi\u1ebft k\u1ebf:<br \/>\nM\u1eb6T L\u01af\u1edaI L\u1ee4A H\u00d3A<br \/>\nM\u1ec1m m\u1ea1i v\u00e0 tho\u1ea3i m\u00e1i nh\u01b0 l\u1ee5a<br \/>\nB\u1ec1 m\u1eb7t micro-embossing h\u1ea1n ch\u1ebf c\u1ecd x\u00e1t &#038; d\u00ednh v\u00e0o da<br \/>\n3 K\u1ebeT H\u1ee2P CH\u1ed0NG TR\u00c0N<br \/>\nL\u00f5i 3D si\u00eau th\u1ea5m h\u00fat<br \/>\nH\u1ec7 r\u00e3nh Deeplock<br \/>\nM\u00e0ng ng\u0103n \u1ea9m<br \/>\nCh\u1ed1ng tr\u00e0n hi\u1ec7u qu\u1ea3, t\u1ea1o c\u1ea3m gi\u00e1c kh\u00f4 tho\u00e1ng s\u1ea1ch s\u1ebd.<br \/>\nKh\u1eed m\u00f9i t\u1ed1i \u01b0u n\u00ean gi\u00fap v\u00f9ng k\u00edn lu\u00f4n v\u1ec7 sinh, kh\u00f4ng b\u1ecb vi khu\u1ea9n g\u00e2y h\u1ea1i.<br \/>\nV\u1edbi b\u1ec1 m\u1eb7t b\u00f4ng m\u1ec1m m\u1ea1i c\u00f9ng h\u01b0\u01a1ng hoa c\u1ecf th\u01a1m m\u00e1t, d\u1ecbu nh\u1eb9, s\u1ea3n ph\u1ea9m ph\u00f9 h\u1ee3p cho c\u1ea3 l\u00e0n da nh\u1ea1y c\u1ea3m.<br \/>\n\u00a0<\/p>\n<p>\u00a0<\/p>\n<p>\u00a0<br \/>\nB\u1ea3o qu\u1ea3n:B\u1ea3o qu\u1ea3n n\u01a1i kh\u00f4 r\u00e1o, tho\u00e1ng m\u00e1t, tr\u00e1nh \u00e1nh n\u1eafng tr\u1ef1c ti\u1ebfp ho\u1eb7c nhi\u1ec7t \u0111\u1ed9 cao \/ \u1ea9m \u01b0\u1edbt.Th\u00f4ng s\u1ed1 s\u1ea3n ph\u1ea9m:C\u00f3 c\u00e1nh\/Kh\u00f4ng c\u00e1nh:\u00a0C\u00f3 c\u00e1nh<br \/>\nK\u00edch th\u01b0\u1edbc:\u00a023cm<br \/>\nS\u1ed1 mi\u1ebfng\/g\u00f3i:\u00a08 mi\u1ebfng \/ 16 mi\u1ebfng \/ 20 mi\u1ebfng<br \/>\nTh\u01b0\u01a1ng hi\u1ec7u:\u00a0KOTEX\u00ae (thu\u1ed9c t\u1eadp \u0111o\u00e0n Kimberly-Clark)<br \/>\nXu\u1ea5t x\u1ee9 th\u01b0\u01a1ng hi\u1ec7u:\u00a0M\u1ef9<br \/>\nS\u1ea3n xu\u1ea5t t\u1ea1i:\u00a0Vi\u1ec7t Nam<\/p>\n<p>BVS KOTEX KH\u00d4 THO\u00c1NG M\u1edaI, SMC, MI\u1ebeNG<\/p>\n<p>BVS KOTEX\u00ae KH\u00d4 THO\u00c1NG M\u1eb6T L\u01af\u1edaI M\u1edaI \u2013 B\u1ea3o v\u1ec7 to\u00e0n di\u1ec7n \u2013 Gi\u00fap gi\u1ea3m 5 v\u1ea5n \u0111\u1ec1 trong kh\u00ec kinh nguy\u1ec7t.<br \/>\n\u2022 L\u00f5i 3D Si\u00eau th\u1ea5m h\u00fat<br \/>\n\u2022 Thi\u1ebft k\u1ebf l\u01b0\u1ee3n s\u00f3ng \u0111\u1eb9p m\u1eaft<br \/>\n\u2022 M\u1eb7t l\u01b0\u1edbi l\u1ee5a h\u00f3a <\/p>\n<p>Xu\u1ea5t x\u1ee9: Vi\u1ec7t Nam <\/p>\n<p>HSD: 3<\/p>\n","protected":false},"excerpt":{"rendered":"<p>B\u0103ng V\u1ec7 Sinh KOTEX Kh\u00f4 Tho\u00e1ng M\u1eb7t L\u01b0\u1edbi L\u1ee5a Ho\u00e1\u00a0l\u00e0 d\u00f2ng s\u1ea3n ph\u1ea9m\u00a0b\u0103ng v\u1ec7 sinh\u00a0c\u00f3 c\u00e1nh \u0111\u1ebfn t\u1eeb\u00a0th\u01b0\u01a1ng hi\u1ec7u KOTEX\u00a0uy t\u00edn\u00a0gi\u00fap ch\u0103m s\u00f3c v\u1ec7 sinh c\u00e1 nh\u00e2n cho ph\u00e1i \u0111\u1eb9p. Thi\u1ebft k\u1ebf m\u1eb7t l\u01b0\u1edbi l\u1ee5a h\u00f3a \u0111\u1ed9c \u0111\u00e1o c\u00f3 kh\u1ea3 n\u0103ng th\u1ea5m h\u00fat t\u1ed1t m\u00e0 v\u1eabn v\u00f4 c\u00f9ng \u00eam m\u1ec1m v\u00e0 tho\u1ea3i m\u00e1i khi s\u1eed&#8230;<\/p>\n","protected":false},"featured_media":8340,"comment_status":"open","ping_status":"closed","template":"","meta":[],"product_brand":[1604],"product_cat":[15,1487,1478,1414],"product_tag":[282,159,168,165,283,161,501,507,208],"class_list":{"0":"post-8959","1":"product","2":"type-product","3":"status-publish","4":"has-post-thumbnail","6":"product_brand-kotex","7":"product_cat-chua-phan-loai","8":"product_cat-bang-ve-sinh","9":"product_cat-bang-ve-sinh-kotex","10":"product_cat-suc-khoe-phu-khoa","11":"product_tag-bang-quan","12":"product_tag-bang-ve-sinh","13":"product_tag-bang-ve-sinh-ban-dem","14":"product_tag-bang-ve-sinh-ban-ngay","15":"product_tag-bang-ve-sinh-dang-quan","16":"product_tag-bang-ve-sinh-diana","17":"product_tag-bang-ve-sinh-hang-ngay","18":"product_tag-bang-ve-sinh-kotex","19":"product_tag-kotex","21":"first","22":"instock","23":"sale","24":"shipping-taxable","25":"purchasable","26":"product-type-simple"},"acf":[],"_links":{"self":[{"href":"https:\/\/thanglongbeauty.vn\/index.php?rest_route=\/wp\/v2\/product\/8959","targetHints":{"allow":["GET"]}}],"collection":[{"href":"https:\/\/thanglongbeauty.vn\/index.php?rest_route=\/wp\/v2\/product"}],"about":[{"href":"https:\/\/thanglongbeauty.vn\/index.php?rest_route=\/wp\/v2\/types\/product"}],"replies":[{"embeddable":true,"href":"https:\/\/thanglongbeauty.vn\/index.php?rest_route=%2Fwp%2Fv2%2Fcomments&post=8959"}],"wp:featuredmedia":[{"embeddable":true,"href":"https:\/\/thanglongbeauty.vn\/index.php?rest_route=\/wp\/v2\/media\/8340"}],"wp:attachment":[{"href":"https:\/\/thanglongbeauty.vn\/index.php?rest_route=%2Fwp%2Fv2%2Fmedia&parent=8959"}],"wp:term":[{"taxonomy":"product_brand","embeddable":true,"href":"https:\/\/thanglongbeauty.vn\/index.php?rest_route=%2Fwp%2Fv2%2Fproduct_brand&post=8959"},{"taxonomy":"product_cat","embeddable":true,"href":"https:\/\/thanglongbeauty.vn\/index.php?rest_route=%2Fwp%2Fv2%2Fproduct_cat&post=8959"},{"taxonomy":"product_tag","embeddable":true,"href":"https:\/\/thanglongbeauty.vn\/index.php?rest_route=%2Fwp%2Fv2%2Fproduct_tag&post=8959"}],"curies":[{"name":"wp","href":"https:\/\/api.w.org\/{rel}","templated":true}]}}