{"id":8962,"date":"2025-10-20T04:10:34","date_gmt":"2025-10-20T04:10:34","guid":{"rendered":"https:\/\/thanglongbeauty.vn\/?post_type=product&#038;p=8962"},"modified":"2025-10-25T04:32:56","modified_gmt":"2025-10-25T04:32:56","slug":"bang-ve-sinh-sofy-soft-tampon","status":"publish","type":"product","link":"https:\/\/thanglongbeauty.vn\/?product=bang-ve-sinh-sofy-soft-tampon","title":{"rendered":"B\u0103ng V\u1ec7 Sinh Sofy Soft Tampon"},"content":{"rendered":"<p>SOFY Soft Tampon Super l\u00e0 d\u00f2ng s\u1ea3n ph\u1ea9m b\u0103ng v\u1ec7 sinh d\u1ea1ng \u1ed1ng (tampon) thu\u1ed9c th\u01b0\u01a1ng hi\u1ec7u SOFY, \u0111\u01b0\u1ee3c nh\u1eadp kh\u1ea9u tr\u1ef1c ti\u1ebfp t\u1eeb Nh\u1eadt B\u1ea3n. V\u1edbi thi\u1ebft k\u1ebf que \u0111\u1ea9y nh\u1ecf g\u1ecdn, d\u1ec5 s\u1eed d\u1ee5ng c\u00f9ng kh\u1ea3 n\u0103ng th\u1ea5m h\u00fat cao l\u00ean \u0111\u1ebfn 8 gi\u1edd li\u00ean t\u1ee5c, Soft Tampon Super s\u1ebd l\u00e0 tr\u1ee3 th\u1ee7 \u0111\u1eafc l\u1ef1c gi\u00fap ph\u00e1i \u0111\u1eb9p tho\u1ea3i m\u00e1i ho\u1ea1t \u0111\u1ed9ng trong nh\u1eefng ng\u00e0y chu k\u1ef3 kinh nguy\u1ec7t.<br \/>\n B\u0103ng V\u1ec7 Sinh Si\u00eau Th\u1ea5m SOFY Soft Tampon Super G\u00f3i 9 C\u00e1i<\/p>\n<p> \u0110\u1ed1i t\u01b0\u1ee3ng s\u1eed d\u1ee5ng:S\u1ea3n ph\u1ea9m d\u00e0nh cho ph\u00e1i n\u1eef s\u1eed d\u1ee5ng trong chu k\u1ef3 kinh nguy\u1ec7t.<br \/>\n \u0110\u1eb7c bi\u1ec7t ph\u00f9 h\u1ee3p khi v\u1eadn \u0111\u1ed9ng v\u00e0 tham gia c\u00e1c ho\u1ea1t \u0111\u1ed9ng th\u1ec3 ch\u1ea5t m\u1ea1nh.<br \/>\n \u01afu th\u1ebf n\u1ed5i b\u1eadt:B\u0103ng v\u1ec7 sinh d\u1ea1ng n\u00e9n si\u00eau nh\u1ecf g\u1ecdn, ti\u1ec7n l\u1ee3i mang theo b\u00ean ng\u01b0\u1eddi, gi\u00fap b\u1ea3o v\u1ec7 b\u1ea1n lu\u00f4n kh\u00f4 tho\u00e1ng v\u00e0 t\u1ef1 tin trong nh\u1eefng ng\u00e0y &#8220;\u0111\u00e8n \u0111\u1ecf&#8221;.<br \/>\n \u0110\u1eb7c bi\u1ec7t ph\u00f9 h\u1ee3p v\u1edbi nh\u1eefng b\u1ea1n n\u1eef th\u01b0\u1eddng xuy\u00ean tham gia c\u00e1c ho\u1ea1t \u0111\u1ed9ng th\u1ec3 thao, nh\u1ea3y m\u00faa, b\u01a1i l\u1ed9i.<br \/>\n L\u00f5i b\u00f4ng m\u1ec1m m\u1ea1i, ch\u1ea5t l\u01b0\u1ee3ng cao, quy tr\u00ecnh s\u1ea3n xu\u1ea5t ti\u00eau chu\u1ea9n, \u0111\u1ea3m b\u1ea3o \u0111\u1ed9 th\u1ea5m h\u00fat k\u00e9o d\u00e0i l\u00ean t\u1edbi 8 ti\u1ebfng.<br \/>\n D\u1ec5 s\u1eed d\u1ee5ng nh\u1edd d\u1ee5ng c\u1ee5 h\u1ed7 tr\u1ee3 \u0111\u01b0\u1ee3c thi\u1ebft k\u1ebf th\u00f4ng minh, gi\u00fap b\u1ea1n g\u00e1i lu\u00f4n tho\u1ea3i m\u00e1i v\u00e0 d\u1ec5 ch\u1ecbu, qu\u00ean \u0111i c\u1ea3m gi\u00e1c \u0111ang tr\u1ea3i qua nh\u1eefng ng\u00e0y &#8220;d\u00e2u r\u1ee5ng&#8221;,<br \/>\n S\u1ea3n ph\u1ea9m \u0111\u01b0\u1ee3c nh\u1eadp kh\u1ea9u nguy\u00ean g\u00f3i t\u1eeb Nh\u1eadt, \u0111\u1ea3m b\u1ea3o ch\u1ea5t l\u01b0\u1ee3ng tuy\u1ec7t \u0111\u1ed1i.<\/p>\n<p> B\u1ea3o qu\u1ea3n:B\u1ea3o qu\u1ea3n n\u01a1i tho\u00e1ng m\u00e1t. Tr\u00e1nh \u1ea9m \u01b0\u1edbt. Tr\u00e1nh g\u1ea7n l\u1eeda.<br \/>\n L\u01b0u \u00fd:Tr\u00e1nh xa t\u1ea7m tay tr\u1ebb em.<br \/>\n Kh\u00f4ng s\u1eed d\u1ee5ng cho v\u00f9ng da b\u1ecb tr\u1ea7y x\u01b0\u1edbc, ng\u01b0ng s\u1eed d\u1ee5ng ngay khi b\u1ecb d\u1ecb \u1ee9ng.<br \/>\n Chi ti\u1ebft m\u1eabu m\u00e3 bao b\u00ec c\u00f3 th\u1ec3 thay \u0111\u1ed5i t\u00f9y \u0111\u1ee3t nh\u1eadp h\u00e0ng.<br \/>\n Th\u00f4ng s\u1ed1 s\u1ea3n ph\u1ea9m:Th\u01b0\u01a1ng hi\u1ec7u: SOFY (thu\u1ed9c t\u1eadp \u0111o\u00e0n Unicharm Nh\u1eadt B\u1ea3n)<br \/>\n Xu\u1ea5t x\u1ee9 th\u01b0\u01a1ng hi\u1ec7u: Nh\u1eadt B\u1ea3n<br \/>\n N\u01a1i s\u1ea3n xu\u1ea5t: Nh\u1eadt B\u1ea3n<br \/>\n H\u1ea1n s\u1eed d\u1ee5ng: 4 n\u0103m k\u1ec3 t\u1eeb ng\u00e0y s\u1ea3n xu\u1ea5t<br \/>\n Quy c\u00e1ch: H\u1ed9p 9 c\u00e1i<\/p>\n","protected":false},"excerpt":{"rendered":"<p>SOFY Soft Tampon Super l\u00e0 d\u00f2ng s\u1ea3n ph\u1ea9m b\u0103ng v\u1ec7 sinh d\u1ea1ng \u1ed1ng (tampon) thu\u1ed9c th\u01b0\u01a1ng hi\u1ec7u SOFY, \u0111\u01b0\u1ee3c nh\u1eadp kh\u1ea9u tr\u1ef1c ti\u1ebfp t\u1eeb Nh\u1eadt B\u1ea3n. V\u1edbi thi\u1ebft k\u1ebf que \u0111\u1ea9y nh\u1ecf g\u1ecdn, d\u1ec5 s\u1eed d\u1ee5ng c\u00f9ng kh\u1ea3 n\u0103ng th\u1ea5m h\u00fat cao l\u00ean \u0111\u1ebfn 8 gi\u1edd li\u00ean t\u1ee5c, Soft Tampon Super s\u1ebd l\u00e0 tr\u1ee3 th\u1ee7&#8230;<\/p>\n","protected":false},"featured_media":8453,"comment_status":"open","ping_status":"closed","template":"","meta":[],"product_brand":[1503],"product_cat":[15,1487,1610],"product_tag":[282,159,168,165,283,161,501,509],"class_list":{"0":"post-8962","1":"product","2":"type-product","3":"status-publish","4":"has-post-thumbnail","6":"product_brand-sofy","7":"product_cat-chua-phan-loai","8":"product_cat-bang-ve-sinh","9":"product_cat-bang-ve-sinh-sofy","10":"product_tag-bang-quan","11":"product_tag-bang-ve-sinh","12":"product_tag-bang-ve-sinh-ban-dem","13":"product_tag-bang-ve-sinh-ban-ngay","14":"product_tag-bang-ve-sinh-dang-quan","15":"product_tag-bang-ve-sinh-diana","16":"product_tag-bang-ve-sinh-hang-ngay","17":"product_tag-bang-ve-sinh-sofy","19":"first","20":"instock","21":"sale","22":"shipping-taxable","23":"purchasable","24":"product-type-simple"},"acf":[],"_links":{"self":[{"href":"https:\/\/thanglongbeauty.vn\/index.php?rest_route=\/wp\/v2\/product\/8962","targetHints":{"allow":["GET"]}}],"collection":[{"href":"https:\/\/thanglongbeauty.vn\/index.php?rest_route=\/wp\/v2\/product"}],"about":[{"href":"https:\/\/thanglongbeauty.vn\/index.php?rest_route=\/wp\/v2\/types\/product"}],"replies":[{"embeddable":true,"href":"https:\/\/thanglongbeauty.vn\/index.php?rest_route=%2Fwp%2Fv2%2Fcomments&post=8962"}],"wp:featuredmedia":[{"embeddable":true,"href":"https:\/\/thanglongbeauty.vn\/index.php?rest_route=\/wp\/v2\/media\/8453"}],"wp:attachment":[{"href":"https:\/\/thanglongbeauty.vn\/index.php?rest_route=%2Fwp%2Fv2%2Fmedia&parent=8962"}],"wp:term":[{"taxonomy":"product_brand","embeddable":true,"href":"https:\/\/thanglongbeauty.vn\/index.php?rest_route=%2Fwp%2Fv2%2Fproduct_brand&post=8962"},{"taxonomy":"product_cat","embeddable":true,"href":"https:\/\/thanglongbeauty.vn\/index.php?rest_route=%2Fwp%2Fv2%2Fproduct_cat&post=8962"},{"taxonomy":"product_tag","embeddable":true,"href":"https:\/\/thanglongbeauty.vn\/index.php?rest_route=%2Fwp%2Fv2%2Fproduct_tag&post=8962"}],"curies":[{"name":"wp","href":"https:\/\/api.w.org\/{rel}","templated":true}]}}