{"id":8965,"date":"2025-10-20T04:10:34","date_gmt":"2025-10-20T04:10:34","guid":{"rendered":"https:\/\/thanglongbeauty.vn\/?post_type=product&#038;p=8965"},"modified":"2025-10-25T04:32:57","modified_gmt":"2025-10-25T04:32:57","slug":"bang-ve-sinh-sofy-skincomfort-utw-26cm-17-mieng","status":"publish","type":"product","link":"https:\/\/thanglongbeauty.vn\/?product=bang-ve-sinh-sofy-skincomfort-utw-26cm-17-mieng","title":{"rendered":"B\u0103ng V\u1ec7 Sinh Sofy SkinComfort UTW 26cm 17 Mi\u1ebfng"},"content":{"rendered":"<p>SOFY Skin Comfort l\u00e0 d\u00f2ng s\u1ea3n ph\u1ea9m b\u0103ng v\u1ec7 sinh nh\u1eadp kh\u1ea9u t\u1eeb Nh\u1eadt B\u1ea3n, \u0111\u01b0\u1ee3c s\u1ea3n xu\u1ea5t theo c\u00f4ng ngh\u1ec7 hi\u1ec7n \u0111\u1ea1i c\u1ee7a Unicharm \u0111em \u0111\u1ebfn cho ng\u01b0\u1eddi d\u00f9ng c\u1ea3m gi\u00e1c an to\u00e0n tuy\u1ec7t \u0111\u1ed1i, t\u1ef1 tin v\u1eadn \u0111\u1ed9ng trong nh\u1eefng &#8220;ng\u00e0y \u1ea5y&#8221;.<br \/>\n V\u1edbi b\u1ec1 m\u1eb7t si\u00eau vi s\u1ee3i \u00eam m\u1ec1m nh\u01b0 b\u00f4ng v\u00e0 kh\u1ea3 n\u0103ng th\u1ea5m h\u00fat m\u1ea1nh m\u1ebd nh\u1edd m\u00e0ng th\u1ea5m l\u01b0\u1ee3n s\u00f3ng, b\u0103ng v\u1ec7 sinh Skin Comfort l\u00e0 s\u1ea3n ph\u1ea9m kh\u00f4ng th\u1ec3 thi\u1ebfu c\u1ee7a b\u1ea5t c\u1ee9 c\u00f4 n\u00e0ng n\u00e0o khi m\u00f9a &#8220;d\u00e2u&#8221; t\u1edbi. S\u1ea3n ph\u1ea9m c\u0169ng \u0111\u01b0\u1ee3c trang tr\u00ed b\u1eb1ng h\u1ecda ti\u1ebft tr\u00e1i tim xinh x\u1eafn gi\u00fap xua tan c\u1ea3m gi\u00e1c kh\u00f3 ch\u1ecbu, cho b\u1ea1n tho\u1ea3i m\u00e1i h\u01a1n.<br \/>\n \u0110\u1eb7c bi\u1ec7t, B\u0103ng V\u1ec7 Sinh SOFY Skin Comfort c\u00f3 4 \u0111\u1ed9 d\u00e0i t\u1ed1i \u01b0u, ph\u00f9 h\u1ee3p v\u1edbi t\u1eebng nhu c\u1ea7u c\u1ee7a n\u00e0ng: 23cm, 26cm, 29cm, 36cm.<\/p>\n<p> SOFY Skin Comfort nay \u0111\u00e3 ch\u00ednh th\u1ee9c c\u00f3 m\u1eb7t t\u1ea1i Hasaki v\u1edbi c\u00e1c ph\u00e2n lo\u1ea1i nh\u01b0 sau:<br \/>\n B\u0103ng V\u1ec7 Sinh SOFY Skin Comfort M\u1ecfng C\u00e1nh 23cm: g\u00f3i 8 mi\u1ebfng \/ g\u00f3i 20 mi\u1ebfng<br \/>\n B\u0103ng V\u1ec7 Sinh SOFY Skin Comfort Ultra Thin Si\u00eau M\u1ecfng C\u00e1nh 26cm: g\u00f3i 17 mi\u1ebfng<br \/>\n B\u0103ng V\u1ec7 Sinh SOFY Skin Comfort Ultra Thin Ban \u0110\u00eam Si\u00eau M\u1ecfng C\u00e1nh 29cm: g\u00f3i 8 mi\u1ebfng \/ g\u00f3i 15 mi\u1ebfng<br \/>\n B\u0103ng V\u1ec7 Sinh SOFY Skin Comfort Ultra Thin Ban \u0110\u00eam Si\u00eau M\u1ecfng C\u00e1nh 36cm: g\u00f3i 4 mi\u1ebfng \/ g\u00f3i 12 mi\u1ebfng<br \/>\n \u0110\u1ed1i t\u01b0\u1ee3ng s\u1eed d\u1ee5ng:S\u1ea3n ph\u1ea9m d\u00e0nh cho ph\u00e1i n\u1eef s\u1eed d\u1ee5ng trong chu k\u1ef3 kinh nguy\u1ec7t.<br \/>\n M\u1ecfng C\u00e1nh 23cm \/ Si\u00eau M\u1ecfng C\u00e1nh 26cm: d\u00f9ng ban ng\u00e0y.<br \/>\n Si\u00eau M\u1ecfng C\u00e1nh 29cm \/ Si\u00eau M\u1ecfng C\u00e1nh 36cm: d\u00f9ng ban \u0111\u00eam.<br \/>\n \u0110\u1eb7c \u0111i\u1ec3m n\u1ed5i b\u1eadt:C\u00f4ng ngh\u1ec7 \u0111\u1ed9c \u0111\u00e1o v\u1edbi s\u1ef1 trang b\u1ecb c\u1ee7a t\u1ea5m th\u1ea5m h\u00fat m\u1edbi, th\u1ea5m h\u00fat tuy\u1ec7t \u0111\u1ed1i nh\u1eefng ch\u1ea5t d\u1ecbch \u0111\u1eb7c gi\u00fap cho l\u00e0n da c\u1ee7a b\u1ea1n lu\u00f4n kh\u00f4 r\u00e1o, kh\u00f4ng \u01b0\u1edbt d\u00ednh.<br \/>\n B\u1ec1 m\u1eb7t vi s\u1ee3i m\u1ec1m m\u1ea1i h\u01a1n, \u0111em \u0111\u1ebfn c\u1ea3m gi\u00e1c nh\u1eb9 d\u1ecbu cho l\u00e0n da, \u0111\u1ea3m b\u1ea3o kh\u00f4ng g\u00e2y m\u1eabn c\u1ea3m hay k\u00edch \u1ee9ng da.<br \/>\n Ri\u00eang d\u00f2ng Ultra Thin c\u00f3 thi\u1ebft k\u1ebf si\u00eau m\u1ecfng nh\u1eb9 nh\u01b0ng cho kh\u1ea3 n\u0103ng th\u1ea5m h\u00fat tuy\u1ec7t v\u1eddi v\u00e0 r\u1ea5t nh\u1eb9 d\u1ecbu v\u1edbi da.<br \/>\n C\u00e1c \u0111\u01b0\u1eddng r\u00e3nh d\u1eadp v\u1edbi nh\u1eefng h\u1ecda ti\u1ebft h\u00ecnh tr\u00e1i tim d\u1ec5 th\u01b0\u01a1ng, xinh x\u1eafn mang \u0111\u1ebfn cho b\u1ea1n c\u1ea3m gi\u00e1c vui v\u1ebb, tho\u1ea3i m\u00e1i trong nh\u1eefng &#8220;ng\u00e0y \u1ea5y&#8221;.<br \/>\n Nh\u1edd kh\u1ea3 n\u0103ng th\u1ea5m h\u00fat m\u1ea1nh m\u1ebd, b\u0103ng v\u1ec7 sinh SOFY Skin Comfort gi\u00fap b\u1ea1n n\u1eef lu\u00f4n t\u1ef1 tin trong nh\u1eefng ng\u00e0y &#8220;\u0111\u00e8n \u0111\u1ecf&#8221;.<br \/>\n S\u1ea3n ph\u1ea9m th\u00edch h\u1ee3p v\u1edbi m\u1ecdi lo\u1ea1i d<\/p>\n","protected":false},"excerpt":{"rendered":"<p>SOFY Skin Comfort l\u00e0 d\u00f2ng s\u1ea3n ph\u1ea9m b\u0103ng v\u1ec7 sinh nh\u1eadp kh\u1ea9u t\u1eeb Nh\u1eadt B\u1ea3n, \u0111\u01b0\u1ee3c s\u1ea3n xu\u1ea5t theo c\u00f4ng ngh\u1ec7 hi\u1ec7n \u0111\u1ea1i c\u1ee7a Unicharm \u0111em \u0111\u1ebfn cho ng\u01b0\u1eddi d\u00f9ng c\u1ea3m gi\u00e1c an to\u00e0n tuy\u1ec7t \u0111\u1ed1i, t\u1ef1 tin v\u1eadn \u0111\u1ed9ng trong nh\u1eefng &#8220;ng\u00e0y \u1ea5y&#8221;. V\u1edbi b\u1ec1 m\u1eb7t si\u00eau vi s\u1ee3i \u00eam m\u1ec1m nh\u01b0 b\u00f4ng v\u00e0&#8230;<\/p>\n","protected":false},"featured_media":8462,"comment_status":"open","ping_status":"closed","template":"","meta":[],"product_brand":[1503],"product_cat":[15,1487,1610],"product_tag":[282,159,168,165,283,161,501,509],"class_list":{"0":"post-8965","1":"product","2":"type-product","3":"status-publish","4":"has-post-thumbnail","6":"product_brand-sofy","7":"product_cat-chua-phan-loai","8":"product_cat-bang-ve-sinh","9":"product_cat-bang-ve-sinh-sofy","10":"product_tag-bang-quan","11":"product_tag-bang-ve-sinh","12":"product_tag-bang-ve-sinh-ban-dem","13":"product_tag-bang-ve-sinh-ban-ngay","14":"product_tag-bang-ve-sinh-dang-quan","15":"product_tag-bang-ve-sinh-diana","16":"product_tag-bang-ve-sinh-hang-ngay","17":"product_tag-bang-ve-sinh-sofy","19":"first","20":"onbackorder","21":"sale","22":"shipping-taxable","23":"purchasable","24":"product-type-simple"},"acf":[],"_links":{"self":[{"href":"https:\/\/thanglongbeauty.vn\/index.php?rest_route=\/wp\/v2\/product\/8965","targetHints":{"allow":["GET"]}}],"collection":[{"href":"https:\/\/thanglongbeauty.vn\/index.php?rest_route=\/wp\/v2\/product"}],"about":[{"href":"https:\/\/thanglongbeauty.vn\/index.php?rest_route=\/wp\/v2\/types\/product"}],"replies":[{"embeddable":true,"href":"https:\/\/thanglongbeauty.vn\/index.php?rest_route=%2Fwp%2Fv2%2Fcomments&post=8965"}],"wp:featuredmedia":[{"embeddable":true,"href":"https:\/\/thanglongbeauty.vn\/index.php?rest_route=\/wp\/v2\/media\/8462"}],"wp:attachment":[{"href":"https:\/\/thanglongbeauty.vn\/index.php?rest_route=%2Fwp%2Fv2%2Fmedia&parent=8965"}],"wp:term":[{"taxonomy":"product_brand","embeddable":true,"href":"https:\/\/thanglongbeauty.vn\/index.php?rest_route=%2Fwp%2Fv2%2Fproduct_brand&post=8965"},{"taxonomy":"product_cat","embeddable":true,"href":"https:\/\/thanglongbeauty.vn\/index.php?rest_route=%2Fwp%2Fv2%2Fproduct_cat&post=8965"},{"taxonomy":"product_tag","embeddable":true,"href":"https:\/\/thanglongbeauty.vn\/index.php?rest_route=%2Fwp%2Fv2%2Fproduct_tag&post=8965"}],"curies":[{"name":"wp","href":"https:\/\/api.w.org\/{rel}","templated":true}]}}