{"id":8972,"date":"2025-10-20T04:10:35","date_gmt":"2025-10-20T04:10:35","guid":{"rendered":"https:\/\/thanglongbeauty.vn\/?post_type=product&#038;p=8972"},"modified":"2025-10-25T04:32:56","modified_gmt":"2025-10-25T04:32:56","slug":"bang-ve-sinh-diana-mong-canh-8-mieng","status":"publish","type":"product","link":"https:\/\/thanglongbeauty.vn\/?product=bang-ve-sinh-diana-mong-canh-8-mieng","title":{"rendered":"B\u0103ng V\u1ec7 Sinh Diana M\u1ecfng C\u00e1nh 8 Mi\u1ebfng"},"content":{"rendered":"<p>B\u0102NG V\u1ec6 SINH BAN NG\u00c0Y, B\u0102NG V\u1ec6 SINH SI\u00caU TH\u1ea4M SI\u00caU M\u1eceNG C\u00c1NH G\u00d3I 8 MI\u1ebeNG<\/p>\n<p> B\u0103ng V\u1ec7 Sinh Diana Si\u00eau Th\u1ea5m l\u00e0 d\u00f2ng b\u0103ng v\u1ec7 sinh ban ng\u00e0y thu\u1ed9c th\u01b0\u01a1ng hi\u1ec7u Diana, c\u00f3 ki\u1ec3u d\u00e1ng th\u1eddi trang \u0111\u1ed9c \u0111\u00e1o v\u1eeba v\u1eb7n \u00f4m s\u00e1t c\u01a1 th\u1ec3 ngay c\u1ea3 khi v\u1eadn \u0111\u1ed9ng, c\u00f9ng \u0111\u1ed9 d\u00e0y ph\u00f9 h\u1ee3p v\u00e0 kh\u1ea3 n\u0103ng th\u1ea5m h\u00fat v\u01b0\u1ee3t tr\u1ed9i cho b\u1ea1n g\u00e1i lu\u00f4n t\u1ef1 tin ngay c\u1ea3 trong ng\u00e0y nhi\u1ec1u. \u0110\u1eb7c bi\u1ec7t, s\u1ea3n ph\u1ea9m \u1ee9ng d\u1ee5ng c\u00f4ng ngh\u1ec7 NANO B\u1ea1c gi\u00fap kh\u00e1ng khu\u1ea9n, ng\u0103n ng\u1eeba vi\u00eam nhi\u1ec5m v\u00e0 m\u00f9i h\u00f4i hi\u1ec7u qu\u1ea3.<\/p>\n<p> \u0110\u1ed0I T\u01af\u1ee2NG S\u1eec D\u1ee4NG B\u0102NG V\u1ec6 SINH DIANA SI\u00caU TH\u1ea4M<br \/>\n S\u1ea3n ph\u1ea9m d\u00e0nh cho ph\u1ee5 n\u1eef trong k\u1ef3 kinh nguy\u1ec7t.<br \/>\n Maxi D\u00e0y C\u00e1nh: d\u00f9ng cho ng\u00e0y nhi\u1ec1u.<br \/>\n Si\u00eau M\u1ecfng C\u00e1nh: d\u00f9ng cho ng\u00e0y nhi\u1ec1u.<br \/>\n Si\u00eau M\u1ecfng C\u00e1nh Ng\u00e0y Nhi\u1ec1u 29cm: d\u00f9ng cho ng\u00e0y nhi\u1ec1u, khi tham gia c\u00e1c ho\u1ea1t \u0111\u1ed9ng.<br \/>\n \u01afU TH\u1ebe N\u1ed4I B\u1eb6C B\u0102NG V\u1ec6 SINH DIANA SI\u00caU TH\u1ea4M<\/p>\n<p> M\u00e0ng d\u1eabn th\u1ea5m LOCK TECH \u2013 KH\u00d3A \u1ea8M 3 L\u1ea6N: Gi\u00fap kh\u00f3a ch\u1ea5t l\u1ecfng s\u00e2u b\u00ean trong, ch\u1ed1ng th\u1ea5m ng\u01b0\u1ee3c g\u1ea5p 3 l\u1ea7n, cho b\u1ec1 m\u1eb7t kh\u00f4 tho\u00e1ng ngay l\u1eadp t\u1ee9c v\u00e0 ng\u0103n tr\u00e0n t\u1ed1i \u01b0u.<br \/>\n Vi\u1ec1n \u00eam ch\u1ed1ng tr\u00e0n: C\u1ea5u tr\u00fac g\u1ea5p \u0111a l\u1edbp gi\u00fap ng\u0103n ch\u1ea5t l\u1ecfng th\u1ea5m lan sang hai b\u00ean m\u00e0 v\u1eabn th\u1eadt \u00eam m\u1ec1m.<br \/>\n C\u00f4ng ngh\u1ec7 NANO B\u1ea1c: T\u0103ng c\u01b0\u1eddng kh\u1ea3 n\u0103ng kh\u00e1ng khu\u1ea9n, ki\u1ec3m so\u00e1t m\u00f9i hi\u1ec7u qu\u1ea3.<\/p>\n<p> TH\u00d4NG TIN S\u1ea2N PH\u1ea8M B\u0102NG V\u1ec6 SINH BAN NG\u00c0Y, B\u0102NG V\u1ec6 SINH SI\u00caU TH\u1ea4M SI\u00caU M\u1eceNG C\u00c1NH G\u00d3I 8 MI\u1ebeNG<br \/>\n Lo\u1ea1i: B\u0103ng v\u1ec7 sinh ban ng\u00e0y<br \/>\n H\u00ecnh th\u1ee9c: C\u00f3 c\u00e1nh<br \/>\n K\u00edch th\u01b0\u1edbc: 23cm<\/p>\n<p> H\u01af\u1edaNG D\u1eaaN S\u1eec D\u1ee4NG B\u0102NG V\u1ec6 SINH BAN NG\u00c0Y<br \/>\n B\u00f3c l\u1edbp gi\u1ea5y kh\u00f4ng d\u00ednh v\u00e0 d\u00e1n b\u0103ng v\u00e0o \u0111\u00e1y qu\u1ea7n.<br \/>\n Sau khi s\u1eed d\u1ee5ng xong, cu\u1ed9n b\u0103ng v\u00e0o bao v\u00e0 b\u1ecf v\u00e0o s\u1ecdt r\u00e1c.<br \/>\n N\u00ean thay b\u0103ng th\u01b0\u1eddng xuy\u00ean 3-4 gi\u1edd\/ l\u1ea7n \u0111\u1ec3 ng\u0103n ng\u1eeba vi khu\u1ea9n g\u00e2y b\u1ec7nh.<br \/>\n L\u01b0u \u00fd: S\u1ea3n ph\u1ea9m kh\u00f4ng t\u1ef1 ph\u00e2n h\u1ee7y \u0111\u01b0\u1ee3c n\u00ean kh\u00f4ng b\u1ecf v\u00e0o b\u1ed3n c\u1ea7u sau khi s\u1eed d\u1ee5ng, tr\u00e1nh xa t\u1ea7m tay tr\u1ebb em<\/p>\n<p> #bangvesinh #bangvesinhhangnga #bangvesinhdiana #bangvesinhbanngay #bangvesinhdianasieutham #bangvesinhDianacocanh #bangvesinhDianacocanh20mieng #bangvesinhDianacocanhmatbong #bangvesinhDianasieutham20mieng #bangvesinhDianakhongcanh #bangvesinhDianacocanhhangngay #cacloaibangvesinhDiana<br \/>\n &#8212;<br \/>\n Th\u0103ng Long_beauty &#8211; C\u00f4ng TY TNHH D\u1ecaCH V\u1ee4 PH N<\/p>\n","protected":false},"excerpt":{"rendered":"<p>B\u0102NG V\u1ec6 SINH BAN NG\u00c0Y, B\u0102NG V\u1ec6 SINH SI\u00caU TH\u1ea4M SI\u00caU M\u1eceNG C\u00c1NH G\u00d3I 8 MI\u1ebeNG B\u0103ng V\u1ec7 Sinh Diana Si\u00eau Th\u1ea5m l\u00e0 d\u00f2ng b\u0103ng v\u1ec7 sinh ban ng\u00e0y thu\u1ed9c th\u01b0\u01a1ng hi\u1ec7u Diana, c\u00f3 ki\u1ec3u d\u00e1ng th\u1eddi trang \u0111\u1ed9c \u0111\u00e1o v\u1eeba v\u1eb7n \u00f4m s\u00e1t c\u01a1 th\u1ec3 ngay c\u1ea3 khi v\u1eadn \u0111\u1ed9ng, c\u00f9ng \u0111\u1ed9 d\u00e0y ph\u00f9&#8230;<\/p>\n","protected":false},"featured_media":8491,"comment_status":"open","ping_status":"closed","template":"","meta":[],"product_brand":[1492],"product_cat":[15,1487,1476,1414],"product_tag":[282,159,168,165,283,161,501],"class_list":{"0":"post-8972","1":"product","2":"type-product","3":"status-publish","4":"has-post-thumbnail","6":"product_brand-diana","7":"product_cat-chua-phan-loai","8":"product_cat-bang-ve-sinh","9":"product_cat-bang-ve-sinh-diana","10":"product_cat-suc-khoe-phu-khoa","11":"product_tag-bang-quan","12":"product_tag-bang-ve-sinh","13":"product_tag-bang-ve-sinh-ban-dem","14":"product_tag-bang-ve-sinh-ban-ngay","15":"product_tag-bang-ve-sinh-dang-quan","16":"product_tag-bang-ve-sinh-diana","17":"product_tag-bang-ve-sinh-hang-ngay","19":"first","20":"instock","21":"sale","22":"shipping-taxable","23":"purchasable","24":"product-type-simple"},"acf":[],"_links":{"self":[{"href":"https:\/\/thanglongbeauty.vn\/index.php?rest_route=\/wp\/v2\/product\/8972","targetHints":{"allow":["GET"]}}],"collection":[{"href":"https:\/\/thanglongbeauty.vn\/index.php?rest_route=\/wp\/v2\/product"}],"about":[{"href":"https:\/\/thanglongbeauty.vn\/index.php?rest_route=\/wp\/v2\/types\/product"}],"replies":[{"embeddable":true,"href":"https:\/\/thanglongbeauty.vn\/index.php?rest_route=%2Fwp%2Fv2%2Fcomments&post=8972"}],"wp:featuredmedia":[{"embeddable":true,"href":"https:\/\/thanglongbeauty.vn\/index.php?rest_route=\/wp\/v2\/media\/8491"}],"wp:attachment":[{"href":"https:\/\/thanglongbeauty.vn\/index.php?rest_route=%2Fwp%2Fv2%2Fmedia&parent=8972"}],"wp:term":[{"taxonomy":"product_brand","embeddable":true,"href":"https:\/\/thanglongbeauty.vn\/index.php?rest_route=%2Fwp%2Fv2%2Fproduct_brand&post=8972"},{"taxonomy":"product_cat","embeddable":true,"href":"https:\/\/thanglongbeauty.vn\/index.php?rest_route=%2Fwp%2Fv2%2Fproduct_cat&post=8972"},{"taxonomy":"product_tag","embeddable":true,"href":"https:\/\/thanglongbeauty.vn\/index.php?rest_route=%2Fwp%2Fv2%2Fproduct_tag&post=8972"}],"curies":[{"name":"wp","href":"https:\/\/api.w.org\/{rel}","templated":true}]}}