{"id":8985,"date":"2025-10-20T04:10:43","date_gmt":"2025-10-20T04:10:43","guid":{"rendered":"https:\/\/thanglongbeauty.vn\/?post_type=product&#038;p=8985"},"modified":"2025-10-25T04:31:26","modified_gmt":"2025-10-25T04:31:26","slug":"bang-ve-sinh-sensi-cool-hoa-cuc-smc-8-mieng","status":"publish","type":"product","link":"https:\/\/thanglongbeauty.vn\/?product=bang-ve-sinh-sensi-cool-hoa-cuc-smc-8-mieng","title":{"rendered":"B\u0103ng V\u1ec7 Sinh Sensi cool Hoa c\u00fac SMC 8 mi\u1ebfng"},"content":{"rendered":"<p>B\u0103ng V\u1ec7 Sinh Diana Sensi Cool Fresh M\u00e1t D\u1ecbu Si\u00eau M\u1ecfng C\u00e1ch 8 mi\u1ebfng\/g\u00f3i<br \/>\n &#8211; Chi\u1ebft xu\u1ea5t hoa c\u00fac la m\u00e3 mang \u0111\u1ebfn c\u1ea3m gi\u00e1c m\u00e1t nh\u1eb9 d\u1ecbu v\u00e0 ki\u1ec3m so\u00e1t m\u00f9i hi\u1ec7u qu\u1ea3<br \/>\n &#8211; Th\u1ea5t h\u00fat t\u1ee9c th\u00ec : Thi\u1ebft k\u1ebf Smart-fit t\u1ef1 \u0111\u1ed9ng n\u00e2ng l\u00ean \u00f4m theo c\u01a1 th\u1ec3, k\u1ebft h\u1ee3p x2 r\u00e3nh th\u1ea5m gi\u00fap th\u1ea5m h\u1ee9t t\u1ee9c th\u00ec v\u00e0 ng\u0103n th\u1ea5m lan hi\u1ec7u qu\u1ea3<br \/>\n &#8211; B\u1ec1 m\u1eb7t \u00eam m\u1ec1m: B\u1ec1 m\u1eb7t Air-through \u00eam x\u1ed1p, kh\u00f4 tho\u00e1ng, gi\u00fap da y\u00eau lu\u00f4n tho\u1ea3i m\u00e1i<br \/>\n &#8211; Ch\u1ed1ng tr\u00e0n t\u1ed1i \u0111a: L\u00f5i vi s\u1ee3i v\u1edbi c\u00e1c h\u1ea1t si\u00eau th\u1ea5m kh\u00f3a ch\u1eb7t ch\u1ea5t l\u1ecfng, ch\u1ed1ng tr\u00e0n t\u1ed1i \u0111a<\/p>\n<p> () C\u00f3 th\u00e0nh ph\u1ea7n Hoa c\u00fac La M\u00e3<br \/>\n (**) So v\u1edbi s\u1ea3n ph\u1ea9m c\u00f9ng lo\u1ea1i tr\u01b0\u1edbc c\u1ea3i ti\u1ebfn<\/p>\n<p> TH\u00d4NG TIN S\u1ea2N PH\u1ea8M<br \/>\n &#8211; Xu\u1ea5t x\u1ee9: Vi\u1ec7t Nam<br \/>\n &#8211; N\u01a1i s\u1ea3n xu\u1ea5t: Vi\u1ec7t Nam<br \/>\n &#8211; G\u00f3i 8 mi\u1ebfng<br \/>\n &#8211; H\u1ea1n s\u1eed d\u1ee5ng: 4 n\u0103m k\u1ec3 t\u1eeb ng\u00e0y SX<\/p>\n<p> TH\u00d4NG TIN TH\u01af\u01a0NG HI\u1ec6U<br \/>\n Diana l\u00e0 th\u01b0\u01a1ng hi\u1ec7u c\u1ee7a c\u00f4ng ty chuy\u00ean s\u1ea3n xu\u1ea5t c\u00e1c s\u1ea3n ph\u1ea9m ch\u0103m s\u00f3c ph\u1ee5 n\u1eef v\u00e0 tr\u1ebb em t\u1ea1i Vi\u1ec7t Nam t\u1eeb nguy\u00ean li\u1ec7u gi\u1ea5y, b\u1ed9t gi\u1ea5y, nh\u01b0 b\u0103ng v\u1ec7 sinh, t\u00e3 gi\u1ea5y, kh\u0103n gi\u1ea5y l\u1ee5a,&#8230; V\u1edbi th\u1ebf m\u1ea1nh l\u00e0 th\u00e0nh vi\u00ean c\u1ee7a t\u1eadp \u0111o\u00e0n h\u00e0ng \u0111\u1ea7u th\u1ebf gi\u1edbi Unicharm Nh\u1eadt B\u1ea3n c\u00f9ng d\u00e2y chuy\u1ec1n s\u1ea3n xu\u1ea5t hi\u1ec7n \u0111\u1ea1i b\u1eadc nh\u1ea5t, Diana lu\u00f4n \u0111i \u0111\u1ea7u trong vi\u1ec7c \u1ee9ng d\u1ee5ng c\u00f4ng ngh\u1ec7 ti\u00ean ti\u1ebfn \u0111\u1ec3 s\u00e1ng t\u1ea1o nh\u1eefng s\u1ea3n ph\u1ea9m c\u00f3 ch\u1ea5t l\u01b0\u1ee3ng cao nh\u1ea5t, ph\u00f9 h\u1ee3p v\u1edbi nhu c\u1ea7u c\u1ee7a ng\u01b0\u1eddi ti\u00eau d\u00f9ng Vi\u1ec7t Nam.<br \/>\n Bao b\u00ec thay \u0111\u1ed5i theo \u0111\u1ee3t nh\u1eadp h\u00e0ng<br \/>\n &#8221;<\/p>\n<p> #bangvesinhbandem #bangvesinhbandemkhongcanh #bangvesinhbanndem35 #bangvesinhbandemdangquan #bangvesinhbandematlanh #bangvesinhbandem #bangvesinhbandem28 #bangvesinh #bangvesinhhangngay #bangvesinhdiana #bangvesinhbanngay #bangvesinhdianasieutham #diana #dianasensi<br \/>\n &#8212;<br \/>\n Th\u0103ng Long_beauty &#8211; C\u00f4ng TY TNHH D\u1ecaCH V\u1ee4 PH\u00c2N PH\u1ed0I TH\u0102NG LONG l\u00e0 m\u1ed9t c\u00f4ng ty chuy\u00ean cung c\u1ea5p c\u00e1c s\u1ea3n ph\u1ea9m \u0111\u1ed3 cho m\u1eb9 v\u00e0 b\u00e9, nh\u1eefng s\u1ea3n ph\u1ea9m ch\u0103m s\u00f3c s\u1ee9c kh\u1ecfe \u2013 l\u00e0m \u0111\u1eb9p v\u00e0 kh\u1ea9u trang y t\u1ebf.<br \/>\n Li\u00ean h\u1ec7 \u0111\u1ec3 \u0111\u01b0\u1ee3c mua gi\u00e1 s\u1ec9 c\u1ef1c \u01b0u \u0111\u00e3i&#8221;<\/p>\n","protected":false},"excerpt":{"rendered":"<p>B\u0103ng V\u1ec7 Sinh Diana Sensi Cool Fresh M\u00e1t D\u1ecbu Si\u00eau M\u1ecfng C\u00e1ch 8 mi\u1ebfng\/g\u00f3i &#8211; Chi\u1ebft xu\u1ea5t hoa c\u00fac la m\u00e3 mang \u0111\u1ebfn c\u1ea3m gi\u00e1c m\u00e1t nh\u1eb9 d\u1ecbu v\u00e0 ki\u1ec3m so\u00e1t m\u00f9i hi\u1ec7u qu\u1ea3 &#8211; Th\u1ea5t h\u00fat t\u1ee9c th\u00ec : Thi\u1ebft k\u1ebf Smart-fit t\u1ef1 \u0111\u1ed9ng n\u00e2ng l\u00ean \u00f4m theo c\u01a1 th\u1ec3, k\u1ebft h\u1ee3p x2 r\u00e3nh&#8230;<\/p>\n","protected":false},"featured_media":8510,"comment_status":"open","ping_status":"closed","template":"","meta":[],"product_brand":[1492],"product_cat":[15,1487,1476,1450,1414],"product_tag":[282,159,168,165,283,161,501],"class_list":{"0":"post-8985","1":"product","2":"type-product","3":"status-publish","4":"has-post-thumbnail","6":"product_brand-diana","7":"product_cat-chua-phan-loai","8":"product_cat-bang-ve-sinh","9":"product_cat-bang-ve-sinh-diana","10":"product_cat-diana","11":"product_cat-suc-khoe-phu-khoa","12":"product_tag-bang-quan","13":"product_tag-bang-ve-sinh","14":"product_tag-bang-ve-sinh-ban-dem","15":"product_tag-bang-ve-sinh-ban-ngay","16":"product_tag-bang-ve-sinh-dang-quan","17":"product_tag-bang-ve-sinh-diana","18":"product_tag-bang-ve-sinh-hang-ngay","20":"first","21":"instock","22":"sale","23":"shipping-taxable","24":"purchasable","25":"product-type-simple"},"acf":[],"_links":{"self":[{"href":"https:\/\/thanglongbeauty.vn\/index.php?rest_route=\/wp\/v2\/product\/8985","targetHints":{"allow":["GET"]}}],"collection":[{"href":"https:\/\/thanglongbeauty.vn\/index.php?rest_route=\/wp\/v2\/product"}],"about":[{"href":"https:\/\/thanglongbeauty.vn\/index.php?rest_route=\/wp\/v2\/types\/product"}],"replies":[{"embeddable":true,"href":"https:\/\/thanglongbeauty.vn\/index.php?rest_route=%2Fwp%2Fv2%2Fcomments&post=8985"}],"wp:featuredmedia":[{"embeddable":true,"href":"https:\/\/thanglongbeauty.vn\/index.php?rest_route=\/wp\/v2\/media\/8510"}],"wp:attachment":[{"href":"https:\/\/thanglongbeauty.vn\/index.php?rest_route=%2Fwp%2Fv2%2Fmedia&parent=8985"}],"wp:term":[{"taxonomy":"product_brand","embeddable":true,"href":"https:\/\/thanglongbeauty.vn\/index.php?rest_route=%2Fwp%2Fv2%2Fproduct_brand&post=8985"},{"taxonomy":"product_cat","embeddable":true,"href":"https:\/\/thanglongbeauty.vn\/index.php?rest_route=%2Fwp%2Fv2%2Fproduct_cat&post=8985"},{"taxonomy":"product_tag","embeddable":true,"href":"https:\/\/thanglongbeauty.vn\/index.php?rest_route=%2Fwp%2Fv2%2Fproduct_tag&post=8985"}],"curies":[{"name":"wp","href":"https:\/\/api.w.org\/{rel}","templated":true}]}}