{"id":8992,"date":"2025-10-20T04:10:43","date_gmt":"2025-10-20T04:10:43","guid":{"rendered":"https:\/\/thanglongbeauty.vn\/?post_type=product&#038;p=8992"},"modified":"2025-10-25T04:31:27","modified_gmt":"2025-10-25T04:31:27","slug":"bang-ve-sinh-sensi-cool-sm-canh-8-meng","status":"publish","type":"product","link":"https:\/\/thanglongbeauty.vn\/?product=bang-ve-sinh-sensi-cool-sm-canh-8-meng","title":{"rendered":"B\u0103ng V\u1ec7 Sinh Sensi cool SM C\u00e1nh 8 M\u1ebfng"},"content":{"rendered":"<p>B\u1ed9 6 g\u00f3i b\u0103ng v\u1ec7 sinh diana sensi cool fresh si\u00eau m\u1ecfng c\u00e1nh m\u00e1t l\u1ea1nh g\u00f3i 8 mi\u1ebfng<br \/>\n B\u1ed9 6 g\u00f3i B\u0103ng v\u1ec7 sinh Diana SenSi Cool Fresh si\u00eau m\u1ecfng c\u00e1nh (g\u00f3i 8 mi\u1ebfng) l\u00e0 lo\u1ea1i b\u0103ng v\u1ec7 sinh \u0111\u00e1p \u1ee9ng c\u00e1c y\u00eau c\u1ea7u v\u1eeba m\u1ec1m m\u1ea1i, v\u1eeba th\u1ea5m h\u00fat t\u1ed1t, \u0111\u1ed3ng th\u1eddi ph\u1ea3i th\u1eadt m\u1ecfng v\u00e0 kh\u00f4ng co d\u00fam c\u1ee7a ph\u00e1i \u0111\u1eb9p.<br \/>\n S\u1ea3n ph\u1ea9m \u1ee9ng d\u1ee5ng c\u00f4ng ngh\u1ec7 vi s\u1ee3i k\u00e9p \u0111\u1ed9c quy\u1ec1n c\u1ee7a T\u1eadp \u0111o\u00e0n Unicharm, v\u1eeba c\u00f3 b\u1ec1 m\u1eb7t vi s\u1ee3i th\u1ea5m tan ch\u1ea5t d\u1ecbch \u0111\u1eb7c (\u0111\u1eb7c tr\u01b0ng cho d\u00f2ng s\u1ea3n ph\u1ea9m Diana Sensi) kh\u00f4 tho\u00e1ng t\u1ed1i \u0111a, v\u1eeba c\u00f3 l\u00f5i vi s\u1ee3i ch\u1ec9 m\u1ecfng 0.1cm si\u00eau nh\u1eb9, kh\u00f4ng h\u1ec1 co d\u00fam v\u00e0 ch\u1ed1ng th\u1ea5m ng\u01b0\u1ee3c v\u01b0\u1ee3t tr\u1ed9i. S\u1ea3n ph\u1ea9m l\u00e0 s\u1ef1 l\u1ef1a ch\u1ecdn t\u1ed1i \u01b0u d\u00e0nh cho ph\u00e1i \u0111\u1eb9p trong nh\u1eefng ng\u00e0y &#8220;nh\u1ea1y c\u1ea3m&#8221;.<\/p>\n<p> TH\u00d4NG TIN S\u1ea2N PH\u1ea8M<\/p>\n<p> &#8211; Xu\u1ea5t x\u1ee9: Vi\u1ec7t Nam<\/p>\n<p> &#8211; N\u01a1i s\u1ea3n xu\u1ea5t: Vi\u1ec7t Nam<\/p>\n<p> &#8211; G\u00f3i 08 mi\u1ebfng<\/p>\n<p> &#8211; H\u1ea1n s\u1eed d\u1ee5ng: 4 n\u0103m k\u1ec3 t\u1eeb ng\u00e0y SX<\/p>\n<p> &#8211; Chi\u1ec1u d\u00e0i: 23cm<\/p>\n<p> \u0110\u1eb6C \u0110I\u1ec2M N\u1ed4I B\u1eacT<\/p>\n<p> &#8211; B\u1ec1 m\u1eb7t b\u00f4ng g\u1ee3n s\u00f3ng \u00eam m\u1ec1m, nh\u1eb9 d\u1ecbu v\u1edbi da, d\u00e0nh cho m\u1ecdi \u0111\u1ed1i t\u01b0\u1ee3ng, k\u1ec3 c\u1ea3 l\u00e0n da nh\u1ea1y c\u1ea3m.<\/p>\n<p> &#8211; C\u1ea5u tr\u00fac vi s\u1ee3i v\u1eeba th\u1ea5m tan ch\u1ea5t d\u1ecbch \u0111\u1eb7c v\u1eeba t\u0103ng l\u01b0u th\u00f4ng kh\u00ed, gi\u1eef b\u1ec1 m\u1eb7t lu\u00f4n kh\u00f4 r\u00e1o.<\/p>\n<p> &#8211; C\u00f4ng ngh\u1ec7 Ice Cool t\u1eeb Nh\u1eadt B\u1ea3n cho c\u1ea3m gi\u00e1c tho\u00e1ng m\u00e1t b\u1ea5t ng\u1edd v\u00e0 ki\u1ec3m so\u00e1t m\u00f9i hi\u1ec7u qu\u1ea3.<\/p>\n<p> &#8211; L\u00f5i Duo Compact si\u00eau m\u1ecfng, kh\u00f3a ch\u1ea5t l\u1ecfng c\u1ef1c hi\u1ec7u qu\u1ea3.<\/p>\n<p> &#8211; H\u1ec7 r\u00e3nh th\u00f4ng minh c\u1ed1 \u0111\u1ecbnh l\u00f5i b\u00f4ng, ch\u1ed1ng co d\u00fam v\u01b0\u1ee3t tr\u1ed9i.<\/p>\n<p> &#8211; \u00cam m\u1ec1m, tho\u00e1ng kh\u00ed, t\u1ea1o c\u1ea3m gi\u00e1c tho\u1ea3i m\u00e1i cho da trong nh\u1eefng ng\u00e0y m\u1eabn c\u1ea3m.<\/p>\n<p> &#8211; \u0110\u00f3ng g\u00f3i b\u1ecbch 8 mi\u1ebfng ti\u1ec7n d\u1ee5ng.<\/p>\n<p> TH\u00d4NG TIN TH\u01af\u01a0NG HI\u1ec6U<\/p>\n<p> Diana l\u00e0 th\u01b0\u01a1ng hi\u1ec7u c\u1ee7a c\u00f4ng ty chuy\u00ean s\u1ea3n xu\u1ea5t c\u00e1c s\u1ea3n ph\u1ea9m ch\u0103m s\u00f3c ph\u1ee5 n\u1eef v\u00e0 tr\u1ebb em t\u1ea1i Vi\u1ec7t Nam t\u1eeb nguy\u00ean li\u1ec7u gi\u1ea5y, b\u1ed9t gi\u1ea5y, nh\u01b0 b\u0103ng v\u1ec7 sinh, t\u00e3 gi\u1ea5y, kh\u0103n gi\u1ea5y l\u1ee5a,&#8230; V\u1edbi th\u1ebf m\u1ea1nh l\u00e0 th\u00e0nh vi\u00ean c\u1ee7a t\u1eadp \u0111o\u00e0n h\u00e0ng \u0111\u1ea7u th\u1ebf gi\u1edbi Unicharm Nh\u1eadt B\u1ea3n c\u00f9ng d\u00e2y chuy\u1ec1n s\u1ea3n xu\u1ea5t hi\u1ec7n \u0111\u1ea1i b\u1eadc nh\u1ea5t, Diana lu\u00f4n \u0111i \u0111\u1ea7u trong vi\u1ec7c \u1ee9ng d\u1ee5ng c\u00f4ng ngh\u1ec7 ti\u00ean ti\u1ebfn \u0111\u1ec3 s\u00e1ng t\u1ea1o nh\u1eefng s\u1ea3n ph\u1ea9m c\u00f3 ch\u1ea5t l\u01b0\u1ee3ng cao nh\u1ea5t, ph\u00f9 h\u1ee3p v\u1edbi nhu c\u1ea7u c\u1ee7a ng\u01b0\u1eddi ti\u00eau d\u00f9ng Vi\u1ec7t Nam.<\/p>\n<p> Bao b\u00ec thay \u0111\u1ed5i theo \u0111\u1ee3t nh\u1eadp h\u00e0ng<br \/>\n #bangvesinh #dianna #sensi #vesinh #<\/p>\n","protected":false},"excerpt":{"rendered":"<p>B\u1ed9 6 g\u00f3i b\u0103ng v\u1ec7 sinh diana sensi cool fresh si\u00eau m\u1ecfng c\u00e1nh m\u00e1t l\u1ea1nh g\u00f3i 8 mi\u1ebfng B\u1ed9 6 g\u00f3i B\u0103ng v\u1ec7 sinh Diana SenSi Cool Fresh si\u00eau m\u1ecfng c\u00e1nh (g\u00f3i 8 mi\u1ebfng) l\u00e0 lo\u1ea1i b\u0103ng v\u1ec7 sinh \u0111\u00e1p \u1ee9ng c\u00e1c y\u00eau c\u1ea7u v\u1eeba m\u1ec1m m\u1ea1i, v\u1eeba th\u1ea5m h\u00fat t\u1ed1t, \u0111\u1ed3ng th\u1eddi ph\u1ea3i th\u1eadt&#8230;<\/p>\n","protected":false},"featured_media":8534,"comment_status":"open","ping_status":"closed","template":"","meta":[],"product_brand":[1492],"product_cat":[15,1487,1476,1450,1414],"product_tag":[282,159,168,165,283,161,501],"class_list":{"0":"post-8992","1":"product","2":"type-product","3":"status-publish","4":"has-post-thumbnail","6":"product_brand-diana","7":"product_cat-chua-phan-loai","8":"product_cat-bang-ve-sinh","9":"product_cat-bang-ve-sinh-diana","10":"product_cat-diana","11":"product_cat-suc-khoe-phu-khoa","12":"product_tag-bang-quan","13":"product_tag-bang-ve-sinh","14":"product_tag-bang-ve-sinh-ban-dem","15":"product_tag-bang-ve-sinh-ban-ngay","16":"product_tag-bang-ve-sinh-dang-quan","17":"product_tag-bang-ve-sinh-diana","18":"product_tag-bang-ve-sinh-hang-ngay","20":"first","21":"instock","22":"sale","23":"shipping-taxable","24":"purchasable","25":"product-type-simple"},"acf":[],"_links":{"self":[{"href":"https:\/\/thanglongbeauty.vn\/index.php?rest_route=\/wp\/v2\/product\/8992","targetHints":{"allow":["GET"]}}],"collection":[{"href":"https:\/\/thanglongbeauty.vn\/index.php?rest_route=\/wp\/v2\/product"}],"about":[{"href":"https:\/\/thanglongbeauty.vn\/index.php?rest_route=\/wp\/v2\/types\/product"}],"replies":[{"embeddable":true,"href":"https:\/\/thanglongbeauty.vn\/index.php?rest_route=%2Fwp%2Fv2%2Fcomments&post=8992"}],"wp:featuredmedia":[{"embeddable":true,"href":"https:\/\/thanglongbeauty.vn\/index.php?rest_route=\/wp\/v2\/media\/8534"}],"wp:attachment":[{"href":"https:\/\/thanglongbeauty.vn\/index.php?rest_route=%2Fwp%2Fv2%2Fmedia&parent=8992"}],"wp:term":[{"taxonomy":"product_brand","embeddable":true,"href":"https:\/\/thanglongbeauty.vn\/index.php?rest_route=%2Fwp%2Fv2%2Fproduct_brand&post=8992"},{"taxonomy":"product_cat","embeddable":true,"href":"https:\/\/thanglongbeauty.vn\/index.php?rest_route=%2Fwp%2Fv2%2Fproduct_cat&post=8992"},{"taxonomy":"product_tag","embeddable":true,"href":"https:\/\/thanglongbeauty.vn\/index.php?rest_route=%2Fwp%2Fv2%2Fproduct_tag&post=8992"}],"curies":[{"name":"wp","href":"https:\/\/api.w.org\/{rel}","templated":true}]}}