{"id":8996,"date":"2025-10-20T04:10:44","date_gmt":"2025-10-20T04:10:44","guid":{"rendered":"https:\/\/thanglongbeauty.vn\/?post_type=product&#038;p=8996"},"modified":"2025-10-25T04:23:34","modified_gmt":"2025-10-25T04:23:34","slug":"bang-ve-sinh-diana-super-night-35cm-12-mieng","status":"publish","type":"product","link":"https:\/\/thanglongbeauty.vn\/?product=bang-ve-sinh-diana-super-night-35cm-12-mieng","title":{"rendered":"B\u0103ng V\u1ec7 Sinh Diana Super Night 35cm 12 Mi\u1ebfng"},"content":{"rendered":"<p>B\u0103ng V\u1ec7 Sinh Diana Super Night l\u00e0 d\u00f2ng s\u1ea3n ph\u1ea9m b\u0103ng v\u1ec7 sinh ban \u0111\u00eam \u0111\u1ebfn t\u1eeb th\u01b0\u01a1ng hi\u1ec7u Diana (thu\u1ed9c t\u1eadp \u0111o\u00e0n Unicharm Nh\u1eadt B\u1ea3n). S\u1ea3n ph\u1ea9m \u1ee9ng d\u1ee5ng c\u00f4ng ngh\u1ec7 \u0111\u1ed9t ph\u00e1 L\u00d5I \u0110A K\u00caNH m\u1edbi nh\u1ea5t gi\u00fap th\u1ea5m h\u00fat nhanh v\u00e0 kh\u00f3a ch\u1eb7t ch\u1ea5t l\u1ecfng, cho b\u1ea1n c\u1ea3m gi\u00e1c kh\u00f4 tho\u00e1ng t\u1ee9c th\u00ec. Chi\u1ec1u d\u00e0i l\u00fd t\u01b0\u1edfng t\u1eeb 29-35cm c\u00f9ng v\u00e1ch \u0111\u1ee9ng co gi\u00e3n \u00f4m kh\u00edt c\u01a1 th\u1ec3 v\u00e0 thi\u1ebft k\u1ebf m\u1edf r\u1ed9ng v\u1ec1 ph\u00eda sau s\u1ebd gi\u00fap b\u1ea3o v\u1ec7 b\u1ea1n g\u00e1i trong gi\u1ea5c ng\u1ee7, ch\u1ed1ng tr\u00e0n \u01b0u vi\u1ec7t su\u1ed1t c\u1ea3 \u0111\u00eam. B\u1ec1 m\u1eb7t l\u01b0\u1edbi l\u1ee5a h\u00f3a m\u1ec1m m\u1ea1i v\u1edbi h\u01b0\u01a1ng th\u01a1m d\u1ec5 ch\u1ecbu gi\u00fap b\u1ea1n lu\u00f4n \u0111\u01b0\u1ee3c th\u01b0 gi\u00e3n k\u1ec3 c\u1ea3 trong nh\u1eefng ng\u00e0y nh\u1ea1y c\u1ea3m.<br \/>\n \u0110\u1ed0I T\u01af\u1ee2NG S\u1eec D\u1ee4NG B\u0102NG V\u1ec6 SINH BAN \u0110\u00caM<br \/>\n S\u1ea3n ph\u1ea9m d\u00e0nh cho ph\u1ee5 n\u1eef trong k\u1ef3 kinh nguy\u1ec7t.<br \/>\n 29cm: d\u00f9ng ban \u0111\u00eam cho ng\u00e0y nhi\u1ec1u.<br \/>\n 35cm: d\u00f9ng ban \u0111\u00eam cho ng\u00e0y r\u1ea5t nhi\u1ec1u.<br \/>\n 42cm (d\u00e0i nh\u1ea5t, b\u1ea3o v\u1ec7 ho\u00e0n h\u1ea3o): d\u00f9ng ban \u0111\u00eam cho ng\u00e0y r\u1ea5t nhi\u1ec1u.<br \/>\n \u01afU \u0110I\u1ec2M N\u1ed4I B\u1eacT B\u0102NG V\u1ec6 SINH BAN \u0110\u00caM<br \/>\n B\u0103ng V\u1ec7 Sinh Diana Si\u00eau Th\u1ea5m Super Night v\u1edbi 4 l\u1ea7n b\u1ea3o v\u1ec7:<br \/>\n H\u1ec7 th\u1ed1ng L\u00d5I TH\u1ea4M \u0110A K\u00caNH d\u00e0n \u0111\u1ec1u v\u00e0 kh\u00f3a ch\u1eb7t ch\u1ea5t l\u1ecfng gi\u00fap th\u1ea5m nhanh g\u1ea5p 3 l\u1ea7n, tr\u1ea3 l\u1ea1i b\u1ec1 m\u1eb7t kh\u00f4 tho\u00e1ng t\u1ee9c th\u00ec, ch\u1ed1ng tr\u00e0n \u01b0u vi\u1ec7t cho c\u1ea3 \u0111\u00eam.<br \/>\n H\u1ec7 th\u1ed1ng v\u00e1ch ch\u1ed1ng tr\u00e0n co gi\u00e3n Active Standing Gather, ch\u1ee7 \u0111\u1ed9ng n\u00e2ng l\u00ean \u00f4m kh\u00edt c\u01a1 th\u1ec3, ng\u0103n tr\u00e0n sang 2 b\u00ean.<br \/>\n Ch\u1ed1ng tr\u00e0n sau \u01b0u vi\u1ec7t v\u1edbi ph\u1ea7n c\u00e1nh m\u1edf r\u1ed9ng \u1ea5n t\u01b0\u1ee3ng \u0111\u1ebfn 16cm c\u00f9ng h\u1ec7 th\u1ed1ng r\u00e3nh th\u00f4ng minh c\u1ed1 \u0111\u1ecbnh mi\u1ebfng b\u0103ng.<br \/>\n B\u1ec1 m\u1eb7t l\u01b0\u1edbi l\u1ee5a h\u00f3a m\u1ec1m m\u1ea1i, mang \u0111\u1ebfn c\u1ea3m gi\u00e1c \u00eam d\u1ecbu lu\u00f4n tho\u00e1ng cho l\u00e0n da.<br \/>\n H\u01b0\u01a1ng th\u01a1m d\u1ec5 ch\u1ecbu, gi\u00fap b\u1ea1n lu\u00f4n th\u01b0 gi\u00e3n, d\u1ec5 d\u00e0ng \u0111i v\u00e0o gi\u1ea5c ng\u1ee7 s\u00e2u.<\/p>\n<p> B\u1ea3o qu\u1ea3n:<br \/>\n N\u01a1i kh\u00f4 r\u00e1o tho\u00e1ng m\u00e1t.<br \/>\n Tr\u00e1nh \u00e1nh n\u1eafng tr\u1ef1c ti\u1ebfp, n\u01a1i c\u00f3 nhi\u1ec7t \u0111\u1ed9 cao ho\u1eb7c \u1ea9m \u01b0\u1edbt.<\/p>\n<p> TH\u00d4NG TIN S\u1ea2N PH\u1ea8M B\u0102NG V\u1ec6 SINH BAN \u0110\u00caM:<br \/>\n Quy c\u00e1ch \u0111\u00f3ng g\u00f3i: G\u00f3i 3 mi\u1ebfng \/ g\u00f3i 12 mi\u1ebfng<br \/>\n Th\u01b0\u01a1ng hi\u1ec7u: Diana<br \/>\n Xu\u1ea5t x\u1ee9 th\u01b0\u01a1ng hi\u1ec7u: Nh\u1eadt B\u1ea3n<br \/>\n S\u1ea3n xu\u1ea5t t\u1ea1i: Vi\u1ec7t Nam<br \/>\n H\u1ea1n s\u1eed d\u1ee5ng: 4 n\u0103m k\u1ec3 t\u1eeb ng\u00e0y s\u1ea3n xu\u1ea5t.<\/p>\n<p> #bangvesinhbandem #bangvesinhbandemkhongcanh #bangvesinhbanndem35 #bangvesinhbandemdangquan #bangvesinhbandematlanh #bangvesinhbandem #bangvesinhbandem28<br \/>\n #bangvesinh #bangvesinhhangngay #bangvesinhdiana #ba<\/p>\n","protected":false},"excerpt":{"rendered":"<p>B\u0103ng V\u1ec7 Sinh Diana Super Night l\u00e0 d\u00f2ng s\u1ea3n ph\u1ea9m b\u0103ng v\u1ec7 sinh ban \u0111\u00eam \u0111\u1ebfn t\u1eeb th\u01b0\u01a1ng hi\u1ec7u Diana (thu\u1ed9c t\u1eadp \u0111o\u00e0n Unicharm Nh\u1eadt B\u1ea3n). S\u1ea3n ph\u1ea9m \u1ee9ng d\u1ee5ng c\u00f4ng ngh\u1ec7 \u0111\u1ed9t ph\u00e1 L\u00d5I \u0110A K\u00caNH m\u1edbi nh\u1ea5t gi\u00fap th\u1ea5m h\u00fat nhanh v\u00e0 kh\u00f3a ch\u1eb7t ch\u1ea5t l\u1ecfng, cho b\u1ea1n c\u1ea3m gi\u00e1c kh\u00f4 tho\u00e1ng t\u1ee9c&#8230;<\/p>\n","protected":false},"featured_media":8546,"comment_status":"open","ping_status":"closed","template":"","meta":[],"product_brand":[1492],"product_cat":[15,1476,1450],"product_tag":[282,159,168,165,283,161,501],"class_list":{"0":"post-8996","1":"product","2":"type-product","3":"status-publish","4":"has-post-thumbnail","6":"product_brand-diana","7":"product_cat-chua-phan-loai","8":"product_cat-bang-ve-sinh-diana","9":"product_cat-diana","10":"product_tag-bang-quan","11":"product_tag-bang-ve-sinh","12":"product_tag-bang-ve-sinh-ban-dem","13":"product_tag-bang-ve-sinh-ban-ngay","14":"product_tag-bang-ve-sinh-dang-quan","15":"product_tag-bang-ve-sinh-diana","16":"product_tag-bang-ve-sinh-hang-ngay","18":"first","19":"instock","20":"sale","21":"shipping-taxable","22":"purchasable","23":"product-type-simple"},"acf":[],"_links":{"self":[{"href":"https:\/\/thanglongbeauty.vn\/index.php?rest_route=\/wp\/v2\/product\/8996","targetHints":{"allow":["GET"]}}],"collection":[{"href":"https:\/\/thanglongbeauty.vn\/index.php?rest_route=\/wp\/v2\/product"}],"about":[{"href":"https:\/\/thanglongbeauty.vn\/index.php?rest_route=\/wp\/v2\/types\/product"}],"replies":[{"embeddable":true,"href":"https:\/\/thanglongbeauty.vn\/index.php?rest_route=%2Fwp%2Fv2%2Fcomments&post=8996"}],"wp:featuredmedia":[{"embeddable":true,"href":"https:\/\/thanglongbeauty.vn\/index.php?rest_route=\/wp\/v2\/media\/8546"}],"wp:attachment":[{"href":"https:\/\/thanglongbeauty.vn\/index.php?rest_route=%2Fwp%2Fv2%2Fmedia&parent=8996"}],"wp:term":[{"taxonomy":"product_brand","embeddable":true,"href":"https:\/\/thanglongbeauty.vn\/index.php?rest_route=%2Fwp%2Fv2%2Fproduct_brand&post=8996"},{"taxonomy":"product_cat","embeddable":true,"href":"https:\/\/thanglongbeauty.vn\/index.php?rest_route=%2Fwp%2Fv2%2Fproduct_cat&post=8996"},{"taxonomy":"product_tag","embeddable":true,"href":"https:\/\/thanglongbeauty.vn\/index.php?rest_route=%2Fwp%2Fv2%2Fproduct_tag&post=8996"}],"curies":[{"name":"wp","href":"https:\/\/api.w.org\/{rel}","templated":true}]}}