{"id":9006,"date":"2025-10-20T04:10:45","date_gmt":"2025-10-20T04:10:45","guid":{"rendered":"https:\/\/thanglongbeauty.vn\/?post_type=product&#038;p=9006"},"modified":"2025-10-25T04:23:33","modified_gmt":"2025-10-25T04:23:33","slug":"bang-ve-sinh-diana-daily-sensi-cool-20-mieng","status":"publish","type":"product","link":"https:\/\/thanglongbeauty.vn\/?product=bang-ve-sinh-diana-daily-sensi-cool-20-mieng","title":{"rendered":"B\u0103ng V\u1ec7 Sinh Diana Daily Sensi Cool 20 Mi\u1ebfng"},"content":{"rendered":"<p>H\u00e0ng t\u1eb7ng giao m\u00e0u ng\u1eabu nhi\u00ean<br \/>\n B\u0103ng v\u1ec7 sinh Diana SENSI H\u00e0ng ng\u00e0y Compact (g\u00f3i 20 mi\u1ebfng) l\u00e0 s\u1ea3n ph\u1ea9m b\u0103ng v\u1ec7 sinh m\u1edbi v\u00e0 duy nh\u1ea5t tr\u00ean th\u1ecb tr\u01b0\u1eddng v\u1edbi thi\u1ebft k\u1ebf COMPACT FOLDING &#8211; MI\u1ebeNG G\u1eacP SI\u00caU G\u1eccN, B\u1ece T\u00daI V\u1eeaA V\u1eb6N, k\u00edch th\u01b0\u1edbc g\u1eadp ch\u1ec9 b\u1eb1ng \u00bd mi\u1ebfng BVS H\u00e0ng ng\u00e0y th\u00f4ng th\u01b0\u1eddng, m\u1ecfng nh\u1eb9 nh\u01b0 kh\u00f4ng nh\u01b0ng v\u1eabn gi\u1eef nguy\u00ean \u0111\u1ed9 d\u00e0i 155m \u0111\u1ec3 \u0111\u00e1p \u1ee9ng nhu c\u1ea7u c\u1ea7u gi\u1eef s\u1ea1ch s\u1ebd m\u1ecdi l\u00fac m\u1ecdi n\u01a1i c\u1ee7a con g\u00e1i. <\/p>\n<p> TH\u00d4NG TIN S\u1ea2N PH\u1ea8M <\/p>\n<p> \u2022 Xu\u1ea5t x\u1ee9: Vi\u1ec7t Nam<\/p>\n<p> \u2022 N\u01a1i s\u1ea3n xu\u1ea5t: Vi\u1ec7t Nam <\/p>\n<p> \u2022 G\u00f3i 20\/40 mi\u1ebfng nh\u1ecf g\u1ecdn<\/p>\n<p> \u2022 Chi\u1ec1u d\u00e0i: 155mm<\/p>\n<p> \u2022 H\u1ea1n s\u1eed d\u1ee5ng: 5 n\u0103m k\u1ec3 t\u1eeb ng\u00e0y s\u1ea3n xu\u1ea5t <\/p>\n<p> \u0110\u1eb6C \u0110I\u1ec2M N\u1ed4I B\u1eacT<\/p>\n<p> \u2022 Thi\u1ebft k\u1ebf Compact Folding m\u1edbi l\u1ea1, mi\u1ebfng g\u1eadp si\u00eau g\u1ecdn ch\u1ec9 b\u1eb1ng hai ng\u00f3n tay, d\u1ec5 d\u00e0ng mang theo m\u1ecdi n\u01a1i m\u1ecdi l\u00fac.<\/p>\n<p> \u2022 Si\u00eau m\u1ecfng nh\u1eb9, v\u1eeba v\u1eb7n cho m\u1ecdi ho\u1ea1t \u0111\u1ed9ng h\u00e0ng ng\u00e0y.<\/p>\n<p> \u2022 B\u1ec1 m\u1eb7t si\u00eau \u00eam v\u1edbi h\u1ec7 \u0111a l\u1ed7 si\u00eau kh\u00f4 tho\u00e1ng cho da<\/p>\n<p> \u2022 R\u00e3nh d\u1eadp \u0111\u1ed9c \u0111\u00e1o mang l\u1ea1i c\u1ea3m gi\u00e1c t\u01b0\u01a1i m\u1edbi m\u1ed7i ng\u00e0y<\/p>\n<p> \u2022 D\u00f9ng h\u00e0ng ng\u00e0y<br \/>\n H\u00e0ng t\u1eb7ng giao m\u00e0u ng\u1eabu nhi\u00ean<\/p>\n<p> Hi\u1ec7n B\u0103ng V\u1ec7 Sinh Diana H\u00e0ng Ng\u00e0y Sensi \u0111\u00e3 c\u00f3 m\u1eb7t v\u1edbi 3 d\u00f2ng:<br \/>\n B\u0103ng V\u1ec7 Sinh Diana H\u00e0ng Ng\u00e0y Sensi Kh\u00e1ng Khu\u1ea9n (G\u00f3i 20 Mi\u1ebfng \/ G\u00f3i 40 Mi\u1ebfng)<br \/>\n B\u0103ng V\u1ec7 Sinh Diana H\u00e0ng Ng\u00e0y Sensi Cool Fresh (G\u00f3i 20 Mi\u1ebfng \/ G\u00f3i 40 Mi\u1ebfng)<br \/>\n B\u0103ng V\u1ec7 Sinh Diana H\u00e0ng Ng\u00e0y Sensi Compact (G\u00f3i 20 Mi\u1ebfng \/ G\u00f3i 40 Mi\u1ebfng)<\/p>\n<p> \u0110\u1ed1i t\u01b0\u1ee3ng s\u1eed d\u1ee5ng:B\u0103ng V\u1ec7 Sinh Diana H\u00e0ng Ng\u00e0y Sensi \u0111\u01b0\u1ee3c thi\u1ebft k\u1ebf d\u00e0nh cho ph\u00e1i \u0111\u1eb9p s\u1eed d\u1ee5ng h\u00e0ng ng\u00e0y ho\u1eb7c \u0111\u1ea7u &#8211; cu\u1ed1i chu k\u1ef3, gi\u00fap ch\u0103m s\u00f3c v\u1ec7 sinh c\u00e1 nh\u00e2n hi\u1ec7u qu\u1ea3.<br \/>\n 1. B\u0103ng V\u1ec7 Sinh Diana H\u00e0ng Ng\u00e0y Sensi Kh\u00e1ng Khu\u1ea9nB\u0103ng V\u1ec7 Sinh Diana H\u00e0ng Ng\u00e0y Sensi Kh\u00e1ng Khu\u1ea9n l\u00e0 s\u1ea3n ph\u1ea9m b\u0103ng v\u1ec7 sinh h\u00e0ng ng\u00e0y v\u1edbi c\u00f4ng th\u1ee9c kh\u00e1ng khu\u1ea9n c\u00f3 Nano b\u1ea1c, gi\u00fap t\u0103ng c\u01b0\u1eddng kh\u1ea3 n\u0103ng kh\u00e1ng khu\u1ea9n, ng\u0103n ng\u1eeba vi khu\u1ea9n g\u00e2y n\u1ea5m v\u00e0 vi\u00eam nhi\u1ec5m, cho ph\u00e1i \u0111\u1eb9p lu\u00f4n s\u1ea1ch s\u1ebd v\u00e0 tho\u1ea3i m\u00e1i.<\/p>\n<p> \u01afu th\u1ebf n\u1ed5i b\u1eadt:C\u00f4ng th\u1ee9c kh\u00e1ng khu\u1ea9n v\u1edbi Nano B\u1ea1c Ag+ ng\u0103n ng\u1eeba t\u1ed1i \u0111a vi khu\u1ea9n v\u00e0 ki\u1ec3m so\u00e1t m\u00f9i hi\u1ec7u qu\u1ea3.<br \/>\n M\u1eb7t b\u00f4ng si\u00eau m\u1ec1m m\u1ea1i v\u1edbi thi\u1ebft k\u1ebf g\u1ee3n s\u00f3ng, gi\u1ea3m ti\u1ebfp x\u00fac v\u1edbi da,<\/p>\n","protected":false},"excerpt":{"rendered":"<p>H\u00e0ng t\u1eb7ng giao m\u00e0u ng\u1eabu nhi\u00ean B\u0103ng v\u1ec7 sinh Diana SENSI H\u00e0ng ng\u00e0y Compact (g\u00f3i 20 mi\u1ebfng) l\u00e0 s\u1ea3n ph\u1ea9m b\u0103ng v\u1ec7 sinh m\u1edbi v\u00e0 duy nh\u1ea5t tr\u00ean th\u1ecb tr\u01b0\u1eddng v\u1edbi thi\u1ebft k\u1ebf COMPACT FOLDING &#8211; MI\u1ebeNG G\u1eacP SI\u00caU G\u1eccN, B\u1ece T\u00daI V\u1eeaA V\u1eb6N, k\u00edch th\u01b0\u1edbc g\u1eadp ch\u1ec9 b\u1eb1ng \u00bd mi\u1ebfng BVS H\u00e0ng ng\u00e0y th\u00f4ng&#8230;<\/p>\n","protected":false},"featured_media":8575,"comment_status":"open","ping_status":"closed","template":"","meta":[],"product_brand":[1492],"product_cat":[15,1476,1450],"product_tag":[282,159,168,165,283,161,501],"class_list":{"0":"post-9006","1":"product","2":"type-product","3":"status-publish","4":"has-post-thumbnail","6":"product_brand-diana","7":"product_cat-chua-phan-loai","8":"product_cat-bang-ve-sinh-diana","9":"product_cat-diana","10":"product_tag-bang-quan","11":"product_tag-bang-ve-sinh","12":"product_tag-bang-ve-sinh-ban-dem","13":"product_tag-bang-ve-sinh-ban-ngay","14":"product_tag-bang-ve-sinh-dang-quan","15":"product_tag-bang-ve-sinh-diana","16":"product_tag-bang-ve-sinh-hang-ngay","18":"first","19":"instock","20":"sale","21":"shipping-taxable","22":"purchasable","23":"product-type-simple"},"acf":[],"_links":{"self":[{"href":"https:\/\/thanglongbeauty.vn\/index.php?rest_route=\/wp\/v2\/product\/9006","targetHints":{"allow":["GET"]}}],"collection":[{"href":"https:\/\/thanglongbeauty.vn\/index.php?rest_route=\/wp\/v2\/product"}],"about":[{"href":"https:\/\/thanglongbeauty.vn\/index.php?rest_route=\/wp\/v2\/types\/product"}],"replies":[{"embeddable":true,"href":"https:\/\/thanglongbeauty.vn\/index.php?rest_route=%2Fwp%2Fv2%2Fcomments&post=9006"}],"wp:featuredmedia":[{"embeddable":true,"href":"https:\/\/thanglongbeauty.vn\/index.php?rest_route=\/wp\/v2\/media\/8575"}],"wp:attachment":[{"href":"https:\/\/thanglongbeauty.vn\/index.php?rest_route=%2Fwp%2Fv2%2Fmedia&parent=9006"}],"wp:term":[{"taxonomy":"product_brand","embeddable":true,"href":"https:\/\/thanglongbeauty.vn\/index.php?rest_route=%2Fwp%2Fv2%2Fproduct_brand&post=9006"},{"taxonomy":"product_cat","embeddable":true,"href":"https:\/\/thanglongbeauty.vn\/index.php?rest_route=%2Fwp%2Fv2%2Fproduct_cat&post=9006"},{"taxonomy":"product_tag","embeddable":true,"href":"https:\/\/thanglongbeauty.vn\/index.php?rest_route=%2Fwp%2Fv2%2Fproduct_tag&post=9006"}],"curies":[{"name":"wp","href":"https:\/\/api.w.org\/{rel}","templated":true}]}}