{"id":9013,"date":"2025-10-20T04:10:51","date_gmt":"2025-10-20T04:10:51","guid":{"rendered":"https:\/\/thanglongbeauty.vn\/?post_type=product&#038;p=9013"},"modified":"2025-10-25T08:12:05","modified_gmt":"2025-10-25T08:12:05","slug":"sua-tam-goi-hoa-cuc-cetaphil-calendula-230ml","status":"publish","type":"product","link":"https:\/\/thanglongbeauty.vn\/?product=sua-tam-goi-hoa-cuc-cetaphil-calendula-230ml","title":{"rendered":"S\u1eefa t\u1eafm g\u1ed9i hoa c\u00fac Cetaphil Calendula 230ml"},"content":{"rendered":"<p>S\u1eefa t\u1eafm g\u1ed9i d\u1ecbu nh\u1eb9 Cetaphil Baby Wash &amp; Shampoo with Organic Calendula l\u00e0 s\u1ea3n ph\u1ea9m t\u1eafm g\u1ed9i 2 trong 1 cho b\u00e9 thu\u1ed9c th\u01b0\u01a1ng hi\u1ec7u Cetaphil, gi\u00fap n\u00e2ng niu l\u00e0n da nh\u1ea1y c\u1ea3m c\u1ee7a b\u00e9. C\u00f4ng th\u1ee9c kh\u00f4ng g\u00e2y cay m\u1eaft b\u00e9, gi\u00fap ch\u0103m s\u00f3c v\u00e0 l\u00e0m s\u1ea1ch l\u00e0n da m\u1ecfng manh c\u1ee7a tr\u1ebb s\u01a1 sinh t\u1eeb t\u00f3c \u0111\u1ebfn to\u00e0n th\u00e2n, \u0111\u1ed3ng th\u1eddi gi\u00fap duy tr\u00ec \u0111\u1ed9 \u1ea9m cho da b\u00e9 \u0111\u1ebfn 8h v\u00e0 b\u1ea3o v\u1ec7 da h\u00e0ng ng\u00e0y, gi\u00fap cho da b\u00e9 ph\u00e1t tri\u1ec3n kh\u1ecfe m\u1ea1nh.<br \/>\nV\u1edbi chi\u1ebft xu\u1ea5t t\u1eeb hoa c\u00fac Calendula h\u1eefu c\u01a1 l\u00e0nh t\u00ednh, s\u1eefa t\u1eafm g\u1ed9i Cetaphil Baby Wash &amp; Shampoo with Organic Calendula s\u1ebd gi\u00fap l\u00e0m d\u1ecbu, d\u01b0\u1ee1ng \u1ea9m &amp; l\u00e0m m\u1ec1m l\u00e0n da nh\u1ea1y c\u1ea3m c\u1ee7a b\u00e9, k\u1ebft h\u1ee3p v\u1edbi c\u00e1c th\u00e0nh ph\u1ea7n d\u1ecbu l\u00e0nh nh\u01b0 h\u1ea1nh nh\u00e2n, b\u01a1 h\u1ea1t m\u1ee1, s\u1ea3n ph\u1ea9m c\u00f2n gi\u00fap b\u1ea1n b\u1ea3o v\u1ec7 da em b\u00e9 v\u1edbi 5 \u0111i\u1ec1u d\u1ecbu l\u00e0nh: l\u00e0nh t\u00ednh, m\u1ec1m m\u1ecbn, gi\u1eef \u1ea9m, kh\u00f4ng g\u00e2y k\u00edch \u1ee9ng v\u00e0 che ch\u1edf m\u00e0n \u1ea9m t\u1ef1 nhi\u00ean. S\u1ea3n ph\u1ea9m \u0111\u00e3 \u0111\u01b0\u1ee3c ch\u1ee9ng minh l\u00e2m s\u00e0ng l\u00e0 d\u1ecbu nh\u1eb9 v\u1edbi l\u00e0n da nh\u1ea1y c\u1ea3m &amp; \u0111\u01b0\u1ee3c tin d\u00f9ng b\u1edfi c\u00e1c b\u00e1c s\u0129 da li\u1ec5u.<br \/>\nHi\u1ec7n s\u1ea3n ph\u1ea9m S\u1eefa T\u1eafm V\u00e0 G\u1ed9i Cetaphil Baby Wash &amp; Shampoo Calendula \u0111\u00e3 c\u00f3 m\u1eb7t t\u1ea1i Hasaki v\u1edbi 3 dung t\u00edch:<br \/>\n50ml<br \/>\n230ml<br \/>\n400ml<\/p>\n<p><a href=\"https:\/\/thanglongbeauty.vn\/wp-content\/uploads\/2025\/10\/baby-wash-and-shampoo-with-organic-calendula-400ml.png\"><img loading=\"lazy\" decoding=\"async\" class=\"alignnone size-medium wp-image-9748\" src=\"https:\/\/thanglongbeauty.vn\/wp-content\/uploads\/2025\/10\/baby-wash-and-shampoo-with-organic-calendula-400ml-300x300.png\" alt=\"\" width=\"300\" height=\"300\" srcset=\"https:\/\/thanglongbeauty.vn\/wp-content\/uploads\/2025\/10\/baby-wash-and-shampoo-with-organic-calendula-400ml-300x300.png 300w, https:\/\/thanglongbeauty.vn\/wp-content\/uploads\/2025\/10\/baby-wash-and-shampoo-with-organic-calendula-400ml-150x150.png 150w, https:\/\/thanglongbeauty.vn\/wp-content\/uploads\/2025\/10\/baby-wash-and-shampoo-with-organic-calendula-400ml-768x768.png 768w, https:\/\/thanglongbeauty.vn\/wp-content\/uploads\/2025\/10\/baby-wash-and-shampoo-with-organic-calendula-400ml-600x600.png 600w, https:\/\/thanglongbeauty.vn\/wp-content\/uploads\/2025\/10\/baby-wash-and-shampoo-with-organic-calendula-400ml-100x100.png 100w, https:\/\/thanglongbeauty.vn\/wp-content\/uploads\/2025\/10\/baby-wash-and-shampoo-with-organic-calendula-400ml-64x64.png 64w, https:\/\/thanglongbeauty.vn\/wp-content\/uploads\/2025\/10\/baby-wash-and-shampoo-with-organic-calendula-400ml.png 1000w\" sizes=\"auto, (max-width: 300px) 100vw, 300px\" \/><\/a> <a href=\"https:\/\/thanglongbeauty.vn\/wp-content\/uploads\/2025\/10\/baby-wash-and-shampoo-with-organic-calendula-230ml.png\"><img loading=\"lazy\" decoding=\"async\" class=\"alignnone size-medium wp-image-9747\" src=\"https:\/\/thanglongbeauty.vn\/wp-content\/uploads\/2025\/10\/baby-wash-and-shampoo-with-organic-calendula-230ml-300x300.png\" alt=\"\" width=\"300\" height=\"300\" srcset=\"https:\/\/thanglongbeauty.vn\/wp-content\/uploads\/2025\/10\/baby-wash-and-shampoo-with-organic-calendula-230ml-300x300.png 300w, https:\/\/thanglongbeauty.vn\/wp-content\/uploads\/2025\/10\/baby-wash-and-shampoo-with-organic-calendula-230ml-150x150.png 150w, https:\/\/thanglongbeauty.vn\/wp-content\/uploads\/2025\/10\/baby-wash-and-shampoo-with-organic-calendula-230ml-768x768.png 768w, https:\/\/thanglongbeauty.vn\/wp-content\/uploads\/2025\/10\/baby-wash-and-shampoo-with-organic-calendula-230ml-600x600.png 600w, https:\/\/thanglongbeauty.vn\/wp-content\/uploads\/2025\/10\/baby-wash-and-shampoo-with-organic-calendula-230ml-100x100.png 100w, https:\/\/thanglongbeauty.vn\/wp-content\/uploads\/2025\/10\/baby-wash-and-shampoo-with-organic-calendula-230ml-64x64.png 64w, https:\/\/thanglongbeauty.vn\/wp-content\/uploads\/2025\/10\/baby-wash-and-shampoo-with-organic-calendula-230ml.png 1000w\" sizes=\"auto, (max-width: 300px) 100vw, 300px\" \/><\/a><\/p>\n<p>L\u01b0u \u00fd: Hi\u1ec7n t\u1ea1i Hasaki \u0111ang b\u00e1n song song c\u1ea3 2 m\u1eabu bao b\u00ec m\u1edbi v\u00e0 c\u0169.<\/p>\n<p>Lo\u1ea1i da ph\u00f9 h\u1ee3p:S\u1ea3n ph\u1ea9m d\u00e0nh ri\u00eang cho ch\u0103m s\u00f3c l\u00e0n da nh\u1ea1y c\u1ea3m, m\u1ecfng manh c\u1ee7a b\u00e9.<br \/>\n\u01afu th\u1ebf n\u1ed5i b\u1eadt:V\u1edbi chi\u1ebft xu\u1ea5t t\u1eeb hoa c\u00fac Calendula h\u1eefu c\u01a1 l\u00e0nh t\u00ednh &#8211; gi\u00fap l\u00e0m d\u1ecbu, d\u01b0\u1ee1ng \u1ea9m &amp; l\u00e0m m\u1ec1m l\u00e0n da nh\u1ea1y c\u1ea3m c\u1ee7a b\u00e9 v\u00e0 l\u01b0u l\u1ea1i h\u01b0\u01a1ng th\u01a1m nh\u1eb9 nh\u00e0ng, d\u1ec5 ch\u1ecbu tr\u00ean da.<br \/>\nC\u00f4ng th\u1ee9c k\u1ebft h\u1ee3p t\u1eafm g\u1ed9i 2 trong 1, v\u1edbi l\u1edbp b\u1ecdt m\u1ecbn gi\u00fap nh\u1eb9 nh\u00e0ng l\u00e0m s\u1ea1ch l\u00e0n da m\u1ecfng manh c\u1ee7a b\u00e9 c\u0169ng nh\u01b0 cho t\u00f3c b\u00e9 lu\u00f4n m\u1ec1m m\u1ea1i, s\u1ea1ch s\u1ebd.<br \/>\nS\u1ea3n ph\u1ea9m \u0111\u01b0\u1ee3c b\u00e1c s\u0129 da li\u1ec5u ki\u1ec3m nghi\u1ec7m v\u00e0 \u0111\u01b0\u1ee3c ch\u1ee9ng minh l\u00e2m s\u00e0ng l\u00e0 d\u1ecbu nh\u1eb9 v\u1edbi da nh\u1ea1y c\u1ea3m v\u00e0 an to\u00e0n cho tr\u1ebb s\u01a1 sinh.<\/p>\n<p>\u0110\u1ed9 an to\u00e0n:Kh\u00f4ng paraben.<br \/>\nKh\u00f4ng d\u1ea7u kho\u00e1ng.<br \/>\nKh\u00f4ng g\u00e2y cay m\u1eaft.<br \/>\nKh\u00f4ng g\u00e2y k\u00edch \u1ee9ng.<\/p>\n<p><a href=\"https:\/\/thanglongbeauty.vn\/wp-content\/uploads\/2025\/10\/baby-wash-and-shampoo-with-organic-calendula.png\"><img loading=\"lazy\" decoding=\"async\" class=\"alignnone size-medium wp-image-9746\" src=\"https:\/\/thanglongbeauty.vn\/wp-content\/uploads\/2025\/10\/baby-wash-and-shampoo-with-organic-calendula-300x300.png\" alt=\"\" width=\"300\" height=\"300\" srcset=\"https:\/\/thanglongbeauty.vn\/wp-content\/uploads\/2025\/10\/baby-wash-and-shampoo-with-organic-calendula-300x300.png 300w, https:\/\/thanglongbeauty.vn\/wp-content\/uploads\/2025\/10\/baby-wash-and-shampoo-with-organic-calendula-150x150.png 150w, https:\/\/thanglongbeauty.vn\/wp-content\/uploads\/2025\/10\/baby-wash-and-shampoo-with-organic-calendula-768x768.png 768w, https:\/\/thanglongbeauty.vn\/wp-content\/uploads\/2025\/10\/baby-wash-and-shampoo-with-organic-calendula-600x600.png 600w, https:\/\/thanglongbeauty.vn\/wp-content\/uploads\/2025\/10\/baby-wash-and-shampoo-with-organic-calendula-100x100.png 100w, https:\/\/thanglongbeauty.vn\/wp-content\/uploads\/2025\/10\/baby-wash-and-shampoo-with-organic-calendula-64x64.png 64w, https:\/\/thanglongbeauty.vn\/wp-content\/uploads\/2025\/10\/baby-wash-and-shampoo-with-organic-calendula.png 1000w\" sizes=\"auto, (max-width: 300px) 100vw, 300px\" \/><\/a> <a href=\"https:\/\/thanglongbeauty.vn\/wp-content\/uploads\/2025\/10\/baby-wash-and-shampoo-with-organic-calendula-hoa-cuc.png\"><img loading=\"lazy\" decoding=\"async\" class=\"alignnone size-medium wp-image-9749\" src=\"https:\/\/thanglongbeauty.vn\/wp-content\/uploads\/2025\/10\/baby-wash-and-shampoo-with-organic-calendula-hoa-cuc-300x300.png\" alt=\"\" width=\"300\" height=\"300\" srcset=\"https:\/\/thanglongbeauty.vn\/wp-content\/uploads\/2025\/10\/baby-wash-and-shampoo-with-organic-calendula-hoa-cuc-300x300.png 300w, https:\/\/thanglongbeauty.vn\/wp-content\/uploads\/2025\/10\/baby-wash-and-shampoo-with-organic-calendula-hoa-cuc-150x150.png 150w, https:\/\/thanglongbeauty.vn\/wp-content\/uploads\/2025\/10\/baby-wash-and-shampoo-with-organic-calendula-hoa-cuc-768x768.png 768w, https:\/\/thanglongbeauty.vn\/wp-content\/uploads\/2025\/10\/baby-wash-and-shampoo-with-organic-calendula-hoa-cuc-600x600.png 600w, https:\/\/thanglongbeauty.vn\/wp-content\/uploads\/2025\/10\/baby-wash-and-shampoo-with-organic-calendula-hoa-cuc-100x100.png 100w, https:\/\/thanglongbeauty.vn\/wp-content\/uploads\/2025\/10\/baby-wash-and-shampoo-with-organic-calendula-hoa-cuc-64x64.png 64w, https:\/\/thanglongbeauty.vn\/wp-content\/uploads\/2025\/10\/baby-wash-and-shampoo-with-organic-calendula-hoa-cuc.png 1000w\" sizes=\"auto, (max-width: 300px) 100vw, 300px\" \/><\/a><\/p>\n<p>B\u1ea3o qu\u1ea3n:N\u01a1i kh\u00f4 r\u00e1o tho\u00e1ng m\u00e1t.<br \/>\nTr\u00e1nh \u00e1nh n\u1eafng tr\u1ef1c ti\u1ebfp, n\u01a1i c\u00f3 nhi\u1ec7t \u0111\u1ed9 cao ho\u1eb7c \u1ea9m \u01b0\u1edbt.<br \/>\n\u0110\u1eady n\u1eafp k\u00edn sau khi s\u1eed d\u1ee5ng.<br \/>\nTh\u00f4ng s\u1ed1 s\u1ea3n ph\u1ea9m:Dung t\u00edch: 50ml, 230ml, 400ml<br \/>\nTh\u01b0\u01a1ng hi\u1ec7u: Cetaphil<br \/>\nXu\u1ea5t x\u1ee9 th\u01b0\u01a1ng hi\u1ec7u: Canada.<\/p>\n<p><a href=\"https:\/\/thanglongbeauty.vn\/wp-content\/uploads\/2025\/10\/6-1.png\"><img loading=\"lazy\" decoding=\"async\" class=\"alignnone size-medium wp-image-9742\" src=\"https:\/\/thanglongbeauty.vn\/wp-content\/uploads\/2025\/10\/6-1-300x300.png\" alt=\"\" width=\"300\" height=\"300\" srcset=\"https:\/\/thanglongbeauty.vn\/wp-content\/uploads\/2025\/10\/6-1-300x300.png 300w, https:\/\/thanglongbeauty.vn\/wp-content\/uploads\/2025\/10\/6-1-150x150.png 150w, https:\/\/thanglongbeauty.vn\/wp-content\/uploads\/2025\/10\/6-1-768x768.png 768w, https:\/\/thanglongbeauty.vn\/wp-content\/uploads\/2025\/10\/6-1-600x600.png 600w, https:\/\/thanglongbeauty.vn\/wp-content\/uploads\/2025\/10\/6-1-100x100.png 100w, https:\/\/thanglongbeauty.vn\/wp-content\/uploads\/2025\/10\/6-1-64x64.png 64w, https:\/\/thanglongbeauty.vn\/wp-content\/uploads\/2025\/10\/6-1.png 1000w\" sizes=\"auto, (max-width: 300px) 100vw, 300px\" \/><\/a> <a href=\"https:\/\/thanglongbeauty.vn\/wp-content\/uploads\/2025\/10\/7-3.png\"><img loading=\"lazy\" decoding=\"async\" class=\"alignnone size-medium wp-image-9743\" src=\"https:\/\/thanglongbeauty.vn\/wp-content\/uploads\/2025\/10\/7-3-300x300.png\" alt=\"\" width=\"300\" height=\"300\" srcset=\"https:\/\/thanglongbeauty.vn\/wp-content\/uploads\/2025\/10\/7-3-300x300.png 300w, https:\/\/thanglongbeauty.vn\/wp-content\/uploads\/2025\/10\/7-3-150x150.png 150w, https:\/\/thanglongbeauty.vn\/wp-content\/uploads\/2025\/10\/7-3-768x768.png 768w, https:\/\/thanglongbeauty.vn\/wp-content\/uploads\/2025\/10\/7-3-600x600.png 600w, https:\/\/thanglongbeauty.vn\/wp-content\/uploads\/2025\/10\/7-3-100x100.png 100w, https:\/\/thanglongbeauty.vn\/wp-content\/uploads\/2025\/10\/7-3-64x64.png 64w, https:\/\/thanglongbeauty.vn\/wp-content\/uploads\/2025\/10\/7-3.png 1000w\" sizes=\"auto, (max-width: 300px) 100vw, 300px\" \/><\/a> <a href=\"https:\/\/thanglongbeauty.vn\/wp-content\/uploads\/2025\/10\/8.png\"><img loading=\"lazy\" decoding=\"async\" class=\"alignnone size-medium wp-image-9744\" src=\"https:\/\/thanglongbeauty.vn\/wp-content\/uploads\/2025\/10\/8-300x300.png\" alt=\"\" width=\"300\" height=\"300\" srcset=\"https:\/\/thanglongbeauty.vn\/wp-content\/uploads\/2025\/10\/8-300x300.png 300w, https:\/\/thanglongbeauty.vn\/wp-content\/uploads\/2025\/10\/8-150x150.png 150w, https:\/\/thanglongbeauty.vn\/wp-content\/uploads\/2025\/10\/8-768x768.png 768w, https:\/\/thanglongbeauty.vn\/wp-content\/uploads\/2025\/10\/8-600x600.png 600w, https:\/\/thanglongbeauty.vn\/wp-content\/uploads\/2025\/10\/8-100x100.png 100w, https:\/\/thanglongbeauty.vn\/wp-content\/uploads\/2025\/10\/8-64x64.png 64w, https:\/\/thanglongbeauty.vn\/wp-content\/uploads\/2025\/10\/8.png 1000w\" sizes=\"auto, (max-width: 300px) 100vw, 300px\" \/><\/a> <a href=\"https:\/\/thanglongbeauty.vn\/wp-content\/uploads\/2025\/10\/9.png\"><img loading=\"lazy\" decoding=\"async\" class=\"alignnone size-medium wp-image-9745\" src=\"https:\/\/thanglongbeauty.vn\/wp-content\/uploads\/2025\/10\/9-300x300.png\" alt=\"\" width=\"300\" height=\"300\" srcset=\"https:\/\/thanglongbeauty.vn\/wp-content\/uploads\/2025\/10\/9-300x300.png 300w, https:\/\/thanglongbeauty.vn\/wp-content\/uploads\/2025\/10\/9-150x150.png 150w, https:\/\/thanglongbeauty.vn\/wp-content\/uploads\/2025\/10\/9-768x768.png 768w, https:\/\/thanglongbeauty.vn\/wp-content\/uploads\/2025\/10\/9-600x600.png 600w, https:\/\/thanglongbeauty.vn\/wp-content\/uploads\/2025\/10\/9-100x100.png 100w, https:\/\/thanglongbeauty.vn\/wp-content\/uploads\/2025\/10\/9-64x64.png 64w, https:\/\/thanglongbeauty.vn\/wp-content\/uploads\/2025\/10\/9.png 1000w\" sizes=\"auto, (max-width: 300px) 100vw, 300px\" \/><\/a><\/p>\n","protected":false},"excerpt":{"rendered":"<p>S\u1eefa t\u1eafm g\u1ed9i d\u1ecbu nh\u1eb9 Cetaphil Baby Wash &amp; Shampoo with Organic Calendula l\u00e0 s\u1ea3n ph\u1ea9m t\u1eafm g\u1ed9i 2 trong 1 cho b\u00e9 thu\u1ed9c th\u01b0\u01a1ng hi\u1ec7u Cetaphil, gi\u00fap n\u00e2ng niu l\u00e0n da nh\u1ea1y c\u1ea3m c\u1ee7a b\u00e9. C\u00f4ng th\u1ee9c kh\u00f4ng g\u00e2y cay m\u1eaft b\u00e9, gi\u00fap ch\u0103m s\u00f3c v\u00e0 l\u00e0m s\u1ea1ch l\u00e0n da m\u1ecfng manh c\u1ee7a tr\u1ebb&#8230;<\/p>\n","protected":false},"featured_media":9747,"comment_status":"open","ping_status":"closed","template":"","meta":[],"product_brand":[1493],"product_cat":[15,1395],"product_tag":[1680,306,307,308,1679],"class_list":{"0":"post-9013","1":"product","2":"type-product","3":"status-publish","4":"has-post-thumbnail","6":"product_brand-cetaphil","7":"product_cat-chua-phan-loai","8":"product_cat-sua-tam-goi-cho-be","9":"product_tag-purren","10":"product_tag-sua-tam-cho-be-so-sinh","11":"product_tag-sua-tam-em-be","12":"product_tag-sua-tam-goi-be","13":"product_tag-tam-goi-be","15":"first","16":"onbackorder","17":"sale","18":"shipping-taxable","19":"purchasable","20":"product-type-simple"},"acf":[],"_links":{"self":[{"href":"https:\/\/thanglongbeauty.vn\/index.php?rest_route=\/wp\/v2\/product\/9013","targetHints":{"allow":["GET"]}}],"collection":[{"href":"https:\/\/thanglongbeauty.vn\/index.php?rest_route=\/wp\/v2\/product"}],"about":[{"href":"https:\/\/thanglongbeauty.vn\/index.php?rest_route=\/wp\/v2\/types\/product"}],"replies":[{"embeddable":true,"href":"https:\/\/thanglongbeauty.vn\/index.php?rest_route=%2Fwp%2Fv2%2Fcomments&post=9013"}],"wp:featuredmedia":[{"embeddable":true,"href":"https:\/\/thanglongbeauty.vn\/index.php?rest_route=\/wp\/v2\/media\/9747"}],"wp:attachment":[{"href":"https:\/\/thanglongbeauty.vn\/index.php?rest_route=%2Fwp%2Fv2%2Fmedia&parent=9013"}],"wp:term":[{"taxonomy":"product_brand","embeddable":true,"href":"https:\/\/thanglongbeauty.vn\/index.php?rest_route=%2Fwp%2Fv2%2Fproduct_brand&post=9013"},{"taxonomy":"product_cat","embeddable":true,"href":"https:\/\/thanglongbeauty.vn\/index.php?rest_route=%2Fwp%2Fv2%2Fproduct_cat&post=9013"},{"taxonomy":"product_tag","embeddable":true,"href":"https:\/\/thanglongbeauty.vn\/index.php?rest_route=%2Fwp%2Fv2%2Fproduct_tag&post=9013"}],"curies":[{"name":"wp","href":"https:\/\/api.w.org\/{rel}","templated":true}]}}