{"id":9015,"date":"2025-10-20T04:10:51","date_gmt":"2025-10-20T04:10:51","guid":{"rendered":"https:\/\/thanglongbeauty.vn\/?post_type=product&#038;p=9015"},"modified":"2026-03-23T09:43:34","modified_gmt":"2026-03-23T09:43:34","slug":"nuoc-tay-trang-loreal-cang-min-da-95ml","status":"publish","type":"product","link":"https:\/\/thanglongbeauty.vn\/?product=nuoc-tay-trang-loreal-cang-min-da-95ml","title":{"rendered":"N\u01b0\u1edbc T\u1ea9y Trang L&#8217;Or\u00e9al C\u0103ng M\u1ecbn Da 95ml"},"content":{"rendered":"<p>N\u01b0\u1edbc T\u1ea9y Trang L&#8217;Oreal C\u0103ng M\u1ecbn Da Revitalift Hyaluronic Acid Hydrating Micellar Water<br \/>\nN\u01b0\u1edbc T\u1ea9y Trang L&#8217;Oreal Revitalift Hyaluronic Acid Hydrating Micellar Water v\u1edbi c\u00f4ng ngh\u1ec7 Micellar gi\u00fap l\u00e0m s\u1ea1ch da v\u00e0 lo\u1ea1i b\u1ecf tri\u1ec7t \u0111\u1ec3 b\u1ee5i b\u1ea9n, b\u00e3 nh\u1eddn, t\u1ebf b\u00e0o ch\u1ebft v\u00e0 l\u1edbp trang \u0111i\u1ec3m. B\u00ean c\u1ea1nh \u0111\u00f3, th\u00e0nh ph\u1ea7n Hyaluronic Acid gi\u00fap l\u00e0n da \u0111\u01b0\u1ee3c c\u1ea5p \u1ea9m c\u0103ng m\u1ecbn t\u1eeb b\u00ean trong. Ngay l\u1eadp t\u1ee9c, l\u00e0n da \u0111\u01b0\u1ee3c s\u1ea1ch m\u00e1t, thanh khi\u1ebft v\u00e0 m\u1ec1m m\u1ecbn, kh\u00f4ng g\u00e2y c\u1ea3m gi\u00e1c kh\u00f4 r\u00edt tr\u00ean da.<\/p>\n<p>S\u1ea3n ph\u1ea9m N\u01b0\u1edbc T\u1ea9y Trang L&#8217;Oreal Paris Revitalift Hyaluronic Acid Hydrating Micellar Water L\u00e0m S\u1ea1ch V\u00e0 C\u1ea5p \u1ea8m hi\u1ec7n \u0111\u00e3 c\u00f3 m\u1eb7t t\u1ea1i Hasaki <\/p>\n<p>N\u01b0\u1edbc T\u1ea9y Trang L&#8217;Oreal C\u0103ng M\u1ecbn Da Revitalift Hyaluronic Acid Hydrating Micellar Water ph\u00f9 h\u1ee3p v\u1edbi lo\u1ea1i da n\u00e0o?<br \/>\nS\u1ea3n ph\u1ea9m d\u00e0nh cho da kh\u00f4 &#038; h\u1ed7n h\u1ee3p.<\/p>\n<p>\u0110\u1ed1i t\u01b0\u1ee3ng s\u1eed d\u1ee5ng N\u01b0\u1edbc T\u1ea9y Trang L&#8217;Oreal C\u0103ng M\u1ecbn Da Revitalift Hyaluronic Acid Hydrating Micellar Water:<br \/>\nDa thi\u1ebfu n\u01b0\u1edbc &#8211; thi\u1ebfu \u1ea9m.<\/p>\n<p>Da l\u00e3o ho\u00e1, n\u1ebfp nh\u0103n.<\/p>\n<p>\u01afu th\u1ebf n\u1ed5i b\u1eadt c\u1ee7a N\u01b0\u1edbc T\u1ea9y Trang L&#8217;Oreal C\u0103ng M\u1ecbn Da Revitalift Hyaluronic Acid Hydrating Micellar Water:<br \/>\nC\u00f4ng ngh\u1ec7 Mi-xen \u0111\u1ed9t ph\u00e1 gi\u00fap h\u00fat s\u1ea1ch c\u1eb7n trang \u0111i\u1ec3m, b\u1ee5i b\u1ea9n m\u00e0 kh\u00f4ng l\u00e0m kh\u00f4 c\u0103ng da.<\/p>\n<p>\u0110\u1ed9 pH = 6 trung t\u00ednh, d\u1ecbu nh\u1eb9 &#038; kh\u00f4ng g\u00e2y k\u00edch \u1ee9ng da.<\/p>\n<p>Tinh ch\u1ea5t n\u01b0\u1edbc kho\u00e1ng t\u1eeb n\u00fai Vosges &#8211; Ph\u00e1p gi\u00fap nu\u00f4i d\u01b0\u1ee1ng l\u00e0n da.<\/p>\n<p>C\u00f4ng ngh\u1ec7 Micro-Hyaluron th\u1ea9m th\u1ea5u s\u00e2u v\u00e0o da, gi\u00fap c\u1ea5p \u1ea9m cho da c\u0103ng m\u1ecbn t\u1eeb b\u00ean trong.<\/p>\n<p>Kh\u00f4ng ch\u1ee9a c\u1ed3n, h\u01b0\u01a1ng li\u1ec7u v\u00e0 paraben, an to\u00e0n cho l\u00e0n da nh\u1ea1y c\u1ea3m.<\/p>\n<p>H\u01b0\u1edbng d\u1eabn b\u1ea3o qu\u1ea3n N\u01b0\u1edbc T\u1ea9y Trang L&#8217;Or\u00e9al Paris Micellar Water:<br \/>\nN\u01a1i kh\u00f4 r\u00e1o, tho\u00e1ng m\u00e1t.<\/p>\n<p>Tr\u00e1nh \u00e1nh n\u1eafng tr\u1ef1c ti\u1ebfp, n\u01a1i c\u00f3 nhi\u1ec7t \u0111\u1ed9 cao ho\u1eb7c \u1ea9m \u01b0\u1edbt.<\/p>\n<p>\u0110\u1eady n\u1eafp k\u00edn sau khi s\u1eed d\u1ee5ng.<\/p>\n<p>L\u01b0u \u00fd:<br \/>\nNg\u00e0y s\u1ea3n xu\u1ea5t: Xem tr\u00ean bao b\u00ec.<\/p>\n<p>H\u1ea1n s\u1eed d\u1ee5ng: 03 n\u0103m k\u1ec3 t\u1eeb ng\u00e0y s\u1ea3n xu\u1ea5t.<\/p>\n","protected":false},"excerpt":{"rendered":"<p>N\u01b0\u1edbc T\u1ea9y Trang L&#8217;Oreal C\u0103ng M\u1ecbn Da Revitalift Hyaluronic Acid Hydrating Micellar Water N\u01b0\u1edbc T\u1ea9y Trang L&#8217;Oreal Revitalift Hyaluronic Acid Hydrating Micellar Water v\u1edbi c\u00f4ng ngh\u1ec7 Micellar gi\u00fap l\u00e0m s\u1ea1ch da v\u00e0 lo\u1ea1i b\u1ecf tri\u1ec7t \u0111\u1ec3 b\u1ee5i b\u1ea9n, b\u00e3 nh\u1eddn, t\u1ebf b\u00e0o ch\u1ebft v\u00e0 l\u1edbp trang \u0111i\u1ec3m. B\u00ean c\u1ea1nh \u0111\u00f3, th\u00e0nh ph\u1ea7n Hyaluronic Acid gi\u00fap&#8230;<\/p>\n","protected":false},"featured_media":6359,"comment_status":"open","ping_status":"closed","template":"","meta":[],"product_brand":[1505],"product_cat":[15,1398,1488,1399],"product_tag":[1724,410,1723,483,1715],"class_list":{"0":"post-9015","1":"product","2":"type-product","3":"status-publish","4":"has-post-thumbnail","6":"product_brand-loreal","7":"product_cat-chua-phan-loai","8":"product_cat-cham-soc-da","9":"product_cat-cham-soc-mat","10":"product_cat-nuoc-tay-trang","11":"product_tag-loreal","12":"product_tag-nuoc-tay-trang","13":"product_tag-nuoc-tay-trang-loreal","14":"product_tag-nuoc-tay-trang-phap","15":"product_tag-tay-trang","17":"first","18":"outofstock","19":"sale","20":"shipping-taxable","21":"purchasable","22":"product-type-simple"},"acf":[],"_links":{"self":[{"href":"https:\/\/thanglongbeauty.vn\/index.php?rest_route=\/wp\/v2\/product\/9015","targetHints":{"allow":["GET"]}}],"collection":[{"href":"https:\/\/thanglongbeauty.vn\/index.php?rest_route=\/wp\/v2\/product"}],"about":[{"href":"https:\/\/thanglongbeauty.vn\/index.php?rest_route=\/wp\/v2\/types\/product"}],"replies":[{"embeddable":true,"href":"https:\/\/thanglongbeauty.vn\/index.php?rest_route=%2Fwp%2Fv2%2Fcomments&post=9015"}],"wp:featuredmedia":[{"embeddable":true,"href":"https:\/\/thanglongbeauty.vn\/index.php?rest_route=\/wp\/v2\/media\/6359"}],"wp:attachment":[{"href":"https:\/\/thanglongbeauty.vn\/index.php?rest_route=%2Fwp%2Fv2%2Fmedia&parent=9015"}],"wp:term":[{"taxonomy":"product_brand","embeddable":true,"href":"https:\/\/thanglongbeauty.vn\/index.php?rest_route=%2Fwp%2Fv2%2Fproduct_brand&post=9015"},{"taxonomy":"product_cat","embeddable":true,"href":"https:\/\/thanglongbeauty.vn\/index.php?rest_route=%2Fwp%2Fv2%2Fproduct_cat&post=9015"},{"taxonomy":"product_tag","embeddable":true,"href":"https:\/\/thanglongbeauty.vn\/index.php?rest_route=%2Fwp%2Fv2%2Fproduct_tag&post=9015"}],"curies":[{"name":"wp","href":"https:\/\/api.w.org\/{rel}","templated":true}]}}