{"id":9017,"date":"2025-10-20T04:10:52","date_gmt":"2025-10-20T04:10:52","guid":{"rendered":"https:\/\/thanglongbeauty.vn\/?post_type=product&#038;p=9017"},"modified":"2026-01-13T09:36:36","modified_gmt":"2026-01-13T09:36:36","slug":"bong-tay-trang-minho-180-mieng-cam","status":"publish","type":"product","link":"https:\/\/thanglongbeauty.vn\/?product=bong-tay-trang-minho-180-mieng-cam","title":{"rendered":"B\u00f4ng t\u1ea9y trang Minho 180 mi\u1ebfng cam"},"content":{"rendered":"<p>B\u00f4ng t\u1ea9y trang Minho \u0111\u01b0\u1ee3c s\u1ea3n xu\u1ea5t t\u1eeb nguy\u00ean li\u1ec7u 100% cotton t\u1ef1 nhi\u00ean, m\u1ec1m m\u1ecbn gi\u00fap b\u1ea1n nh\u1eb9 nh\u00e0ng ch\u0103m s\u00f3c v\u00e0 l\u00e0m s\u1ea1ch l\u00e0n da, h\u1ed7 tr\u1ee3 d\u01b0\u1ee1ng da ho\u1eb7c khi l\u00e0m m\u1eb7t n\u1ea1 hay ph\u1ee5c v\u1ee5 nhi\u1ec1u m\u1ee5c \u0111\u00edch s\u1eed d\u1ee5ng kh\u00e1c nhau.<\/p>\n<p>\u01afU \u0110I\u1ec2M C\u1ee6A B\u00d4NG T\u1ea8Y TRANG Minho<br \/>\nV\u1edbi c\u00f4ng ngh\u1ec7 s\u1ea3n xu\u1ea5t b\u00f4ng t\u1eeb nguy\u00ean li\u1ec7u 100% cotton, \u0111\u01b0\u1ee3c d\u1ec7t th\u00e0nh 2 m\u1eb7t, \u0111\u01b0\u1ee3c d\u1eadp n\u1ed5i v\u1edbi nhi\u1ec1u hoa v\u0103n v\u00e0 \u00e9p ch\u1eb7t bi\u00ean k\u0129 c\u00e0ng gi\u00fap gi\u1ea3m t\u00ecnh tr\u1ea1ng b\u1edf v\u00e0 c\u00f3 v\u1ee5n b\u00f4ng khi s\u1eed d\u1ee5ng, t\u1eadn d\u1ee5ng \u0111\u01b0\u1ee3c t\u1ed1i \u0111a c\u00f4ng d\u1ee5ng c\u1ee7a<br \/>\nB\u00f4ng t\u1ea9y trang m\u1ec1m m\u1ecbn, nh\u1eb9 gi\u00fap b\u1ea1n d\u1ec5 d\u00e0ng l\u00e0m s\u1ea1ch da hi\u1ec7u qu\u1ea3, ng\u0103n ng\u1eeba c\u00e1c v\u1ea5n \u0111\u1ec1 v\u1ec1 da do c\u00e1c h\u00f3a ch\u1ea5t v\u00e0 b\u1ed9t ph\u1ea5n trang \u0111i\u1ec3m.<br \/>\nS\u1ea3n ph\u1ea9m c\u00f2n c\u00f3 th\u1ec3 d\u00f9ng nh\u01b0 m\u1ed9t lo\u1ea1i m\u1eb7t n\u1ea1 \u0111\u1ec3 d\u01b0\u1ee1ng da, c\u1ea5p \u1ea9m cho da hi\u1ec7u qu\u1ea3.<br \/>\nB\u00f4ng t\u1ea9y trang\u00a0Minho gi\u00fap l\u00e0m s\u1ea1ch b\u00e3 nh\u1eddn, m\u1ee5n c\u00e1m, m\u1ee5n \u0111\u1ea7u \u0111en gi\u00fap cho l\u00e0n da tho\u00e1ng m\u1ecbn, s\u1ea1ch s\u1ebd.<br \/>\nS\u1ee3i b\u00f4ng th\u1ea5m h\u00fat t\u1ed1t, c\u00f3 th\u1ec3 s\u1eed d\u1ee5ng t\u1ed1i \u0111a 2 m\u1eb7t gi\u00fap ti\u1ebft ki\u1ec7m kinh t\u1ebf.<br \/>\nS\u1ea3n ph\u1ea9m l\u00e0nh t\u00ednh, kh\u00f4ng g\u00e2y k\u00edch \u1ee9ng trong qu\u00e1 tr\u00ecnh s\u1eed d\u1ee5ng.<\/p>\n<p>C\u00d4NG D\u1ee4NG CH\u00cdNH :<br \/>\nD\u00f9ng \u0111\u1ec3 th\u1ea5m dung d\u1ecbch t\u1ea9y trang , n\u01b0\u1edbc hoa h\u1ed3ng gi\u00fap l\u00e0m s\u1ea1ch s\u00e2u l\u1ed7 ch\u00e2n l\u00f4ng, t\u1ea9y t\u1ebf b\u00e0o ch\u1ebft, lo\u1ea1i b\u1ecf c\u00e1c ch\u1ea5t b\u1ea9n, b\u1ea1 nh\u1eddn v\u00e0 l\u1edbp trang \u0111i\u1ec3m l\u00e0m cho da m\u1eb7t s\u1ea1ch s\u1ebd v\u00e0 s\u00e1ng m\u1ecbn m\u00e0ng<br \/>\nD\u00f9ng \u0111\u1ec3 lau kh\u00f4 m\u1eb7t sau khi r\u1eeda m\u1eb7t, thay cho kh\u0103n m\u1eb7t.<\/p>\n<p>TH\u00c0NH PH\u1ea6N B\u00d4NG T\u1ea8Y TRANG MINHO<br \/>\n100% cotton t\u1ef1 nhi\u00ean, kh\u00f4ng t\u1ea9y tr\u1eafng, kh\u00f4ng h\u00f3a ch\u1ea5t.<br \/>\nV\u1edbi c\u00f4ng ngh\u1ec7 s\u1ea3n xu\u1ea5t b\u00f4ng t\u1eeb nguy\u00ean li\u1ec7u 100% cotton, \u0111\u01b0\u1ee3c d\u1ec7t th\u00e0nh 2 m\u1eb7t, \u0111\u01b0\u1ee3c d\u1eadp n\u1ed5i v\u1edbi nhi\u1ec1u hoa v\u0103n v\u00e0 \u00e9p ch\u1eb7t bi\u00ean k\u0129 c\u00e0ng gi\u00fap gi\u1ea3m t\u00ecnh tr\u1ea1ng b\u1edf v\u00e0 c\u00f3 v\u1ee5n b\u00f4ng khi s\u1eed d\u1ee5ng<\/p>\n<p>\u0110\u1ed0I T\u01af\u1ee2NG S\u1eec D\u1ee4NG:<br \/>\nD\u00e0nh cho m\u1eb7t<br \/>\nD\u00e0nh cho m\u1ecdi lo\u1ea1i da<br \/>\nD\u00e0nh cho nh\u1eefng b\u1ea1n mu\u1ed1n t\u00ecm s\u1ea3n ph\u1ea9m h\u1ed7 tr\u1ee3 t\u1ea9y s\u1ea1ch l\u1edbp trang \u0111i\u1ec3m tr\u00ean da<\/p>\n<p>H\u01af\u1edaNG D\u1eaaN S\u1eec D\u1ee4NG :<br \/>\nL\u00e0m \u01b0\u1edbt mi\u1ebfng b\u00f4ng b\u1eb1ng n\u01b0\u1edbc t\u1ea9y trang ho\u1eb7c n\u01b0\u1edbc hoa h\u1ed3ng r\u1ed3i lau nh\u1eb9 nh\u00e0ng tr\u00ean m\u1eb7t theo chi\u1ec1u k\u1ebft c\u1ea5u da, mang \u0111\u1ebfn l\u00e0n da s\u1ea1ch m\u1ecbn.<\/p>\n<p>C\u00c1CH B\u1ea2O QU\u1ea2N :<br \/>\nB\u00f4ng t\u1ea9y trang n\u00ean \u0111\u1eb7t trong t\u00fai ho\u1eb7c h\u1ed9p<br \/>\n\u0110\u1ec3 \u1edf n\u01a1i kh\u00f4 tho\u00e1ng<br \/>\nTr\u00e1nh \u0111\u1ec3 b\u00f4ng t\u1ea9<\/p>\n","protected":false},"excerpt":{"rendered":"<p>B\u00f4ng t\u1ea9y trang Minho \u0111\u01b0\u1ee3c s\u1ea3n xu\u1ea5t t\u1eeb nguy\u00ean li\u1ec7u 100% cotton t\u1ef1 nhi\u00ean, m\u1ec1m m\u1ecbn gi\u00fap b\u1ea1n nh\u1eb9 nh\u00e0ng ch\u0103m s\u00f3c v\u00e0 l\u00e0m s\u1ea1ch l\u00e0n da, h\u1ed7 tr\u1ee3 d\u01b0\u1ee1ng da ho\u1eb7c khi l\u00e0m m\u1eb7t n\u1ea1 hay ph\u1ee5c v\u1ee5 nhi\u1ec1u m\u1ee5c \u0111\u00edch s\u1eed d\u1ee5ng kh\u00e1c nhau. \u01afU \u0110I\u1ec2M C\u1ee6A B\u00d4NG T\u1ea8Y TRANG Minho V\u1edbi c\u00f4ng&#8230;<\/p>\n","protected":false},"featured_media":6440,"comment_status":"open","ping_status":"closed","template":"","meta":[],"product_brand":[1520],"product_cat":[1475,1486,1398,1434],"product_tag":[148,532,197,520,212,214],"class_list":{"0":"post-9017","1":"product","2":"type-product","3":"status-publish","4":"has-post-thumbnail","6":"product_brand-minho","7":"product_cat-bong-tay-trang","8":"product_cat-bong-tay-trang-2","9":"product_cat-cham-soc-da","10":"product_cat-minho","11":"product_tag-bong-tay-trang","12":"product_tag-bong-tay-trang-150-mieng","13":"product_tag-bong-tay-trang-222","14":"product_tag-bong-tay-trang-cotton","15":"product_tag-bong-tay-trang-han-quoc","16":"product_tag-cotton-pads","18":"first","19":"instock","20":"sale","21":"shipping-taxable","22":"purchasable","23":"product-type-simple"},"acf":[],"_links":{"self":[{"href":"https:\/\/thanglongbeauty.vn\/index.php?rest_route=\/wp\/v2\/product\/9017","targetHints":{"allow":["GET"]}}],"collection":[{"href":"https:\/\/thanglongbeauty.vn\/index.php?rest_route=\/wp\/v2\/product"}],"about":[{"href":"https:\/\/thanglongbeauty.vn\/index.php?rest_route=\/wp\/v2\/types\/product"}],"replies":[{"embeddable":true,"href":"https:\/\/thanglongbeauty.vn\/index.php?rest_route=%2Fwp%2Fv2%2Fcomments&post=9017"}],"wp:featuredmedia":[{"embeddable":true,"href":"https:\/\/thanglongbeauty.vn\/index.php?rest_route=\/wp\/v2\/media\/6440"}],"wp:attachment":[{"href":"https:\/\/thanglongbeauty.vn\/index.php?rest_route=%2Fwp%2Fv2%2Fmedia&parent=9017"}],"wp:term":[{"taxonomy":"product_brand","embeddable":true,"href":"https:\/\/thanglongbeauty.vn\/index.php?rest_route=%2Fwp%2Fv2%2Fproduct_brand&post=9017"},{"taxonomy":"product_cat","embeddable":true,"href":"https:\/\/thanglongbeauty.vn\/index.php?rest_route=%2Fwp%2Fv2%2Fproduct_cat&post=9017"},{"taxonomy":"product_tag","embeddable":true,"href":"https:\/\/thanglongbeauty.vn\/index.php?rest_route=%2Fwp%2Fv2%2Fproduct_tag&post=9017"}],"curies":[{"name":"wp","href":"https:\/\/api.w.org\/{rel}","templated":true}]}}