{"id":9033,"date":"2025-10-20T04:10:55","date_gmt":"2025-10-20T04:10:55","guid":{"rendered":"https:\/\/thanglongbeauty.vn\/san-pham\/gel-rua-mat-simple-giup-da-sach-thoang-150ml-xl\/"},"modified":"2026-01-13T08:53:14","modified_gmt":"2026-01-13T08:53:14","slug":"gel-rua-mat-simple-giup-da-sach-thoang-150ml-xl","status":"publish","type":"product","link":"https:\/\/thanglongbeauty.vn\/?product=gel-rua-mat-simple-giup-da-sach-thoang-150ml-xl","title":{"rendered":"Gel R\u1eeda M\u1eb7t Simple Gi\u00fap Da S\u1ea1ch Tho\u00e1ng 150ml XL"},"content":{"rendered":"<p>S\u1eefa R\u1eeda M\u1eb7t Simple Gi\u00fap Da S\u1ea1ch Tho\u00e1ng. L\u00e0n da s\u00e1ng h\u01a1n, t\u1ef1 tin h\u01a1n t\u1eeb ng\u00e0y h\u00f4m nay.<br \/>\n1. S\u1eefa R\u1eeda M\u1eb7t Simple Gi\u00fap Da S\u1ea1ch Tho\u00e1ng 150ml- Kind To Skin Refreshing Facial Wash Gel<br \/>\n2. Gel R\u1eeda M\u1eb7t Simple Thanh Khi\u1ebft, Gi\u1ea3m B\u00f3ng Nh\u1eddn 150ml &#8211; Purifying Gel Wash<br \/>\n3. S\u1eefa R\u1eeda M\u1eb7t Simple D\u01b0\u1ee1ng \u1ea8m Cho Da Kh\u1ecfe V\u00e0 M\u1ecbn M\u00e0ng 150ml-Moisturising Facial Wash<\/p>\n<p>S\u1eefa R\u1eeda M\u1eb7t Simple &#8211; Ch\u00eca Kh\u00f3a S\u00e1ng Da Ho\u00e0n H\u1ea3o C\u1ee7a B\u1ea1n<br \/>\nV\u1edbi l\u00e0n da t\u1ef1 nhi\u00ean t\u1ecfa s\u00e1ng nh\u01b0 \u00e1nh n\u1eafng m\u1eb7t tr\u1eddi!<br \/>\nS\u1eefa R\u1eeda M\u1eb7t Simple Gi\u00fap Da S\u1ea1ch Tho\u00e1ng 150ml l\u00e0 v\u0169 kh\u00ed b\u00ed m\u1eadt c\u1ee7a b\u1ea1n \u0111\u1ec3 c\u00f3 m\u1ed9t l\u00e0n da s\u00e1ng, m\u1ecbn m\u00e0ng. H\u00e3y c\u00f9ng kh\u00e1m ph\u00e1 th\u1ebf gi\u1edbi c\u1ee7a l\u00e0n da r\u1ea1ng r\u1ee1 v\u1edbi s\u1ea3n ph\u1ea9m tuy\u1ec7t v\u1eddi n\u00e0y.<br \/>\n+ B\u1ea1n mu\u1ed1n l\u00e0n da m\u1ec1m m\u1ecbn v\u00e0 s\u1ea1ch s\u1ebd h\u00e0ng ng\u00e0y, ph\u1ea3i kh\u00f4ng? S\u1eefa r\u1eeda m\u1eb7t c\u1ee7a ch\u00fang t\u00f4i \u0111\u01b0\u1ee3c thi\u1ebft k\u1ebf m\u1ed9t c\u00e1ch tinh t\u1ebf \u0111\u1ec3 nh\u1eb9 nh\u00e0ng l\u00e0m s\u1ea1ch da, lo\u1ea1i b\u1ecf c\u00e1c t\u1ea1p ch\u1ea5t v\u00e0 m\u1ef9 ph\u1ea9m m\u00e0 kh\u00f4ng l\u00e0m m\u1ea5t \u0111i \u0111\u1ed9 \u1ea9m t\u1ef1 nhi\u00ean c\u1ee7a da. N\u00f3i l\u1eddi t\u1ea1m bi\u1ec7t v\u1edbi l\u00e0n da t\u1ed1i m\u00e0u v\u00e0 ch\u00e0o \u0111\u00f3n l\u00e0n da t\u01b0\u01a1i m\u1edbi.<br \/>\n+ D\u01b0\u1ee1ng \u1ea8m Nh\u1eb9 Nh\u00e0ng: V\u1edbi c\u00f4ng th\u1ee9c \u0111\u1ed9c \u0111\u00e1o, s\u1eefa r\u1eeda m\u1eb7t Simple kh\u00f4ng ch\u1ee9a h\u01b0\u01a1ng li\u1ec7u v\u00e0 kh\u00f4ng t\u1ea1o b\u1ecdt m\u1ea1nh, gi\u00fap l\u00e0m d\u1ecbu da v\u00e0 duy tr\u00ec \u0111\u1ed9 m\u1ec1m m\u1ecbn t\u1ef1 nhi\u00ean.<br \/>\n+ Ph\u00f9 H\u1ee3p Cho M\u1ecdi Lo\u1ea1i Da: Kh\u00f4ng ph\u00e2n bi\u1ec7t lo\u1ea1i da, s\u1ea3n ph\u1ea9m n\u00e0y ph\u00f9 h\u1ee3p cho m\u1ecdi lo\u1ea1i da, \u0111\u1eb7c bi\u1ec7t l\u00e0 da nh\u1ea1y c\u1ea3m.<\/p>\n<p>Simple &#8211; \u0110\u01b0a B\u1ea1n T\u1ef1 Tin L\u00ean M\u1ed9t T\u1ea7m Cao M\u1edbi<br \/>\n+ L\u00e0n Da R\u1ea1ng R\u1ee1: V\u1edbi vi\u1ec7c lo\u1ea1i b\u1ecf m\u1ecdi t\u1ea1p ch\u1ea5t v\u00e0 b\u1ee5i b\u1ea9n, l\u00e0n da c\u1ee7a b\u1ea1n s\u1ebd t\u1ecfa s\u00e1ng h\u01a1n bao gi\u1edd h\u1ebft. C\u1ea3m gi\u00e1c t\u1ef1 tin m\u1ed7i khi b\u1ea1n b\u01b0\u1edbc ra kh\u1ecfi nh\u00e0.<br \/>\n+ \u0110\u1ed9 \u1ea8m T\u1ed1i \u01afu: L\u00e0n da c\u1ee7a b\u1ea1n s\u1ebd tr\u00f4ng t\u01b0\u01a1i tr\u1ebb h\u01a1n v\u1edbi s\u1ef1 duy tr\u00ec \u0111\u1ed9 \u1ea9m t\u1ef1 nhi\u00ean, gi\u00fap ng\u0103n ng\u1eeba l\u00e0n da kh\u00f4 r\u00e1p v\u00e0 bong tr\u00f3c.<br \/>\n+ S\u1ef1 \u0110\u01a1n Gi\u1ea3n Tinh T\u1ebf: Simple gi\u00fap b\u1ea1n \u0111\u01a1n gi\u1ea3n h\u00f3a qu\u00e1 tr\u00ecnh l\u00e0m \u0111\u1eb9p. S\u1eed d\u1ee5ng h\u00e0ng ng\u00e0y \u0111\u1ec3 tr\u1ea3i nghi\u1ec7m s\u1ef1 kh\u00e1c bi\u1ec7t.<\/p>\n<p>Ph\u1ea7n 3: S\u1eafm Ngay S\u1eefa R\u1eeda M\u1eb7t Simple &#8211; Th\u1ee9c T\u1ec9nh V\u1ebb \u0110\u1eb9p T\u1ef1 Nhi\u00ean<br \/>\nH\u00e3y \u0111\u1ec3 v\u1ebb \u0111\u1eb9p t\u1ef1 nhi\u00ean c\u1ee7a b\u1ea1n t\u1ecfa s\u00e1ng!<br \/>\nKh\u00e1m Ph\u00e1 V\u1ebb \u0110\u1eb9p T\u1ef1 Nhi\u00ean: \u0110\u1eebng che gi\u1ea5u v\u1ebb \u0111\u1eb9p t\u1ef1 nhi\u00ean c\u1ee7a b\u1ea1n. S\u1eefa R\u1eeda M\u1eb7t Simple Gi\u00fap Da S\u1ea1ch Tho\u00e1ng gi\u00fap l\u00e0m s\u00e1ng da v\u00e0 t\u00e1i t\u1ea1o l\u00e0n da r\u1ea1ng ng\u1eddi, t\u1ef1 nhi\u00ean nh\u01b0 b\u1ea1n v\u1eeba th\u1ee9c d\u1eady.<br \/>\n\u0110\u1eb9p M\u1ed7i Ng\u00e0y: B\u1ea1n kh\u00f4ng<\/p>\n","protected":false},"excerpt":{"rendered":"<p>S\u1eefa R\u1eeda M\u1eb7t Simple Gi\u00fap Da S\u1ea1ch Tho\u00e1ng. L\u00e0n da s\u00e1ng h\u01a1n, t\u1ef1 tin h\u01a1n t\u1eeb ng\u00e0y h\u00f4m nay. 1. S\u1eefa R\u1eeda M\u1eb7t Simple Gi\u00fap Da S\u1ea1ch Tho\u00e1ng 150ml- Kind To Skin Refreshing Facial Wash Gel 2. Gel R\u1eeda M\u1eb7t Simple Thanh Khi\u1ebft, Gi\u1ea3m B\u00f3ng Nh\u1eddn 150ml &#8211; Purifying Gel Wash 3. S\u1eefa R\u1eeda M\u1eb7t&#8230;<\/p>\n","protected":false},"featured_media":6778,"comment_status":"open","ping_status":"closed","template":"","meta":[],"product_brand":[1504],"product_cat":[15,1425],"product_tag":[397,1710,399,401,1708,1709],"class_list":{"0":"post-9033","1":"product","2":"type-product","3":"status-publish","4":"has-post-thumbnail","6":"product_brand-simple","7":"product_cat-chua-phan-loai","8":"product_cat-simple","9":"product_tag-gel-rua-mat","10":"product_tag-rua-mat-diu-nhe","11":"product_tag-simple","12":"product_tag-sua-rua-mat","13":"product_tag-sua-rua-mat-simple","14":"product_tag-sua-rua-mat-tri-mun","16":"first","17":"instock","18":"sale","19":"shipping-taxable","20":"purchasable","21":"product-type-simple"},"acf":[],"_links":{"self":[{"href":"https:\/\/thanglongbeauty.vn\/index.php?rest_route=\/wp\/v2\/product\/9033","targetHints":{"allow":["GET"]}}],"collection":[{"href":"https:\/\/thanglongbeauty.vn\/index.php?rest_route=\/wp\/v2\/product"}],"about":[{"href":"https:\/\/thanglongbeauty.vn\/index.php?rest_route=\/wp\/v2\/types\/product"}],"replies":[{"embeddable":true,"href":"https:\/\/thanglongbeauty.vn\/index.php?rest_route=%2Fwp%2Fv2%2Fcomments&post=9033"}],"wp:featuredmedia":[{"embeddable":true,"href":"https:\/\/thanglongbeauty.vn\/index.php?rest_route=\/wp\/v2\/media\/6778"}],"wp:attachment":[{"href":"https:\/\/thanglongbeauty.vn\/index.php?rest_route=%2Fwp%2Fv2%2Fmedia&parent=9033"}],"wp:term":[{"taxonomy":"product_brand","embeddable":true,"href":"https:\/\/thanglongbeauty.vn\/index.php?rest_route=%2Fwp%2Fv2%2Fproduct_brand&post=9033"},{"taxonomy":"product_cat","embeddable":true,"href":"https:\/\/thanglongbeauty.vn\/index.php?rest_route=%2Fwp%2Fv2%2Fproduct_cat&post=9033"},{"taxonomy":"product_tag","embeddable":true,"href":"https:\/\/thanglongbeauty.vn\/index.php?rest_route=%2Fwp%2Fv2%2Fproduct_tag&post=9033"}],"curies":[{"name":"wp","href":"https:\/\/api.w.org\/{rel}","templated":true}]}}