{"id":9038,"date":"2025-10-20T04:10:55","date_gmt":"2025-10-20T04:10:55","guid":{"rendered":"https:\/\/thanglongbeauty.vn\/san-pham\/toner-kiem-dau-voi-khoang-chat-megma-400ml\/"},"modified":"2025-10-20T04:10:56","modified_gmt":"2025-10-20T04:10:56","slug":"toner-kiem-dau-voi-khoang-chat-megma-400ml","status":"publish","type":"product","link":"https:\/\/thanglongbeauty.vn\/?product=toner-kiem-dau-voi-khoang-chat-megma-400ml","title":{"rendered":"Toner ki\u1ec1m d\u1ea7u v\u1edbi kho\u00e1ng ch\u1ea5t megma 400ml"},"content":{"rendered":"<p>N\u01b0\u1edbc hoa h\u1ed3ng\u00a0Eveline Facemed+ ki\u1ec1m d\u1ea7u v\u1edbi kho\u00e1ng ch\u1ea5t Magma 400ML c\u00f3 c\u00f4ng th\u1ee9c \u0111\u1ed9c \u0111\u00e1o \u0111\u01b0\u1ee3c ki\u1ec3m so\u00e1t b\u1edfi c\u00e1c b\u00e1c s\u0129 da li\u1ec5u c\u00f3 t\u00e1c d\u1ee5ng l\u00e0m s\u1ea1ch v\u00e0 l\u00e0m d\u1ecbu da k\u00edch \u1ee9ng, ph\u1ee5c h\u1ed3i \u0111\u1ed9 \u1ea9m v\u00e0 \u0111\u1ed9 pH t\u1ef1 nhi\u00ean c\u1ee7a da, t\u00e1i t\u1ea1o l\u1edbp bi\u1ec3u b\u00ec gi\u00fap da m\u1ec1m m\u1ecbn, c\u0103ng b\u00f3ng. \u0110\u00e2y l\u00e0 b\u01b0\u1edbc chu\u1ea9n b\u1ecb cho l\u00e0n da h\u1ea5p th\u1ee5 t\u1ed1t h\u01a1n c\u00e1c d\u01b0\u1ee1ng ch\u1ea5t t\u1eeb c\u00e1c s\u1ea3n ph\u1ea9m ch\u0103m s\u00f3c da ti\u1ebfp theo.<br \/>\n\u00a0<br \/>\nLo\u1ea1i da ph\u00f9 h\u1ee3p:\u00a0Da th\u01b0\u1eddng v\u00e0 da h\u1ed7n h\u1ee3p.<br \/>\n\u00a0<\/p>\n<p>N\u01b0\u1edbc hoa h\u1ed3ng Eveline Facemed+ ki\u1ec1m d\u1ea7u v\u1edbi kho\u00e1ng ch\u1ea5t Magma 400ML<br \/>\n\u00a0<br \/>\nTh\u00e0nh ph\u1ea7n:\u00a0Aqua (Water), PEG-6 Caprylic\/Capric Glycerides, Glycerin, Propanediol, Camellia Sinensis Leaf Water, Saccharomyces\/Rice Ferment Filtrate, Sea Water, Chamomilla Recutita Flower Oil, Cucurbita Pepo Seed Oil, Rosmarinus Officinalis Leaf Oil, Salvia Sclarea (Clary) Oil, Mentha Piperita (Peppermint) Oil, Panthenol, Myristic Acid, Oleic Acid, Sodium Salicylate, Tocopheryl Acetate, Cetrimonium Bromide, Hydroxyacetophenone, Ethylhexylglycerin, Levulinic Acid, Phenoxyethanol, Sodium Benzoate, Sodium Levulinate, Lauric Acid, Parfum (Fragrance), Tetrasodium Glutamate Diacetate, Polyglyceryl-4 Caprate, Polyglyceryl-6 Caprylate, Pentylene Glycol, Citric Acid, Poloxamer 407, Butylene Glycol, Caprylyl Glycol, Benzyl Salicylate 36 Limonene, Geraniol, Linalool.\u00a0<br \/>\n&#8211; N\u01b0\u1edbc n\u00f3ng t\u1eeb \u0111\u1ea3o H\u00e0n Qu\u1ed1c Jeju &#8211; m\u1ed9t h\u00f2n \u0111\u1ea3o c\u00f3 ngu\u1ed3n g\u1ed1c n\u00fai l\u1eeda, n\u1eb1m \u1edf ph\u00eda t\u00e2y nam c\u1ee7a b\u1edd bi\u1ec3n H\u00e0n Qu\u1ed1c. T\u1ea1i b\u1edd bi\u1ec3n c\u00f3 tr\u1eef l\u01b0\u1ee3ng phong ph\u00fa c\u1ee7a n\u01b0\u1edbc n\u00f3ng c\u00f3 gi\u00e1 tr\u1ecb, trong \u0111\u00f3, nh\u1edd v\u00e0o qu\u00e1 tr\u00ecnh l\u1ecdc t\u1ef1 nhi\u00ean c\u1ee7a \u0111\u00e1 bazan, \u0111\u01b0\u1ee3c tinh ch\u1ebf v\u00e0 gi\u00e0u kho\u00e1ng ch\u1ea5t gi\u00fap t\u0103ng c\u01b0\u1eddng ho\u1ea1t \u0111\u1ed9ng ch\u1ed1ng oxy ho\u00e1 ng\u0103n ng\u1eeba l\u00e3o ho\u00e1 tr\u00ean da.<br \/>\n&#8211; Chi\u1ebft xu\u1ea5t tr\u00e0 Matcha l\u00e0m gi\u1ea3m t\u00e1c \u0111\u1ed9ng ti\u00eau c\u1ef1c c\u1ee7a \u00f4 nhi\u1ec5m v\u00e0 stress oxy ho\u00e1 trong da.<br \/>\n&#8211; Aqua Rice FERM gi\u00e0u vitamin v\u00e0 kho\u00e1ng ch\u1ea5t k\u00edch th\u00edch t\u00e1i sinh, thu nh\u1ecf l\u1ed7 ch\u00e2n l\u00f4ng, ng\u0103n ng\u1eeba l\u00e3o ho\u00e1 v\u00e0 l\u00e0m s\u00e1ng da.<br \/>\n\u00a0<br \/>\nC\u00f4ng d\u1ee5ng:\u00a0<br \/>\n\u00a0<br \/>\n+ C\u00e2n b\u1eb1ng \u0111\u1ed9 pH, l\u00e0m s\u1ea1ch nh\u1eefng c\u1eb7n b\u1ea9n c\u00f2n s\u00f3t l\u1ea1i sau b\u01b0\u1edbc r\u1eeda m\u1eb7t.<br \/>\n+ L\u00e0m d\u1ecbu v\u00e0 th\u01b0 gi\u00e3n l\u00e0n da v\u1edbi th\u00e0nh ph\u1ea7n n\u01b0\u1edbc su\u1ed1i n\u00f3ng t\u1eeb \u0111\u1ea3o Jeju.<br\n<\/p>\n","protected":false},"excerpt":{"rendered":"<p>N\u01b0\u1edbc hoa h\u1ed3ng\u00a0Eveline Facemed+ ki\u1ec1m d\u1ea7u v\u1edbi kho\u00e1ng ch\u1ea5t Magma 400ML c\u00f3 c\u00f4ng th\u1ee9c \u0111\u1ed9c \u0111\u00e1o \u0111\u01b0\u1ee3c ki\u1ec3m so\u00e1t b\u1edfi c\u00e1c b\u00e1c s\u0129 da li\u1ec5u c\u00f3 t\u00e1c d\u1ee5ng l\u00e0m s\u1ea1ch v\u00e0 l\u00e0m d\u1ecbu da k\u00edch \u1ee9ng, ph\u1ee5c h\u1ed3i \u0111\u1ed9 \u1ea9m v\u00e0 \u0111\u1ed9 pH t\u1ef1 nhi\u00ean c\u1ee7a da, t\u00e1i t\u1ea1o l\u1edbp bi\u1ec3u b\u00ec gi\u00fap da m\u1ec1m&#8230;<\/p>\n","protected":false},"featured_media":7041,"comment_status":"open","ping_status":"closed","template":"","meta":[],"product_brand":[1574],"product_cat":[15],"product_tag":[],"class_list":{"0":"post-9038","1":"product","2":"type-product","3":"status-publish","4":"has-post-thumbnail","6":"product_brand-eveline","7":"product_cat-chua-phan-loai","9":"first","10":"outofstock","11":"sale","12":"shipping-taxable","13":"purchasable","14":"product-type-simple"},"acf":[],"_links":{"self":[{"href":"https:\/\/thanglongbeauty.vn\/index.php?rest_route=\/wp\/v2\/product\/9038","targetHints":{"allow":["GET"]}}],"collection":[{"href":"https:\/\/thanglongbeauty.vn\/index.php?rest_route=\/wp\/v2\/product"}],"about":[{"href":"https:\/\/thanglongbeauty.vn\/index.php?rest_route=\/wp\/v2\/types\/product"}],"replies":[{"embeddable":true,"href":"https:\/\/thanglongbeauty.vn\/index.php?rest_route=%2Fwp%2Fv2%2Fcomments&post=9038"}],"wp:featuredmedia":[{"embeddable":true,"href":"https:\/\/thanglongbeauty.vn\/index.php?rest_route=\/wp\/v2\/media\/7041"}],"wp:attachment":[{"href":"https:\/\/thanglongbeauty.vn\/index.php?rest_route=%2Fwp%2Fv2%2Fmedia&parent=9038"}],"wp:term":[{"taxonomy":"product_brand","embeddable":true,"href":"https:\/\/thanglongbeauty.vn\/index.php?rest_route=%2Fwp%2Fv2%2Fproduct_brand&post=9038"},{"taxonomy":"product_cat","embeddable":true,"href":"https:\/\/thanglongbeauty.vn\/index.php?rest_route=%2Fwp%2Fv2%2Fproduct_cat&post=9038"},{"taxonomy":"product_tag","embeddable":true,"href":"https:\/\/thanglongbeauty.vn\/index.php?rest_route=%2Fwp%2Fv2%2Fproduct_tag&post=9038"}],"curies":[{"name":"wp","href":"https:\/\/api.w.org\/{rel}","templated":true}]}}