{"id":9058,"date":"2025-10-20T04:11:00","date_gmt":"2025-10-20T04:11:00","guid":{"rendered":"https:\/\/thanglongbeauty.vn\/?post_type=product&#038;p=9058"},"modified":"2025-10-28T08:14:18","modified_gmt":"2025-10-28T08:14:18","slug":"nuoc-tay-trang-micellar-simple-400ml-xanh-la","status":"publish","type":"product","link":"https:\/\/thanglongbeauty.vn\/?product=nuoc-tay-trang-micellar-simple-400ml-xanh-la","title":{"rendered":"N\u01b0\u1edbc t\u1ea9y trang micellar Simple 400ml d\u1ecbu nh\u1eb9"},"content":{"rendered":"<p>\u01afU \u0110I\u1ec2M N\u1ed4I TR\u1ed8I<br \/>\n&#8211; N\u01b0\u1edbc t\u1ea9y trang Simple lo\u1ea1i b\u1ecf \u0111\u1ebfn 99% l\u1edbp trang \u0111i\u1ec3m* nh\u1edd c\u00e1c h\u1ea1t micelle si\u00eau nh\u1ecf g\u1ed3m m\u1ed9t c\u1ef1c \u01b0a d\u1ea7u h\u00fat m\u1ecdi b\u1ee5i b\u1ea9n, c\u1eb7n trang \u0111i\u1ec3m v\u00e0 m\u1ed9t c\u1ef1c \u01b0a n\u01b0\u1edbc gi\u00fap h\u00f2a tan, cu\u1ed1n tr\u00f4i m\u1ecdi t\u1ea1p ch\u1ea5t<br \/>\n&#8211; B\u1ed5 sung Vitamin B3 gi\u00fap \u0111em l\u1ea1i c\u1ea3m gi\u00e1c tho\u00e1ng m\u1ecbn t\u1ee9c th\u00ec cho da sau t\u1ea9y trang<br \/>\n&#8211; Kh\u00f4ng ch\u1ee9a 2000 h\u00f3a ch\u1ea5t c\u00f3 h\u1ea1i, kh\u00f4ng c\u1ed3n, h\u01b0\u01a1ng li\u1ec7u, paraben g\u00e2y c\u0103ng da, cay m\u1eaft<br \/>\n*D\u1ef1a tr\u00ean k\u1ebft qu\u1ea3 ki\u1ec3m nghi\u1ec7m v\u1edbi mascara kh\u00f4ng tr\u00f4i<\/p>\n<p>H\u01af\u1edaNG D\u1eaaN S\u1eec D\u1ee4NG<br \/>\n&#8211; Cho m\u1ed9t l\u01b0\u1ee3ng n\u01b0\u1edbc t\u1ea9y trang Simple Micellar v\u1eeba \u0111\u1ee7 ra b\u00f4ng t\u1ea9y trang.<br \/>\n&#8211; Nh\u1eb9 nh\u00e0ng lau s\u1ea1ch l\u1edbp trang \u0111i\u1ec3m v\u00e0 b\u1ee5i b\u1ea9n.<br \/>\n&#8211; Kh\u00f4ng c\u1ea7n ch\u00e0 x\u00e1t l\u00ean da. Kh\u00f4ng c\u1ea7n r\u1eeda l\u1ea1i v\u1edbi n\u01b0\u1edbc.<br \/>\n&#8211; K\u1ebft h\u1ee3p s\u1eed d\u1ee5ng v\u1edbi S\u1eefa r\u1eeda m\u1eb7t Simple v\u00e0 N\u01b0\u1edbc hoa h\u1ed3ng Simple Soothing Toner \u0111\u1ec3 \u0111\u1ea1t \u0111\u01b0\u1ee3c hi\u1ec7u qu\u1ea3 t\u1ed1t nh\u1ea5t.<\/p>\n<p>TH\u00d4NG TIN TH\u01af\u01a0NG HI\u1ec6U<br \/>\nSimple l\u00e0 th\u01b0\u01a1ng hi\u1ec7u ch\u0103m s\u00f3c da s\u1ed1 1 Anh Qu\u1ed1c &#8211; theo ngu\u1ed3n d\u1eef li\u1ec7u c\u1ee7a Nielsen 2021. Simple \u0111\u01b0\u1ee3c th\u00e0nh l\u1eadp t\u1eeb nh\u1eefng n\u0103m 1960 \u0111\u01b0\u1ee3c ph\u00e1t tri\u1ec3n, nghi\u00ean c\u1ee9u b\u1edfi c\u00e1c b\u00e1c s\u0129 v\u00e0 chuy\u00ean gia da li\u1ec5u v\u1edbi \u0111\u1ecbnh v\u1ecb l\u00e0 m\u1ed9t nh\u00e3n h\u00e0ng kh\u00f4ng ch\u1ee9a h\u01b0\u01a1ng li\u1ec7u, ch\u1ea5t t\u1ea1o m\u00e0u hay c\u00e1c h\u00f3a ch\u1ea5t c\u00f3 h\u1ea1i cho da, an to\u00e0n v\u1edbi c\u1ea3 l\u00e0n da nh\u1ea1y c\u1ea3m nh\u1ea5t. \u0110\u1ed3ng th\u1eddi, v\u1edbi s\u1ef1 k\u1ebft h\u1ee3p gi\u1eefa c\u00e1c d\u01b0\u1ee1ng ch\u1ea5t thi\u1ebft y\u1ebfu c\u00f9ng v\u1edbi c\u00e1c th\u00e0nh ph\u1ea7n t\u1ef1 nhi\u00ean m\u00e0 v\u1eabn hi\u1ec7u qu\u1ea3, gi\u00fap mang l\u1ea1i cho b\u1ea1n l\u00e0n da tr\u00f4ng kh\u1ecfe m\u1ea1nh. V\u00ec \u0110\u01a1n Gi\u1ea3n L\u00e0 Simple &#8211; Ch\u0103m Da Th\u1eadt Kh\u1ecfe!<\/p>\n<p>TH\u00c0NH PH\u1ea6N N\u01af\u1edaC T\u1ea8Y TRANG SIMPLE MICELLAR WATER<br \/>\nAqua, Hexylene Glycol, Glycerin, PEG-6 Caprylic\/Capric Glycerides, Phenoxyethanol, Cetrimonium Chloride, Tetrasodium EDTA, Propylene Glycol, Citric Acid, Cetylpyridinium Chloride, Sodium Chloride, Niacinamide, Sodium Ascorbyl, Phosphate, Potassium chloride, Panthenol<\/p>\n<p>CH\u00da \u00dd V\u00c0 \u0110I\u1ec0U KI\u1ec6N B\u1ea2O QU\u1ea2N<br \/>\n&#8211; Tr\u00e1nh ti\u1ebfp x\u00fac v\u1edbi m\u1eaft. N\u1ebfu ti\u1ebfp x\u00fac v\u1edbi m\u1eaft, r\u1eeda ngay b\u1eb1ng n\u01b0\u1edbc s\u1ea1ch. \u0110\u1ec3 xa t\u1ea7m tay tr\u1ebb em.<br \/>\n&#8211; Tr\u00e1nh nhi\u1ec7t \u0111\u1ed9 cao v\u00e0 \u00e1nh n\u1eafng tr\u1ef1c ti\u1ebfp. \u0110\u00f3ng n\u1eafp sau khi s\u1eed d\u1ee5ng.<\/p>\n<p>Xu\u1ea5t x\u1ee9: Poland<br \/>\nNg\u00e0y s\u1ea3n xu\u1ea5t: xem tr\u00ean bao b\u00ec<br \/>\nH\u1ea1n s\u1eed d\u1ee5ng: 03 n\u0103m k\u1ec3 t\u1eeb ng\u00e0y s\u1ea3n xu\u1ea5t<\/p>\n<p>*giao m\u1eabu m\u1edbi v\u00e0 c\u0169<\/p>\n","protected":false},"excerpt":{"rendered":"<p>\u01afU \u0110I\u1ec2M N\u1ed4I TR\u1ed8I &#8211; N\u01b0\u1edbc t\u1ea9y trang Simple lo\u1ea1i b\u1ecf \u0111\u1ebfn 99% l\u1edbp trang \u0111i\u1ec3m* nh\u1edd c\u00e1c h\u1ea1t micelle si\u00eau nh\u1ecf g\u1ed3m m\u1ed9t c\u1ef1c \u01b0a d\u1ea7u h\u00fat m\u1ecdi b\u1ee5i b\u1ea9n, c\u1eb7n trang \u0111i\u1ec3m v\u00e0 m\u1ed9t c\u1ef1c \u01b0a n\u01b0\u1edbc gi\u00fap h\u00f2a tan, cu\u1ed1n tr\u00f4i m\u1ecdi t\u1ea1p ch\u1ea5t &#8211; B\u1ed5 sung Vitamin B3 gi\u00fap \u0111em l\u1ea1i&#8230;<\/p>\n","protected":false},"featured_media":7753,"comment_status":"open","ping_status":"closed","template":"","meta":[],"product_brand":[1504],"product_cat":[1398,1399],"product_tag":[410,1716,399,1715],"class_list":{"0":"post-9058","1":"product","2":"type-product","3":"status-publish","4":"has-post-thumbnail","6":"product_brand-simple","7":"product_cat-cham-soc-da","8":"product_cat-nuoc-tay-trang","9":"product_tag-nuoc-tay-trang","10":"product_tag-nuoc-tay-trang-simple","11":"product_tag-simple","12":"product_tag-tay-trang","14":"first","15":"instock","16":"sale","17":"shipping-taxable","18":"purchasable","19":"product-type-simple"},"acf":[],"_links":{"self":[{"href":"https:\/\/thanglongbeauty.vn\/index.php?rest_route=\/wp\/v2\/product\/9058","targetHints":{"allow":["GET"]}}],"collection":[{"href":"https:\/\/thanglongbeauty.vn\/index.php?rest_route=\/wp\/v2\/product"}],"about":[{"href":"https:\/\/thanglongbeauty.vn\/index.php?rest_route=\/wp\/v2\/types\/product"}],"replies":[{"embeddable":true,"href":"https:\/\/thanglongbeauty.vn\/index.php?rest_route=%2Fwp%2Fv2%2Fcomments&post=9058"}],"wp:featuredmedia":[{"embeddable":true,"href":"https:\/\/thanglongbeauty.vn\/index.php?rest_route=\/wp\/v2\/media\/7753"}],"wp:attachment":[{"href":"https:\/\/thanglongbeauty.vn\/index.php?rest_route=%2Fwp%2Fv2%2Fmedia&parent=9058"}],"wp:term":[{"taxonomy":"product_brand","embeddable":true,"href":"https:\/\/thanglongbeauty.vn\/index.php?rest_route=%2Fwp%2Fv2%2Fproduct_brand&post=9058"},{"taxonomy":"product_cat","embeddable":true,"href":"https:\/\/thanglongbeauty.vn\/index.php?rest_route=%2Fwp%2Fv2%2Fproduct_cat&post=9058"},{"taxonomy":"product_tag","embeddable":true,"href":"https:\/\/thanglongbeauty.vn\/index.php?rest_route=%2Fwp%2Fv2%2Fproduct_tag&post=9058"}],"curies":[{"name":"wp","href":"https:\/\/api.w.org\/{rel}","templated":true}]}}