{"id":9060,"date":"2025-10-20T04:11:00","date_gmt":"2025-10-20T04:11:00","guid":{"rendered":"https:\/\/thanglongbeauty.vn\/?post_type=product&#038;p=9060"},"modified":"2026-03-23T09:43:11","modified_gmt":"2026-03-23T09:43:11","slug":"nuoc-tay-trang-loreal-sach-sau-3in1-xd-ct-400ml","status":"publish","type":"product","link":"https:\/\/thanglongbeauty.vn\/?product=nuoc-tay-trang-loreal-sach-sau-3in1-xd-ct-400ml","title":{"rendered":"N\u01b0\u1edbc t\u1ea9y trang L&#8217;Or\u00e9al s\u1ea1ch s\u00e2u 3in1 XD CT 400ml"},"content":{"rendered":"<p>N\u01b0\u1edbc T\u1ea9y Trang L&#8217;Or\u00e9al\u00a0l\u00e0 d\u00f2ng s\u1ea3n ph\u1ea9m\u00a0t\u1ea9y trang\u00a0d\u1ea1ng n\u01b0\u1edbc \u0111\u1ebfn t\u1eeb\u00a0th\u01b0\u01a1ng hi\u1ec7u L&#8217;Oreal Paris, \u0111\u01b0\u1ee3c \u1ee9ng d\u1ee5ng c\u00f4ng ngh\u1ec7 Micellar d\u1ecbu nh\u1eb9 gi\u00fap l\u00e0m s\u1ea1ch da, l\u1ea5y \u0111i b\u1ee5i b\u1ea9n, d\u1ea7u th\u1eeba v\u00e0 c\u1eb7n trang \u0111i\u1ec3m ch\u1ec9 trong m\u1ed9t b\u01b0\u1edbc, mang l\u1ea1i l\u00e0n da th\u00f4ng tho\u00e1ng, m\u1ec1m m\u01b0\u1ee3t m\u00e0 kh\u00f4ng h\u1ec1 kh\u00f4 c\u0103ng.<br \/>\n\u00a0<\/p>\n<p>\u00a0<\/p>\n<p>\u00a0<br \/>\nD\u00f2ng s\u1ea3n ph\u1ea9m\u00a0N\u01b0\u1edbc T\u1ea9y Trang L&#8217;Or\u00e9al Paris\u00a0hi\u1ec7n \u0111\u00e3 c\u00f3 5 ph\u00e2n lo\u1ea1i ph\u00f9 h\u1ee3p cho t\u1eebng nhu c\u1ea7u kh\u00e1c nhau cho b\u1ea1n l\u1ef1a ch\u1ecdn:<br \/>\nL&#8217;Or\u00e9al Paris\u00a0Micellar Water 3-in-1 Refreshing Even For Sensitive Skin\u00a0(Xanh d\u01b0\u01a1ng nh\u1ea1t):\u00a0Gi\u00fap l\u00e0m s\u1ea1ch l\u1edbp trang \u0111i\u1ec3m v\u00e0 l\u00e0m t\u01b0\u01a1i m\u00e1t da.\u00a0D\u00e0nh cho da d\u1ea7u\/da h\u1ed7n h\u1ee3p. Ph\u00f9 h\u1ee3p v\u1edbi c\u1ea3 da nh\u1ea1y c\u1ea3m.<br \/>\nL&#8217;Or\u00e9al Paris\u00a0Micellar Water 3-in-1 Moisturizing Even For Sensitive Skin (H\u1ed3ng):\u00a0Gi\u00fap l\u00e0m s\u1ea1ch l\u1edbp trang \u0111i\u1ec3m v\u00e0 d\u01b0\u1ee1ng \u1ea9m da.\u00a0D\u00e0nh cho da th\u01b0\u1eddng\/da kh\u00f4. Ph\u00f9 h\u1ee3p v\u1edbi c\u1ea3 da nh\u1ea1y c\u1ea3m.\u00a0<br \/>\nL&#8217;Or\u00e9al Paris\u00a0Micellar Water 3-in-1 Deep Cleansing Even For Sensitive Skin (Xanh d\u01b0\u01a1ng \u0111\u1eadm):\u00a0C\u00f3 hai l\u1edbp ch\u1ea5t l\u1ecfng gi\u00fap h\u00f2a tan ch\u1ea5t b\u1ea9n v\u00e0 lo\u1ea1i b\u1ecf to\u00e0n b\u1ed9 l\u1edbp trang \u0111i\u1ec3m hi\u1ec7u qu\u1ea3, k\u1ec3 c\u1ea3 l\u1edbp trang \u0111i\u1ec3m l\u00e2u tr\u00f4i v\u00e0 kh\u00f4ng th\u1ea5m n\u01b0\u1edbc ch\u1ec9 trong m\u1ed9t b\u01b0\u1edbc.<br \/>\nL&#8217;Or\u00e9al Paris\u00a0Revitalift Crystal Purifying Micellar Water (Tr\u1eafng):\u00a0L\u00e0m s\u1ea1ch s\u00e2u l\u1ed7 ch\u00e2n l\u00f4ng v\u00e0\u00a0ki\u1ec1m d\u1ea7u cho l\u00e0n da s\u00e1ng m\u1ecbn r\u1ea1ng r\u1ee1. D\u00e0nh cho da d\u1ea7u.<br \/>\nL&#8217;Oreal Paris Revitalift Hyaluronic Acid Hydrating Micellar Water (T\u00edm):\u00a0L\u00e0m s\u1ea1ch v\u00e0 c\u1ea5p \u1ea9m cho\u00a0l\u00e0n da c\u0103ng m\u1ecbn t\u1eeb b\u00ean trong. D\u00e0nh cho\u00a0da kh\u00f4 &#038; h\u1ed7n h\u1ee3p.<br \/>\n1.\u00a0N\u01b0\u1edbc T\u1ea9y Trang L&#8217;Oreal Micellar Water 3-in-1 Refreshing Even For Sensitive Skin\u00a0T\u01b0\u01a1i M\u00e1t Cho Da D\u1ea7u, H\u1ed7n H\u1ee3pV\u1edbi c\u00f4ng ngh\u1ec7 m\u1edbi nh\u1ea5t, n\u01b0\u1edbc l\u00e0m s\u1ea1ch v\u00e0 t\u1ea9y trang\u00a0L&#8217;Or\u00e9al Paris 3-in-1 Micellar Water Refreshing Even For Sensitive Skin\u00a0\u0111a t\u00e1c d\u1ee5ng v\u1eeba gi\u00fap l\u00e0m s\u1ea1ch l\u1ea5y \u0111i s\u1ea1ch c\u1eb7n trang \u0111i\u1ec3m nh\u1eefng v\u1eabn gi\u00fap da gi\u1eef \u1ea9m, th\u00f4ng tho\u00e1ng v\u00e0 m\u1ec1m m\u01b0\u1ee3t ch\u1ec9 trong m\u1ed9t b\u01b0\u1edbc.<br \/>\nN\u01b0\u1edbc T\u1ea9y Trang\u00a0L&#8217;Or\u00e9al Paris 3-in-1 Micellar Water Refreshing\u00a0(xanh d\u01b0\u01a1ng nh\u1ea1t)\u00a0\u1ee9ng d\u1ee5ng c\u00f4ng ngh\u1ec7 Micellar m\u1edbi ch\u1ee9a c\u00e1c ph\u00e2n t\u1eed mi-xen \u0111\u1ed9c \u0111\u00e1o\u00a0ho\u1ea1t \u0111\u1ed9ng nh\u01b0 m\u1ed9t th\u1ecfi nam ch\u00e2m gi\u00fap lo\u1ea1i b\u1ecf ho\u00e0n to\u00e0n b\u1ee5i b\u1ea9n v\u00e0 l\u1edbp trang \u0111i\u1ec3m, \u0111\u1ed3ng th\u1eddi l\u00e0m d\u1ecbu da nh\u1edd th\u00e0nh ph\u1ea7n<\/p>\n","protected":false},"excerpt":{"rendered":"<p>N\u01b0\u1edbc T\u1ea9y Trang L&#8217;Or\u00e9al\u00a0l\u00e0 d\u00f2ng s\u1ea3n ph\u1ea9m\u00a0t\u1ea9y trang\u00a0d\u1ea1ng n\u01b0\u1edbc \u0111\u1ebfn t\u1eeb\u00a0th\u01b0\u01a1ng hi\u1ec7u L&#8217;Oreal Paris, \u0111\u01b0\u1ee3c \u1ee9ng d\u1ee5ng c\u00f4ng ngh\u1ec7 Micellar d\u1ecbu nh\u1eb9 gi\u00fap l\u00e0m s\u1ea1ch da, l\u1ea5y \u0111i b\u1ee5i b\u1ea9n, d\u1ea7u th\u1eeba v\u00e0 c\u1eb7n trang \u0111i\u1ec3m ch\u1ec9 trong m\u1ed9t b\u01b0\u1edbc, mang l\u1ea1i l\u00e0n da th\u00f4ng tho\u00e1ng, m\u1ec1m m\u01b0\u1ee3t m\u00e0 kh\u00f4ng h\u1ec1 kh\u00f4 c\u0103ng. \u00a0 \u00a0&#8230;<\/p>\n","protected":false},"featured_media":7765,"comment_status":"open","ping_status":"closed","template":"","meta":[],"product_brand":[1505],"product_cat":[15,1398,1488,1399],"product_tag":[1724,410,1723,483,1715],"class_list":{"0":"post-9060","1":"product","2":"type-product","3":"status-publish","4":"has-post-thumbnail","6":"product_brand-loreal","7":"product_cat-chua-phan-loai","8":"product_cat-cham-soc-da","9":"product_cat-cham-soc-mat","10":"product_cat-nuoc-tay-trang","11":"product_tag-loreal","12":"product_tag-nuoc-tay-trang","13":"product_tag-nuoc-tay-trang-loreal","14":"product_tag-nuoc-tay-trang-phap","15":"product_tag-tay-trang","17":"first","18":"instock","19":"sale","20":"shipping-taxable","21":"purchasable","22":"product-type-simple"},"acf":[],"_links":{"self":[{"href":"https:\/\/thanglongbeauty.vn\/index.php?rest_route=\/wp\/v2\/product\/9060","targetHints":{"allow":["GET"]}}],"collection":[{"href":"https:\/\/thanglongbeauty.vn\/index.php?rest_route=\/wp\/v2\/product"}],"about":[{"href":"https:\/\/thanglongbeauty.vn\/index.php?rest_route=\/wp\/v2\/types\/product"}],"replies":[{"embeddable":true,"href":"https:\/\/thanglongbeauty.vn\/index.php?rest_route=%2Fwp%2Fv2%2Fcomments&post=9060"}],"wp:featuredmedia":[{"embeddable":true,"href":"https:\/\/thanglongbeauty.vn\/index.php?rest_route=\/wp\/v2\/media\/7765"}],"wp:attachment":[{"href":"https:\/\/thanglongbeauty.vn\/index.php?rest_route=%2Fwp%2Fv2%2Fmedia&parent=9060"}],"wp:term":[{"taxonomy":"product_brand","embeddable":true,"href":"https:\/\/thanglongbeauty.vn\/index.php?rest_route=%2Fwp%2Fv2%2Fproduct_brand&post=9060"},{"taxonomy":"product_cat","embeddable":true,"href":"https:\/\/thanglongbeauty.vn\/index.php?rest_route=%2Fwp%2Fv2%2Fproduct_cat&post=9060"},{"taxonomy":"product_tag","embeddable":true,"href":"https:\/\/thanglongbeauty.vn\/index.php?rest_route=%2Fwp%2Fv2%2Fproduct_tag&post=9060"}],"curies":[{"name":"wp","href":"https:\/\/api.w.org\/{rel}","templated":true}]}}