{"id":9067,"date":"2025-10-20T04:11:04","date_gmt":"2025-10-20T04:11:04","guid":{"rendered":"https:\/\/thanglongbeauty.vn\/san-pham\/son-duong-moi-collagen-luu-do\/"},"modified":"2025-10-20T04:11:04","modified_gmt":"2025-10-20T04:11:04","slug":"son-duong-moi-collagen-luu-do","status":"publish","type":"product","link":"https:\/\/thanglongbeauty.vn\/?product=son-duong-moi-collagen-luu-do","title":{"rendered":"Son d\u01b0\u1ee1ng m\u00f4i collagen l\u1ef1u \u0111\u1ecf"},"content":{"rendered":"<p>Son D\u01b0\u1ee1ng m\u00f4i l\u1ef1u \u0111\u1ecf: B\u00ed quy\u1ebft cho \u0111\u00f4i m\u00f4i quy\u1ebfn r\u0169 v\u00e0 m\u1ec1m m\u1ecbnD\u01b0\u1ee1ng H\u1ed3ng M\u00f4i Colagen L\u1ef1u \u0110\u1ecf Lipshe, Ch\u1ed1ng Th\u00e2m M\u00f4i, D\u01b0\u1ee1ng \u1ea8m<br \/>\nTH\u00d4NG TIN S\u1ea2N PH\u1ea8MT\u00ean: D\u01b0\u1ee1ng H\u1ed3ng M\u00f4i Colagen L\u1ef1u \u0110\u1ecfKh\u1ed1i l\u01b0\u1ee3ng : 10gXu\u1ea5t x\u1ee9 : Vi\u1ec7t Nam<br \/>\nC\u00d4NG D\u1ee4NG N\u1ed4I B\u1eacT S\u1ea2N PH\u1ea8M\u2013 D\u01b0\u1ee1ng k\u00edch m\u00e0u m\u00f4i\u2013 Th\u00e2m m\u00f4i , m\u00f4i loang , m\u00f4i ch\u00ec b\u1ea9m sinh\u2013 X\u1eed l\u00fd \u0111\u01b0\u1ee3c c\u00e1c t\u00ecnh tr\u1ea1ng th\u00e2m, loang x\u1ec9n m\u00e0u\u2013 C\u1ea5p \u1ea9m t\u0103ng sinh collagen gi\u00fap m\u00f4i m\u1ec1m m\u1ecdng\u2013 Ch\u1ed1ng m\u00f4i l\u00e3o ho\u00e1<\/p>\n<p>\u00a0H\u01af\u1edaNG D\u1eaaN S\u1eec D\u1ee4NGB\u00f4i tr\u1ef1c ti\u1ebfp l\u00ean m\u00f4i, ng\u00e0y 2-3 l\u1ea7n ho\u1eb7c khi th\u1ea5y m\u00f4i kh\u00f4 th\u00ec b\u1ea1n c\u00f3 th\u1ec3 b\u00f4i th\u00eam.B\u1ea3o qu\u1ea3n n\u01a1i kh\u00f4 r\u00e1o, tho\u00e1ng m\u00e1t, tr\u00e1nh ti\u1ebfp x\u00fac \u00e1nh n\u1eafng m\u1eb7t tr\u1eddi.C\u00e2u H\u1ecfi Th\u01b0\u1eddng G\u1eb7p (FAQs)L\u00e0m th\u1ebf n\u00e0o \u0111\u1ec3 s\u1eed d\u1ee5ng Son D\u01b0\u1ee1ng M\u00f4i\u00a0 \u0111\u00fang c\u00e1ch?\u0110\u1ec3 s\u1eed d\u1ee5ng s\u1ea3n ph\u1ea9m n\u00e0y, h\u00e3y l\u00e0m s\u1ea1ch m\u00f4i v\u00e0 sau \u0111\u00f3 \u00e1p d\u1ee5ng m\u1ed9t l\u01b0\u1ee3ng nh\u1ecf s\u1ea3n ph\u1ea9m l\u00ean m\u00f4i. M\u00e1t-xa nh\u1eb9 \u0111\u1ec3 s\u1ea3n ph\u1ea9m th\u1ea9m th\u1ea5u v\u00e0o da m\u00f4i.S\u1ea3n ph\u1ea9m n\u00e0y c\u00f3 ph\u00f9 h\u1ee3p cho c\u1ea3 nam v\u00e0 n\u1eef kh\u00f4ng?\u0110\u00fang v\u1eady, Son D\u01b0\u1ee1ng m\u00f4i\u00a0 Collagen l\u00e0 l\u1ef1a ch\u1ecdn t\u1ed1t cho c\u1ea3 nam v\u00e0 n\u1eef \u0111\u1ec3 c\u00f3 \u0111\u00f4i m\u00f4i quy\u1ebfn r\u0169 v\u00e0 kh\u00e1ng khu\u1ea9n.T\u00f4i c\u00f3 th\u1ec3 s\u1eed d\u1ee5ng Son D\u01b0\u1ee1ng M\u00f4i M&#038;T Collagen d\u01b0\u1edbi \u00e1nh n\u1eafng m\u1eb7t tr\u1eddi kh\u00f4ng?C\u00f3, s\u1ea3n ph\u1ea9m n\u00e0y c\u0169ng b\u1ea3o v\u1ec7 m\u00f4i kh\u1ecfi t\u00e1c \u0111\u1ed9ng c\u1ee7a \u00e1nh n\u1eafng m\u1eb7t tr\u1eddi.Son D\u01b0\u1ee1ng M\u00f4i M&#038;T Collagen hi\u1ec7u qu\u1ea3 \u0111\u1ed1i v\u1edbi m\u00f4i th\u00e2m \u0111en kh\u00f4ng?\u0110\u00fang v\u1eady, s\u1ea3n ph\u1ea9m n\u00e0y gi\u00fap \u0111i\u1ec1u tr\u1ecb m\u00f4i th\u00e2m \u0111en m\u1ed9t c\u00e1ch hi\u1ec7u qu\u1ea3, gi\u00fap \u0111\u00f4i m\u00f4i tr\u1edf n\u00ean t\u1ef1 tin h\u01a1n.#phunxamthammy #duongkichmauxam #sonduongkichmau #duongthanthanh #D\u01b0\u1ee1ng_m\u00f4i #D\u01b0\u1ee1ng_K\u00edch_m\u00e0u #D\u01b0\u1ee1ng_x\u0103m #D\u01b0\u1ee1ng_collagen #d\u01b0\u1ee1ng_collagen_lipbalm #duongkichmau #sonduongcomau #sonkichmauxam #sonphunxam<\/p>\n","protected":false},"excerpt":{"rendered":"<p>Son D\u01b0\u1ee1ng m\u00f4i l\u1ef1u \u0111\u1ecf: B\u00ed quy\u1ebft cho \u0111\u00f4i m\u00f4i quy\u1ebfn r\u0169 v\u00e0 m\u1ec1m m\u1ecbnD\u01b0\u1ee1ng H\u1ed3ng M\u00f4i Colagen L\u1ef1u \u0110\u1ecf Lipshe, Ch\u1ed1ng Th\u00e2m M\u00f4i, D\u01b0\u1ee1ng \u1ea8m TH\u00d4NG TIN S\u1ea2N PH\u1ea8MT\u00ean: D\u01b0\u1ee1ng H\u1ed3ng M\u00f4i Colagen L\u1ef1u \u0110\u1ecfKh\u1ed1i l\u01b0\u1ee3ng : 10gXu\u1ea5t x\u1ee9 : Vi\u1ec7t Nam C\u00d4NG D\u1ee4NG N\u1ed4I B\u1eacT S\u1ea2N PH\u1ea8M\u2013 D\u01b0\u1ee1ng k\u00edch m\u00e0u m\u00f4i\u2013 Th\u00e2m m\u00f4i&#8230;<\/p>\n","protected":false},"featured_media":7740,"comment_status":"open","ping_status":"closed","template":"","meta":[],"product_brand":[1581],"product_cat":[15],"product_tag":[],"class_list":{"0":"post-9067","1":"product","2":"type-product","3":"status-publish","4":"has-post-thumbnail","6":"product_brand-lipshe","7":"product_cat-chua-phan-loai","9":"first","10":"outofstock","11":"sale","12":"shipping-taxable","13":"purchasable","14":"product-type-simple"},"acf":[],"_links":{"self":[{"href":"https:\/\/thanglongbeauty.vn\/index.php?rest_route=\/wp\/v2\/product\/9067","targetHints":{"allow":["GET"]}}],"collection":[{"href":"https:\/\/thanglongbeauty.vn\/index.php?rest_route=\/wp\/v2\/product"}],"about":[{"href":"https:\/\/thanglongbeauty.vn\/index.php?rest_route=\/wp\/v2\/types\/product"}],"replies":[{"embeddable":true,"href":"https:\/\/thanglongbeauty.vn\/index.php?rest_route=%2Fwp%2Fv2%2Fcomments&post=9067"}],"wp:featuredmedia":[{"embeddable":true,"href":"https:\/\/thanglongbeauty.vn\/index.php?rest_route=\/wp\/v2\/media\/7740"}],"wp:attachment":[{"href":"https:\/\/thanglongbeauty.vn\/index.php?rest_route=%2Fwp%2Fv2%2Fmedia&parent=9067"}],"wp:term":[{"taxonomy":"product_brand","embeddable":true,"href":"https:\/\/thanglongbeauty.vn\/index.php?rest_route=%2Fwp%2Fv2%2Fproduct_brand&post=9067"},{"taxonomy":"product_cat","embeddable":true,"href":"https:\/\/thanglongbeauty.vn\/index.php?rest_route=%2Fwp%2Fv2%2Fproduct_cat&post=9067"},{"taxonomy":"product_tag","embeddable":true,"href":"https:\/\/thanglongbeauty.vn\/index.php?rest_route=%2Fwp%2Fv2%2Fproduct_tag&post=9067"}],"curies":[{"name":"wp","href":"https:\/\/api.w.org\/{rel}","templated":true}]}}