{"id":9072,"date":"2025-10-20T04:11:08","date_gmt":"2025-10-20T04:11:08","guid":{"rendered":"https:\/\/thanglongbeauty.vn\/?post_type=product&#038;p=9072"},"modified":"2026-03-23T11:03:19","modified_gmt":"2026-03-23T11:03:19","slug":"nuoc-tay-trang-bioderma-xanh-500ml12","status":"publish","type":"product","link":"https:\/\/thanglongbeauty.vn\/?product=nuoc-tay-trang-bioderma-xanh-500ml12","title":{"rendered":"N\u01b0\u1edbc t\u1ea9y trang Bioderma Xanh 500ml"},"content":{"rendered":"<p>c\u1ea3m gi\u00e1c th\u00f4ng tho\u00e1ng cho da sau m\u1ed9t ng\u00e0y d\u00e0i m\u1ec7t m\u1ecfi.<br \/>\n\u00a0<\/p>\n<p>\u00a0<br \/>\nDa h\u1ed7n h\u1ee3p \u0111\u1ebfn\u00a0da d\u1ea7u\u00a0c\u00f3 l\u01b0\u1ee3ng b\u00e3 nh\u1eddn d\u01b0 th\u1eeba t\u1eadp trung \u1edf v\u00f9ng ch\u1eef T (da h\u1ed7n h\u1ee3p) ho\u1eb7c tr\u00ean to\u00e0n b\u1ed9 khu\u00f4n m\u1eb7t (da d\u1ea7u). C\u00e1c d\u1ea5u hi\u1ec7u l\u00e2m s\u00e0ng \u0111i k\u00e8m v\u1edbi lo\u1ea1i da n\u00e0y l\u00e0 t\u00ecnh tr\u1ea1ng b\u00f3ng d\u1ea7u, da x\u1ec9n m\u00e0u v\u00e0 l\u1ed7 ch\u00e2n l\u00f4ng to. \u0110\u00f4i khi c\u00f2n c\u00f3 th\u1ec3 xu\u1ea5t hi\u1ec7n m\u1ee5n tr\u1ee9ng c\u00e1 ho\u1eb7c m\u1ee5n \u0111\u1ea7u \u0111en. N\u1ebfu nh\u1eefng d\u1ea5u hi\u1ec7u n\u00e0y c\u1ee9 li\u00ean t\u1ee5c t\u00e1i ph\u00e1t, da \u0111\u01b0\u1ee3c coi l\u00e0 c\u00f3 xu h\u01b0\u1edbng d\u1ec5 b\u1ecb m\u1ee5n.<br \/>\nN\u01b0\u1edbc T\u1ea9y Trang Bioderma S\u00e9bium H2O\u00a0\u0111\u01b0\u1ee3c b\u00e0o ch\u1ebf chuy\u00ean bi\u1ec7t d\u00e0nh cho l\u00e0n da d\u1ea7u &#038; h\u1ed7n h\u1ee3p, c\u00f3 kh\u1ea3 n\u0103ng &#8220;b\u1eaft ch\u01b0\u1edbc&#8221; c\u00e1c th\u00e0nh ph\u1ea7n t\u1ef1 nhi\u00ean c\u1ee7a l\u00e0n da \u0111\u1ec3 lo\u1ea1i b\u1ecf l\u1edbp trang \u0111i\u1ec3m m\u1ed9t c\u00e1ch t\u1ed1i \u01b0u nh\u1ea5t, trong khi v\u1eabn duy tr\u00ec \u0111\u01b0\u1ee3c \u0111\u1ed9 c\u00e2n b\u1eb1ng pH v\u00e0 \u0111\u1ed9 \u1ea9m t\u1ef1 nhi\u00ean c\u1ee7a da, b\u1ea3o \u0111\u1ea3m an to\u00e0n cho k\u1ec3 c\u1ea3 nh\u1eefng l\u00e0n da nh\u1ea1y c\u1ea3m nh\u1ea5t.<br \/>\n\u00a0<\/p>\n<p>\u00a0<br \/>\n\u0110\u1eb7c bi\u1ec7t, c\u00f4ng ngh\u1ec7 Micellar Water s\u1eed d\u1ee5ng c\u00e1c h\u1ea1t ph\u00e2n t\u1eed mi-xen v\u1edbi 2 \u0111\u1ea7u \u01b0a d\u1ea7u &#8211; n\u01b0\u1edbc, gi\u00fap\u00a0h\u00fat h\u1ebft b\u00e3 nh\u1eddn, b\u1ee5i b\u1ea9n c\u1ee7a da,\u00a0m\u1ef9 ph\u1ea9m\u00a0trang \u0111i\u1ec3m v\u00e0 \u00f4 nhi\u1ec5m kh\u00f4ng kh\u00ed b\u00e1m l\u1ea1i tr\u00ean da sau m\u1ed9t ng\u00e0y d\u00e0i m\u00e0 kh\u00f4ng h\u1ec1 \u0111\u1ec3 l\u1ea1i c\u1ea3m gi\u00e1c b\u00f3ng nh\u1eddn, d\u00ednh r\u00edt nh\u01b0 nhi\u1ec1u lo\u1ea1i n\u01b0\u1edbc t\u1ea9y trang th\u00f4ng th\u01b0\u1eddng kh\u00e1c.<br \/>\nB\u00ean c\u1ea1nh \u0111\u00f3, S\u00e9bium H2O c\u00f2n \u0111\u01b0\u1ee3c l\u00e0m gi\u00e0u th\u00eam v\u1edbi c\u00e1c ho\u1ea1t ch\u1ea5t thanh l\u1ecdc l\u00e0n da, k\u1ebdm gluconate v\u00e0 \u0111\u1ed3ng sunfat gi\u00fap l\u00e0m s\u1ea1ch s\u00e2u v\u00e0 lo\u1ea1i b\u1ecf b\u00e3 nh\u1eddn, h\u1ea1n ch\u1ebf l\u01b0\u1ee3ng d\u1ea7u th\u1eeba ti\u1ebft ra, mang l\u1ea1i l\u00e0n da th\u00f4ng tho\u00e1ng s\u1ea1ch m\u1ecbn.<br \/>\nHi\u1ec7n\u00a0N\u01b0\u1edbc T\u1ea9y Trang D\u00e0nh Cho Da D\u1ea7u &#038; H\u1ed7n H\u1ee3p Bioderma S\u00e9bium H2O\u00a0\u0111\u00e3 c\u00f3\u00a0v\u1edbi c\u00e1c dung t\u00edch nh\u01b0 sau cho b\u1ea1n l\u1ef1a ch\u1ecdn:<br \/>\n100ml<br \/>\n500ml<\/p>\n<p>Lo\u1ea1i da ph\u00f9 h\u1ee3p:S\u1ea3n ph\u1ea9m ph\u00f9 h\u1ee3p cho da h\u1ed7n h\u1ee3p \u0111\u1ebfn da d\u1ea7u.Gi\u1ea3i ph\u00e1p cho t\u00ecnh tr\u1ea1ng da:D\u1ea7u th\u1eeba &#8211; l\u1ed7 ch\u00e2n l\u00f4ng to<br \/>\nDa m\u1ee5n ho\u1eb7c d\u1ec5 n\u1ed5i m\u1ee5n<br \/>\nC\u00f4ng d\u1ee5ng:Nh\u1eb9 nh\u00e0ng l\u00e0m s\u1ea1ch m\u00e0 kh\u00f4ng l\u00e0m kh\u00f4 da.<br \/>\nThanh l\u1ecdc da v\u00e0 h\u1ea1n ch\u1ebf b\u00e3 nh\u1eddn v\u1edbi ph\u1ee9c\u00a0h\u1ee3p \u0111i\u1ec1u ch\u1ec9nh b\u00e3 nh\u1eddn \u2013 Fluidactiv\u00ae.<br \/>\nMang l\u1ea1i c\u1ea3m gi\u00e1c t\u01b0\u01a1i m\u00e1t t\u1ee9c th\u00ec.<br \/>\nLo\u1ea1i b\u1ecf l\u1edbp trang \u0111i\u1ec3m hi\u1ec7u qu\u1ea3.<br \/>\nDung n\u1ea1p t\u1ed1t &#8211; Kh\u00f4ng g\u00e2y m\u1ee5n &#8211; Kh\u00f4ng c\u1ea7n r\u1eeda l\u1ea1i v\u1edbi n\u01b0\u1edbc.<br \/>\n\u00a0<\/p>\n<p>\u00a0<br \/>\nK\u1ebft qu\u1ea3 t\u1ee9c th\u00ec:L\u00e0m s\u1ea1ch m\u00e0 kh\u00f4ng l\u00e0m kh\u00f4 da<br \/>\nS\u1ef1 d\u1ecbu nh\u1eb9 c\u1ee7a qu\u00e1 tr\u00ecnh l\u00e0m s\u1ea1ch: 95% (1)<br \/>\nLo\u1ea1i b\u1ecf 93% vi h<\/p>\n","protected":false},"excerpt":{"rendered":"<p>c\u1ea3m gi\u00e1c th\u00f4ng tho\u00e1ng cho da sau m\u1ed9t ng\u00e0y d\u00e0i m\u1ec7t m\u1ecfi. \u00a0 \u00a0 Da h\u1ed7n h\u1ee3p \u0111\u1ebfn\u00a0da d\u1ea7u\u00a0c\u00f3 l\u01b0\u1ee3ng b\u00e3 nh\u1eddn d\u01b0 th\u1eeba t\u1eadp trung \u1edf v\u00f9ng ch\u1eef T (da h\u1ed7n h\u1ee3p) ho\u1eb7c tr\u00ean to\u00e0n b\u1ed9 khu\u00f4n m\u1eb7t (da d\u1ea7u). C\u00e1c d\u1ea5u hi\u1ec7u l\u00e2m s\u00e0ng \u0111i k\u00e8m v\u1edbi lo\u1ea1i da n\u00e0y l\u00e0 t\u00ecnh tr\u1ea1ng&#8230;<\/p>\n","protected":false},"featured_media":7831,"comment_status":"open","ping_status":"closed","template":"","meta":[],"product_brand":[1584],"product_cat":[15,1398,1488,1399],"product_tag":[480,410,1727,483,1715],"class_list":{"0":"post-9072","1":"product","2":"type-product","3":"status-publish","4":"has-post-thumbnail","6":"product_brand-biodema","7":"product_cat-chua-phan-loai","8":"product_cat-cham-soc-da","9":"product_cat-cham-soc-mat","10":"product_cat-nuoc-tay-trang","11":"product_tag-bioderma","12":"product_tag-nuoc-tay-trang","13":"product_tag-nuoc-tay-trang-bioderma","14":"product_tag-nuoc-tay-trang-phap","15":"product_tag-tay-trang","17":"first","18":"instock","19":"sale","20":"shipping-taxable","21":"purchasable","22":"product-type-simple"},"acf":[],"_links":{"self":[{"href":"https:\/\/thanglongbeauty.vn\/index.php?rest_route=\/wp\/v2\/product\/9072","targetHints":{"allow":["GET"]}}],"collection":[{"href":"https:\/\/thanglongbeauty.vn\/index.php?rest_route=\/wp\/v2\/product"}],"about":[{"href":"https:\/\/thanglongbeauty.vn\/index.php?rest_route=\/wp\/v2\/types\/product"}],"replies":[{"embeddable":true,"href":"https:\/\/thanglongbeauty.vn\/index.php?rest_route=%2Fwp%2Fv2%2Fcomments&post=9072"}],"wp:featuredmedia":[{"embeddable":true,"href":"https:\/\/thanglongbeauty.vn\/index.php?rest_route=\/wp\/v2\/media\/7831"}],"wp:attachment":[{"href":"https:\/\/thanglongbeauty.vn\/index.php?rest_route=%2Fwp%2Fv2%2Fmedia&parent=9072"}],"wp:term":[{"taxonomy":"product_brand","embeddable":true,"href":"https:\/\/thanglongbeauty.vn\/index.php?rest_route=%2Fwp%2Fv2%2Fproduct_brand&post=9072"},{"taxonomy":"product_cat","embeddable":true,"href":"https:\/\/thanglongbeauty.vn\/index.php?rest_route=%2Fwp%2Fv2%2Fproduct_cat&post=9072"},{"taxonomy":"product_tag","embeddable":true,"href":"https:\/\/thanglongbeauty.vn\/index.php?rest_route=%2Fwp%2Fv2%2Fproduct_tag&post=9072"}],"curies":[{"name":"wp","href":"https:\/\/api.w.org\/{rel}","templated":true}]}}