{"id":9074,"date":"2025-10-20T04:11:08","date_gmt":"2025-10-20T04:11:08","guid":{"rendered":"https:\/\/thanglongbeauty.vn\/?post_type=product&#038;p=9074"},"modified":"2026-01-13T09:36:35","modified_gmt":"2026-01-13T09:36:35","slug":"bong-tay-trang-cotton-inci-150-mieng","status":"publish","type":"product","link":"https:\/\/thanglongbeauty.vn\/?product=bong-tay-trang-cotton-inci-150-mieng","title":{"rendered":"B\u00f4ng T\u1ea9y Trang Cotton INCI 150 Mi\u1ebfng"},"content":{"rendered":"<p>\u2705Gi\u1edbi thi\u1ec7u v\u1ec1 B\u00f4ng T\u1ea9y Trang INCI 80 &#038; 120<\/p>\n<p> M\u00d4 T\u1ea2 S\u1ea2N PH\u1ea8M<br \/>\n B\u00f4ng T\u1ea9y Trang Inci Cotton Pads l\u00e0 b\u00f4ng t\u1ea9y trang \u0111\u1ebfn t\u1eeb th\u01b0\u01a1ng hi\u1ec7u m\u1ef9 ph\u1ea9m Inci c\u1ee7a Th\u1ed5 Nh\u0129 K\u1ef3, s\u1ee3i b\u00f4ng m\u1ec1m m\u1ea1i gi\u00fap b\u1ea3o v\u1ec7 l\u00e0n da m\u1ecfng manh kh\u00f4ng g\u00e2y \u0111au r\u00e1t khi thao t\u00e1c l\u00e0m s\u1ea1ch da, lo\u1ea1i b\u1ecf b\u1ee5i b\u1ea9n, d\u1ea7u th\u1eeba v\u00e0 l\u1edbp trang \u0111i\u1ec3m tr\u00ean da.<br \/>\n Hi\u1ec7n s\u1ea3n ph\u1ea9m B\u00f4ng T\u1ea9y Trang Inci Cotton Pads \u0111\u00e3 c\u00f3 m\u1eb7t t\u1ea1i Th\u0103ng Long v\u1edbi 2 ph\u00e2n lo\u1ea1i:<br \/>\n T\u00fai 100 mi\u1ebfng<br \/>\n T\u00fai 150 mi\u1ebfng<\/p>\n<p> Lo\u1ea1i da ph\u00f9 h\u1ee3p:<br \/>\n S\u1ea3n ph\u1ea9m ph\u00f9 h\u1ee3p v\u1edbi m\u1ecdi lo\u1ea1i da. <\/p>\n<p> Gi\u1ea3i ph\u00e1p t\u00ecnh tr\u1ea1ng:<br \/>\n Th\u01b0\u1eddng xuy\u00ean t\u1ea9y trang, thoa n\u01b0\u1edbc hoa h\u1ed3ng hay lotion mask.<br \/>\n L\u00e0n da nh\u1ea1y c\u1ea3m h\u1ea1n ch\u1ebf d\u00f9ng kh\u0103n v\u00e0 d\u00f9ng b\u00f4ng t\u1ea9y trang thay th\u1ebf. <\/p>\n<p> \u01afu th\u1ebf n\u1ed5i b\u1eadt:<br \/>\n Th\u00e0nh ph\u1ea7n 100% cotton t\u1ef1 nhi\u00ean an to\u00e0n l\u00e0nh t\u00ednh cho m\u1ecdi l\u00e0n da, kh\u00f4ng \u0111\u1ec3 l\u1ea1i x\u01a1 b\u00f4ng khi s\u1eed d\u1ee5ng.<br \/>\n C\u00f3 kh\u1ea3 n\u0103ng th\u1ea5m h\u00fat t\u1ed1t gi\u00fap l\u1ea5y s\u1ea1ch m\u1ecdi l\u1edbp trang \u0111i\u1ec3m, b\u1ee5i b\u1ea9n v\u00e0 s\u1ea1ch s\u00e2u l\u1ed7 ch\u00e2n l\u00f4ng.<br \/>\n Thi\u1ebft k\u1ebf v\u1edbi l\u1edbp b\u00f4ng d\u1ea1ng tr\u00f2n 2 m\u1eb7t m\u1ec1m m\u1ea1i gi\u00fap b\u1ea1n nh\u1eb9 nh\u00e0ng ch\u0103m s\u00f3c l\u00e0n da khi t\u1ea9y trang ho\u1eb7c khi thoa n\u01b0\u1edbc hoa h\u1ed3ng.<\/p>\n<p> Th\u00e0nh ph\u1ea7n ch\u00ednh: 100% cotton<\/p>\n<p> H\u01b0\u1edbng d\u1eabn s\u1eed d\u1ee5ng<br \/>\n Khi d\u01b0\u1ee1ng da: T\u1ea9m n\u01b0\u1edbc hoa h\u1ed3ng l\u00ean mi\u1ebfng b\u00f4ng r\u1ed3i s\u1eed d\u1ee5ng.<br \/>\n Khi t\u1ea9y trang (c\u00f3 2 c\u00e1ch t\u1ea9y trang):<br \/>\n + D\u00f9ng dung d\u1ecbch t\u1ea9y trang massage m\u1eb7t, sau \u0111\u00f3 s\u1eed d\u1ee5ng b\u00f4ng t\u1ea9y trang lau s\u1ea1ch.<br \/>\n + Th\u1ea5m dung d\u1ecbch t\u1ea9y trang l\u00ean b\u00f4ng, sau \u0111\u00f3 d\u00f9ng b\u00f4ng lau nh\u1eefng v\u00f9ng da c\u1ea7n t\u1ea9y trang.<\/p>\n<p> B\u1ea3o qu\u1ea3n:<br \/>\n N\u01a1i kh\u00f4 r\u00e1o tho\u00e1ng m\u00e1t.<br \/>\n Tr\u00e1nh \u00e1nh n\u1eafng tr\u1ef1c ti\u1ebfp, n\u01a1i c\u00f3 nhi\u1ec7t \u0111\u1ed9 cao ho\u1eb7c \u1ea9m \u01b0\u1edbt.<br \/>\n \u0110\u1eady n\u1eafp k\u00edn sau khi s\u1eed d\u1ee5ng. <\/p>\n<p> Quy c\u00e1ch: 100 mi\u1ebfng, 150 Mi\u1ebfng<br \/>\n Th\u01b0\u01a1ng hi\u1ec7u: Inci<br \/>\n Xu\u1ea5t x\u1ee9: Th\u1ed5 Nh\u0129 K\u1ef3.<br \/>\n *T\u00e1c d\u1ee5ng c\u00f3 th\u1ec3 kh\u00e1c nhau tu\u1ef3 c\u01a1 \u0111\u1ecba c\u1ee7a ng\u01b0\u1eddi d\u00f9ng<br \/>\n Th\u01b0\u01a1ng hi\u1ec7u: INCI<br \/>\n Xu\u1ea5t x\u1ee9: Th\u1ed5 Nh\u0129 K\u1ef3<br \/>\n Quy c\u00e1ch: 100 mi\u1ebfng\/g\u00f3i + H\u00e3ng \u0111ang Khuy\u1ebfn M\u1ea1i th\u00eam 30 mi\u1ebfng m\u1ed7i g\u00f3i.<br \/>\n CH\u00cdNH S\u00c1CH B\u1ea2O H\u00c0NH &#8211; \u0110\u1ed4I TR\u1ea2<br \/>\n \u2705Cam k\u1ebft 100% s\u1ea3n ph\u1ea9m l\u00e0 h\u00e0ng ch\u00ednh h\u00e3ng<br \/>\n \u2705 \u0110\u1ed9i ng\u0169 t\u01b0 v\u1ea5n vi\u00ean nhi\u1ec7t t\u00ecnh, h\u1ed7 tr\u1ee3 gi\u1ea3i \u0111\u00e1p th\u1eafc m\u1eafc trong th\u1eddi gian ng\u1eafn nh\u1ea5t<br \/>\n \u2705H\u1ed7 tr\u1ee3 \u0111\u1ed5i tr\u1ea3 theo quy \u0111\u1ecbnh<br \/>\n + H\u00e0ng v\u1eabn c\u00f2n<\/p>\n","protected":false},"excerpt":{"rendered":"<p>\u2705Gi\u1edbi thi\u1ec7u v\u1ec1 B\u00f4ng T\u1ea9y Trang INCI 80 &#038; 120 M\u00d4 T\u1ea2 S\u1ea2N PH\u1ea8M B\u00f4ng T\u1ea9y Trang Inci Cotton Pads l\u00e0 b\u00f4ng t\u1ea9y trang \u0111\u1ebfn t\u1eeb th\u01b0\u01a1ng hi\u1ec7u m\u1ef9 ph\u1ea9m Inci c\u1ee7a Th\u1ed5 Nh\u0129 K\u1ef3, s\u1ee3i b\u00f4ng m\u1ec1m m\u1ea1i gi\u00fap b\u1ea3o v\u1ec7 l\u00e0n da m\u1ecfng manh kh\u00f4ng g\u00e2y \u0111au r\u00e1t khi thao t\u00e1c l\u00e0m s\u1ea1ch&#8230;<\/p>\n","protected":false},"featured_media":6849,"comment_status":"open","ping_status":"closed","template":"","meta":[],"product_brand":[1509],"product_cat":[1475,1486,1398,649],"product_tag":[148,532,197,520,212,214],"class_list":{"0":"post-9074","1":"product","2":"type-product","3":"status-publish","4":"has-post-thumbnail","6":"product_brand-inci","7":"product_cat-bong-tay-trang","8":"product_cat-bong-tay-trang-2","9":"product_cat-cham-soc-da","10":"product_cat-inci","11":"product_tag-bong-tay-trang","12":"product_tag-bong-tay-trang-150-mieng","13":"product_tag-bong-tay-trang-222","14":"product_tag-bong-tay-trang-cotton","15":"product_tag-bong-tay-trang-han-quoc","16":"product_tag-cotton-pads","18":"first","19":"instock","20":"sale","21":"shipping-taxable","22":"purchasable","23":"product-type-simple"},"acf":[],"_links":{"self":[{"href":"https:\/\/thanglongbeauty.vn\/index.php?rest_route=\/wp\/v2\/product\/9074","targetHints":{"allow":["GET"]}}],"collection":[{"href":"https:\/\/thanglongbeauty.vn\/index.php?rest_route=\/wp\/v2\/product"}],"about":[{"href":"https:\/\/thanglongbeauty.vn\/index.php?rest_route=\/wp\/v2\/types\/product"}],"replies":[{"embeddable":true,"href":"https:\/\/thanglongbeauty.vn\/index.php?rest_route=%2Fwp%2Fv2%2Fcomments&post=9074"}],"wp:featuredmedia":[{"embeddable":true,"href":"https:\/\/thanglongbeauty.vn\/index.php?rest_route=\/wp\/v2\/media\/6849"}],"wp:attachment":[{"href":"https:\/\/thanglongbeauty.vn\/index.php?rest_route=%2Fwp%2Fv2%2Fmedia&parent=9074"}],"wp:term":[{"taxonomy":"product_brand","embeddable":true,"href":"https:\/\/thanglongbeauty.vn\/index.php?rest_route=%2Fwp%2Fv2%2Fproduct_brand&post=9074"},{"taxonomy":"product_cat","embeddable":true,"href":"https:\/\/thanglongbeauty.vn\/index.php?rest_route=%2Fwp%2Fv2%2Fproduct_cat&post=9074"},{"taxonomy":"product_tag","embeddable":true,"href":"https:\/\/thanglongbeauty.vn\/index.php?rest_route=%2Fwp%2Fv2%2Fproduct_tag&post=9074"}],"curies":[{"name":"wp","href":"https:\/\/api.w.org\/{rel}","templated":true}]}}