{"id":9079,"date":"2025-10-20T04:11:08","date_gmt":"2025-10-20T04:11:08","guid":{"rendered":"https:\/\/thanglongbeauty.vn\/?post_type=product&#038;p=9079"},"modified":"2026-03-23T10:33:20","modified_gmt":"2026-03-23T10:33:20","slug":"khau-trang-3dmask-ngan-virus-5-mieng","status":"publish","type":"product","link":"https:\/\/thanglongbeauty.vn\/?product=khau-trang-3dmask-ngan-virus-5-mieng","title":{"rendered":"Kh\u1ea9u trang 3DMask ng\u0103n virus 5 mi\u1ebfng"},"content":{"rendered":"<p>GI\u00c1 Kh\u1ea9u Trang Unicharm 3D Mask Virus Block Ng\u0103n Virus: 22900<br \/>\n CH\u01af\u01a0NG TR\u00ccNH KM:<br \/>\n virus L T\u1eb7ng S<br \/>\n Virus S T\u1eb7ng M<br \/>\n Virus M t\u1eb7ng L:<br \/>\n Vureus M t\u1eb7ng M:<\/p>\n<p> Kh\u1ea9u Trang Unicharm 3D Mask Virus Block Ng\u0103n Virus l\u00e0 s\u1ea3n ph\u1ea9m ch\u0103m s\u00f3c s\u1ee9c kh\u1ecfe c\u1ee7a th\u01b0\u01a1ng hi\u1ec7u Unicharm Nh\u1eadt B\u1ea3n, v\u1edbi thi\u1ebft k\u1ebf th\u00f4ng minh, \u0111\u1ed9c \u0111\u00e1o c\u00f9ng nhi\u1ec1u t\u00ednh n\u0103ng v\u01b0\u1ee3t tr\u1ed9i nh\u01b0: thi\u1ebft k\u1ebf 3D \u00f4m v\u1eeba v\u1eb7n khu\u00f4n m\u1eb7t, mang l\u1ea1i c\u1ea3m gi\u00e1c tho\u1ea3i m\u00e1i, d\u1ec5 ch\u1ecbu v\u00e0 kh\u00f4ng g\u00e2y b\u00ed th\u1edf; c\u1ea5u tr\u00fac l\u1ecdc \u0111a l\u1edbp m\u1eadt \u0111\u1ed9 cao c\u00f3 kh\u1ea3 n\u0103ng ng\u0103n kh\u00f3i b\u1ee5i, ph\u1ea5n hoa v\u00e0 99% virus ph\u00e1t t\u00e1n trong kh\u00f4ng kh\u00ed, gi\u00fap mang l\u1ea1i gi\u1ea3i ph\u00e1p b\u1ea3o v\u1ec7 s\u1ee9c kh\u1ecfe cho m\u1ecdi th\u00e0nh vi\u00ean trong gia \u0111\u00ecnh b\u1ea1n.<\/p>\n<p> \u01afu th\u1ebf n\u1ed5i b\u1eadt: Kh\u1ea9u Trang Unicharm 3D Mask Virus Block Ng\u0103n Virus<\/p>\n<p> Thi\u1ebft k\u1ebf 3D th\u00f4ng minh cho ph\u00e9p s\u1ea3n ph\u1ea9m \u00f4m v\u1eeba v\u1eb7n \u0111\u01b0\u1eddng cong khu\u00f4n m\u1eb7t, cho c\u1ea3m gi\u00e1c tho\u1ea3i m\u00e1i, d\u1ec5 ch\u1ecbu, kh\u00f4ng g\u00e2y b\u00ed th\u1edf m\u00e0 v\u1eabn \u0111\u1ea3m b\u1ea3o gi\u1eef nhi\u1ec7t v\u00e0 \u0111\u1ed9 \u1ea9m cho m\u0169i v\u00e0 h\u1ecdng v\u00e0o m\u00f9a \u0111\u00f4ng.<\/p>\n<p> C\u1ea5u tr\u00fac l\u1ecdc \u0111a l\u1edbp ti\u00ean ti\u1ebfn gi\u00fap s\u1ea3n ph\u1ea9m gi\u00fap ng\u0103n kh\u00f3i b\u1ee5i, ph\u1ea5n hoa v\u00e0 99% virus ph\u00e1t t\u00e1n trong kh\u00f4ng kh\u00ed, b\u1ea3o v\u1ec7 s\u1ee9c kh\u1ecfe ng\u01b0\u1eddi s\u1eed d\u1ee5ng.<\/p>\n<p> Quai \u0111eo co gi\u00e3n v\u1edbi ch\u1ea5t li\u1ec7u m\u1ec1m m\u1ea1i, kh\u00f4ng g\u00e2y c\u1ea3m gi\u00e1c \u0111au hay kh\u00f3 ch\u1ecbu trong qu\u00e1 tr\u00ecnh s\u1eed d\u1ee5ng.<\/p>\n<p> Tho\u1ea3i m\u00e1i giao ti\u1ebfp, kh\u00f4ng lem son m\u00f4i: nh\u1edd c\u1ea5u tr\u00fac \u0111\u1eb7c th\u00f9 gi\u00fap cho b\u1ea1n tho\u1ea3i m\u00e1i giao ti\u1ebfp, \u0111\u1ed3ng th\u1eddi gi\u00fap ph\u00e1i \u0111\u1eb9p gi\u1eef son m\u00f4i kh\u00f4ng b\u1ecb phai lem v\u00e0o kh\u1ea9u trang.<\/p>\n<p> M\u00e0u s\u1eafc tinh t\u1ebf: s\u1ea3n ph\u1ea9m ch\u1ec9 c\u00f3 duy nh\u1ea5t 1 m\u00e0u tr\u1eafng, gi\u00fap d\u1ec5 d\u00e0ng nh\u1eadn bi\u1ebft \u0111\u01b0\u1ee3c \u0111\u1ed9 b\u00e1m b\u1ea9n \u0111\u1ec3 thay c\u00e1i m\u1edbi, \u0111\u1ea3m b\u1ea3o v\u1ec7 sinh cho ng\u01b0\u1eddi s\u1eed d\u1ee5ng.<\/p>\n<p> Kh\u1ea9u Trang Unicharm 3D Mask Virus Block Ng\u0103n Virus gi\u00fap ng\u0103n ch\u1eb7n kh\u00f3i b\u1ee5i, ph\u1ea5n hoa v\u00e0 99% virus trong kh\u00f4ng kh\u00ed<\/p>\n<p> Kh\u1ea9u Trang Unicharm 3D Mask Virus Block Ng\u0103n Virus cho c\u1ea3m gi\u00e1c tho\u1ea3i m\u00e1i, d\u1ec5 ch\u1ecbu, kh\u00f4ng g\u00e2y b\u00ed th\u1edf m\u00e0 v\u1eabn \u0111\u1ea3m b\u1ea3o gi\u1eef nhi\u1ec7t v\u00e0 \u0111\u1ed9 \u1ea9m cho m\u0169i v\u00e0 h\u1ecdng v\u00e0o m\u00f9a \u0111\u00f4ng.<\/p>\n<p> Kh\u1ea9u Trang Unicharm 3D Mask Virus Block Ng\u0103n Virus gi\u00fap b\u1ea1n tho\u1ea3i m\u00e1i giao ti\u1ebfp, kh\u00f4ng lem son m\u00f4i<\/p>\n<p> Kh\u1ea9u Trang Unicharm 3D Mask Virus Block Ng\u0103n Virus v\u1edbi ch\u1ea5t li\u1ec7u m\u1ec1m m\u1ea1i, kh\u00f4ng g\u00e2y c\u1ea3m gi\u00e1c \u0111<\/p>\n","protected":false},"excerpt":{"rendered":"<p>GI\u00c1 Kh\u1ea9u Trang Unicharm 3D Mask Virus Block Ng\u0103n Virus: 22900 CH\u01af\u01a0NG TR\u00ccNH KM: virus L T\u1eb7ng S Virus S T\u1eb7ng M Virus M t\u1eb7ng L: Vureus M t\u1eb7ng M: Kh\u1ea9u Trang Unicharm 3D Mask Virus Block Ng\u0103n Virus l\u00e0 s\u1ea3n ph\u1ea9m ch\u0103m s\u00f3c s\u1ee9c kh\u1ecfe c\u1ee7a th\u01b0\u01a1ng hi\u1ec7u Unicharm Nh\u1eadt B\u1ea3n, v\u1edbi thi\u1ebft k\u1ebf&#8230;<\/p>\n","protected":false},"featured_media":7966,"comment_status":"open","ping_status":"closed","template":"","meta":[],"product_brand":[],"product_cat":[15,1393,1394,1396],"product_tag":[222,1778,1777,201,1632,1781,498,1780,202,1633],"class_list":{"0":"post-9079","1":"product","2":"type-product","3":"status-publish","4":"has-post-thumbnail","6":"product_cat-chua-phan-loai","7":"product_cat-cham-soc-suc-khoe","8":"product_cat-khau-trang-y-te","9":"product_cat-khau-trang-nguoi-lon","10":"product_tag-3d-mask","11":"product_tag-inci-mask","12":"product_tag-khau-tran-4-lop","13":"product_tag-khau-trang","14":"product_tag-khau-trang-3d","15":"product_tag-khau-trang-3d-mask","16":"product_tag-khau-trang-5d","17":"product_tag-khau-trang-kf94","18":"product_tag-khau-trang-nguoi-lon","19":"product_tag-khau-trang-y-te","21":"first","22":"onbackorder","23":"sale","24":"shipping-taxable","25":"purchasable","26":"product-type-simple"},"acf":[],"_links":{"self":[{"href":"https:\/\/thanglongbeauty.vn\/index.php?rest_route=\/wp\/v2\/product\/9079","targetHints":{"allow":["GET"]}}],"collection":[{"href":"https:\/\/thanglongbeauty.vn\/index.php?rest_route=\/wp\/v2\/product"}],"about":[{"href":"https:\/\/thanglongbeauty.vn\/index.php?rest_route=\/wp\/v2\/types\/product"}],"replies":[{"embeddable":true,"href":"https:\/\/thanglongbeauty.vn\/index.php?rest_route=%2Fwp%2Fv2%2Fcomments&post=9079"}],"wp:featuredmedia":[{"embeddable":true,"href":"https:\/\/thanglongbeauty.vn\/index.php?rest_route=\/wp\/v2\/media\/7966"}],"wp:attachment":[{"href":"https:\/\/thanglongbeauty.vn\/index.php?rest_route=%2Fwp%2Fv2%2Fmedia&parent=9079"}],"wp:term":[{"taxonomy":"product_brand","embeddable":true,"href":"https:\/\/thanglongbeauty.vn\/index.php?rest_route=%2Fwp%2Fv2%2Fproduct_brand&post=9079"},{"taxonomy":"product_cat","embeddable":true,"href":"https:\/\/thanglongbeauty.vn\/index.php?rest_route=%2Fwp%2Fv2%2Fproduct_cat&post=9079"},{"taxonomy":"product_tag","embeddable":true,"href":"https:\/\/thanglongbeauty.vn\/index.php?rest_route=%2Fwp%2Fv2%2Fproduct_tag&post=9079"}],"curies":[{"name":"wp","href":"https:\/\/api.w.org\/{rel}","templated":true}]}}