{"id":9083,"date":"2025-10-20T04:11:09","date_gmt":"2025-10-20T04:11:09","guid":{"rendered":"https:\/\/thanglongbeauty.vn\/?post_type=product&#038;p=9083"},"modified":"2026-03-23T11:05:28","modified_gmt":"2026-03-23T11:05:28","slug":"khan-uot-tre-em-bobby-khong-huong-32-mieng","status":"publish","type":"product","link":"https:\/\/thanglongbeauty.vn\/?product=khan-uot-tre-em-bobby-khong-huong-32-mieng","title":{"rendered":"Kh\u0103n \u01b0\u1edbt tr\u1ebb em Bobby kh\u00f4ng h\u01b0\u01a1ng 32 mi\u1ebfng"},"content":{"rendered":"<p>Kh\u0103n \u01b0\u1edbt Bobby 100 mi\u1ebfng c\u00f3 m\u00f9i v\u00e0 kh\u00f4ng m\u00f9i<br \/>\n*Ch\u1ea5t li\u1ec7u cao c\u1ea5p, an to\u00e0n<br \/>\n&#8211; Gi\u1ea5y \u01b0\u1edbt tr\u1ebb em Bobby 100 t\u1edd m\u1edf n\u1eafp \u0111\u01b0\u1ee3c l\u00e0m t\u1eeb ch\u1ea5t li\u1ec7u v\u1ea3i kh\u00f4ng d\u1ec7t cao c\u1ea5p v\u00e0 n\u01b0\u1edbc tinh khi\u1ebft, \u0111\u00e3 \u0111\u01b0\u1ee3c ki\u1ec3m nghi\u1ec7m, ki\u1ec3m tra v\u00e0 ch\u1ee9ng nh\u1eadn \u0111\u1ed9 an to\u00e0n. Nh\u1edd \u0111\u00f3 m\u00e0 m\u1ed7i t\u1edd gi\u1ea5y \u01b0\u1edbt \u0111\u1ec1u \u0111\u1ea3m b\u1ea3o \u0111\u01b0\u1ee3c \u0111\u1ed9 m\u1ecbn, dai v\u00e0 m\u1ec1m m\u1ea1i.<br \/>\n&#8211; \u0110\u1eb7c bi\u1ec7t, s\u1ea3n ph\u1ea9m \u1ee9ng d\u1ee5ng c\u00f4ng ngh\u1ec7 Nano Silver v\u1edbi c\u00e1c h\u1ea1t ph\u00e2n t\u1eed Nano B\u1ea1c gi\u00fap tang c\u01b0\u1eddng kh\u1ea3 n\u0103ng ch\u1ed1ng vi khu\u1ea9n, hi\u1ec7u qu\u1ea3 v\u1edbi t\u1ee5 c\u1ea7u khu\u1ea9n v\u00e0ng, \u0111\u1eb7c bi\u1ec7t th\u00edch h\u1ee3p cho l\u00e0n da nh\u1ea1y c\u1ea3m c\u1ee7a b\u00e9.<br \/>\n* C\u00f4ng th\u1ee9c nh\u1eb9 d\u1ecbu t\u1eeb n\u01b0\u1edbc tinh khi\u1ebft<br \/>\n&#8211; Gi\u1ea5y \u01b0\u1edbt Bobby 100 t\u1edd bao g\u1ed3m 100 t\u1edd kh\u0103n gi\u1ea5y c\u00f3 c\u00f4ng th\u1ee9c 99% t\u1eeb n\u01b0\u1edbc tinh khi\u1ebft, \u0111\u1eb7c bi\u1ec7t kh\u00f4ng ch\u1ee9a c\u1ed3n hay b\u1ea5t c\u1ee9 d\u1eabn xu\u1ea5t n\u00e0o t\u1eeb c\u1ed3n, c\u00f3 t\u00e1c d\u1ee5ng gi\u1eef \u1ea9m m\u00e0 kh\u00f4ng l\u00e0m nh\u1eddn da khi lau, kh\u00f4ng g\u00e2y k\u00edch \u1ee9ng da, an to\u00e0n cho l\u00e0n da non n\u1edbt v\u00e0 nh\u1ea1y c\u1ea3m c\u1ee7a b\u00e9.<br \/>\n&#8211; Kh\u0103n \u01b0\u1edbt Bobby kh\u00f4ng m\u00f9i h\u01b0\u01a1ng, ho\u00e0n to\u00e0n d\u1ec5 ch\u1ecbu v\u00e0 tho\u1ea3i m\u00e1i khi s\u1eed d\u1ee5ng.<br \/>\n*Thi\u1ebft k\u1ebf ti\u1ec7n d\u1ee5ng<br \/>\n&#8211; S\u1ea3n ph\u1ea9m \u0111\u01b0\u1ee3c \u0111\u00f3ng g\u00f3i c\u00f3 n\u1eafp m\u1edf r\u1ea5t ti\u1ec7n l\u1ee3i khi s\u1eed d\u1ee5ng, c\u00e1c m\u1eb9 c\u00f3 th\u1ec3 r\u00fat l\u1ea7n l\u01b0\u1ee3t t\u1eebng t\u1edd m\u1ed9t c\u00e1ch nhanh ch\u00f3ng v\u00e0 \u0111\u00f3ng n\u1eafp l\u1ea1i khi kh\u00f4ng s\u1eed d\u1ee5ng gi\u00fap b\u1ea3o qu\u1ea3n kh\u0103n gi\u1ea5y t\u1ed1t nh\u1ea5t, lu\u00f4n an to\u00e0n v\u00e0 \u0111\u1ea3m b\u1ea3o v\u1ec7 sinh.<\/p>\n<p>C\u00d4NG D\u1ee4NG  KH\u0102N \u01af\u1edaT BOBBY 100 MI\u1ebeNG C\u00d3 M\u00d9I V\u00c0 KH\u00d4NG M\u00d9I<br \/>\nGi\u1ea5y \u01b0\u1edbt Bobby \u0111\u01b0\u1ee3c s\u1ea3n xu\u1ea5t ph\u00f9 h\u1ee3p v\u1edbi nhi\u1ec1u m\u1ee5c \u0111\u00edch l\u00e0m s\u1ea1ch kh\u00e1c nhau nh\u01b0:<\/p>\n<p>&#8211; D\u00f9ng cho b\u00e9: Ch\u0103m s\u00f3c v\u00e0 v\u1ec7 sinh da, \u0111\u1eb7c bi\u1ec7t th\u00edch h\u1ee3p khi thay t\u00e3 cho b\u00e9. V\u1edbi gi\u1ea5y \u01b0\u1edbt Bobby b\u1ed1 m\u1eb9 s\u1ebd kh\u00f4ng lo b\u00e9 b\u1ecb h\u0103m t\u00e3 hay r\u00f4m s\u1ea9y.<\/p>\n<p>&#8211; D\u00f9ng cho gia \u0111\u00ecnh: Ph\u00f9 h\u1ee3p v\u1edbi nhi\u1ec1u m\u1ee5c \u0111\u00edch l\u00e0m s\u1ea1ch nh\u01b0 t\u1ea9y trang, lau m\u00f4 h\u00f4i khi du l\u1ecbch hay th\u1ec3 thao&#8230; Gi\u00fap ch\u0103m s\u00f3c c\u00e1c th\u00e0nh vi\u00ean gia \u0111\u00ecnh m\u1ecdi l\u00fac, m\u1ecdi n\u01a1i.<\/p>\n","protected":false},"excerpt":{"rendered":"<p>Kh\u0103n \u01b0\u1edbt Bobby 100 mi\u1ebfng c\u00f3 m\u00f9i v\u00e0 kh\u00f4ng m\u00f9i *Ch\u1ea5t li\u1ec7u cao c\u1ea5p, an to\u00e0n &#8211; Gi\u1ea5y \u01b0\u1edbt tr\u1ebb em Bobby 100 t\u1edd m\u1edf n\u1eafp \u0111\u01b0\u1ee3c l\u00e0m t\u1eeb ch\u1ea5t li\u1ec7u v\u1ea3i kh\u00f4ng d\u1ec7t cao c\u1ea5p v\u00e0 n\u01b0\u1edbc tinh khi\u1ebft, \u0111\u00e3 \u0111\u01b0\u1ee3c ki\u1ec3m nghi\u1ec7m, ki\u1ec3m tra v\u00e0 ch\u1ee9ng nh\u1eadn \u0111\u1ed9 an to\u00e0n. Nh\u1edd \u0111\u00f3 m\u00e0&#8230;<\/p>\n","protected":false},"featured_media":8019,"comment_status":"open","ping_status":"closed","template":"","meta":[],"product_brand":[1506],"product_cat":[15,1444,1393,1401,1699,1392],"product_tag":[516,1615,1617,1616,1620,1618,1619],"class_list":{"0":"post-9083","1":"product","2":"type-product","3":"status-publish","4":"has-post-thumbnail","6":"product_brand-bobby","7":"product_cat-chua-phan-loai","8":"product_cat-bobby","9":"product_cat-cham-soc-suc-khoe","10":"product_cat-khan-uot","11":"product_cat-khan-uot-cho-be","12":"product_cat-me-va-be","13":"product_tag-khan-giay","14":"product_tag-khan-uot","15":"product_tag-khan-uot-bobby","16":"product_tag-khan-uot-cho-be","17":"product_tag-khan-uot-khong-con","18":"product_tag-khan-uot-khong-mui","19":"product_tag-khan-uot-mini","21":"first","22":"outofstock","23":"sale","24":"shipping-taxable","25":"purchasable","26":"product-type-simple"},"acf":[],"_links":{"self":[{"href":"https:\/\/thanglongbeauty.vn\/index.php?rest_route=\/wp\/v2\/product\/9083","targetHints":{"allow":["GET"]}}],"collection":[{"href":"https:\/\/thanglongbeauty.vn\/index.php?rest_route=\/wp\/v2\/product"}],"about":[{"href":"https:\/\/thanglongbeauty.vn\/index.php?rest_route=\/wp\/v2\/types\/product"}],"replies":[{"embeddable":true,"href":"https:\/\/thanglongbeauty.vn\/index.php?rest_route=%2Fwp%2Fv2%2Fcomments&post=9083"}],"wp:featuredmedia":[{"embeddable":true,"href":"https:\/\/thanglongbeauty.vn\/index.php?rest_route=\/wp\/v2\/media\/8019"}],"wp:attachment":[{"href":"https:\/\/thanglongbeauty.vn\/index.php?rest_route=%2Fwp%2Fv2%2Fmedia&parent=9083"}],"wp:term":[{"taxonomy":"product_brand","embeddable":true,"href":"https:\/\/thanglongbeauty.vn\/index.php?rest_route=%2Fwp%2Fv2%2Fproduct_brand&post=9083"},{"taxonomy":"product_cat","embeddable":true,"href":"https:\/\/thanglongbeauty.vn\/index.php?rest_route=%2Fwp%2Fv2%2Fproduct_cat&post=9083"},{"taxonomy":"product_tag","embeddable":true,"href":"https:\/\/thanglongbeauty.vn\/index.php?rest_route=%2Fwp%2Fv2%2Fproduct_tag&post=9083"}],"curies":[{"name":"wp","href":"https:\/\/api.w.org\/{rel}","templated":true}]}}