{"id":9093,"date":"2025-10-20T04:11:12","date_gmt":"2025-10-20T04:11:12","guid":{"rendered":"https:\/\/thanglongbeauty.vn\/san-pham\/khan-uot-huggies-64-mieng\/"},"modified":"2026-01-13T11:05:01","modified_gmt":"2026-01-13T11:05:01","slug":"khan-uot-huggies-64-mieng","status":"publish","type":"product","link":"https:\/\/thanglongbeauty.vn\/?product=khan-uot-huggies-64-mieng","title":{"rendered":"KH\u0102N \u01af\u01a0T HUGGIES 64 mi\u1ebfng"},"content":{"rendered":"<p>Kh\u0103n \u01b0\u1edbt em b\u00e9 Huggies v\u1edbi th\u00e0nh ph\u1ea7n t\u1ef1 nhi\u00ean, an to\u00e0n v\u00e0 l\u00e0nh t\u00ednh cho da c\u1ee7a b\u00e9. Kh\u0103n \u01b0\u1edbt m\u1ec1m m\u1ea1i, kh\u00f4ng x\u01a1, kh\u00f4ng l\u00e0m nh\u1edbt da khi lau. Kh\u0103n \u01b0\u1edbt em b\u00e9 Huggies Gold g\u00f3i 64 mi\u1ebfng lau s\u1ea1ch nh\u1eb9 nh\u00e0ng, an to\u00e0n cho da b\u00e9 y\u00eau<br \/>\nTh\u01b0\u01a1ng hi\u1ec7u Huggies<br \/>\nTh\u00e0nh ph\u1ea7n Aqua, Phenoxyethanol, Anodimethicone, Caprylyl Glycol, Cocamidopropyl Betaine, Malic Acid, Sodium Citrate, Aloe Barbadensis Leaf Extract, Tocopheryl Acetate<br \/>\nC\u00f4ng d\u1ee5ng Ch\u0103m s\u00f3c v\u1ec7 sinh da, gi\u1eef \u1ea9m, l\u00e0m m\u1ec1m m\u1ecbn da<br \/>\n\u0110\u1eb7c t\u00ednh s\u1ea3n ph\u1ea9m Ch\u0103m s\u00f3c v\u1ec7 sinh da, gi\u1eef \u1ea9m, l\u00e0m m\u1ec1m m\u1ecbn da<br \/>\nS\u1ed1 l\u01b0\u1ee3ng 64 mi\u1ebfng<br \/>\nL\u01b0u \u00fd Kh\u00f4ng b\u1ecf v\u00e0o b\u1ed3n c\u1ea7u. \u0110\u1ec3 xa t\u1ea7m tay tr\u1ebb em<br \/>\nB\u1ea3o qu\u1ea3n B\u1ea3o qu\u1ea3n n\u01a1i kh\u00f4 m\u00e1t, tr\u00e1nh \u00e1nh n\u1eafng tr\u1ef1c ti\u1ebfp v\u00e0 n\u01a1i c\u00f3 nhi\u1ec7t \u0111\u1ed9 cao<br \/>\nH\u01b0\u1edbng d\u1eabn s\u1eed d\u1ee5ng<br \/>\nM\u1edf n\u1eafp tr\u00ean m\u1eb7t, r\u00fat kh\u0103n c\u1ea7n s\u1eed d\u1ee5ng.<\/p>\n<p>Sau khi s\u1eed d\u1ee5ng, \u0111\u1eady n\u1eafp l\u1ea1i v\u1ecb tr\u00ed c\u0169, \u0111\u1ec3 gi\u1eef \u1ea9m v\u00e0 tr\u00e1nh khu\u1ea9n.<\/p>\n<p>D\u00f9ng m\u1ed9t l\u1ea7n<\/p>\n","protected":false},"excerpt":{"rendered":"<p>Kh\u0103n \u01b0\u1edbt em b\u00e9 Huggies v\u1edbi th\u00e0nh ph\u1ea7n t\u1ef1 nhi\u00ean, an to\u00e0n v\u00e0 l\u00e0nh t\u00ednh cho da c\u1ee7a b\u00e9. Kh\u0103n \u01b0\u1edbt m\u1ec1m m\u1ea1i, kh\u00f4ng x\u01a1, kh\u00f4ng l\u00e0m nh\u1edbt da khi lau. Kh\u0103n \u01b0\u1edbt em b\u00e9 Huggies Gold g\u00f3i 64 mi\u1ebfng lau s\u1ea1ch nh\u1eb9 nh\u00e0ng, an to\u00e0n cho da b\u00e9 y\u00eau Th\u01b0\u01a1ng hi\u1ec7u Huggies Th\u00e0nh ph\u1ea7n&#8230;<\/p>\n","protected":false},"featured_media":8008,"comment_status":"open","ping_status":"closed","template":"","meta":[],"product_brand":[1515],"product_cat":[15,1393,1445,1401,1699,1392],"product_tag":[516,1615,1617,1616,1620,1618,1619],"class_list":{"0":"post-9093","1":"product","2":"type-product","3":"status-publish","4":"has-post-thumbnail","6":"product_brand-huggies","7":"product_cat-chua-phan-loai","8":"product_cat-cham-soc-suc-khoe","9":"product_cat-huggies","10":"product_cat-khan-uot","11":"product_cat-khan-uot-cho-be","12":"product_cat-me-va-be","13":"product_tag-khan-giay","14":"product_tag-khan-uot","15":"product_tag-khan-uot-bobby","16":"product_tag-khan-uot-cho-be","17":"product_tag-khan-uot-khong-con","18":"product_tag-khan-uot-khong-mui","19":"product_tag-khan-uot-mini","21":"first","22":"onbackorder","23":"sale","24":"shipping-taxable","25":"purchasable","26":"product-type-simple"},"acf":[],"_links":{"self":[{"href":"https:\/\/thanglongbeauty.vn\/index.php?rest_route=\/wp\/v2\/product\/9093","targetHints":{"allow":["GET"]}}],"collection":[{"href":"https:\/\/thanglongbeauty.vn\/index.php?rest_route=\/wp\/v2\/product"}],"about":[{"href":"https:\/\/thanglongbeauty.vn\/index.php?rest_route=\/wp\/v2\/types\/product"}],"replies":[{"embeddable":true,"href":"https:\/\/thanglongbeauty.vn\/index.php?rest_route=%2Fwp%2Fv2%2Fcomments&post=9093"}],"wp:featuredmedia":[{"embeddable":true,"href":"https:\/\/thanglongbeauty.vn\/index.php?rest_route=\/wp\/v2\/media\/8008"}],"wp:attachment":[{"href":"https:\/\/thanglongbeauty.vn\/index.php?rest_route=%2Fwp%2Fv2%2Fmedia&parent=9093"}],"wp:term":[{"taxonomy":"product_brand","embeddable":true,"href":"https:\/\/thanglongbeauty.vn\/index.php?rest_route=%2Fwp%2Fv2%2Fproduct_brand&post=9093"},{"taxonomy":"product_cat","embeddable":true,"href":"https:\/\/thanglongbeauty.vn\/index.php?rest_route=%2Fwp%2Fv2%2Fproduct_cat&post=9093"},{"taxonomy":"product_tag","embeddable":true,"href":"https:\/\/thanglongbeauty.vn\/index.php?rest_route=%2Fwp%2Fv2%2Fproduct_tag&post=9093"}],"curies":[{"name":"wp","href":"https:\/\/api.w.org\/{rel}","templated":true}]}}