{"id":9111,"date":"2025-10-20T04:11:18","date_gmt":"2025-10-20T04:11:18","guid":{"rendered":"https:\/\/thanglongbeauty.vn\/san-pham\/sua-rua-mat-senka-perfect-whip-vit-c-120g\/"},"modified":"2025-10-28T07:35:27","modified_gmt":"2025-10-28T07:35:27","slug":"sua-rua-mat-senka-perfect-whip-vit-c-120g","status":"publish","type":"product","link":"https:\/\/thanglongbeauty.vn\/?product=sua-rua-mat-senka-perfect-whip-vit-c-120g","title":{"rendered":"S\u1eefa R\u1eeda M\u1eb7t Senka Perfect Whip Vit C 120g"},"content":{"rendered":"<p>S\u1eefa R\u1eeda M\u1eb7t Senka D\u01b0\u1ee1ng S\u00e1ng M\u1edd Th\u00e2m Perfect Whip Vit C 100gS\u1eefa r\u1eeda m\u1eb7t t\u1ea1o b\u1ecdt Senka Perfect Whip Vit C Poreless Glow m\u1edbi\u00a0t\u1eeb\u00a0th\u01b0\u01a1ng hi\u1ec7u Senka Nh\u1eadt B\u1ea3n\u00a0ch\u1ee9a th\u00e0nh ph\u1ea7n BHA gi\u00fap thu nh\u1ecf l\u1ed7 ch\u00e2n l\u00f4ng v\u00e0 lo\u1ea1i b\u1ecf 7 l\u1edbp t\u1ea1p ch\u1ea5t khi\u1ebfn da x\u1ec9n m\u00e0u: b\u1ee5i b\u1ea9n, b\u1ee5i m\u1ecbn, b\u00e3 nh\u1eddn, t\u1ebf b\u00e0o da ch\u1ebft, m\u1ee5n \u0111\u1ea7u \u0111en, kem ch\u1ed1ng n\u1eafng v\u00e0 k\u1ec3 c\u1ea3 c\u1eb7n trang \u0111i\u1ec3m, cho l\u00e0n da s\u1ea1ch tho\u00e1ng &#038; m\u1ecbn m\u00e0ng.<br \/>\nLo\u1ea1i da ph\u00f9 h\u1ee3p:<br \/>\nS\u1ea3n ph\u1ea9m ph\u00f9 h\u1ee3p cho m\u1ecdi lo\u1ea1i da.<br \/>\nGi\u1ea3i ph\u00e1p cho t\u00ecnh tr\u1ea1ng da:<br \/>\nDa s\u1ea1m &#038; x\u1ec9n m\u00e0u, da kh\u00f4ng \u0111\u1ec1u m\u00e0u.<br \/>\nDa d\u1ea7u nh\u1eddn, l\u1ed7 ch\u00e2n l\u00f4ng to.<br \/>\nDa thi\u1ebfu \u1ea9m &#8211; thi\u1ebfu n\u01b0\u1edbc.<br \/>\n\u01afu th\u1ebf n\u1ed5i b\u1eadt:<br \/>\nS\u1eefa r\u1eeda m\u1eb7t\u00a0t\u1ea1o b\u1ecdt ch\u1ee9a th\u00e0nh ph\u1ea7n\u00a0BHA\u00a0gi\u00fap l\u00e0m s\u1ea1ch s\u00e2u v\u00e0 h\u1ed7 tr\u1ee3 thu nh\u1ecf l\u1ed7 ch\u00e2n l\u00f4ng.<br \/>\nChi\u1ebft xu\u1ea5t t\u1eeb qu\u1ea3 Yuzu Nh\u1eadt\u00a0ch\u1ee9a g\u1ea5p \u0111\u00f4i h\u00e0m l\u01b0\u1ee3ng vitamin C &#038; ch\u1ea5t ch\u1ed1ng oxy h\u00f3a gi\u00fap da s\u00e1ng m\u1ecbn, m\u1edd th\u00e2m &#038; \u0111\u1eb9p r\u1ea1ng r\u1ee1.<br \/>\nChi\u1ebft xu\u1ea5t T\u01a1 T\u1eb1m Tr\u1eafng thi\u00ean nhi\u00ean &#038; Hyaluronic Acid\u00a0d\u01b0\u1ee1ng \u1ea9m &#038; \u0111\u00e0n h\u1ed3i.<\/p>\n<p>Th\u00e0nh ph\u1ea7n ch\u00ednh:<br \/>\nBHA:\u00a0gi\u00fap l\u00e0m s\u1ea1ch s\u00e2u, h\u1ed7 tr\u1ee3 thu nh\u1ecf l\u1ed7 ch\u00e2n l\u00f4ng.<br \/>\nChi\u1ebft xu\u1ea5t t\u1eeb qu\u1ea3 Yuzu Nh\u1eadt:\u00a0ch\u1ee9a g\u1ea5p \u0111\u00f4i h\u00e0m l\u01b0\u1ee3ng vitamin C &#038; ch\u1ea5t ch\u1ed1ng oxy h\u00f3a gi\u00fap da tr\u1eafng s\u00e1ng, m\u1edd th\u00e2m &#038; \u0111\u1eb9p r\u1ea1ng r\u1ee1.<br \/>\nChi\u1ebft xu\u1ea5t T\u01a1 T\u1eb1m Tr\u1eafng thi\u00ean nhi\u00ean &#038; Hyaluronic Acid:\u00a0d\u01b0\u1ee1ng \u1ea9m &#038; \u0111\u00e0n h\u1ed3i.<br \/>\nH\u01b0\u1edbng d\u1eabn s\u1eed d\u1ee5ng<br \/>\nL\u00e0m \u01b0\u1edbt tay.<br \/>\nL\u1ea5y m\u1ed9t l\u01b0\u1ee3ng v\u1eeba \u0111\u1ee7 (kho\u1ea3ng 2-3cm) ra l\u00f2ng b\u00e0n tay. T\u1ea1o th\u1eadt nhi\u1ec1u b\u1ecdt v\u1edbi m\u1ed9t \u00edt n\u01b0\u1edbc.<br \/>\nM\u00e1t-xa m\u1eb7t v\u1edbi b\u1ecdt theo chuy\u1ec3n \u0111\u1ed9ng tr\u00f2n.<br \/>\nR\u1eeda l\u1ea1i th\u1eadt s\u1ea1ch v\u1edbi n\u01b0\u1edbc.<br \/>\nL\u01b0u \u00fd:<br \/>\nTrong tr\u01b0\u1eddng h\u1ee3p ti\u1ebfp x\u00fac v\u1edbi m\u1eaft, ngay l\u1eadp t\u1ee9c r\u1eeda l\u1ea1i v\u1edbi n\u01b0\u1edbc.<br \/>\nKh\u00f4ng s\u1eed d\u1ee5ng cho v\u00f9ng da b\u1ecb t\u1ed5n th\u01b0\u01a1ng.<br \/>\nNg\u01b0ng s\u1eed d\u1ee5ng ngay khi c\u00f3 bi\u1ec3u hi\u1ec7n k\u00edch \u1ee9ng v\u00e0 h\u1ecfi \u00fd ki\u1ebfn b\u00e1c s\u0129.<br \/>\n\u0110\u1eb7t xa t\u1ea7m tay tr\u1ebb em.<br \/>\nTr\u00e1nh n\u01a1i c\u00f3 nhi\u1ec7t \u0111\u1ed9 cao ho\u1eb7c ti\u1ebfp x\u00fac tr\u1ef1c ti\u1ebfp v\u1edbi \u00e1nh n\u1eafng m\u1eb7t tr\u1eddi.<\/p>\n<p>\u0110\u1ed9 an to\u00e0n:<br \/>\nKh\u00f4ng c\u1ed3n \u2013 Kh\u00f4ng d\u1ea7u \u2013 Kh\u00f4ng paraben &#8211; Kh\u00f4ng ch\u1ee9a c\u00e1c th\u00e0nh ph\u1ea7n g\u00e2y b\u00edt t\u1eafc l\u1ed7 ch\u00e2n l\u00f4ng.<br \/>\nD\u1ecbu nh\u1eb9 cho da.<br \/>\n\u0110\u00e3 \u0111\u01b0\u1ee3c ki\u1ec3m nghi\u1ec7m da li\u1ec5u.<br \/>\nB\u1ea3o qu\u1ea3n:<br \/>\nB\u1ea3o qu\u1ea3n n\u01a1i kh\u00f4 r\u00e1o, tho\u00e1ng m\u00e1t, tr\u00e1nh \u00e1nh n\u1eafng tr\u1ef1c ti\u1ebfp ho\u1eb7c n\u01a1i c\u00f3 nhi\u1ec7t \u0111\u1ed9 cao \/ \u1ea9m \u01b0\u1edbt.<br \/>\nTr\u00e1nh xa t\u1ea7m tay tr\u1ebb em.<br \/>\n\u0110<\/p>\n","protected":false},"excerpt":{"rendered":"<p>S\u1eefa R\u1eeda M\u1eb7t Senka D\u01b0\u1ee1ng S\u00e1ng M\u1edd Th\u00e2m Perfect Whip Vit C 100gS\u1eefa r\u1eeda m\u1eb7t t\u1ea1o b\u1ecdt Senka Perfect Whip Vit C Poreless Glow m\u1edbi\u00a0t\u1eeb\u00a0th\u01b0\u01a1ng hi\u1ec7u Senka Nh\u1eadt B\u1ea3n\u00a0ch\u1ee9a th\u00e0nh ph\u1ea7n BHA gi\u00fap thu nh\u1ecf l\u1ed7 ch\u00e2n l\u00f4ng v\u00e0 lo\u1ea1i b\u1ecf 7 l\u1edbp t\u1ea1p ch\u1ea5t khi\u1ebfn da x\u1ec9n m\u00e0u: b\u1ee5i b\u1ea9n, b\u1ee5i m\u1ecbn, b\u00e3 nh\u1eddn,&#8230;<\/p>\n","protected":false},"featured_media":8113,"comment_status":"open","ping_status":"closed","template":"","meta":[],"product_brand":[1512],"product_cat":[15,1398,1488,1458],"product_tag":[397,1710,443,1711,444,401,1712,1709],"class_list":{"0":"post-9111","1":"product","2":"type-product","3":"status-publish","4":"has-post-thumbnail","6":"product_brand-senka","7":"product_cat-chua-phan-loai","8":"product_cat-cham-soc-da","9":"product_cat-cham-soc-mat","10":"product_cat-gel-sua-rua-mat","11":"product_tag-gel-rua-mat","12":"product_tag-rua-mat-diu-nhe","13":"product_tag-senka","14":"product_tag-senka-perfect","15":"product_tag-senka-perfect-whip","16":"product_tag-sua-rua-mat","17":"product_tag-sua-rua-mat-senka-perfect-whip","18":"product_tag-sua-rua-mat-tri-mun","20":"first","21":"instock","22":"sale","23":"shipping-taxable","24":"purchasable","25":"product-type-simple"},"acf":[],"_links":{"self":[{"href":"https:\/\/thanglongbeauty.vn\/index.php?rest_route=\/wp\/v2\/product\/9111","targetHints":{"allow":["GET"]}}],"collection":[{"href":"https:\/\/thanglongbeauty.vn\/index.php?rest_route=\/wp\/v2\/product"}],"about":[{"href":"https:\/\/thanglongbeauty.vn\/index.php?rest_route=\/wp\/v2\/types\/product"}],"replies":[{"embeddable":true,"href":"https:\/\/thanglongbeauty.vn\/index.php?rest_route=%2Fwp%2Fv2%2Fcomments&post=9111"}],"wp:featuredmedia":[{"embeddable":true,"href":"https:\/\/thanglongbeauty.vn\/index.php?rest_route=\/wp\/v2\/media\/8113"}],"wp:attachment":[{"href":"https:\/\/thanglongbeauty.vn\/index.php?rest_route=%2Fwp%2Fv2%2Fmedia&parent=9111"}],"wp:term":[{"taxonomy":"product_brand","embeddable":true,"href":"https:\/\/thanglongbeauty.vn\/index.php?rest_route=%2Fwp%2Fv2%2Fproduct_brand&post=9111"},{"taxonomy":"product_cat","embeddable":true,"href":"https:\/\/thanglongbeauty.vn\/index.php?rest_route=%2Fwp%2Fv2%2Fproduct_cat&post=9111"},{"taxonomy":"product_tag","embeddable":true,"href":"https:\/\/thanglongbeauty.vn\/index.php?rest_route=%2Fwp%2Fv2%2Fproduct_tag&post=9111"}],"curies":[{"name":"wp","href":"https:\/\/api.w.org\/{rel}","templated":true}]}}