{"id":9115,"date":"2025-10-20T04:11:19","date_gmt":"2025-10-20T04:11:19","guid":{"rendered":"https:\/\/thanglongbeauty.vn\/san-pham\/sua-rua-mat-senka-perfect-whip-xanh-duong-120g\/"},"modified":"2025-10-28T07:35:27","modified_gmt":"2025-10-28T07:35:27","slug":"sua-rua-mat-senka-perfect-whip-xanh-duong-120g","status":"publish","type":"product","link":"https:\/\/thanglongbeauty.vn\/?product=sua-rua-mat-senka-perfect-whip-xanh-duong-120g","title":{"rendered":"S\u1eefa r\u1eeda m\u1eb7t Senka Perfect Whip xanh d\u01b0\u01a1ng 120g"},"content":{"rendered":"<p>T\u00e1c d\u1ee5ng c\u1ee7a s\u1eefa r\u1eeda m\u1eb7t Senka Perfect Whip xanh d\u01b0\u01a1ng t\u1ea1o b\u1ecdt t\u01a1 t\u1eb1m<br \/>\nS\u1ea3n ph\u1ea9m \u0111\u01b0\u1ee3c \u1ee9ng d\u1ee5ng c\u00f4ng ngh\u1ec7 gi\u1eef \u1ea9m \u0111\u1ed9c quy\u1ec1n \u201cAqua in Pool\u201d c\u1ee7a t\u1eadp \u0111o\u00e0n Shiseido, gi\u00fap\u00a0l\u00e0m s\u1ea1ch s\u00e2u l\u1ed7 ch\u00e2n l\u00f4ng, t\u1ea9y s\u1ea1ch b\u1ee5i b\u1ea9n v\u00e0 b\u00e3 nh\u1eddn \u0111\u1ed3ng th\u1eddi c\u1ea5p \u1ea9m cho da, gi\u00fap da lu\u00f4n m\u1ec1m m\u1ea1i t\u1ef1 nhi\u00ean.<br \/>\nTh\u00e0nh ph\u1ea7n k\u00e9n t\u01a1 t\u1eb1m c\u00f3 ch\u1ee9aprotein\u00a0v\u00e0 sericin\u00a0gi\u00fap\u00a0t\u1ea1o n\u00ean m\u1ed9t l\u1edbp m\u00e0ng b\u1ea3o v\u1ec7 cho da, ng\u0103n ng\u1eeba s\u1ef1 t\u00e1c \u0111\u1ed9ng c\u1ee7a y\u1ebfu t\u1ed1 b\u00ean ngo\u00e0i,gi\u00fap da lu\u00f4n ch\u1eafc kh\u1ecfe m\u1ecbn m\u00e0ng. K\u1ebft h\u1ee3p v\u1edbi\u00a0stearic acid, myristic acid v\u00e0 lauric acid, s\u1ea3n ph\u1ea9m gi\u00fap\u00a0kh\u00e1ng khu\u1ea9n, kh\u00e1ng vi\u00eam, l\u00e0m d\u1ecbu da v\u00e0 \u0111i\u1ec1u tr\u1ecb, ng\u0103n ng\u1eeba m\u1ee5n, mang \u0111\u1ebfn cho b\u1ea1n\u00a0m\u1ed9t l\u00e0n da t\u01b0\u01a1i s\u00e1ng m\u1ecbn m\u00e0ng.<br \/>\n\u01afu \u0111i\u1ec3m, nh\u01b0\u1ee3c \u0111i\u1ec3m c\u1ee7a s\u1eefa r\u1eeda m\u1eb7t Senka Perfect Whip<br \/>\n\u01afu \u0111i\u1ec3m<br \/>\nS\u1ea3n ph\u1ea9m c\u00f3\u00a0bao b\u00ec \u0111\u00f3ng g\u00f3i ti\u1ec7n l\u1ee3i\u00a0d\u1ec5 s\u1eed d\u1ee5ng.Gi\u00e1 th\u00e0nh h\u1ee3p l\u00fd\u00a0d\u1ec5 d\u00e0ng ti\u1ebfp c\u1eadn \u0111\u1ed1i v\u1edbi nhi\u1ec1u nh\u00f3m \u0111\u1ed1i t\u01b0\u1ee3ng kh\u00e1ch h\u00e0ng.S\u1ea3n ph\u1ea9m c\u00f3\u00a0ch\u1ee9a c\u00e1c th\u00e0nh ph\u1ea7n t\u1ef1 nhi\u00ean\u00a0qu\u00fd gi\u00e1 nh\u01b0 k\u00e9n t\u01a1 t\u1eb1m gi\u00fap \u0111em l\u1ea1i hi\u1ec7u qu\u1ea3 ch\u0103m s\u00f3c da m\u1eb7t t\u1ed1i \u01b0u.B\u00ean c\u1ea1nh c\u00e1c th\u00e0nh ph\u1ea7n r\u1eeda s\u1ea1ch s\u00e2u d\u1ecbu nh\u1eb9 s\u1ea3n ph\u1ea9m c\u00f3\u00a0b\u1ed5 sung nhi\u1ec1u th\u00e0nh ph\u1ea7n d\u01b0\u1ee1ng \u1ea9m\u00a0gi\u00fap da m\u1ec1m m\u1ecbn sau khi r\u1eeda v\u00e0 h\u1ea1n ch\u1ebf d\u1ea7u nh\u1eddn quay tr\u1edf l\u1ea1i.Gi\u00fap\u00a0t\u1ea9y t\u1ebf b\u00e0o ch\u1ebft nh\u1eb9 nh\u00e0ng, ng\u0103n ng\u1eeba m\u1ee5n tr\u1ee9ng c\u00e1, m\u1ee5n \u0111\u1ea7u \u0111en.S\u1ea3n ph\u1ea9m\u00a0c\u00f3 kh\u1ea3 n\u0103ng t\u1ea1o b\u1ecdt c\u1ef1c k\u1ef3 t\u1ed1t\u00a0d\u00e0nh cho nh\u1eefng ai mu\u1ed1n c\u1ea3m gi\u00e1c t\u1ea1o b\u1ecdt c\u1ee7a s\u1eefa r\u1eeda m\u1eb7t.S\u1ea3n ph\u1ea9m l\u00e0nh t\u00ednh\u00a0kh\u00f4ng ch\u1ee9a\u00a0c\u1ed3n\u00a0hay\u00a0paraben.\u01afu \u0111i\u1ec3m c\u1ee7a s\u1eefa r\u1eeda m\u1eb7t Senka Perfect Whip<br \/>\nNh\u01b0\u1ee3c \u0111i\u1ec3m<br \/>\n\u0110\u1ed9 pH cao kho\u1ea3ng 7\u00a0trong khi da c\u1ea7n t\u1eeb 5-5.5. Tuy nhi\u00ean s\u1ea3n ph\u1ea9m c\u00f3 b\u1ed5 sung m\u1ed9t s\u1ed1 th\u00e0nh ph\u1ea7n d\u01b0\u1ee1ng \u1ea9m, c\u0169ng nh\u01b0 b\u1ea1n c\u00f3 th\u1ec3 kh\u1eafc ph\u1ee5c h\u1ea1n ch\u1ebf n\u00e0y b\u1eb1ng c\u00e1ch s\u1eed d\u1ee5ng toner sau khi r\u1eeda m\u1eb7t.M\u1ed9t s\u1ed1 th\u00e0nh ph\u1ea7n t\u1ef1 nhi\u00ean trong s\u1ea3n ph\u1ea9m\u00a0c\u00f3 th\u1ec3 g\u00e2y k\u00edch \u1ee9ng.Ch\u1ec9 c\u00f3 c\u00f4ng d\u1ee5ng l\u00e0m s\u1ea1ch v\u00e0 d\u01b0\u1ee1ng \u1ea9m nh\u1eb9 nh\u00e0ng,\u00a0kh\u00f4ng c\u00f3 nhi\u1ec1u c\u00f4ng d\u1ee5ng kh\u00e1c v\u1edbi l\u00e0n da.<br \/>\n3H\u01b0\u1edbng d\u1eabn s\u1eed d\u1ee5ng s\u1eefa r\u1eeda m\u1eb7t Senka Perfect Whip<br \/>\nH\u01b0\u1edbng d\u1eabn s\u1eed d\u1ee5ng<br \/>\nB\u01b0\u1edbc 1T\u1ea9y trang\u00a0th\u1eadt s\u1ea1ch\u00a0sau \u0111\u00f3 d\u00f9ng n\u01b0\u1edbc\u00a0l\u00e0m \u01b0\u1edbt m\u1eb7t.<br \/>\nB\u01b0\u1edbc 2Cho s\u1ea3n ph\u1ea9m ra tay\u00a0v\u00e0\u00a0xoa \u0111\u1ec1u\u00a0\u0111\u1ebfn khi s\u1ea3n ph\u1ea9m\u00a0t\u1ea1o b\u1ecdt\u00a0ho\u00e0n to\u00e0n tr\u00ean tay.<br \/>\nB\u01b0\u1edbc 3Thoa \u0111\u1ec1u s\u1ea3n ph\u1ea9m l\u00ean m\u1eb7t v\u00e0 massage\u00a0nh\u1eb9 nh\u00e0ng, t\u1eadp trung nhi\u1ec1u v\u00e0o c\u00e1c v\u00f9ng nh<\/p>\n","protected":false},"excerpt":{"rendered":"<p>T\u00e1c d\u1ee5ng c\u1ee7a s\u1eefa r\u1eeda m\u1eb7t Senka Perfect Whip xanh d\u01b0\u01a1ng t\u1ea1o b\u1ecdt t\u01a1 t\u1eb1m S\u1ea3n ph\u1ea9m \u0111\u01b0\u1ee3c \u1ee9ng d\u1ee5ng c\u00f4ng ngh\u1ec7 gi\u1eef \u1ea9m \u0111\u1ed9c quy\u1ec1n \u201cAqua in Pool\u201d c\u1ee7a t\u1eadp \u0111o\u00e0n Shiseido, gi\u00fap\u00a0l\u00e0m s\u1ea1ch s\u00e2u l\u1ed7 ch\u00e2n l\u00f4ng, t\u1ea9y s\u1ea1ch b\u1ee5i b\u1ea9n v\u00e0 b\u00e3 nh\u1eddn \u0111\u1ed3ng th\u1eddi c\u1ea5p \u1ea9m cho da, gi\u00fap da lu\u00f4n&#8230;<\/p>\n","protected":false},"featured_media":8148,"comment_status":"open","ping_status":"closed","template":"","meta":[],"product_brand":[1512],"product_cat":[15,1398,1488,1458],"product_tag":[397,1710,443,1711,444,401,1712,1709],"class_list":{"0":"post-9115","1":"product","2":"type-product","3":"status-publish","4":"has-post-thumbnail","6":"product_brand-senka","7":"product_cat-chua-phan-loai","8":"product_cat-cham-soc-da","9":"product_cat-cham-soc-mat","10":"product_cat-gel-sua-rua-mat","11":"product_tag-gel-rua-mat","12":"product_tag-rua-mat-diu-nhe","13":"product_tag-senka","14":"product_tag-senka-perfect","15":"product_tag-senka-perfect-whip","16":"product_tag-sua-rua-mat","17":"product_tag-sua-rua-mat-senka-perfect-whip","18":"product_tag-sua-rua-mat-tri-mun","20":"first","21":"onbackorder","22":"sale","23":"shipping-taxable","24":"purchasable","25":"product-type-simple"},"acf":[],"_links":{"self":[{"href":"https:\/\/thanglongbeauty.vn\/index.php?rest_route=\/wp\/v2\/product\/9115","targetHints":{"allow":["GET"]}}],"collection":[{"href":"https:\/\/thanglongbeauty.vn\/index.php?rest_route=\/wp\/v2\/product"}],"about":[{"href":"https:\/\/thanglongbeauty.vn\/index.php?rest_route=\/wp\/v2\/types\/product"}],"replies":[{"embeddable":true,"href":"https:\/\/thanglongbeauty.vn\/index.php?rest_route=%2Fwp%2Fv2%2Fcomments&post=9115"}],"wp:featuredmedia":[{"embeddable":true,"href":"https:\/\/thanglongbeauty.vn\/index.php?rest_route=\/wp\/v2\/media\/8148"}],"wp:attachment":[{"href":"https:\/\/thanglongbeauty.vn\/index.php?rest_route=%2Fwp%2Fv2%2Fmedia&parent=9115"}],"wp:term":[{"taxonomy":"product_brand","embeddable":true,"href":"https:\/\/thanglongbeauty.vn\/index.php?rest_route=%2Fwp%2Fv2%2Fproduct_brand&post=9115"},{"taxonomy":"product_cat","embeddable":true,"href":"https:\/\/thanglongbeauty.vn\/index.php?rest_route=%2Fwp%2Fv2%2Fproduct_cat&post=9115"},{"taxonomy":"product_tag","embeddable":true,"href":"https:\/\/thanglongbeauty.vn\/index.php?rest_route=%2Fwp%2Fv2%2Fproduct_tag&post=9115"}],"curies":[{"name":"wp","href":"https:\/\/api.w.org\/{rel}","templated":true}]}}