{"id":9126,"date":"2025-10-20T04:11:24","date_gmt":"2025-10-20T04:11:24","guid":{"rendered":"https:\/\/thanglongbeauty.vn\/?post_type=product&#038;p=9126"},"modified":"2025-10-28T08:40:11","modified_gmt":"2025-10-28T08:40:11","slug":"bong-tay-trang-tetra-medical-phap-500m","status":"publish","type":"product","link":"https:\/\/thanglongbeauty.vn\/?product=bong-tay-trang-tetra-medical-phap-500m","title":{"rendered":"B\u00f4ng t\u1ea9y trang Tetra Medical Ph\u00e1p 500M"},"content":{"rendered":"<p>B\u00f4ng t\u1ea9y trang Tetra 500 mi\u1ebfng &#8211; Ph\u00e1p<\/p>\n<p>B\u00f4ng \u0111\u01b0\u1ee3c s\u1ea3n xu\u1ea5t v\u1edbi c\u00f4ng ngh\u1ec7 hi\u1ec7n \u0111\u1ea1i t\u1eeb Ph\u00e1p t\u1ea1o th\u00e0nh nh\u1eefng mi\u1ebfng b\u00f4ng m\u1ec1m m\u1ecbn ch\u1ea5t l\u01b0\u1ee3ng. Th\u00e0nh ph\u1ea7n ho\u00e0n to\u00e0n t\u1eeb Cotton t\u1ef1 nhi\u00ean, kh\u00f4ng ho\u00e1 ch\u1ea5t, kh\u00f4ng g\u00e2y k\u00edch \u1ee9ng da. <\/p>\n<p>Th\u00f4ng tin b\u00f4ng t\u1ea9y trang Ph\u00e1p Tetra 500 mi\u1ebfng<br \/>\nTh\u01b0\u01a1ng hi\u1ec7u: Tetra Medical<br \/>\nXu\u1ea5t x\u1ee9: Ph\u00e1p<br \/>\nQuy c\u00e1ch: 1 g\u00f3i 500 mi\u1ebfng<br \/>\n\u0110\u1eb7t \u0111i\u1ec3m v\u00e0 C\u00f4ng d\u1ee5ng:<br \/>\n&#8211; D\u00f9ng v\u1edbi m\u1ee5c \u0111\u00edch skincare: K\u1ebft h\u1ee3p v\u1edbi n\u01b0\u1edbc t\u1ea9y trang gi\u00fap l\u00e0m s\u1ea1ch l\u1edbp b\u1ee5i b\u1ea9n, gi\u00fap da s\u1ea1ch v\u00e0 h\u1ed7 tr\u1ee3 cho qu\u00e1 trinh ch\u0103m s\u00f3c da t\u1ed1t h\u01a1n.<br \/>\n&#8211; B\u00f4ng t\u1ea9y trang tetra Madical thi\u1ebft k\u1ebf d\u1ea1ng t\u00fai d\u1ec5 b\u1ea3o qu\u1ea3n. Mi\u1ebfng b\u00f4ng k\u00edch th\u01b0\u1edbc 5&#215;5 cm nh\u1ecf g\u1ecdn, \u0111\u01b0\u1ee3c \u00e9p ch\u1eb7t kh\u00f4ng s\u1ee3 b\u1ecb d\u00ednh s\u01a1 b\u00f4ng.<br \/>\n&#8211; S\u1eed d\u1ee5ng b\u00f4ng \u0111\u1ec3 t\u1ea9y trang, th\u1ea5m toner, lau m\u1eb7t v\u1edbi n\u01b0\u1edbc.<br \/>\n&#8211; Ngo\u00e0i ra, b\u00f4ng t\u1ea9y trang Tetra \u0111\u01b0\u1ee3c l\u00e0m trong an to\u00e0n tuy\u1ec7t \u0111\u1ed1i n\u00ean c\u00f3 th\u1ec3 d\u00f9ng \u0111\u1ec3 ch\u0103m s\u00f3c v\u1ebft th\u01b0\u01a1ng, v\u1ec7 sinh cho b\u00e9.<br \/>\n&#8211; V\u1edbi c\u00f4ng ngh\u1ec7 ti\u00ean ti\u1ebfn cho ra nh\u1eefng s\u1ee3i b\u00f4ng m\u1ec1m m\u1ecbn v\u00ec th\u1ebf khi s\u1eed d\u1ee5ng kh\u00f4ng s\u1ef1o l\u00e0m h\u1ea1i \u0111\u1ebfn da, \u0111au r\u00e1t da.<br \/>\nH\u01b0\u1edbng d\u1eabn s\u1eed d\u1ee5ng b\u00f4ng t\u1ea9y trang tetra ph\u00e1p<br \/>\n&#8211; D\u00f9ng t\u1ea9y trang, l\u00e0m s\u1ea1ch m\u1eb7t: D\u00f9ng mi\u1ebfng b\u00f4ng th\u1ea5m m\u1ed9t l\u01b0\u1ee3ng n\u01b0\u1edbc t\u1ea9y trang r\u1ed3i nh\u1eb9 nh\u00e0ng lau m\u1eb7t \u0111\u1ec3 l\u1ea5y s\u1ea1ch l\u1edbp b\u1ee5i b\u1ea9n.<br \/>\n&#8211; D\u00f9ng v\u1edbi toner, lotion,: Cho dung d\u1ecbch v\u00e0o mi\u1ebfng b\u00f4ng, b\u00f4ng th\u1ea5m h\u00fat t\u1ed1n gi\u00fap ti\u1ebft ki\u1ec7m dung d\u1ecbch, sau \u0111\u00f3 lau nh\u1eb9 l\u00ean m\u1eb7t ho\u1eb7c \u0111\u1eafp l\u00ean m\u1eb7t 3-5 ph\u00fat gi\u00fap d\u01b0\u1ee1ng ch\u1ea5t th\u1ea5m s\u00e2u h\u01a1n<br \/>\n&#8211; Mua b\u00f4ng t\u1ea9y trang Tetra Ph\u00e1p 500 mi\u1ebfng ch\u00ednh h\u00e3ng gi\u00e1 r\u1ebb \u1edf \u0111\u00e2u?<br \/>\nTh\u0103ng long t\u1ef1 h\u00e0o l\u00e0 c\u00f4ng ty chuy\u00ean cung c\u1ea5p c\u00e1c lo\u1ea1i b\u00f4ng ch\u00ednh h\u00e3ng ch\u1ea5t l\u01b0\u1ee3ng gi\u00e1 t\u1ed1t.<br \/>\nC\u00f2n ch\u1ea7n ch\u1edd g\u00ec v\u1edbi g\u00f3i 500 mi\u1ebfng cho b\u1ea1n tha h\u1ed3 s\u1eed d\u1ee5ng, mua m\u1ed9t l\u1ea7n d\u00f9ng \u0111\u01b0\u1ee3c 3-4 th\u00e1ng! qu\u00e1 h\u1eddi r\u1ed3i ph\u1ea3i kh\u00f4ng?<br \/>\n\u2014\u2014<br \/>\n#B\u00f4ngt\u1ea9ytrangTetrareview<br \/>\n#B\u00f4ng_t\u1ea9y_trang_Tetra_review<br \/>\n#bongtaytrangtetrareview #thanglong<br \/>\n#bong_tay_trang_tetra_review<br \/>\n#b\u00f4ngt\u1ea9ytrangTetraLeSoinLaretatPur<br \/>\n#b\u00f4ng_t\u1ea9y_trang_Tetra_Le_Soin_Laretat_Pur<br \/>\n#bongtaytrangtetralesoinlaretatpur<br \/>\n#bong_tay_trang_tetra_le_soin_laretat_pur<\/p>\n","protected":false},"excerpt":{"rendered":"<p>B\u00f4ng t\u1ea9y trang Tetra 500 mi\u1ebfng &#8211; Ph\u00e1p B\u00f4ng \u0111\u01b0\u1ee3c s\u1ea3n xu\u1ea5t v\u1edbi c\u00f4ng ngh\u1ec7 hi\u1ec7n \u0111\u1ea1i t\u1eeb Ph\u00e1p t\u1ea1o th\u00e0nh nh\u1eefng mi\u1ebfng b\u00f4ng m\u1ec1m m\u1ecbn ch\u1ea5t l\u01b0\u1ee3ng. Th\u00e0nh ph\u1ea7n ho\u00e0n to\u00e0n t\u1eeb Cotton t\u1ef1 nhi\u00ean, kh\u00f4ng ho\u00e1 ch\u1ea5t, kh\u00f4ng g\u00e2y k\u00edch \u1ee9ng da. Th\u00f4ng tin b\u00f4ng t\u1ea9y trang Ph\u00e1p Tetra 500 mi\u1ebfng Th\u01b0\u01a1ng hi\u1ec7u:&#8230;<\/p>\n","protected":false},"featured_media":6862,"comment_status":"open","ping_status":"closed","template":"","meta":[],"product_brand":[],"product_cat":[1475,1486,1398],"product_tag":[148,532,197,1731,520,212,214,240],"class_list":{"0":"post-9126","1":"product","2":"type-product","3":"status-publish","4":"has-post-thumbnail","6":"product_cat-bong-tay-trang","7":"product_cat-bong-tay-trang-2","8":"product_cat-cham-soc-da","9":"product_tag-bong-tay-trang","10":"product_tag-bong-tay-trang-150-mieng","11":"product_tag-bong-tay-trang-222","12":"product_tag-bong-tay-trang-500-mieng","13":"product_tag-bong-tay-trang-cotton","14":"product_tag-bong-tay-trang-han-quoc","15":"product_tag-cotton-pads","16":"product_tag-tetra","18":"first","19":"instock","20":"sale","21":"shipping-taxable","22":"purchasable","23":"product-type-simple"},"acf":[],"_links":{"self":[{"href":"https:\/\/thanglongbeauty.vn\/index.php?rest_route=\/wp\/v2\/product\/9126","targetHints":{"allow":["GET"]}}],"collection":[{"href":"https:\/\/thanglongbeauty.vn\/index.php?rest_route=\/wp\/v2\/product"}],"about":[{"href":"https:\/\/thanglongbeauty.vn\/index.php?rest_route=\/wp\/v2\/types\/product"}],"replies":[{"embeddable":true,"href":"https:\/\/thanglongbeauty.vn\/index.php?rest_route=%2Fwp%2Fv2%2Fcomments&post=9126"}],"wp:featuredmedia":[{"embeddable":true,"href":"https:\/\/thanglongbeauty.vn\/index.php?rest_route=\/wp\/v2\/media\/6862"}],"wp:attachment":[{"href":"https:\/\/thanglongbeauty.vn\/index.php?rest_route=%2Fwp%2Fv2%2Fmedia&parent=9126"}],"wp:term":[{"taxonomy":"product_brand","embeddable":true,"href":"https:\/\/thanglongbeauty.vn\/index.php?rest_route=%2Fwp%2Fv2%2Fproduct_brand&post=9126"},{"taxonomy":"product_cat","embeddable":true,"href":"https:\/\/thanglongbeauty.vn\/index.php?rest_route=%2Fwp%2Fv2%2Fproduct_cat&post=9126"},{"taxonomy":"product_tag","embeddable":true,"href":"https:\/\/thanglongbeauty.vn\/index.php?rest_route=%2Fwp%2Fv2%2Fproduct_tag&post=9126"}],"curies":[{"name":"wp","href":"https:\/\/api.w.org\/{rel}","templated":true}]}}