{"id":9129,"date":"2025-10-20T04:11:24","date_gmt":"2025-10-20T04:11:24","guid":{"rendered":"https:\/\/thanglongbeauty.vn\/?post_type=product&#038;p=9129"},"modified":"2025-10-25T04:23:37","modified_gmt":"2025-10-25T04:23:37","slug":"bong-tay-trang-silcot-premium-66-mieng","status":"publish","type":"product","link":"https:\/\/thanglongbeauty.vn\/?product=bong-tay-trang-silcot-premium-66-mieng","title":{"rendered":"B\u00f4ng T\u1ea9y Trang Silcot Premium 66 Mi\u1ebfng"},"content":{"rendered":"<p>L\u01b0u \u00fd: \u0111\u00e2y l\u00e0 h\u00e0ng t\u1eb7ng n\u00ean shop b\u00e1n gi\u00e1 r\u1ebb \u0111\u1ec3 x\u00e3 \u1ea1, H\u1ed9p ngo\u00e0i c\u00f3 th\u1ec3 kh\u00f4ng \u0111\u1eb9p nh\u01b0ng b\u00ean trong c\u00f3 bao b\u00f3ng \u0111\u1ea3m b\u1ea3o si\u00eau chu\u1ea9n h\u00e0ng lu\u00f4n \u1ea1.<br \/>\n Th\u01b0\u01a1ng hi\u1ec7u: UNICHARM<br \/>\n Xu\u1ea5t x\u1ee9: Nh\u1eadt B\u1ea3n<br \/>\n S\u1ed1 l\u01b0\u1ee3ng: 10 h\u1ed9p nh\u1ecf &#8211; 100 mi\u1ebfng<br \/>\n &#8212;&#8212;&#8212;&#8212;&#8212;&#8212;&#8212;&#8212;&#8212;&#8212;&#8212;&#8212;<br \/>\n \u2705 Th\u00f4ng tin s\u1ea3n ph\u1ea9m<br \/>\n B\u00f4ng T\u1ea9y Trang Cao C\u1ea5p Silcot Premium 66 Mi\u1ebfng v\u1edbi th\u00e0nh ph\u1ea7n 100% s\u1ee3i b\u00f4ng t\u1ef1 nhi\u00ean thu\u1ea7n khi\u1ebft, t\u1ea1o c\u1ea3m gi\u00e1c m\u1ec1m m\u1ecbn, tho\u1ea3i m\u00e1i, an to\u00e0n cho da. V\u1edbi thi\u1ebft k\u1ebf d\u1ea1ng t\u00fai th\u00f4ng minh, ho\u00e0n to\u00e0n kh\u00f4ng \u0111\u1ec3 l\u1ea1i x\u01a1 b\u00f4ng tr\u00ean da, \u0111\u1ed3ng th\u1eddi gi\u00fap ti\u1ebft ki\u1ec7m n\u01b0\u1edbc d\u01b0\u1ee1ng da nh\u1edd k\u1ebft c\u1ea5u s\u1ee3i b\u00f4ng \u0111\u1eb7c bi\u1ec7t, gi\u00fap b\u1ea1n c\u00f3 \u0111\u01b0\u1ee3c l\u1edbp trang \u0111i\u1ec3m t\u1ef1 nhi\u00ean h\u01a1n, ho\u1eb7c t\u1ea9y trang d\u1ec5 d\u00e0ng v\u00e0 nhanh ch\u00f3ng h\u01a1n.<br \/>\n &#8212;&#8212;&#8212;&#8212;&#8212;&#8212;&#8212;&#8212;&#8212;&#8212;&#8212;&#8212;<br \/>\n \u2705 C\u00f4ng d\u1ee5ng:<br \/>\n &#8211; T\u1ea9y trang, t\u1ea9y s\u1ea1ch b\u1ee5i b\u1ea9n tr\u00ean da h\u1eb1ng ng\u00e0y<br \/>\n &#8211; H\u1ed7 tr\u1ee3 thoa serum, thoa tinh ch\u1ea5t d\u01b0\u1ee1ng da<br \/>\n &#8211; \u0110i\u1ec1u ch\u1ec9nh, x\u00f3a l\u1edbp make up b\u1ecb sai<br \/>\n &#8212;&#8212;&#8212;&#8212;&#8212;&#8212;&#8212;&#8212;&#8212;&#8212;&#8212;&#8212;<br \/>\n \u2705 H\u01b0\u1edbng d\u1eabn s\u1eed d\u1ee5ng:<br \/>\n Th\u1ea5m mi\u1ebfng b\u00f4ng v\u1edbi n\u01b0\u1edbc hoa h\u1ed3ng, dung d\u1ecbch d\u01b0\u1ee1ng da ho\u1eb7c n\u01b0\u1edbc t\u1ea9y trang<br \/>\n Nh\u1eb9 nh\u00e0ng v\u1ed7 nh\u1eb9 l\u00ean to\u00e0n b\u1ed9 khu\u00f4n m\u1eb7t<br \/>\n B\u1ea3o qu\u1ea3n n\u01a1i kh\u00f4 r\u00e1o, tho\u00e1ng m\u00e1t, tr\u00e1nh \u00e1nh n\u1eafng tr\u1ef1c ti\u1ebfp v\u00e0 nhi\u1ec7t \u0111\u1ed9 cao<br \/>\n &#8212;&#8212;&#8212;&#8212;&#8212;&#8212;&#8212;&#8212;&#8212;&#8212;&#8212;<br \/>\n \u2705 Th\u00f4ng tin th\u01b0\u01a1ng hi\u1ec7u:<br \/>\n Silcot l\u00e0 th\u01b0\u01a1ng hi\u1ec7u chuy\u00ean s\u1ea3n xu\u1ea5t b\u00f4ng t\u1ea9y trang b\u00e1n ch\u1ea1y s\u1ed1 1 tr\u00ean th\u1ecb tr\u01b0\u1eddng hi\u1ec7n nay \u0111\u1ebfn t\u1eeb Nh\u1eadt B\u1ea3n, thu\u1ed9c t\u1eadp \u0111o\u00e0n Unicharm. C\u00e1c s\u1ea3n ph\u1ea9m b\u00f4ng t\u1ea9y trang c\u1ee7a th\u01b0\u01a1ng hi\u1ec7u Silcot kh\u00f4ng ph\u1ea3i t\u1ef1 nhi\u00ean l\u1ea1i \u0111\u01b0\u1ee3c nhi\u1ec1u ch\u1ecb em ph\u1ee5 n\u1eef y\u00eau th\u00edch v\u00e0 l\u1ef1a ch\u1ecdn, m\u00e0 t\u1ea5t c\u1ea3 l\u00e0 do c\u00f4ng ngh\u1ec7 s\u1ea3n xu\u1ea5t c\u1ee7a h\u1ecd. Nh\u1eefng s\u1ea3n ph\u1ea9m c\u1ee7a h\u00e3ng kh\u00f4ng ch\u1ec9 \u0111\u01b0\u1ee3c ch\u1ebf t\u1ea1o t\u1eeb c\u00e1c th\u00e0nh ph\u1ea7n thi\u00ean nhi\u00ean, gi\u00fap lo\u1ea1i s\u1ea1ch b\u1ee5i b\u1ea9n nh\u1eb9 nh\u00e0ng, kh\u00f4ng g\u00e2y r\u00e1t hay b\u00e1m b\u00f4ng tr\u00ean da m\u00e0 c\u00f2n th\u1ea5m h\u00fat t\u1ed1t gi\u00fap b\u1ea1n ti\u1ebft ki\u1ec7m m\u1ef9 ph\u1ea9m.<br \/>\n &#8212;&#8212;&#8212;&#8212;&#8212;&#8212;&#8212;&#8212;&#8212;&#8212;&#8212;<\/p>\n<p> Th\u0103ng Long_beauty- C\u00f4ng TY TNHH D\u1ecaCH V\u1ee4 PH\u00c2N PH\u1ed0I TH\u0102NG LONG l\u00e0 m\u1ed9t c\u00f4ng ty chuy\u00ean cung c\u1ea5p c\u00e1c s\u1ea3n ph\u1ea9m \u0111\u1ed3 cho m\u1eb9 v\u00e0 b\u00e9, nh\u1eefng s\u1ea3n ph\u1ea9m ch\u0103m s\u00f3c s\u1ee9c kh\u1ecfe \u2013 l\u00e0m \u0111\u1eb9p v\u00e0 kh\u1ea9u trang y t\u1ebf.<br \/>\n Li\u00ean h\u1ec7 \u0111\u1ec3 \u0111\u01b0\u1ee3c mua gi\u00e1 s\u1ec9 c\u1ef1c \u01b0u \u0111\u00e3i<br \/>\n \u2714\ufe0f M\u1ef9 ph\u1ea9m ch\u00ednh h<\/p>\n","protected":false},"excerpt":{"rendered":"<p>L\u01b0u \u00fd: \u0111\u00e2y l\u00e0 h\u00e0ng t\u1eb7ng n\u00ean shop b\u00e1n gi\u00e1 r\u1ebb \u0111\u1ec3 x\u00e3 \u1ea1, H\u1ed9p ngo\u00e0i c\u00f3 th\u1ec3 kh\u00f4ng \u0111\u1eb9p nh\u01b0ng b\u00ean trong c\u00f3 bao b\u00f3ng \u0111\u1ea3m b\u1ea3o si\u00eau chu\u1ea9n h\u00e0ng lu\u00f4n \u1ea1. Th\u01b0\u01a1ng hi\u1ec7u: UNICHARM Xu\u1ea5t x\u1ee9: Nh\u1eadt B\u1ea3n S\u1ed1 l\u01b0\u1ee3ng: 10 h\u1ed9p nh\u1ecf &#8211; 100 mi\u1ebfng &#8212;&#8212;&#8212;&#8212;&#8212;&#8212;&#8212;&#8212;&#8212;&#8212;&#8212;&#8212; \u2705 Th\u00f4ng tin s\u1ea3n ph\u1ea9m B\u00f4ng&#8230;<\/p>\n","protected":false},"featured_media":6871,"comment_status":"open","ping_status":"closed","template":"","meta":[],"product_brand":[],"product_cat":[1475,1486,1398],"product_tag":[148,532,197,520,212,214],"class_list":{"0":"post-9129","1":"product","2":"type-product","3":"status-publish","4":"has-post-thumbnail","6":"product_cat-bong-tay-trang","7":"product_cat-bong-tay-trang-2","8":"product_cat-cham-soc-da","9":"product_tag-bong-tay-trang","10":"product_tag-bong-tay-trang-150-mieng","11":"product_tag-bong-tay-trang-222","12":"product_tag-bong-tay-trang-cotton","13":"product_tag-bong-tay-trang-han-quoc","14":"product_tag-cotton-pads","16":"first","17":"instock","18":"sale","19":"shipping-taxable","20":"purchasable","21":"product-type-simple"},"acf":[],"_links":{"self":[{"href":"https:\/\/thanglongbeauty.vn\/index.php?rest_route=\/wp\/v2\/product\/9129","targetHints":{"allow":["GET"]}}],"collection":[{"href":"https:\/\/thanglongbeauty.vn\/index.php?rest_route=\/wp\/v2\/product"}],"about":[{"href":"https:\/\/thanglongbeauty.vn\/index.php?rest_route=\/wp\/v2\/types\/product"}],"replies":[{"embeddable":true,"href":"https:\/\/thanglongbeauty.vn\/index.php?rest_route=%2Fwp%2Fv2%2Fcomments&post=9129"}],"wp:featuredmedia":[{"embeddable":true,"href":"https:\/\/thanglongbeauty.vn\/index.php?rest_route=\/wp\/v2\/media\/6871"}],"wp:attachment":[{"href":"https:\/\/thanglongbeauty.vn\/index.php?rest_route=%2Fwp%2Fv2%2Fmedia&parent=9129"}],"wp:term":[{"taxonomy":"product_brand","embeddable":true,"href":"https:\/\/thanglongbeauty.vn\/index.php?rest_route=%2Fwp%2Fv2%2Fproduct_brand&post=9129"},{"taxonomy":"product_cat","embeddable":true,"href":"https:\/\/thanglongbeauty.vn\/index.php?rest_route=%2Fwp%2Fv2%2Fproduct_cat&post=9129"},{"taxonomy":"product_tag","embeddable":true,"href":"https:\/\/thanglongbeauty.vn\/index.php?rest_route=%2Fwp%2Fv2%2Fproduct_tag&post=9129"}],"curies":[{"name":"wp","href":"https:\/\/api.w.org\/{rel}","templated":true}]}}