{"id":9130,"date":"2025-10-20T04:11:25","date_gmt":"2025-10-20T04:11:25","guid":{"rendered":"https:\/\/thanglongbeauty.vn\/?post_type=product&#038;p=9130"},"modified":"2025-10-25T04:23:37","modified_gmt":"2025-10-25T04:23:37","slug":"bong-tay-trang-silcot-mieng-doi-40-mieng","status":"publish","type":"product","link":"https:\/\/thanglongbeauty.vn\/?product=bong-tay-trang-silcot-mieng-doi-40-mieng","title":{"rendered":"B\u00f4ng t\u1ea9y trang Silcot mi\u1ebfng \u0111\u00f4i 40 mi\u1ebfng"},"content":{"rendered":"<p>*B\u00f4ng trang \u0111i\u1ec3m Silcot mi\u1ebfng \u0111\u00f4i h\u1ed9p 40 mi\u1ebfng \u0111\u00f4i (80 mi\u1ebfng \u0111\u01a1n) l\u00e0 s\u1ea3n ph\u1ea9m b\u00e1n ch\u1ea1y s\u1ed1 1 t\u1ea1i Nh\u1eadt B\u1ea3n h\u01a1n 10 n\u0103m li\u1ec1n, h\u1ee9a h\u1eb9n mang \u0111\u1ebfn cho ng\u01b0\u1eddi d\u00f9ng m\u1ed9t l\u00e0n da kh\u1ecfe \u0111\u1eb9p t\u1ef1 nhi\u00ean. <\/p>\n<p> *B\u00f4ng t\u1ea9y trang Unicharm Silcot \u0111\u01b0\u1ee3c l\u00e0m t\u1eeb s\u1ee3i b\u00f4ng d\u1ec7t th\u1ebf h\u1ec7 m\u1edbi, m\u1ec1m m\u1ea1i, nh\u1eb9 nh\u00e0ng v\u1edbi l\u00e0n da. B\u00f4ng \u0111\u01b0\u1ee3c s\u1ea3n xu\u1ea5t theo c\u00f4ng ngh\u1ec7 ti\u00ean ti\u1ebfn, \u0111\u1ea3m b\u1ea3o tuy\u1ec7t \u0111\u1ed1i an to\u00e0n cho l\u00e0n da ng\u01b0\u1eddi s\u1eed d\u1ee5ng. <\/p>\n<p> *\u0110\u1eb7c bi\u1ec7t, s\u1edf h\u1eefu thi\u1ebft k\u1ebf d\u1ea1ng t\u00fai \u0111\u1ed9c \u0111\u00e1o, s\u1ea3n ph\u1ea9m ho\u00e0n to\u00e0n kh\u00f4ng \u0111\u1ec3 l\u1ea1i x\u01a1 b\u00f4ng, b\u1ee5i b\u00f4ng hay t\u01b0a b\u00f4ng tr\u00ean da. B\u00f4ng trang \u0111i\u1ec3m Unicharm Silcot ch\u0103m s\u00f3c to\u00e0n di\u1ec7n cho l\u00e0n da b\u1ea1n theo phong c\u00e1ch Nh\u1eadt B\u1ea3n.<br \/>\n 1. \u0110\u1eb6C \u0110I\u1ec2M N\u1ed4I B\u1eacT:<\/p>\n<p> -C\u00f4ng ngh\u1ec7 hi\u1ec7n \u0111\u1ea1i<\/p>\n<p> -B\u00f4ng trang \u0111i\u1ec3m Unicharm Silcot \u0111\u01b0\u1ee3c s\u1ea3n xu\u1ea5t theo c\u00f4ng ngh\u1ec7 ti\u00ean ti\u1ebfn, \u0111\u00e1p \u1ee9ng nh\u1eefng quy \u0111\u1ecbnh nghi\u00eam ng\u1eb7t nh\u1ea5t v\u1ec1 ch\u1ea5t l\u01b0\u1ee3ng th\u00e0nh ph\u1ea9m \u0111\u1ea7u v\u00e0o v\u00e0 \u0111\u1ea7u ra, \u0111\u1ea3m b\u1ea3o tuy\u1ec7t \u0111\u1ed1i an to\u00e0n cho l\u00e0n da ng\u01b0\u1eddi s\u1eed d\u1ee5ng.<\/p>\n<p> -Ch\u1ea5t li\u1ec7u an to\u00e0n<\/p>\n<p> -S\u1ea3n ph\u1ea9m \u0111\u01b0\u1ee3c l\u00e0m t\u1eeb s\u1ee3i b\u00f4ng d\u1ec7t th\u1ebf h\u1ec7 m\u1edbi, m\u1ec1m m\u1ea1i, nh\u1eb9 nh\u00e0ng v\u1edbi l\u00e0n da, gi\u00fap da kh\u1ecfe \u0111\u1eb9p t\u1ef1 nhi\u00ean.<\/p>\n<p> -Thi\u1ebft k\u1ebf d\u1ea1ng t\u00fai \u0111\u1ed9c \u0111\u00e1o<\/p>\n<p> -B\u00f4ng Unicharm Silcot n\u1ed5i b\u1eadt v\u1edbi thi\u1ebft k\u1ebf d\u1ea1ng t\u00fai \u0111\u1ed9c \u0111\u00e1o, ho\u00e0n to\u00e0n kh\u00f4ng \u0111\u1ec3 l\u1ea1i x\u01a1 b\u00f4ng, b\u1ee5i b\u00f4ng hay t\u01b0a b\u00f4ng tr\u00ean da, \u0111em t\u1edbi c\u1ea3m gi\u00e1c d\u1ec5 ch\u1ecbu t\u1ed1i \u0111a. \u0110\u1ed3ng th\u1eddi, thi\u1ebft k\u1ebf th\u00f4ng minh n\u00e0y c\u00f2n gi\u00fap s\u1ea3n ph\u1ea9m th\u1ea5m v\u00e0 d\u00e0n \u0111\u1ec1u dung d\u1ecbch, gi\u00fap ti\u1ebft ki\u1ec7m t\u1ed1i \u0111a m\u1ef9 ph\u1ea9m d\u01b0\u1ee1ng da.<\/p>\n<p> -\u0110\u00f3ng h\u1ed9p ti\u1ec7n l\u1ee3i<\/p>\n<p> -B\u00f4ng t\u1ea9y trang \u0111\u01b0\u1ee3c \u0111\u00f3ng h\u1ed9p gi\u1ea5y kh\u00e1 \u0111\u1eb9p m\u1eaft v\u00e0 ti\u1ec7n d\u1ee5ng, b\u1ea1n c\u00f3 th\u1ec3 c\u1ea5t g\u1ecdn v\u00e0 b\u1ea3o qu\u1ea3n d\u1ec5 d\u00e0ng khi ch\u01b0a s\u1eed d\u1ee5ng h\u1ebft. S\u1ea3n ph\u1ea9m l\u00e0 s\u1ef1 l\u1ef1a ch\u1ecdn ho\u00e0n h\u1ea3o cho c\u00e1c b\u1ea1n g\u00e1i \u0111\u1ec3 h\u1ed7 tr\u1ee3 trang \u0111i\u1ec3m.<\/p>\n<p> 2.C\u00d4NG D\u1ee4NG:<\/p>\n<p> &#8211; Gi\u00fap t\u1ea9y trang v\u00e0 l\u00e0m s\u1ea1ch m\u1ecdi b\u1ee5i b\u1ea9n tr\u00ean da<\/p>\n<p> &#8211; Nh\u1eb9 nh\u00e0ng t\u1ea9y s\u1ea1ch to\u00e0n b\u1ed9 l\u00e0n da k\u1ec3 c\u1ea3 v\u00f9ng da nh\u1ea1y c\u1ea3m quanh m\u1eaft v\u00e0 m\u00f4i.<\/p>\n<p> &#8211; Gi\u00fap l\u1ea5y \u0111i l\u1edbp trang \u0111i\u1ec3m 1 c\u00e1ch d\u1ec5 d\u00e0ng nh\u01b0ng v\u1eabn gi\u1eef l\u1ea1i \u0111\u1ed9 \u1ea9m c\u1ea7n thi\u1ebft cho da m\u00e0 kh\u00f4ng g\u00e2y k\u00edch \u1ee9ng hay t\u1ed5n h\u1ea1i da<\/p>\n<p> 3.H\u01af\u1edaNG D\u1eaaN S\u1eec D\u1ee4NG:<\/p>\n<p> &#8211; Khi d\u01b0\u1ee1ng da: T\u1ea9m n\u01b0\u1edbc hoa h\u1ed3ng l\u00ean mi\u1ebfng b\u00f4ng r\u1ed3i s\u1eed d\u1ee5ng.<\/p>\n<p> &#8211; Khi t\u1ea9y trang (c\u00f3 2 c\u00e1c<\/p>\n","protected":false},"excerpt":{"rendered":"<p>*B\u00f4ng trang \u0111i\u1ec3m Silcot mi\u1ebfng \u0111\u00f4i h\u1ed9p 40 mi\u1ebfng \u0111\u00f4i (80 mi\u1ebfng \u0111\u01a1n) l\u00e0 s\u1ea3n ph\u1ea9m b\u00e1n ch\u1ea1y s\u1ed1 1 t\u1ea1i Nh\u1eadt B\u1ea3n h\u01a1n 10 n\u0103m li\u1ec1n, h\u1ee9a h\u1eb9n mang \u0111\u1ebfn cho ng\u01b0\u1eddi d\u00f9ng m\u1ed9t l\u00e0n da kh\u1ecfe \u0111\u1eb9p t\u1ef1 nhi\u00ean. *B\u00f4ng t\u1ea9y trang Unicharm Silcot \u0111\u01b0\u1ee3c l\u00e0m t\u1eeb s\u1ee3i b\u00f4ng d\u1ec7t th\u1ebf h\u1ec7 m\u1edbi,&#8230;<\/p>\n","protected":false},"featured_media":6874,"comment_status":"open","ping_status":"closed","template":"","meta":[],"product_brand":[],"product_cat":[1475,1486,1398],"product_tag":[148,532,197,520,212,214],"class_list":{"0":"post-9130","1":"product","2":"type-product","3":"status-publish","4":"has-post-thumbnail","6":"product_cat-bong-tay-trang","7":"product_cat-bong-tay-trang-2","8":"product_cat-cham-soc-da","9":"product_tag-bong-tay-trang","10":"product_tag-bong-tay-trang-150-mieng","11":"product_tag-bong-tay-trang-222","12":"product_tag-bong-tay-trang-cotton","13":"product_tag-bong-tay-trang-han-quoc","14":"product_tag-cotton-pads","16":"first","17":"instock","18":"sale","19":"shipping-taxable","20":"purchasable","21":"product-type-simple"},"acf":[],"_links":{"self":[{"href":"https:\/\/thanglongbeauty.vn\/index.php?rest_route=\/wp\/v2\/product\/9130","targetHints":{"allow":["GET"]}}],"collection":[{"href":"https:\/\/thanglongbeauty.vn\/index.php?rest_route=\/wp\/v2\/product"}],"about":[{"href":"https:\/\/thanglongbeauty.vn\/index.php?rest_route=\/wp\/v2\/types\/product"}],"replies":[{"embeddable":true,"href":"https:\/\/thanglongbeauty.vn\/index.php?rest_route=%2Fwp%2Fv2%2Fcomments&post=9130"}],"wp:featuredmedia":[{"embeddable":true,"href":"https:\/\/thanglongbeauty.vn\/index.php?rest_route=\/wp\/v2\/media\/6874"}],"wp:attachment":[{"href":"https:\/\/thanglongbeauty.vn\/index.php?rest_route=%2Fwp%2Fv2%2Fmedia&parent=9130"}],"wp:term":[{"taxonomy":"product_brand","embeddable":true,"href":"https:\/\/thanglongbeauty.vn\/index.php?rest_route=%2Fwp%2Fv2%2Fproduct_brand&post=9130"},{"taxonomy":"product_cat","embeddable":true,"href":"https:\/\/thanglongbeauty.vn\/index.php?rest_route=%2Fwp%2Fv2%2Fproduct_cat&post=9130"},{"taxonomy":"product_tag","embeddable":true,"href":"https:\/\/thanglongbeauty.vn\/index.php?rest_route=%2Fwp%2Fv2%2Fproduct_tag&post=9130"}],"curies":[{"name":"wp","href":"https:\/\/api.w.org\/{rel}","templated":true}]}}